{"id":113,"date":"2013-03-17T15:08:44","date_gmt":"2013-03-17T13:08:44","guid":{"rendered":"http:\/\/www.hit-maschinenbau.de\/?page_id=113"},"modified":"2015-04-29T11:17:09","modified_gmt":"2015-04-29T09:17:09","slug":"hobeltechnik","status":"publish","type":"page","link":"https:\/\/hit-maschinenbau.de\/index.php\/hobeltechnik\/","title":{"rendered":"Hobeltechnik"},"content":{"rendered":"<p><\/p>\n<h2>Durchdachte L\u00f6sungen f\u00fcr Hobelwerke<\/h2>\n<h3>Erzielen Sie mehr Wirtschaftlichkeit durch rationelle Fertigungsprozesse<\/h3>\n<p>Ob Automatisation f\u00fcr industrielle Hochleistungsanlagen oder Mechanisierungen f\u00fcr klein- und mittelst\u00e4ndische Betriebe \u2013 H.I.T. plant, fertigt, liefert und montiert Hobellinien von der Beschickung bis zur Stapelung und Verpackung.<\/p>\n<p>&nbsp;<\/p>\n<p>Unsere Anlagen zeichnen sich besonders durch einen schonenden Transport der Hobelware sowie hohe Funktionssicherheit und Flexibilit\u00e4t aus. Das von uns f\u00fcr kleinere Hobelwerke entwickelte Messsystem erlaubt es, die maschinelle Festigkeitssortierung effizienter durchzuf\u00fchren.<\/p>\n<p>            \n\t\t<div class=\"ngg-gallery-singlepic-image \" style=\"max-width: 210px\">\n\t\t\t    \t<a href=\"https:\/\/hit-maschinenbau.de\/wp-content\/gallery\/2-1-1-kippentstapelungen\/obr-umstapelung-8.jpg\"\n\t\t     title=\"\"\n             data-src=\"https:\/\/hit-maschinenbau.de\/wp-content\/gallery\/2-1-1-kippentstapelungen\/obr-umstapelung-8.jpg\"\n             data-thumbnail=\"https:\/\/hit-maschinenbau.de\/wp-content\/gallery\/2-1-1-kippentstapelungen\/thumbs\/thumbs_obr-umstapelung-8.jpg\"\n             data-image-id=\"255\"\n             data-title=\"obr-umstapelung-8\"\n             data-description=\"\"\n             target='_self'\n             class=\"ngg-simplelightbox\" rel=\"d08b32d86bc1b79b592c9d0d9e1a89b0\">\n            <img class=\"ngg-singlepic colorbox-113\"\n             src=\"https:\/\/hit-maschinenbau.de\/index.php\/nextgen-image\/255\/210x0x100\/9c27a2c86f8314834c61efb3b45e780f\"\n             alt=\"obr-umstapelung-8\"\n             title=\"obr-umstapelung-8\"\n              width=\"210\"               \/>\n    \t<\/a>\n\t\t      <\/div>\n        <br \/>\n&nbsp;<br \/>\n            \n\t\t<div class=\"ngg-gallery-singlepic-image \" style=\"max-width: 210px\">\n\t\t\t    \t<a href=\"https:\/\/hit-maschinenbau.de\/wp-content\/gallery\/2-1-2-vakuumentstapelungen\/mkl-verleimlinie-2.jpg\"\n\t\t     title=\"\"\n             data-src=\"https:\/\/hit-maschinenbau.de\/wp-content\/gallery\/2-1-2-vakuumentstapelungen\/mkl-verleimlinie-2.jpg\"\n             data-thumbnail=\"https:\/\/hit-maschinenbau.de\/wp-content\/gallery\/2-1-2-vakuumentstapelungen\/thumbs\/thumbs_mkl-verleimlinie-2.jpg\"\n             data-image-id=\"258\"\n             data-title=\"mkl-verleimlinie-2\"\n             data-description=\"\"\n             target='_self'\n             class=\"ngg-simplelightbox\" rel=\"f8c63234fc05d3698d6e6098c3a1293e\">\n            <img class=\"ngg-singlepic colorbox-113\"\n             src=\"https:\/\/hit-maschinenbau.de\/index.php\/nextgen-image\/258\/210x0x100\/a1cf37bc4ce8866c908842911a226a34\"\n             alt=\"mkl-verleimlinie-2\"\n             title=\"mkl-verleimlinie-2\"\n              width=\"210\"               \/>\n    \t<\/a>\n\t\t      <\/div>\n        <br \/>\n  <\/p>","protected":false},"excerpt":{"rendered":"<\/p>\n<p> Durchdachte L\u00f6sungen f\u00fcr Hobelwerke Erzielen Sie mehr Wirtschaftlichkeit durch rationelle Fertigungsprozesse <\/p>\n<p>Ob Automatisation f\u00fcr industrielle Hochleistungsanlagen oder Mechanisierungen f\u00fcr klein- und mittelst\u00e4ndische Betriebe \u2013 H.I.T. plant, fertigt, liefert und [&#8230;]<\/p>\n","protected":false},"author":4,"featured_media":0,"parent":0,"menu_order":95,"comment_status":"closed","ping_status":"closed","template":"","meta":{"ngg_post_thumbnail":0},"_links":{"self":[{"href":"https:\/\/hit-maschinenbau.de\/index.php\/wp-json\/wp\/v2\/pages\/113"}],"collection":[{"href":"https:\/\/hit-maschinenbau.de\/index.php\/wp-json\/wp\/v2\/pages"}],"about":[{"href":"https:\/\/hit-maschinenbau.de\/index.php\/wp-json\/wp\/v2\/types\/page"}],"author":[{"embeddable":true,"href":"https:\/\/hit-maschinenbau.de\/index.php\/wp-json\/wp\/v2\/users\/4"}],"replies":[{"embeddable":true,"href":"https:\/\/hit-maschinenbau.de\/index.php\/wp-json\/wp\/v2\/comments?post=113"}],"version-history":[{"count":22,"href":"https:\/\/hit-maschinenbau.de\/index.php\/wp-json\/wp\/v2\/pages\/113\/revisions"}],"predecessor-version":[{"id":3253,"href":"https:\/\/hit-maschinenbau.de\/index.php\/wp-json\/wp\/v2\/pages\/113\/revisions\/3253"}],"wp:attachment":[{"href":"https:\/\/hit-maschinenbau.de\/index.php\/wp-json\/wp\/v2\/media?parent=113"}],"curies":[{"name":"wp","href":"https:\/\/api.w.org\/{rel}","templated":true}]}}