{"id":115,"date":"2013-03-17T15:07:38","date_gmt":"2013-03-17T13:07:38","guid":{"rendered":"http:\/\/www.hit-maschinenbau.de\/?page_id=115"},"modified":"2015-04-29T16:14:51","modified_gmt":"2015-04-29T14:14:51","slug":"unternehmen","status":"publish","type":"page","link":"https:\/\/hit-maschinenbau.de\/index.php\/unternehmen\/","title":{"rendered":"Unternehmen"},"content":{"rendered":"<p><\/p>\n<h2>H.I.T. steht f\u00fcr kontinuierliche Entwicklungen\u2026<\/h2>\n<h3>\u2026und bietet ein \u00fcberzeugendes Preis-\/Leistungsverh\u00e4ltnis sowie richtungsweisende Anlagenkonzepte<\/h3>\n<p>Wir planen, konstruieren und produzieren fortschrittliche L\u00f6sungen rund um den nachwachsenden Rohstoff Holz und haben uns dabei auf dem mitteleurop\u00e4ischen Markt zu einem der f\u00fchrenden Maschinen- und Anlagenlieferanten entwickelt.<\/p>\n<p>&nbsp;<\/p>\n<p>An unserem s\u00fcddeutschen Standort in Ettringen entstehen kundenorientierte L\u00f6sungen f\u00fcr S\u00e4ge- und Leimholzwerke, den Fertighausbau und die Fertigung von Massivholzplattenelementen f\u00fcr die Bauindustrie \u2013 passgenau auf jede spezielle Anforderung und auf nahezu jede denkbare Raumsituation zugeschnitten.<\/p>\n<p>&nbsp;<br \/>\nOb Maschinen und Anlagen f\u00fcr komplette neue Werke, oder die Modernisierung und Optimierung von bestehenden Anlagen \u2013 H.I.T. schafft die besten Voraussetzungen f\u00fcr Ihre starke Wettbewerbsposition.<\/p>\n<p><!-- default-view.php -->\n<div\n\tclass=\"ngg-galleryoverview default-view \"\n\tid=\"ngg-gallery-cdf1aa3b0b621b2be5dee7cf40dea31c-1\">\n\n\t\t<!-- Thumbnails -->\n\t\t\t\t<div id=\"ngg-image-0\" class=\"ngg-gallery-thumbnail-box \" >\n\t\t\t\t        <div class=\"ngg-gallery-thumbnail\">\n            <a href=\"https:\/\/hit-maschinenbau.de\/wp-content\/gallery\/unternehmen\/hit_2009_abteilungen_25.jpg\"\n               title=\"\"\n               data-src=\"https:\/\/hit-maschinenbau.de\/wp-content\/gallery\/unternehmen\/hit_2009_abteilungen_25.jpg\"\n               data-thumbnail=\"https:\/\/hit-maschinenbau.de\/wp-content\/gallery\/unternehmen\/thumbs\/thumbs_hit_2009_abteilungen_25.jpg\"\n               data-image-id=\"220\"\n               data-title=\"hit_2009_abteilungen_25\"\n               data-description=\"\"\n               data-image-slug=\"hit_2009_abteilungen_25\"\n               class=\"ngg-simplelightbox\" rel=\"cdf1aa3b0b621b2be5dee7cf40dea31c\">\n                <img class=\"colorbox-115\" \n                    title=\"hit_2009_abteilungen_25\"\n                    alt=\"hit_2009_abteilungen_25\"\n                    src=\"https:\/\/hit-maschinenbau.de\/wp-content\/gallery\/unternehmen\/thumbs\/thumbs_hit_2009_abteilungen_25.jpg\"\n                    width=\"210\"\n                    height=\"139\"\n                    style=\"max-width:100%;\"\n                \/>\n            <\/a>\n        <\/div>\n\t\t\t\t\t\t\t<\/div> \n\t\t\t\n\t\t\t\t<div id=\"ngg-image-1\" class=\"ngg-gallery-thumbnail-box \" >\n\t\t\t\t        <div class=\"ngg-gallery-thumbnail\">\n            <a href=\"https:\/\/hit-maschinenbau.de\/wp-content\/gallery\/unternehmen\/hit_fertigung_7.jpg\"\n               title=\"\"\n               data-src=\"https:\/\/hit-maschinenbau.de\/wp-content\/gallery\/unternehmen\/hit_fertigung_7.jpg\"\n               data-thumbnail=\"https:\/\/hit-maschinenbau.de\/wp-content\/gallery\/unternehmen\/thumbs\/thumbs_hit_fertigung_7.jpg\"\n               data-image-id=\"221\"\n               data-title=\"hit_fertigung_7\"\n               data-description=\"\"\n               data-image-slug=\"hit_fertigung_7\"\n               class=\"ngg-simplelightbox\" rel=\"cdf1aa3b0b621b2be5dee7cf40dea31c\">\n                <img class=\"colorbox-115\" \n                    title=\"hit_fertigung_7\"\n                    alt=\"hit_fertigung_7\"\n                    src=\"https:\/\/hit-maschinenbau.de\/wp-content\/gallery\/unternehmen\/thumbs\/thumbs_hit_fertigung_7.jpg\"\n                    width=\"210\"\n                    height=\"139\"\n                    style=\"max-width:100%;\"\n                \/>\n            <\/a>\n        <\/div>\n\t\t\t\t\t\t\t<\/div> \n\t\t\t\n\t\t\t\t<div id=\"ngg-image-2\" class=\"ngg-gallery-thumbnail-box \" >\n\t\t\t\t        <div class=\"ngg-gallery-thumbnail\">\n            <a href=\"https:\/\/hit-maschinenbau.de\/wp-content\/gallery\/unternehmen\/lignopress_in_der_halle_4_ohnegelaender.jpg\"\n               title=\"\"\n               data-src=\"https:\/\/hit-maschinenbau.de\/wp-content\/gallery\/unternehmen\/lignopress_in_der_halle_4_ohnegelaender.jpg\"\n               data-thumbnail=\"https:\/\/hit-maschinenbau.de\/wp-content\/gallery\/unternehmen\/thumbs\/thumbs_lignopress_in_der_halle_4_ohnegelaender.jpg\"\n               data-image-id=\"222\"\n               data-title=\"lignopress_in_der_halle_4_ohnegelaender\"\n               data-description=\"\"\n               data-image-slug=\"lignopress_in_der_halle_4_ohnegelaender\"\n               class=\"ngg-simplelightbox\" rel=\"cdf1aa3b0b621b2be5dee7cf40dea31c\">\n                <img class=\"colorbox-115\" \n                    title=\"lignopress_in_der_halle_4_ohnegelaender\"\n                    alt=\"lignopress_in_der_halle_4_ohnegelaender\"\n                    src=\"https:\/\/hit-maschinenbau.de\/wp-content\/gallery\/unternehmen\/thumbs\/thumbs_lignopress_in_der_halle_4_ohnegelaender.jpg\"\n                    width=\"210\"\n                    height=\"118\"\n                    style=\"max-width:100%;\"\n                \/>\n            <\/a>\n        <\/div>\n\t\t\t\t\t\t\t<\/div> \n\t\t\t\n\t\n\t<br style=\"clear: both\" \/>\n\n\t\n\t\t<!-- Pagination -->\n\t<div class='ngg-clear'><\/div>\t<\/div>\n<br \/>\n  <\/p>","protected":false},"excerpt":{"rendered":"<\/p>\n<p> H.I.T. steht f\u00fcr kontinuierliche Entwicklungen\u2026 \u2026und bietet ein \u00fcberzeugendes Preis-\/Leistungsverh\u00e4ltnis sowie richtungsweisende Anlagenkonzepte <\/p>\n<p>Wir planen, konstruieren und produzieren fortschrittliche L\u00f6sungen rund um den nachwachsenden Rohstoff Holz und haben uns [&#8230;]<\/p>\n","protected":false},"author":4,"featured_media":0,"parent":0,"menu_order":114,"comment_status":"closed","ping_status":"closed","template":"","meta":{"ngg_post_thumbnail":0},"_links":{"self":[{"href":"https:\/\/hit-maschinenbau.de\/index.php\/wp-json\/wp\/v2\/pages\/115"}],"collection":[{"href":"https:\/\/hit-maschinenbau.de\/index.php\/wp-json\/wp\/v2\/pages"}],"about":[{"href":"https:\/\/hit-maschinenbau.de\/index.php\/wp-json\/wp\/v2\/types\/page"}],"author":[{"embeddable":true,"href":"https:\/\/hit-maschinenbau.de\/index.php\/wp-json\/wp\/v2\/users\/4"}],"replies":[{"embeddable":true,"href":"https:\/\/hit-maschinenbau.de\/index.php\/wp-json\/wp\/v2\/comments?post=115"}],"version-history":[{"count":12,"href":"https:\/\/hit-maschinenbau.de\/index.php\/wp-json\/wp\/v2\/pages\/115\/revisions"}],"predecessor-version":[{"id":3336,"href":"https:\/\/hit-maschinenbau.de\/index.php\/wp-json\/wp\/v2\/pages\/115\/revisions\/3336"}],"wp:attachment":[{"href":"https:\/\/hit-maschinenbau.de\/index.php\/wp-json\/wp\/v2\/media?parent=115"}],"curies":[{"name":"wp","href":"https:\/\/api.w.org\/{rel}","templated":true}]}}