{"id":117,"date":"2013-03-17T15:08:01","date_gmt":"2013-03-17T13:08:01","guid":{"rendered":"http:\/\/www.hit-maschinenbau.de\/?page_id=117"},"modified":"2015-04-29T16:41:08","modified_gmt":"2015-04-29T14:41:08","slug":"service","status":"publish","type":"page","link":"https:\/\/hit-maschinenbau.de\/index.php\/service\/?lang=pl","title":{"rendered":"Serwis"},"content":{"rendered":"<p><\/p>\n<h2>Wykorzystaj ca\u0142y nasz potencja\u0142!<\/h2>\n<h3>Kompetentna, niezawodna i pe\u0142na zaanga\u017cowania praca zespo\u0142owa<\/h3>\n<p>   Maj\u0105c \u015bwiadomo\u015b\u0107, jak wa\u017cne s\u0105 obecnie innowacyjne i efektywne kosztowo metody produkcji na rynkach europejskich, na kt\u00f3rych obserwuje si\u0119 wysok\u0105 konkurencyjno\u015b\u0107, pragniemy zaoferowa\u0107 nasze najlepsze rozwi\u0105zania w tym zakresie. Baz\u0119 do opracowywania naszych strategii stanowi\u0105 tym samym: jeszcze lepsza jako\u015b\u0107, wy\u017cszy uzysk i wi\u0119ksze bezpiecze\u0144stwo produkcji oraz optymalizacja proces\u00f3w produkcyjnych i minimalizacja koszt\u00f3w zak\u0142adowych.<\/p>\n<p>Nasze d\u0142ugoletnie do\u015bwiadczenie i dzia\u0142ania ukierunkowane na osi\u0105gni\u0119cie za\u0142o\u017conych cel\u00f3w s\u0105 gwarancj\u0105 trwa\u0142ego sukcesu Twojego zak\u0142adu.<br \/>\nMo\u017cemy zapewni\u0107, \u017ce nasza nowoczesna i efektywna technologia produkcji spe\u0142nia warunki terminowego i pewnego procesu realizacji zlece\u0144.<\/p>\n<p>H.I.T. \u2013 w\u0142a\u015bciwy partner gwarancj\u0105 udanych inwestycji<\/p>\n<p><strong>Osoby do kontaktu w firmie H.I.T.<\/strong><br \/>\n&nbsp;<br \/>\n<strong>Cz\u0119\u015bci zamienne i serwis elektryczny<\/strong><br \/>\nThomas Trunzer<br \/>\nT +49(0)8249\/9686-34<br \/>\n<a title=\"Thomas Trunzer per E-Mail kontaktieren\" href=\"&#109;&#x61;&#105;&#x6c;t&#x6f;:&#116;&#x2e;&#116;&#x72;u&#x6e;z&#101;&#x72;&#64;&#x68;i&#x74;-&#109;&#x61;&#115;&#x63;h&#x69;n&#101;&#x6e;&#98;&#x61;u&#x2e;d&#101;\">t&#46;&#116;&#114;&#117;&#110;&#x7a;&#x65;&#x72;&#x40;&#x68;it&#45;&#109;&#97;&#115;&#x63;&#x68;&#x69;&#x6e;&#x65;nb&#97;&#117;&#46;&#100;&#x65;<\/a><br \/>\n&nbsp;<br \/>\n<strong>Cz\u0119\u015bci zamienne i serwis elektryczny<\/strong><br \/>\nMichael Bertele<br \/>\nT +49(0)8249\/9686-38<br \/>\n<a title=\"Michael Bertele per E-Mail kontaktieren\" href=\"&#x6d;&#97;&#105;l&#x74;&#x6f;&#58;m&#x2e;&#x62;&#101;r&#x74;&#x65;&#108;e&#x40;&#x68;&#105;t&#x2d;&#x6d;&#97;s&#x63;&#x68;&#105;&#110;e&#x6e;&#x62;&#97;u&#x2e;&#x64;&#101;\">&#x6d;&#46;&#x62;&#101;r&#x74;&#101;l&#x65;&#64;&#x68;&#x69;t&#x2d;&#109;a&#x73;&#99;&#x68;&#x69;n&#x65;&#110;b&#x61;&#117;&#46;&#x64;&#101;<\/a><br \/>\n&nbsp;<br \/>\n<strong>Cz\u0119\u015bci zamienne do napraw mechanicznych<\/strong><br \/>\nBernhard Strobel<br \/>\nT +49(0)8249\/9686-39<br \/>\n<a href=\"&#x6d;&#97;i&#x6c;&#116;o&#x3a;&#x62;&#46;&#x73;&#x74;&#114;o&#x62;&#101;l&#x40;&#x68;&#105;&#x74;&#x2d;&#109;a&#x73;&#99;h&#x69;&#x6e;&#101;&#x6e;&#x62;&#97;u&#x2e;&#100;e\">&#x62;&#x2e;&#x73;&#x74;&#x72;&#111;&#98;&#101;&#108;&#64;hi&#x74;&#x2d;&#x6d;&#x61;&#x73;&#x63;&#104;&#105;&#110;enb&#x61;&#x75;&#x2e;&#x64;&#x65;<\/a><br \/>\n&nbsp;<br \/>\n<strong>Serwis mechaniczny<\/strong><br \/>\nHubert Weyer<br \/>\nT +49(0)8249\/9686-43<br \/>\n<a title=\"Hubert Weyer per E-Mail kontaktieren\" href=\"m&#97;&#105;&#x6c;&#x74;&#x6f;:&#104;&#46;&#x77;&#x65;&#x79;er&#64;&#x68;&#x69;&#x74;-m&#97;&#115;&#x63;&#x68;&#x69;n&#101;&#110;&#x62;&#x61;&#x75;&#46;&#100;&#101;\">&#x68;&#46;&#x77;&#101;&#x79;&#101;r&#x40;&#104;&#x69;&#116;-&#x6d;&#97;&#x73;&#99;h&#x69;n&#x65;&#110;&#x62;&#x61;u&#x2e;&#100;&#x65;<\/a><br \/>\n     <!-- default-view.php -->\n<div\n\tclass=\"ngg-galleryoverview default-view \"\n\tid=\"ngg-gallery-6da0161ea9d2d76f40d6d99172ea45de-1\">\n\n\t\t<!-- Thumbnails -->\n\t\t\t\t<div id=\"ngg-image-0\" class=\"ngg-gallery-thumbnail-box \" >\n\t\t\t\t        <div class=\"ngg-gallery-thumbnail\">\n            <a href=\"https:\/\/hit-maschinenbau.de\/wp-content\/gallery\/service\/fst_und_afr_2009_2.jpg\"\n               title=\"\"\n               data-src=\"https:\/\/hit-maschinenbau.de\/wp-content\/gallery\/service\/fst_und_afr_2009_2.jpg\"\n               data-thumbnail=\"https:\/\/hit-maschinenbau.de\/wp-content\/gallery\/service\/thumbs\/thumbs_fst_und_afr_2009_2.jpg\"\n               data-image-id=\"223\"\n               data-title=\"fst_und_afr_2009_2\"\n               data-description=\"\"\n               data-image-slug=\"fst_und_afr_2009_2\"\n               class=\"ngg-simplelightbox\" rel=\"6da0161ea9d2d76f40d6d99172ea45de\">\n                <img class=\"colorbox-117\" \n                    title=\"fst_und_afr_2009_2\"\n                    alt=\"fst_und_afr_2009_2\"\n                    src=\"https:\/\/hit-maschinenbau.de\/wp-content\/gallery\/service\/thumbs\/thumbs_fst_und_afr_2009_2.jpg\"\n                    width=\"210\"\n                    height=\"139\"\n                    style=\"max-width:100%;\"\n                \/>\n            <\/a>\n        <\/div>\n\t\t\t\t\t\t\t<\/div> \n\t\t\t\n\t\t\t\t<div id=\"ngg-image-1\" class=\"ngg-gallery-thumbnail-box \" >\n\t\t\t\t        <div class=\"ngg-gallery-thumbnail\">\n            <a href=\"https:\/\/hit-maschinenbau.de\/wp-content\/gallery\/service\/hit_2009_abteilungen_24.jpg\"\n               title=\"\"\n               data-src=\"https:\/\/hit-maschinenbau.de\/wp-content\/gallery\/service\/hit_2009_abteilungen_24.jpg\"\n               data-thumbnail=\"https:\/\/hit-maschinenbau.de\/wp-content\/gallery\/service\/thumbs\/thumbs_hit_2009_abteilungen_24.jpg\"\n               data-image-id=\"224\"\n               data-title=\"hit_2009_abteilungen_24\"\n               data-description=\"\"\n               data-image-slug=\"hit_2009_abteilungen_24\"\n               class=\"ngg-simplelightbox\" rel=\"6da0161ea9d2d76f40d6d99172ea45de\">\n                <img class=\"colorbox-117\" \n                    title=\"hit_2009_abteilungen_24\"\n                    alt=\"hit_2009_abteilungen_24\"\n                    src=\"https:\/\/hit-maschinenbau.de\/wp-content\/gallery\/service\/thumbs\/thumbs_hit_2009_abteilungen_24.jpg\"\n                    width=\"210\"\n                    height=\"139\"\n                    style=\"max-width:100%;\"\n                \/>\n            <\/a>\n        <\/div>\n\t\t\t\t\t\t\t<\/div> \n\t\t\t\n\t\t\t\t<div id=\"ngg-image-2\" class=\"ngg-gallery-thumbnail-box \" >\n\t\t\t\t        <div class=\"ngg-gallery-thumbnail\">\n            <a href=\"https:\/\/hit-maschinenbau.de\/wp-content\/gallery\/service\/hit_konstruktionsbuero.jpg\"\n               title=\"\"\n               data-src=\"https:\/\/hit-maschinenbau.de\/wp-content\/gallery\/service\/hit_konstruktionsbuero.jpg\"\n               data-thumbnail=\"https:\/\/hit-maschinenbau.de\/wp-content\/gallery\/service\/thumbs\/thumbs_hit_konstruktionsbuero.jpg\"\n               data-image-id=\"225\"\n               data-title=\"hit_konstruktionsbuero\"\n               data-description=\"\"\n               data-image-slug=\"hit_konstruktionsbuero\"\n               class=\"ngg-simplelightbox\" rel=\"6da0161ea9d2d76f40d6d99172ea45de\">\n                <img class=\"colorbox-117\" \n                    title=\"hit_konstruktionsbuero\"\n                    alt=\"hit_konstruktionsbuero\"\n                    src=\"https:\/\/hit-maschinenbau.de\/wp-content\/gallery\/service\/thumbs\/thumbs_hit_konstruktionsbuero.jpg\"\n                    width=\"210\"\n                    height=\"157\"\n                    style=\"max-width:100%;\"\n                \/>\n            <\/a>\n        <\/div>\n\t\t\t\t\t\t\t<\/div> \n\t\t\t\n\t\n\t<br style=\"clear: both\" \/>\n\n\t\n\t\t<!-- Pagination -->\n\t<div class='ngg-clear'><\/div>\t<\/div>\n   <\/p>","protected":false},"excerpt":{"rendered":"<\/p>\n<p> Wykorzystaj ca\u0142y nasz potencja\u0142! Kompetentna, niezawodna i pe\u0142na zaanga\u017cowania praca zespo\u0142owa <\/p>\n<p> Maj\u0105c \u015bwiadomo\u015b\u0107, jak wa\u017cne s\u0105 obecnie innowacyjne i efektywne kosztowo metody produkcji na rynkach europejskich, na kt\u00f3rych [&#8230;]<\/p>\n","protected":false},"author":4,"featured_media":0,"parent":0,"menu_order":127,"comment_status":"closed","ping_status":"closed","template":"","meta":{"ngg_post_thumbnail":0},"_links":{"self":[{"href":"https:\/\/hit-maschinenbau.de\/index.php\/wp-json\/wp\/v2\/pages\/117"}],"collection":[{"href":"https:\/\/hit-maschinenbau.de\/index.php\/wp-json\/wp\/v2\/pages"}],"about":[{"href":"https:\/\/hit-maschinenbau.de\/index.php\/wp-json\/wp\/v2\/types\/page"}],"author":[{"embeddable":true,"href":"https:\/\/hit-maschinenbau.de\/index.php\/wp-json\/wp\/v2\/users\/4"}],"replies":[{"embeddable":true,"href":"https:\/\/hit-maschinenbau.de\/index.php\/wp-json\/wp\/v2\/comments?post=117"}],"version-history":[{"count":61,"href":"https:\/\/hit-maschinenbau.de\/index.php\/wp-json\/wp\/v2\/pages\/117\/revisions"}],"predecessor-version":[{"id":2972,"href":"https:\/\/hit-maschinenbau.de\/index.php\/wp-json\/wp\/v2\/pages\/117\/revisions\/2972"}],"wp:attachment":[{"href":"https:\/\/hit-maschinenbau.de\/index.php\/wp-json\/wp\/v2\/media?parent=117"}],"curies":[{"name":"wp","href":"https:\/\/api.w.org\/{rel}","templated":true}]}}