{"id":1277,"date":"2013-04-03T18:28:02","date_gmt":"2013-04-03T16:28:02","guid":{"rendered":"http:\/\/www.hit-maschinenbau.de\/?page_id=1277"},"modified":"2015-04-29T11:31:49","modified_gmt":"2015-04-29T09:31:49","slug":"trocknungslattenmanipulation","status":"publish","type":"page","link":"https:\/\/hit-maschinenbau.de\/index.php\/hobeltechnik\/entstapelanlagen\/trocknungslattenmanipulation\/","title":{"rendered":"Trocknungslattenmanipulation"},"content":{"rendered":"<p><\/p>\n<h2>Trocknungslattenmanipulation<\/h2>\n<p>Die R\u00fcckgewinnung der eingesetzten Trocknungslatten und Kanth\u00f6lzer ist ein wesentlicher wirtschaftlicher Faktor in der Produktion. Wir bieten rationelle L\u00f6sungen, die eine weitgehend automatische Manipulation der Latten und Kanth\u00f6lzer f\u00fcr die Bereiche Entstapelung und Stapelung erm\u00f6glichen.<\/p>\n<p>&nbsp;<\/p>\n<p><strong>Zu unserem Lieferumfang geh\u00f6ren:<\/strong><\/p>\n<p>&nbsp;<\/p>\n<ul>\n<li>Lattenaustragung in Rungenboxen<\/li>\n<li>Lattenaustragung in Rungenboxen mit automatischem Rungentransport<\/li>\n<li>Automatische R\u00fcckf\u00fchrung der Latten nach der Entstapelung zur Stapelmaschine<\/li>\n<li>Automatische Lattenzuf\u00fchrung und Lattenlegung an der Stapelmaschine<\/li>\n<\/ul>\n<p><!-- default-view.php -->\n<div\n\tclass=\"ngg-galleryoverview default-view \"\n\tid=\"ngg-gallery-f9153e2f068c69e3a65b63cf4d34f93d-1\">\n\n\t\t<!-- Thumbnails -->\n\t\t\t\t<div id=\"ngg-image-0\" class=\"ngg-gallery-thumbnail-box \" >\n\t\t\t\t        <div class=\"ngg-gallery-thumbnail\">\n            <a href=\"https:\/\/hit-maschinenbau.de\/wp-content\/gallery\/2-1-5-trocknungslattenmanipulation\/lattenentsorgungskonzept_1.jpg\"\n               title=\"\"\n               data-src=\"https:\/\/hit-maschinenbau.de\/wp-content\/gallery\/2-1-5-trocknungslattenmanipulation\/lattenentsorgungskonzept_1.jpg\"\n               data-thumbnail=\"https:\/\/hit-maschinenbau.de\/wp-content\/gallery\/2-1-5-trocknungslattenmanipulation\/thumbs\/thumbs_lattenentsorgungskonzept_1.jpg\"\n               data-image-id=\"270\"\n               data-title=\"lattenentsorgungskonzept_1\"\n               data-description=\"\"\n               data-image-slug=\"lattenentsorgungskonzept_1\"\n               class=\"ngg-simplelightbox\" rel=\"f9153e2f068c69e3a65b63cf4d34f93d\">\n                <img class=\"colorbox-1277\" \n                    title=\"lattenentsorgungskonzept_1\"\n                    alt=\"lattenentsorgungskonzept_1\"\n                    src=\"https:\/\/hit-maschinenbau.de\/wp-content\/gallery\/2-1-5-trocknungslattenmanipulation\/thumbs\/thumbs_lattenentsorgungskonzept_1.jpg\"\n                    width=\"210\"\n                    height=\"92\"\n                    style=\"max-width:100%;\"\n                \/>\n            <\/a>\n        <\/div>\n\t\t\t\t\t\t\t<\/div> \n\t\t\t\n\t\t\t\t<div id=\"ngg-image-1\" class=\"ngg-gallery-thumbnail-box \" >\n\t\t\t\t        <div class=\"ngg-gallery-thumbnail\">\n            <a href=\"https:\/\/hit-maschinenbau.de\/wp-content\/gallery\/2-1-5-trocknungslattenmanipulation\/lattenentsorgungskonzept_2.jpg\"\n               title=\"\"\n               data-src=\"https:\/\/hit-maschinenbau.de\/wp-content\/gallery\/2-1-5-trocknungslattenmanipulation\/lattenentsorgungskonzept_2.jpg\"\n               data-thumbnail=\"https:\/\/hit-maschinenbau.de\/wp-content\/gallery\/2-1-5-trocknungslattenmanipulation\/thumbs\/thumbs_lattenentsorgungskonzept_2.jpg\"\n               data-image-id=\"271\"\n               data-title=\"lattenentsorgungskonzept_2\"\n               data-description=\"\"\n               data-image-slug=\"lattenentsorgungskonzept_2\"\n               class=\"ngg-simplelightbox\" rel=\"f9153e2f068c69e3a65b63cf4d34f93d\">\n                <img class=\"colorbox-1277\" \n                    title=\"lattenentsorgungskonzept_2\"\n                    alt=\"lattenentsorgungskonzept_2\"\n                    src=\"https:\/\/hit-maschinenbau.de\/wp-content\/gallery\/2-1-5-trocknungslattenmanipulation\/thumbs\/thumbs_lattenentsorgungskonzept_2.jpg\"\n                    width=\"210\"\n                    height=\"80\"\n                    style=\"max-width:100%;\"\n                \/>\n            <\/a>\n        <\/div>\n\t\t\t\t\t\t\t<\/div> \n\t\t\t\n\t\t\t\t<div id=\"ngg-image-2\" class=\"ngg-gallery-thumbnail-box \" >\n\t\t\t\t        <div class=\"ngg-gallery-thumbnail\">\n            <a href=\"https:\/\/hit-maschinenbau.de\/wp-content\/gallery\/2-1-5-trocknungslattenmanipulation\/lattenentsorgungskonzept_3.jpg\"\n               title=\"\"\n               data-src=\"https:\/\/hit-maschinenbau.de\/wp-content\/gallery\/2-1-5-trocknungslattenmanipulation\/lattenentsorgungskonzept_3.jpg\"\n               data-thumbnail=\"https:\/\/hit-maschinenbau.de\/wp-content\/gallery\/2-1-5-trocknungslattenmanipulation\/thumbs\/thumbs_lattenentsorgungskonzept_3.jpg\"\n               data-image-id=\"272\"\n               data-title=\"lattenentsorgungskonzept_3\"\n               data-description=\"\"\n               data-image-slug=\"lattenentsorgungskonzept_3\"\n               class=\"ngg-simplelightbox\" rel=\"f9153e2f068c69e3a65b63cf4d34f93d\">\n                <img class=\"colorbox-1277\" \n                    title=\"lattenentsorgungskonzept_3\"\n                    alt=\"lattenentsorgungskonzept_3\"\n                    src=\"https:\/\/hit-maschinenbau.de\/wp-content\/gallery\/2-1-5-trocknungslattenmanipulation\/thumbs\/thumbs_lattenentsorgungskonzept_3.jpg\"\n                    width=\"210\"\n                    height=\"90\"\n                    style=\"max-width:100%;\"\n                \/>\n            <\/a>\n        <\/div>\n\t\t\t\t\t\t\t<\/div> \n\t\t\t\n\t\n\t<br style=\"clear: both\" \/>\n\n\t\n\t\t<!-- Pagination -->\n\t<div class='ngg-clear'><\/div>\t<\/div>\n<br \/>\n  <\/p>","protected":false},"excerpt":{"rendered":"<\/p>\n<p> Trocknungslattenmanipulation <\/p>\n<p>Die R\u00fcckgewinnung der eingesetzten Trocknungslatten und Kanth\u00f6lzer ist ein wesentlicher wirtschaftlicher Faktor in der Produktion. Wir bieten rationelle L\u00f6sungen, die eine weitgehend automatische Manipulation der Latten und Kanth\u00f6lzer [&#8230;]<\/p>\n","protected":false},"author":4,"featured_media":0,"parent":141,"menu_order":101,"comment_status":"closed","ping_status":"closed","template":"","meta":{"ngg_post_thumbnail":0},"_links":{"self":[{"href":"https:\/\/hit-maschinenbau.de\/index.php\/wp-json\/wp\/v2\/pages\/1277"}],"collection":[{"href":"https:\/\/hit-maschinenbau.de\/index.php\/wp-json\/wp\/v2\/pages"}],"about":[{"href":"https:\/\/hit-maschinenbau.de\/index.php\/wp-json\/wp\/v2\/types\/page"}],"author":[{"embeddable":true,"href":"https:\/\/hit-maschinenbau.de\/index.php\/wp-json\/wp\/v2\/users\/4"}],"replies":[{"embeddable":true,"href":"https:\/\/hit-maschinenbau.de\/index.php\/wp-json\/wp\/v2\/comments?post=1277"}],"version-history":[{"count":11,"href":"https:\/\/hit-maschinenbau.de\/index.php\/wp-json\/wp\/v2\/pages\/1277\/revisions"}],"predecessor-version":[{"id":3263,"href":"https:\/\/hit-maschinenbau.de\/index.php\/wp-json\/wp\/v2\/pages\/1277\/revisions\/3263"}],"up":[{"embeddable":true,"href":"https:\/\/hit-maschinenbau.de\/index.php\/wp-json\/wp\/v2\/pages\/141"}],"wp:attachment":[{"href":"https:\/\/hit-maschinenbau.de\/index.php\/wp-json\/wp\/v2\/media?parent=1277"}],"curies":[{"name":"wp","href":"https:\/\/api.w.org\/{rel}","templated":true}]}}