{"id":1308,"date":"2013-04-04T09:43:03","date_gmt":"2013-04-04T07:43:03","guid":{"rendered":"http:\/\/www.hit-maschinenbau.de\/?page_id=1308"},"modified":"2015-04-29T11:51:09","modified_gmt":"2015-04-29T09:51:09","slug":"stirnschnittsaegen-einfachablaengsaegen","status":"publish","type":"page","link":"https:\/\/hit-maschinenbau.de\/index.php\/hobeltechnik\/ablaengsaegen\/stirnschnittsaegen-einfachablaengsaegen\/","title":{"rendered":"Stirnschnitts\u00e4gen \/ Einfachabl\u00e4ngs\u00e4gen"},"content":{"rendered":"<p><\/p>\n<h2>Stirnschnitts\u00e4gen \/ Einfachabl\u00e4ngs\u00e4gen<\/h2>\n<p>Unsere Stirnschnitt- und Einfachabl\u00e4ngs\u00e4gen werden eingesetzt, wenn eine oder beide Brettstirnseiten pr\u00e4zise und sauber gekappt werden m\u00fcssen, bzw. wenn die Ware auf eine definierte Fixl\u00e4nge gekappt werden muss. Die beim Kappen anfallenden Restst\u00fccke werden direkt entsorgt.<\/p>\n<p>&nbsp;<\/p>\n<p>Je nach Anforderung f\u00fchren wir unsere Stirnschnittaggregate auch mit Fr\u00e4s- oder Spanerk\u00f6pfen aus. Dies ist insbesondere sinnvoll, wenn beim Kappen keine Restst\u00fccke sondern nur Sp\u00e4ne anfallen sollen.<\/p>\n<p>&nbsp;<\/p>\n<p>Unsere Stirnschnittaggregate k\u00f6nnen unten- oder obenliegend, l\u00e4ngenverstellbar und schwenkbar, sowie mit zus\u00e4tzlichem Kettenoberdruck ausgef\u00fchrt werden.<\/p>\n<p>&nbsp;<\/p>\n<p>Die Stirnschnitt- und Einfachabl\u00e4ngs\u00e4gen werden als S\u00e4gen f\u00fcr einzelne Bretter oder f\u00fcr komplette Brettlagen ausgef\u00fchrt.<\/p>\n<p>  <\/p>","protected":false},"excerpt":{"rendered":"<\/p>\n<p> Stirnschnitts\u00e4gen \/ Einfachabl\u00e4ngs\u00e4gen <\/p>\n<p>Unsere Stirnschnitt- und Einfachabl\u00e4ngs\u00e4gen werden eingesetzt, wenn eine oder beide Brettstirnseiten pr\u00e4zise und sauber gekappt werden m\u00fcssen, bzw. wenn die Ware auf eine definierte Fixl\u00e4nge gekappt [&#8230;]<\/p>\n","protected":false},"author":4,"featured_media":0,"parent":286,"menu_order":110,"comment_status":"closed","ping_status":"closed","template":"","meta":{"ngg_post_thumbnail":0},"_links":{"self":[{"href":"https:\/\/hit-maschinenbau.de\/index.php\/wp-json\/wp\/v2\/pages\/1308"}],"collection":[{"href":"https:\/\/hit-maschinenbau.de\/index.php\/wp-json\/wp\/v2\/pages"}],"about":[{"href":"https:\/\/hit-maschinenbau.de\/index.php\/wp-json\/wp\/v2\/types\/page"}],"author":[{"embeddable":true,"href":"https:\/\/hit-maschinenbau.de\/index.php\/wp-json\/wp\/v2\/users\/4"}],"replies":[{"embeddable":true,"href":"https:\/\/hit-maschinenbau.de\/index.php\/wp-json\/wp\/v2\/comments?post=1308"}],"version-history":[{"count":12,"href":"https:\/\/hit-maschinenbau.de\/index.php\/wp-json\/wp\/v2\/pages\/1308\/revisions"}],"predecessor-version":[{"id":3272,"href":"https:\/\/hit-maschinenbau.de\/index.php\/wp-json\/wp\/v2\/pages\/1308\/revisions\/3272"}],"up":[{"embeddable":true,"href":"https:\/\/hit-maschinenbau.de\/index.php\/wp-json\/wp\/v2\/pages\/286"}],"wp:attachment":[{"href":"https:\/\/hit-maschinenbau.de\/index.php\/wp-json\/wp\/v2\/media?parent=1308"}],"curies":[{"name":"wp","href":"https:\/\/api.w.org\/{rel}","templated":true}]}}