{"id":1314,"date":"2013-04-04T09:46:34","date_gmt":"2013-04-04T07:46:34","guid":{"rendered":"http:\/\/www.hit-maschinenbau.de\/?page_id=1314"},"modified":"2015-04-29T11:57:16","modified_gmt":"2015-04-29T09:57:16","slug":"trimmersaegen","status":"publish","type":"page","link":"https:\/\/hit-maschinenbau.de\/index.php\/hobeltechnik\/ablaengsaegen\/trimmersaegen\/","title":{"rendered":"Trimmers\u00e4gen"},"content":{"rendered":"<p><\/p>\n<h2>Trimmers\u00e4gen<\/h2>\n<p>Unsere Trimmers\u00e4ge wird zum einen zum exakten Kappen der Ware in definierte Mehrfachl\u00e4ngen und zum anderen zum pr\u00e4zisen Auskappen von Fehlstellen im Holz, wie z.B. Holzf\u00e4ule oder Waldkante, verwendet. Fehlstellen k\u00f6nnen dabei in einem definierten Raster ausgekappt werden. Hierzu werden die nicht ben\u00f6tigten S\u00e4gen durch auf- oder abschwenken aktiviert oder deaktiviert, bzw. wir das einzelne Brett automatisch relativ zu feststehenden S\u00e4gen verschoben.<\/p>\n<p>&nbsp;<\/p>\n<p>Die Position, an welcher ein Holz gekappt werden muss, kann dem Holz dabei w\u00e4hrend der Beurteilung durch das Sortierpersonal mitgegeben werden. Selbstverst\u00e4ndlich ist auch die Einbindung einer Brettkonturvermessung und Optimierung m\u00f6glich, von der die Daten automatisiert an die Trimmers\u00e4ge weitergegeben werden.<\/p>\n<p>&nbsp;<\/p>\n<p>Optional k\u00f6nnen die einzelnen Aggregate der Trimmers\u00e4ge l\u00e4ngenverstellbar ausgef\u00fchrt werden, so dass das Raster der Kappl\u00e4ngen flexibel gew\u00e4hlt werden kann.<\/p>\n<p>&nbsp;<\/p>\n<p>Die durch die Trimmers\u00e4ge erzeugten Teilst\u00fccke werden entweder nebeneinander liegend weiter auf eine Stapelmaschine transportiert, oder gemeinsam an einer Nulllinie ausgerichtet und der nachfolgenden Mechanisierung \u00fcbergeben.<\/p>\n<p>&nbsp;<br \/>\n<div class=\"arconix-accordions arconix-accordions-vertical arconix-accordions-1\">\n<div class=\"arconix-accordion-title accordion-TechnischeDetails\"><i class=\"fa\"><\/i><p>Technische Details<\/p><\/div><div class=\"arconix-accordion-content\">\n<ul>\n<li>Leistung: in Abh\u00e4ngigkeit der Holzbreite- und st\u00e4rke bis zu 80 H\u00f6lzer \/ min<\/li>\n<li>Genauigkeit: +\/- 1 mm<\/li>\n<li>Raster: 300, bzw. 500 mm, auf Wunsch auch kundenspezifische L\u00e4ngen<\/li>\n<ul>\n<\/div><br \/>\n<\/div><\/p>\n<p>  <\/p>","protected":false},"excerpt":{"rendered":"<\/p>\n<p> Trimmers\u00e4gen <\/p>\n<p>Unsere Trimmers\u00e4ge wird zum einen zum exakten Kappen der Ware in definierte Mehrfachl\u00e4ngen und zum anderen zum pr\u00e4zisen Auskappen von Fehlstellen im Holz, wie z.B. Holzf\u00e4ule oder Waldkante, [&#8230;]<\/p>\n","protected":false},"author":4,"featured_media":0,"parent":286,"menu_order":112,"comment_status":"closed","ping_status":"closed","template":"","meta":{"ngg_post_thumbnail":0},"_links":{"self":[{"href":"https:\/\/hit-maschinenbau.de\/index.php\/wp-json\/wp\/v2\/pages\/1314"}],"collection":[{"href":"https:\/\/hit-maschinenbau.de\/index.php\/wp-json\/wp\/v2\/pages"}],"about":[{"href":"https:\/\/hit-maschinenbau.de\/index.php\/wp-json\/wp\/v2\/types\/page"}],"author":[{"embeddable":true,"href":"https:\/\/hit-maschinenbau.de\/index.php\/wp-json\/wp\/v2\/users\/4"}],"replies":[{"embeddable":true,"href":"https:\/\/hit-maschinenbau.de\/index.php\/wp-json\/wp\/v2\/comments?post=1314"}],"version-history":[{"count":16,"href":"https:\/\/hit-maschinenbau.de\/index.php\/wp-json\/wp\/v2\/pages\/1314\/revisions"}],"predecessor-version":[{"id":3275,"href":"https:\/\/hit-maschinenbau.de\/index.php\/wp-json\/wp\/v2\/pages\/1314\/revisions\/3275"}],"up":[{"embeddable":true,"href":"https:\/\/hit-maschinenbau.de\/index.php\/wp-json\/wp\/v2\/pages\/286"}],"wp:attachment":[{"href":"https:\/\/hit-maschinenbau.de\/index.php\/wp-json\/wp\/v2\/media?parent=1314"}],"curies":[{"name":"wp","href":"https:\/\/api.w.org\/{rel}","templated":true}]}}