{"id":134,"date":"2013-03-18T16:52:57","date_gmt":"2013-03-18T14:52:57","guid":{"rendered":"http:\/\/www.hit-maschinenbau.de\/?page_id=134"},"modified":"2022-07-05T12:20:04","modified_gmt":"2022-07-05T10:20:04","slug":"transportsysteme-fuer-abschnitte-und-langholz","status":"publish","type":"page","link":"https:\/\/hit-maschinenbau.de\/index.php\/saegetechnik\/rundholzmanipulation\/transportsysteme-fuer-abschnitte-und-langholz\/","title":{"rendered":"Transportsysteme f\u00fcr Abschnitte und Langholz"},"content":{"rendered":"<p><\/p>\n<h2>Transportsysteme f\u00fcr Abschnitte und Langholz<\/h2>\n<p>Wir bieten robuste, verschlei\u00dfarme und somit langlebige Transportsysteme f\u00fcr Rundholz mit beliebiger L\u00e4nge und beliebigem Durchmesser, vom Schwachholz bis zum Starkholz \u2013 abgestimmt auf Ihre Anforderungen.<\/p>\n<p>&nbsp;<\/p>\n<p><strong>Zu unserem Lieferumfang geh\u00f6ren:<\/strong><\/p>\n<p>&nbsp;<\/p>\n<ul>\n<li>Blockz\u00fcge in Ein- oder Doppelkettenausf\u00fchrung<\/li>\n<li>Kegelrollen, Kegelrolleng\u00e4nge<\/li>\n<li>Zentrierwerke<\/li>\n<li>Rolleng\u00e4nge<\/li>\n<li>Querf\u00f6rderer<\/li>\n<li>Transportb\u00e4nder<\/li>\n<\/ul>\n<p>&nbsp;<\/p>\n<p>Selbstverst\u00e4ndlich integrieren wir bei Bedarf Maschinen wie z.B. Wurzelreduzierer, Entrinder oder Metallsuchger\u00e4te in unsere Anlagentechnik.<\/p>\n<p><!-- default-view.php -->\n<div\n\tclass=\"ngg-galleryoverview default-view \"\n\tid=\"ngg-gallery-1a0d5aa008b8db30171857b8f915a8c4-1\">\n\n\t\t<!-- Thumbnails -->\n\t\t\t\t<div id=\"ngg-image-0\" class=\"ngg-gallery-thumbnail-box \" >\n\t\t\t\t        <div class=\"ngg-gallery-thumbnail\">\n            <a href=\"https:\/\/hit-maschinenbau.de\/wp-content\/gallery\/1-1-1-transportsysteme-fuer-abschnitte-und-langholz\/rhp-kapp-2.jpg\"\n               title=\"\"\n               data-src=\"https:\/\/hit-maschinenbau.de\/wp-content\/gallery\/1-1-1-transportsysteme-fuer-abschnitte-und-langholz\/rhp-kapp-2.jpg\"\n               data-thumbnail=\"https:\/\/hit-maschinenbau.de\/wp-content\/gallery\/1-1-1-transportsysteme-fuer-abschnitte-und-langholz\/thumbs\/thumbs_rhp-kapp-2.jpg\"\n               data-image-id=\"3\"\n               data-title=\"rhp-kapp-2\"\n               data-description=\"\"\n               data-image-slug=\"rhp-kapp-2\"\n               class=\"ngg-simplelightbox\" rel=\"1a0d5aa008b8db30171857b8f915a8c4\">\n                <img class=\"colorbox-134\" \n                    title=\"rhp-kapp-2\"\n                    alt=\"rhp-kapp-2\"\n                    src=\"https:\/\/hit-maschinenbau.de\/wp-content\/gallery\/1-1-1-transportsysteme-fuer-abschnitte-und-langholz\/thumbs\/thumbs_rhp-kapp-2.jpg\"\n                    width=\"210\"\n                    height=\"147\"\n                    style=\"max-width:100%;\"\n                \/>\n            <\/a>\n        <\/div>\n\t\t\t\t\t\t\t<\/div> \n\t\t\t\n\t\t\t\t<div id=\"ngg-image-1\" class=\"ngg-gallery-thumbnail-box \" >\n\t\t\t\t        <div class=\"ngg-gallery-thumbnail\">\n            <a href=\"https:\/\/hit-maschinenbau.de\/wp-content\/gallery\/1-1-1-transportsysteme-fuer-abschnitte-und-langholz\/rhp-kapp-3.jpg\"\n               title=\"\"\n               data-src=\"https:\/\/hit-maschinenbau.de\/wp-content\/gallery\/1-1-1-transportsysteme-fuer-abschnitte-und-langholz\/rhp-kapp-3.jpg\"\n               data-thumbnail=\"https:\/\/hit-maschinenbau.de\/wp-content\/gallery\/1-1-1-transportsysteme-fuer-abschnitte-und-langholz\/thumbs\/thumbs_rhp-kapp-3.jpg\"\n               data-image-id=\"4\"\n               data-title=\"rhp-kapp-3\"\n               data-description=\"\"\n               data-image-slug=\"rhp-kapp-3\"\n               class=\"ngg-simplelightbox\" rel=\"1a0d5aa008b8db30171857b8f915a8c4\">\n                <img class=\"colorbox-134\" \n                    title=\"rhp-kapp-3\"\n                    alt=\"rhp-kapp-3\"\n                    src=\"https:\/\/hit-maschinenbau.de\/wp-content\/gallery\/1-1-1-transportsysteme-fuer-abschnitte-und-langholz\/thumbs\/thumbs_rhp-kapp-3.jpg\"\n                    width=\"210\"\n                    height=\"147\"\n                    style=\"max-width:100%;\"\n                \/>\n            <\/a>\n        <\/div>\n\t\t\t\t\t\t\t<\/div> \n\t\t\t\n\t\t\t\t<div id=\"ngg-image-2\" class=\"ngg-gallery-thumbnail-box \" >\n\t\t\t\t        <div class=\"ngg-gallery-thumbnail\">\n            <a href=\"https:\/\/hit-maschinenbau.de\/wp-content\/gallery\/1-1-1-transportsysteme-fuer-abschnitte-und-langholz\/rhp-kapp.jpg\"\n               title=\"\"\n               data-src=\"https:\/\/hit-maschinenbau.de\/wp-content\/gallery\/1-1-1-transportsysteme-fuer-abschnitte-und-langholz\/rhp-kapp.jpg\"\n               data-thumbnail=\"https:\/\/hit-maschinenbau.de\/wp-content\/gallery\/1-1-1-transportsysteme-fuer-abschnitte-und-langholz\/thumbs\/thumbs_rhp-kapp.jpg\"\n               data-image-id=\"5\"\n               data-title=\"rhp-kapp\"\n               data-description=\"\"\n               data-image-slug=\"rhp-kapp\"\n               class=\"ngg-simplelightbox\" rel=\"1a0d5aa008b8db30171857b8f915a8c4\">\n                <img class=\"colorbox-134\" \n                    title=\"rhp-kapp\"\n                    alt=\"rhp-kapp\"\n                    src=\"https:\/\/hit-maschinenbau.de\/wp-content\/gallery\/1-1-1-transportsysteme-fuer-abschnitte-und-langholz\/thumbs\/thumbs_rhp-kapp.jpg\"\n                    width=\"210\"\n                    height=\"147\"\n                    style=\"max-width:100%;\"\n                \/>\n            <\/a>\n        <\/div>\n\t\t\t\t\t\t\t<\/div> \n\t\t\t\n\t\n\t<br style=\"clear: both\" \/>\n\n\t\n\t\t<!-- Pagination -->\n\t<div class='ngg-clear'><\/div>\t<\/div>\n<br \/>\n<\/p>","protected":false},"excerpt":{"rendered":"<\/p>\n<p> Transportsysteme f\u00fcr Abschnitte und Langholz <\/p>\n<p>Wir bieten robuste, verschlei\u00dfarme und somit langlebige Transportsysteme f\u00fcr Rundholz mit beliebiger L\u00e4nge und beliebigem Durchmesser, vom Schwachholz bis zum Starkholz \u2013 abgestimmt auf [&#8230;]<\/p>\n","protected":false},"author":4,"featured_media":0,"parent":81,"menu_order":42,"comment_status":"closed","ping_status":"closed","template":"","meta":{"ngg_post_thumbnail":0},"_links":{"self":[{"href":"https:\/\/hit-maschinenbau.de\/index.php\/wp-json\/wp\/v2\/pages\/134"}],"collection":[{"href":"https:\/\/hit-maschinenbau.de\/index.php\/wp-json\/wp\/v2\/pages"}],"about":[{"href":"https:\/\/hit-maschinenbau.de\/index.php\/wp-json\/wp\/v2\/types\/page"}],"author":[{"embeddable":true,"href":"https:\/\/hit-maschinenbau.de\/index.php\/wp-json\/wp\/v2\/users\/4"}],"replies":[{"embeddable":true,"href":"https:\/\/hit-maschinenbau.de\/index.php\/wp-json\/wp\/v2\/comments?post=134"}],"version-history":[{"count":29,"href":"https:\/\/hit-maschinenbau.de\/index.php\/wp-json\/wp\/v2\/pages\/134\/revisions"}],"predecessor-version":[{"id":4122,"href":"https:\/\/hit-maschinenbau.de\/index.php\/wp-json\/wp\/v2\/pages\/134\/revisions\/4122"}],"up":[{"embeddable":true,"href":"https:\/\/hit-maschinenbau.de\/index.php\/wp-json\/wp\/v2\/pages\/81"}],"wp:attachment":[{"href":"https:\/\/hit-maschinenbau.de\/index.php\/wp-json\/wp\/v2\/media?parent=134"}],"curies":[{"name":"wp","href":"https:\/\/api.w.org\/{rel}","templated":true}]}}