{"id":1376,"date":"2013-04-04T10:56:27","date_gmt":"2013-04-04T08:56:27","guid":{"rendered":"http:\/\/www.hit-maschinenbau.de\/?page_id=1376"},"modified":"2015-04-29T13:45:14","modified_gmt":"2015-04-29T11:45:14","slug":"elektronisches-leimbuch","status":"publish","type":"page","link":"https:\/\/hit-maschinenbau.de\/index.php\/leimholztechnik\/pressentechnik-fur-brettschichtholz\/elektronisches-leimbuch\/","title":{"rendered":"Elektronisches Leimbuch"},"content":{"rendered":"<p><\/p>\n<h2>Elektronisches Leimbuch<\/h2>\n<p>F\u00fcr die Fertigung von Leimholz f\u00fcr tragende Anwendungen ist eine l\u00fcckenlose Dokumentation aller relevanten Prozessparameter vorgeschrieben.<\/p>\n<p>&nbsp;<\/p>\n<p>Diese Aufgabe \u00fcbernimmt unser elektronisches Leimbuch zuverl\u00e4ssig und automatisch. Aufgezeichnet werden alle Kenngr\u00f6\u00dfen, wie z.B. Umgebungstemperatur, Luftfeuchte, Leimauftragsmengen und Pressdr\u00fccke. Die gespeicherten Daten lassen sich eindeutig den jeweiligen Pressenchargen zuordnen und sind somit bei einer sp\u00e4teren Pr\u00fcfung nachvollziehbar.<\/p>\n<p><a href=\"https:\/\/www.hit-maschinenbau.de\/wp-content\/uploads\/Leimbuch_Logbuch-e1375689380467.jpg\"><img loading=\"lazy\" src=\"https:\/\/www.hit-maschinenbau.de\/wp-content\/uploads\/Leimbuch_Logbuch-210x161.jpg\" alt=\"leimbuch logbuch\" width=\"210\" height=\"161\" class=\"alignnone size-medium wp-image-2451 colorbox-1376\" \/><\/a><br \/>\n&nbsp;<br \/>\n<a href=\"https:\/\/www.hit-maschinenbau.de\/wp-content\/uploads\/Klimaaufzeichnung-e1375689400968.jpg\"><img loading=\"lazy\" src=\"https:\/\/www.hit-maschinenbau.de\/wp-content\/uploads\/Klimaaufzeichnung-210x161.jpg\" alt=\"klimaaufzeichnung\" width=\"210\" height=\"161\" class=\"alignnone size-medium wp-image-2450 colorbox-1376\" \/><\/a><br \/>\n&nbsp;<br \/>\n<a href=\"https:\/\/www.hit-maschinenbau.de\/wp-content\/uploads\/Leimbuch-BSH-e1375689426140.jpg\"><img loading=\"lazy\" src=\"https:\/\/www.hit-maschinenbau.de\/wp-content\/uploads\/Leimbuch-BSH-210x161.jpg\" alt=\"leimbuch bsh\" width=\"210\" height=\"161\" class=\"alignnone size-medium wp-image-2449 colorbox-1376\" \/><\/a><\/p>\n<p>  <\/p>","protected":false},"excerpt":{"rendered":"<\/p>\n<p> Elektronisches Leimbuch <\/p>\n<p>F\u00fcr die Fertigung von Leimholz f\u00fcr tragende Anwendungen ist eine l\u00fcckenlose Dokumentation aller relevanten Prozessparameter vorgeschrieben.<\/p>\n<p>&nbsp;<\/p>\n<p>Diese Aufgabe \u00fcbernimmt unser elektronisches Leimbuch zuverl\u00e4ssig und automatisch. Aufgezeichnet [&#8230;]<\/p>\n","protected":false},"author":4,"featured_media":0,"parent":346,"menu_order":22,"comment_status":"closed","ping_status":"closed","template":"","meta":{"ngg_post_thumbnail":0},"_links":{"self":[{"href":"https:\/\/hit-maschinenbau.de\/index.php\/wp-json\/wp\/v2\/pages\/1376"}],"collection":[{"href":"https:\/\/hit-maschinenbau.de\/index.php\/wp-json\/wp\/v2\/pages"}],"about":[{"href":"https:\/\/hit-maschinenbau.de\/index.php\/wp-json\/wp\/v2\/types\/page"}],"author":[{"embeddable":true,"href":"https:\/\/hit-maschinenbau.de\/index.php\/wp-json\/wp\/v2\/users\/4"}],"replies":[{"embeddable":true,"href":"https:\/\/hit-maschinenbau.de\/index.php\/wp-json\/wp\/v2\/comments?post=1376"}],"version-history":[{"count":16,"href":"https:\/\/hit-maschinenbau.de\/index.php\/wp-json\/wp\/v2\/pages\/1376\/revisions"}],"predecessor-version":[{"id":3307,"href":"https:\/\/hit-maschinenbau.de\/index.php\/wp-json\/wp\/v2\/pages\/1376\/revisions\/3307"}],"up":[{"embeddable":true,"href":"https:\/\/hit-maschinenbau.de\/index.php\/wp-json\/wp\/v2\/pages\/346"}],"wp:attachment":[{"href":"https:\/\/hit-maschinenbau.de\/index.php\/wp-json\/wp\/v2\/media?parent=1376"}],"curies":[{"name":"wp","href":"https:\/\/api.w.org\/{rel}","templated":true}]}}