{"id":138,"date":"2013-03-18T17:19:05","date_gmt":"2013-03-18T15:19:05","guid":{"rendered":"http:\/\/www.hit-maschinenbau.de\/?page_id=138"},"modified":"2022-07-05T12:22:19","modified_gmt":"2022-07-05T10:22:19","slug":"nachschnitttechnik","status":"publish","type":"page","link":"https:\/\/hit-maschinenbau.de\/index.php\/saegetechnik\/besaeum-und-nachschnitttechnik\/nachschnitttechnik\/","title":{"rendered":"Nachschnitttechnik"},"content":{"rendered":"<p><\/p>\n<h2>Nachschnitttechnik<\/h2>\n<div class=\"inhaltsbereich-unternavi\">\n<ul>\n<li><a href=\"https:\/\/www.hit-maschinenbau.de\/saegetechnik\/besaeum-und-nachschnitttechnik\/nachschnitttechnik\/nsm-250\">NSM 250<\/a><\/li>\n<\/ul>\n<\/div>\n<p>6 verstellbare S\u00e4geachsen erm\u00f6glichen einen Einschnitt bis zu 5-stielig variabel. Zudem ist es m\u00f6glich, durch die Best\u00fcckung der Festeinh\u00e4nge zus\u00e4tzlich Seitenware neben dem Hauptprodukt zu produzieren.<\/p>\n<p>&nbsp;<\/p>\n<p>Die Festeinh\u00e4nge k\u00f6nnen je nach Bedarf best\u00fcckt werden, die Aufspannl\u00e4nge ist mit 115 mm begrenzt. Die \u00d6ffnungsweite des Spaltkeils betr\u00e4gt 48 \u2013 800 mm.<\/p>\n<p>&nbsp;<\/p>\n<p>Zu unserem Lieferumfang geh\u00f6ren selbstverst\u00e4ndlich s\u00e4mtliche Mechanisierungen, die f\u00fcr die Zuf\u00fchrung der Model und f\u00fcr den Abtransport der Schnittware ben\u00f6tigt werden.<\/p>\n<!-- default-view.php -->\n<div\n\tclass=\"ngg-galleryoverview default-view \"\n\tid=\"ngg-gallery-d3b55693aaf098d72c1632527eed710a-1\">\n\n\t\t<!-- Thumbnails -->\n\t\t\t\t<div id=\"ngg-image-0\" class=\"ngg-gallery-thumbnail-box \" >\n\t\t\t\t        <div class=\"ngg-gallery-thumbnail\">\n            <a href=\"https:\/\/hit-maschinenbau.de\/wp-content\/gallery\/1-2-1-nachschnitttechnik\/nsm-dsa-12.jpg\"\n               title=\"\"\n               data-src=\"https:\/\/hit-maschinenbau.de\/wp-content\/gallery\/1-2-1-nachschnitttechnik\/nsm-dsa-12.jpg\"\n               data-thumbnail=\"https:\/\/hit-maschinenbau.de\/wp-content\/gallery\/1-2-1-nachschnitttechnik\/thumbs\/thumbs_nsm-dsa-12.jpg\"\n               data-image-id=\"34\"\n               data-title=\"nsm-dsa-12\"\n               data-description=\"\"\n               data-image-slug=\"nsm-dsa-12\"\n               class=\"ngg-simplelightbox\" rel=\"d3b55693aaf098d72c1632527eed710a\">\n                <img class=\"colorbox-138\" \n                    title=\"nsm-dsa-12\"\n                    alt=\"nsm-dsa-12\"\n                    src=\"https:\/\/hit-maschinenbau.de\/wp-content\/gallery\/1-2-1-nachschnitttechnik\/thumbs\/thumbs_nsm-dsa-12.jpg\"\n                    width=\"210\"\n                    height=\"157\"\n                    style=\"max-width:100%;\"\n                \/>\n            <\/a>\n        <\/div>\n\t\t\t\t\t\t\t<\/div> \n\t\t\t\n\t\t\t\t<div id=\"ngg-image-1\" class=\"ngg-gallery-thumbnail-box \" >\n\t\t\t\t        <div class=\"ngg-gallery-thumbnail\">\n            <a href=\"https:\/\/hit-maschinenbau.de\/wp-content\/gallery\/1-2-1-nachschnitttechnik\/nsm-gesamt-junker.jpg\"\n               title=\"\"\n               data-src=\"https:\/\/hit-maschinenbau.de\/wp-content\/gallery\/1-2-1-nachschnitttechnik\/nsm-gesamt-junker.jpg\"\n               data-thumbnail=\"https:\/\/hit-maschinenbau.de\/wp-content\/gallery\/1-2-1-nachschnitttechnik\/thumbs\/thumbs_nsm-gesamt-junker.jpg\"\n               data-image-id=\"36\"\n               data-title=\"nsm-gesamt-junker\"\n               data-description=\"\"\n               data-image-slug=\"nsm-gesamt-junker\"\n               class=\"ngg-simplelightbox\" rel=\"d3b55693aaf098d72c1632527eed710a\">\n                <img class=\"colorbox-138\" \n                    title=\"nsm-gesamt-junker\"\n                    alt=\"nsm-gesamt-junker\"\n                    src=\"https:\/\/hit-maschinenbau.de\/wp-content\/gallery\/1-2-1-nachschnitttechnik\/thumbs\/thumbs_nsm-gesamt-junker.jpg\"\n                    width=\"210\"\n                    height=\"139\"\n                    style=\"max-width:100%;\"\n                \/>\n            <\/a>\n        <\/div>\n\t\t\t\t\t\t\t<\/div> \n\t\t\t\n\t\t\t\t<div id=\"ngg-image-2\" class=\"ngg-gallery-thumbnail-box \" >\n\t\t\t\t        <div class=\"ngg-gallery-thumbnail\">\n            <a href=\"https:\/\/hit-maschinenbau.de\/wp-content\/gallery\/1-2-1-nachschnitttechnik\/wep-nsm-5.jpg\"\n               title=\"\"\n               data-src=\"https:\/\/hit-maschinenbau.de\/wp-content\/gallery\/1-2-1-nachschnitttechnik\/wep-nsm-5.jpg\"\n               data-thumbnail=\"https:\/\/hit-maschinenbau.de\/wp-content\/gallery\/1-2-1-nachschnitttechnik\/thumbs\/thumbs_wep-nsm-5.jpg\"\n               data-image-id=\"43\"\n               data-title=\"wep-nsm-5\"\n               data-description=\"\"\n               data-image-slug=\"wep-nsm-5\"\n               class=\"ngg-simplelightbox\" rel=\"d3b55693aaf098d72c1632527eed710a\">\n                <img class=\"colorbox-138\" \n                    title=\"wep-nsm-5\"\n                    alt=\"wep-nsm-5\"\n                    src=\"https:\/\/hit-maschinenbau.de\/wp-content\/gallery\/1-2-1-nachschnitttechnik\/thumbs\/thumbs_wep-nsm-5.jpg\"\n                    width=\"210\"\n                    height=\"157\"\n                    style=\"max-width:100%;\"\n                \/>\n            <\/a>\n        <\/div>\n\t\t\t\t\t\t\t<\/div> \n\t\t\t\n\t\n\t<br style=\"clear: both\" \/>\n\n\t\n\t\t<!-- Pagination -->\n\t<div class='ngg-clear'><\/div>\t<\/div>\n\n<p><\/p>","protected":false},"excerpt":{"rendered":"<\/p>\n<p> Nachschnitttechnik <a href=\"https:\/\/www.hit-maschinenbau.de\/saegetechnik\/besaeum-und-nachschnitttechnik\/nachschnitttechnik\/nsm-250\">NSM 250<\/a> <\/p>\n<p>6 verstellbare S\u00e4geachsen erm\u00f6glichen einen Einschnitt bis zu 5-stielig variabel. Zudem ist es m\u00f6glich, durch die Best\u00fcckung der Festeinh\u00e4nge zus\u00e4tzlich Seitenware neben dem Hauptprodukt zu [&#8230;]<\/p>\n","protected":false},"author":4,"featured_media":0,"parent":82,"menu_order":47,"comment_status":"closed","ping_status":"closed","template":"","meta":{"ngg_post_thumbnail":0},"_links":{"self":[{"href":"https:\/\/hit-maschinenbau.de\/index.php\/wp-json\/wp\/v2\/pages\/138"}],"collection":[{"href":"https:\/\/hit-maschinenbau.de\/index.php\/wp-json\/wp\/v2\/pages"}],"about":[{"href":"https:\/\/hit-maschinenbau.de\/index.php\/wp-json\/wp\/v2\/types\/page"}],"author":[{"embeddable":true,"href":"https:\/\/hit-maschinenbau.de\/index.php\/wp-json\/wp\/v2\/users\/4"}],"replies":[{"embeddable":true,"href":"https:\/\/hit-maschinenbau.de\/index.php\/wp-json\/wp\/v2\/comments?post=138"}],"version-history":[{"count":33,"href":"https:\/\/hit-maschinenbau.de\/index.php\/wp-json\/wp\/v2\/pages\/138\/revisions"}],"predecessor-version":[{"id":4128,"href":"https:\/\/hit-maschinenbau.de\/index.php\/wp-json\/wp\/v2\/pages\/138\/revisions\/4128"}],"up":[{"embeddable":true,"href":"https:\/\/hit-maschinenbau.de\/index.php\/wp-json\/wp\/v2\/pages\/82"}],"wp:attachment":[{"href":"https:\/\/hit-maschinenbau.de\/index.php\/wp-json\/wp\/v2\/media?parent=138"}],"curies":[{"name":"wp","href":"https:\/\/api.w.org\/{rel}","templated":true}]}}