{"id":1596,"date":"2013-04-09T00:41:51","date_gmt":"2013-04-08T22:41:51","guid":{"rendered":"http:\/\/www.hit-maschinenbau.de\/?page_id=1596"},"modified":"2015-04-29T11:03:39","modified_gmt":"2015-04-29T09:03:39","slug":"umstapelanlage-mit-ruecksortierrad","status":"publish","type":"page","link":"https:\/\/hit-maschinenbau.de\/index.php\/saegetechnik\/umstapelanlagen\/umstapelanlagen-mit-sortierung\/umstapelanlage-mit-ruecksortierrad\/","title":{"rendered":"Umstapelanlage mit R\u00fccksortierrad"},"content":{"rendered":"<p><\/p>\n<h2>Umstapelanlage mit R\u00fccksortierrad<\/h2>\n<p>Umstapelanlagen mit R\u00fccksortierung schleusen das Schnittholz, welches nicht direkt zur Stapelung gelangen soll \u00fcber ein Sortierrad aus der Produktion aus und f\u00fchren die Ware den Sortierboxen zu. <\/p>\n<p>&nbsp;<br \/>\nIst eine Sortierbox voll, oder die Soll-St\u00fcckzahl eines Sortimentes erreicht, so kann die Ware direkt auf die Beschickung der Umstapelanlage entladen und der Stapelung zugef\u00fchrt werden.<\/p>\n<p>&nbsp;<\/p>\n<p>Die Boxenentleerung kann manuell oder automatisch erfolgen, zus\u00e4tzlicher Manipulationsaufwand entf\u00e4llt.<\/p>\n<p>  <\/p>","protected":false},"excerpt":{"rendered":"<\/p>\n<p> Umstapelanlage mit R\u00fccksortierrad <\/p>\n<p>Umstapelanlagen mit R\u00fccksortierung schleusen das Schnittholz, welches nicht direkt zur Stapelung gelangen soll \u00fcber ein Sortierrad aus der Produktion aus und f\u00fchren die Ware den Sortierboxen [&#8230;]<\/p>\n","protected":false},"author":4,"featured_media":0,"parent":267,"menu_order":87,"comment_status":"closed","ping_status":"closed","template":"","meta":{"ngg_post_thumbnail":0},"_links":{"self":[{"href":"https:\/\/hit-maschinenbau.de\/index.php\/wp-json\/wp\/v2\/pages\/1596"}],"collection":[{"href":"https:\/\/hit-maschinenbau.de\/index.php\/wp-json\/wp\/v2\/pages"}],"about":[{"href":"https:\/\/hit-maschinenbau.de\/index.php\/wp-json\/wp\/v2\/types\/page"}],"author":[{"embeddable":true,"href":"https:\/\/hit-maschinenbau.de\/index.php\/wp-json\/wp\/v2\/users\/4"}],"replies":[{"embeddable":true,"href":"https:\/\/hit-maschinenbau.de\/index.php\/wp-json\/wp\/v2\/comments?post=1596"}],"version-history":[{"count":13,"href":"https:\/\/hit-maschinenbau.de\/index.php\/wp-json\/wp\/v2\/pages\/1596\/revisions"}],"predecessor-version":[{"id":3244,"href":"https:\/\/hit-maschinenbau.de\/index.php\/wp-json\/wp\/v2\/pages\/1596\/revisions\/3244"}],"up":[{"embeddable":true,"href":"https:\/\/hit-maschinenbau.de\/index.php\/wp-json\/wp\/v2\/pages\/267"}],"wp:attachment":[{"href":"https:\/\/hit-maschinenbau.de\/index.php\/wp-json\/wp\/v2\/media?parent=1596"}],"curies":[{"name":"wp","href":"https:\/\/api.w.org\/{rel}","templated":true}]}}