{"id":1599,"date":"2013-04-09T00:42:34","date_gmt":"2013-04-08T22:42:34","guid":{"rendered":"http:\/\/www.hit-maschinenbau.de\/?page_id=1599"},"modified":"2015-04-29T11:04:33","modified_gmt":"2015-04-29T09:04:33","slug":"umstapelanlage-ohne-ruecksortierrad","status":"publish","type":"page","link":"https:\/\/hit-maschinenbau.de\/index.php\/saegetechnik\/umstapelanlagen\/umstapelanlagen-mit-sortierung\/umstapelanlage-ohne-ruecksortierrad\/","title":{"rendered":"Umstapelanlage ohne R\u00fccksortierrad"},"content":{"rendered":"<p><\/p>\n<h2>Umstapelanlage ohne R\u00fccksortierrad<\/h2>\n<p>Umstapelanlagen ohne R\u00fccksortierung schleusen das Schnittholz, welches nicht direkt zur Stapelung gelangen soll \u00fcber Klappen aus der Produktion aus und f\u00fchren die Ware den unter der Anlage stehenden Sortierboxen zu.<\/p>\n<p>&nbsp;<\/p>\n<p>Ist eine Sortierbox voll, oder die Soll-St\u00fcckzahl eines Sortimentes erreicht, so werden die Boxen entleert und der Boxeninhalt wird per Gabelstapler erneut auf die Beschickung der Umstapelanlage aufgegeben.<\/p>\n<p>&nbsp;<\/p>\n<p>Umstapelanlagen ohne R\u00fccksortierrad k\u00f6nnen, bei entsprechender Planung im Vorfeld, auch zu einem sp\u00e4teren Zeitpunkt mit einer R\u00fccksortierung nachger\u00fcstet werden.<\/p>\n<p>  <\/p>","protected":false},"excerpt":{"rendered":"<\/p>\n<p> Umstapelanlage ohne R\u00fccksortierrad <\/p>\n<p>Umstapelanlagen ohne R\u00fccksortierung schleusen das Schnittholz, welches nicht direkt zur Stapelung gelangen soll \u00fcber Klappen aus der Produktion aus und f\u00fchren die Ware den unter der [&#8230;]<\/p>\n","protected":false},"author":4,"featured_media":0,"parent":267,"menu_order":88,"comment_status":"closed","ping_status":"closed","template":"","meta":{"ngg_post_thumbnail":0},"_links":{"self":[{"href":"https:\/\/hit-maschinenbau.de\/index.php\/wp-json\/wp\/v2\/pages\/1599"}],"collection":[{"href":"https:\/\/hit-maschinenbau.de\/index.php\/wp-json\/wp\/v2\/pages"}],"about":[{"href":"https:\/\/hit-maschinenbau.de\/index.php\/wp-json\/wp\/v2\/types\/page"}],"author":[{"embeddable":true,"href":"https:\/\/hit-maschinenbau.de\/index.php\/wp-json\/wp\/v2\/users\/4"}],"replies":[{"embeddable":true,"href":"https:\/\/hit-maschinenbau.de\/index.php\/wp-json\/wp\/v2\/comments?post=1599"}],"version-history":[{"count":12,"href":"https:\/\/hit-maschinenbau.de\/index.php\/wp-json\/wp\/v2\/pages\/1599\/revisions"}],"predecessor-version":[{"id":3245,"href":"https:\/\/hit-maschinenbau.de\/index.php\/wp-json\/wp\/v2\/pages\/1599\/revisions\/3245"}],"up":[{"embeddable":true,"href":"https:\/\/hit-maschinenbau.de\/index.php\/wp-json\/wp\/v2\/pages\/267"}],"wp:attachment":[{"href":"https:\/\/hit-maschinenbau.de\/index.php\/wp-json\/wp\/v2\/media?parent=1599"}],"curies":[{"name":"wp","href":"https:\/\/api.w.org\/{rel}","templated":true}]}}