{"id":174,"date":"2013-03-19T22:08:53","date_gmt":"2013-03-19T20:08:53","guid":{"rendered":"http:\/\/www.hit-maschinenbau.de\/?page_id=174"},"modified":"2015-04-29T12:26:53","modified_gmt":"2015-04-29T10:26:53","slug":"anfrageformular","status":"publish","type":"page","link":"https:\/\/hit-maschinenbau.de\/index.php\/kontakt\/anfrageformular\/","title":{"rendered":"Anfrageformular"},"content":{"rendered":"<p><\/p>\n<h2>Anfrageformular<\/h2>\n\n\t\t<div id=\"usermessagea\" class=\"cf_info \"><\/div>\n\t\t<form enctype=\"multipart\/form-data\" action=\"\/index.php\/wp-json\/wp\/v2\/pages\/174#usermessagea\" method=\"post\" class=\"cform anfrageformular \" id=\"cformsform\">\n\t\t<fieldset class=\"cf-fs1\">\n\t\t<legend>Bereich<\/legend>\n\t\t<ol class=\"cf-ol\">\n\t\t\t<li id=\"li--2\" class=\"\"><label for=\"cf_field_2\"><span><em>S\u00e4getechnik<\/em><\/span><\/label><select multiple=\"multiple\" name=\"cf_field_2[]\" id=\"cf_field_2\" class=\"cfselectmulti \">\n\t\t\t\t<option value=\"Rundholzmanipulation\">Rundholzmanipulation<\/option>\n\t\t\t\t<option value=\"Bes\u00e4um- und Nachschnitttechnik\">Bes\u00e4um- und Nachschnitttechnik<\/option>\n\t\t\t\t<option value=\"Sortierlinien\">Sortierlinien<\/option>\n\t\t\t\t<option value=\"Abl\u00e4ngss\u00e4gen\">Abl\u00e4ngss\u00e4gen<\/option>\n\t\t\t\t<option value=\"Stapeln\">Stapeln<\/option>\n\t\t\t\t<option value=\"Umstapelanlagen\">Umstapelanlagen<\/option>\n\t\t\t\t<option value=\"Lattenmanipulation\">Lattenmanipulation<\/option>\n\t\t\t\t<option value=\"F\u00f6rdertechnik\">F\u00f6rdertechnik<\/option>\n\t\t\t\t<option value=\"Sondermaschinen\">Sondermaschinen<\/option>\n\t\t\t\t<option value=\"Sonstiges\">Sonstiges<\/option>\n\t\t\t<\/select><\/li>\n\t\t\t<li id=\"li--3\" class=\"\"><label for=\"cf_field_3\"><span><em>Hobeltechnik<\/em><\/span><\/label><select multiple=\"multiple\" name=\"cf_field_3[]\" id=\"cf_field_3\" class=\"cfselectmulti \">\n\t\t\t\t<option value=\"Entstapelanlagen\">Entstapelanlagen<\/option>\n\t\t\t\t<option value=\"Hobelbeschickungen\">Hobelbeschickungen<\/option>\n\t\t\t\t<option value=\"Sortierlinien\">Sortierlinien<\/option>\n\t\t\t\t<option value=\"Abl\u00e4ngs\u00e4gen\">Abl\u00e4ngs\u00e4gen<\/option>\n\t\t\t\t<option value=\"Stapeln\">Stapeln<\/option>\n\t\t\t\t<option value=\"Verpacken\">Verpacken<\/option>\n\t\t\t\t<option value=\"F\u00f6rdertechnik\">F\u00f6rdertechnik<\/option>\n\t\t\t\t<option value=\"Sondermaschinen\">Sondermaschinen<\/option>\n\t\t\t\t<option value=\"Sonstiges\">Sonstiges<\/option>\n\t\t\t<\/select><\/li>\n\t\t\t<li id=\"li--4\" class=\"\"><label for=\"cf_field_4\"><span><em>Leimholztechnik<\/em><\/span><\/label><select multiple=\"multiple\" name=\"cf_field_4[]\" id=\"cf_field_4\" class=\"cfselectmulti \">\n\t\t\t\t<option value=\"Entstapelanlagen\">Entstapelanlagen<\/option>\n\t\t\t\t<option value=\"Aush\u00e4rtelager\">Aush\u00e4rtelager<\/option>\n\t\t\t\t<option value=\"Pressentechnik f\u00fcr Brettschichtholz\">Pressentechnik f\u00fcr Brettschichtholz<\/option>\n\t\t\t\t<option value=\"Pressentechnik f\u00fcr Brettsperrholz\">Pressentechnik f\u00fcr Brettsperrholz<\/option>\n\t\t\t\t<option value=\"Flickstationen\">Flickstationen<\/option>\n\t\t\t\t<option value=\"Hobelbeschickungen\">Hobelbeschickungen<\/option>\n\t\t\t\t<option value=\"Stapeln\">Stapeln<\/option>\n\t\t\t\t<option value=\"Kommissionieren\">Kommissionieren<\/option>\n\t\t\t\t<option value=\"Verpacken\">Verpacken<\/option>\n\t\t\t\t<option value=\"F\u00f6rdertechnik\">F\u00f6rdertechnik<\/option>\n\t\t\t\t<option value=\"Sondermaschinen\">Sondermaschinen<\/option>\n\t\t\t\t<option value=\"Sonstiges\">Sonstiges<\/option>\n\t\t\t<\/select><\/li>\n\t\t\t<li id=\"li--5\" class=\"textonly\"><div style='margin-left:170px'><em>Mehrfachauswahl mit [strg]-Taste m\u00f6glich<\/em><\/div><\/li>\n\t\t<\/ol>\n\t\t<\/fieldset>\n\t\t<fieldset class=\"cf-fs2\">\n\t\t<legend>Infomaterial<\/legend>\n\t\t<ol class=\"cf-ol\">\n\t\t\t<li id=\"li--8\" class=\"\"><label for=\"cf_field_8\" class=\"cf-before\"><span>Zusendung von Infomaterial<\/span><\/label><input type=\"checkbox\" name=\"cf_field_8\" id=\"cf_field_8\" class=\"cf-box-b\"\/><\/li>\n\t\t<\/ol>\n\t\t<\/fieldset>\n\t\t<fieldset class=\"cf-fs3\">\n\t\t<legend>Pers\u00f6nliche Daten<\/legend>\n\t\t<ol class=\"cf-ol\">\n\t\t\t<li id=\"li--11\" class=\"\"><label for=\"cf_field_11\"><span>Anrede<\/span><\/label><select name=\"cf_field_11\" id=\"cf_field_11\" class=\"cformselect fldrequired\" >\n\t\t\t\t<option value=\"Herr\">Herr<\/option>\n\t\t\t\t<option value=\"Frau\">Frau<\/option>\n\t\t\t<\/select><span class=\"reqtxt\">*<\/span><\/li>\n\t\t\t<li id=\"li--12\" class=\"\"><label for=\"cf_field_12\"><span>Vorname<\/span><\/label><input type=\"text\" name=\"cf_field_12\" id=\"cf_field_12\" class=\"single fldrequired\" value=\"\"\/><span class=\"reqtxt\">*<\/span><\/li>\n\t\t\t<li id=\"li--13\" class=\"\"><label for=\"cf_field_13\"><span>Nachname<\/span><\/label><input type=\"text\" name=\"cf_field_13\" id=\"cf_field_13\" class=\"single fldrequired\" value=\"\"\/><span class=\"reqtxt\">*<\/span><\/li>\n\t\t\t<li id=\"li--14\" class=\"\"><label for=\"cf_field_14\"><span>Firma<\/span><\/label><input type=\"text\" name=\"cf_field_14\" id=\"cf_field_14\" class=\"single fldrequired\" value=\"\"\/><span class=\"reqtxt\">*<\/span><\/li>\n\t\t<\/ol>\n\t\t<\/fieldset>\n\t\t<fieldset class=\"cf-fs4\">\n\t\t<legend>Adresse<\/legend>\n\t\t<ol class=\"cf-ol\">\n\t\t\t<li id=\"li--17\" class=\"\"><label for=\"cf_field_17\"><span>Stra\u00dfe + Hausnummer<\/span><\/label><input type=\"text\" name=\"cf_field_17\" id=\"cf_field_17\" class=\"single\" value=\"\"\/><\/li>\n\t\t\t<li id=\"li--18\" class=\"\"><label for=\"cf_field_18\"><span>PLZ<\/span><\/label><input type=\"text\" name=\"cf_field_18\" id=\"cf_field_18\" class=\"single\" value=\"\"\/><\/li>\n\t\t\t<li id=\"li--19\" class=\"\"><label for=\"cf_field_19\"><span>Ort<\/span><\/label><input type=\"text\" name=\"cf_field_19\" id=\"cf_field_19\" class=\"single\" value=\"\"\/><\/li>\n\t\t<\/ol>\n\t\t<\/fieldset>\n\t\t<fieldset class=\"cf-fs5\">\n\t\t<legend>Kontaktm\u00f6glichkeiten<\/legend>\n\t\t<ol class=\"cf-ol\">\n\t\t\t<li id=\"li--22\" class=\"\"><label for=\"cf_field_22\"><span>Telefon<\/span><\/label><input type=\"text\" name=\"cf_field_22\" id=\"cf_field_22\" class=\"single\" value=\"\"\/><\/li>\n\t\t\t<li id=\"li--23\" class=\"\"><label for=\"cf_field_23\"><span>E-Mail<\/span><\/label><input type=\"text\" name=\"cf_field_23\" id=\"cf_field_23\" class=\"single fldemail fldrequired\" value=\"\"\/><span class=\"emailreqtxt\">*<\/span><\/li>\n\t\t<\/ol>\n\t\t<\/fieldset>\n\t\t<fieldset class=\"cf-fs6\">\n\t\t<legend>Mitteilung<\/legend>\n\t\t<ol class=\"cf-ol\">\n\t\t\t<li id=\"li--26\" class=\"\"><label for=\"cf_field_26\"><span>Ihre Mitteilung<\/span><\/label><textarea cols=\"30\" rows=\"8\" name=\"cf_field_26\" id=\"cf_field_26\" class=\"area fldrequired\"><\/textarea><span class=\"reqtxt\">*<\/span><\/li>\n\t\t<\/ol>\n\t\t<\/fieldset>\n\t\t<ol class=\"cf-ol\">\n\t\t\t<li id=\"li--28\" class=\"\"><label for=\"cf_uploadfile-28\"><span>Datei anh\u00e4ngen<\/span><\/label><input type=\"file\" name=\"cf_uploadfile[]\" id=\"cf_uploadfile-28\" class=\"cf_upload upload\"\/><\/li>\n\t\t\t<li id=\"li--29\" class=\"textonly\"><br \/><em><span style=\"margin-left: 170px; font-weight: bold; color:#DA3635\">*<\/span> = Pflichtfelder<\/em><\/li>\n\t\t<\/ol>\n\t\t<fieldset class=\"cf_hidden\">\n\t\t\t<legend>&nbsp;<\/legend>\n\t\t\t<input type=\"hidden\" name=\"cf_working\" id=\"cf_working\" value=\"<span>Einen%20Moment%20bitte...<\/span>\"\/>\n\t\t\t<input type=\"hidden\" name=\"cf_failure\" id=\"cf_failure\" value=\"<span>Bitte%20f%C3%BCllen%20Sie%20alle%20Pflichtfelder%20aus.<\/span>\"\/>\n\t\t\t<input type=\"hidden\" name=\"cf_codeerr\" id=\"cf_codeerr\" value=\"<span>Please%20double-check%20your%20verification%20code.<\/span>\"\/>\n\t\t\t<input type=\"hidden\" name=\"cf_customerr\" id=\"cf_customerr\" value=\"yyy\"\/>\n\t\t\t<input type=\"hidden\" name=\"cf_popup\" id=\"cf_popup\" value=\"nn\"\/>\n\t\t<\/fieldset>\n\t\t<p class=\"cf-sb\"><input type=\"submit\" name=\"sendbutton\" id=\"sendbutton\" class=\"sendbutton\" value=\"Formular senden\"\/><\/p><\/form>","protected":false},"excerpt":{"rendered":"<\/p>\n<p> Anfrageformular Bereich <em>S\u00e4getechnik<\/em> Rundholzmanipulation Bes\u00e4um- und Nachschnitttechnik Sortierlinien Abl\u00e4ngss\u00e4gen Stapeln Umstapelanlagen Lattenmanipulation F\u00f6rdertechnik Sondermaschinen Sonstiges <em>Hobeltechnik<\/em> Entstapelanlagen Hobelbeschickungen Sortierlinien Abl\u00e4ngs\u00e4gen Stapeln Verpacken F\u00f6rdertechnik Sondermaschinen Sonstiges <em>Leimholztechnik<\/em> Entstapelanlagen Aush\u00e4rtelager Pressentechnik [&#8230;]<\/p>\n","protected":false},"author":4,"featured_media":0,"parent":118,"menu_order":129,"comment_status":"closed","ping_status":"closed","template":"","meta":{"ngg_post_thumbnail":0},"_links":{"self":[{"href":"https:\/\/hit-maschinenbau.de\/index.php\/wp-json\/wp\/v2\/pages\/174"}],"collection":[{"href":"https:\/\/hit-maschinenbau.de\/index.php\/wp-json\/wp\/v2\/pages"}],"about":[{"href":"https:\/\/hit-maschinenbau.de\/index.php\/wp-json\/wp\/v2\/types\/page"}],"author":[{"embeddable":true,"href":"https:\/\/hit-maschinenbau.de\/index.php\/wp-json\/wp\/v2\/users\/4"}],"replies":[{"embeddable":true,"href":"https:\/\/hit-maschinenbau.de\/index.php\/wp-json\/wp\/v2\/comments?post=174"}],"version-history":[{"count":9,"href":"https:\/\/hit-maschinenbau.de\/index.php\/wp-json\/wp\/v2\/pages\/174\/revisions"}],"predecessor-version":[{"id":3286,"href":"https:\/\/hit-maschinenbau.de\/index.php\/wp-json\/wp\/v2\/pages\/174\/revisions\/3286"}],"up":[{"embeddable":true,"href":"https:\/\/hit-maschinenbau.de\/index.php\/wp-json\/wp\/v2\/pages\/118"}],"wp:attachment":[{"href":"https:\/\/hit-maschinenbau.de\/index.php\/wp-json\/wp\/v2\/media?parent=174"}],"curies":[{"name":"wp","href":"https:\/\/api.w.org\/{rel}","templated":true}]}}