{"id":229,"date":"2013-03-21T10:58:20","date_gmt":"2013-03-21T08:58:20","guid":{"rendered":"http:\/\/www.hit-maschinenbau.de\/?page_id=229"},"modified":"2022-07-05T12:20:40","modified_gmt":"2022-07-05T10:20:40","slug":"mess-und-kapplinien","status":"publish","type":"page","link":"https:\/\/hit-maschinenbau.de\/index.php\/saegetechnik\/rundholzmanipulation\/mess-und-kapplinien\/","title":{"rendered":"Me\u00df- und Kapplinien"},"content":{"rendered":"<p><\/p>\n<h2>Me\u00df- und Kapplinien<\/h2>\n<p>Mit der exakten Vermessung des Rundholzes und dem genauen Kappen nach der Vermessung beginnt die Wertsch\u00f6pfung im S\u00e4gewerk \u2013 wir liefern Ihnen die passende L\u00f6sung zu Ihren Anforderungen.<\/p>\n<p>&nbsp;<\/p>\n<p>Unsere Transportsysteme garantieren einen sicheren und ruhigen Transport durch die Rundholzvermessung, mit unseren Rundholzkapps\u00e4gen kappen wir die St\u00e4mme pr\u00e4zise an der vorgegebenen Position.<\/p>\n<p>&nbsp;<\/p>\n<p><strong>Zu unserem Lieferumfang geh\u00f6ren:<\/strong><\/p>\n<p>&nbsp;<\/p>\n<ul>\n<li>Kreiss\u00e4gen zum Kappen von Schwach- und Starkholz im L\u00e4ngsdurchlauf<br \/>\n<em>Leistung:<\/em> abh\u00e4ngig vom Stammdurchmesser bis zu <strong>15 Abschnitte \/ min.<\/strong><\/li>\n<\/ul>\n<ul>\n<li>Kreiss\u00e4gen zum Kappen von Schwach- und Starkholz im Querdurchlauf<br \/>\n<em>Leistung:<\/em> abh\u00e4ngig vom Stammdurchmesser bis zu<strong> 30 Kappschnitte \/ min.<\/strong><\/li>\n<li>Positioniersysteme zum exakten Ausrichten der St\u00e4mme an der Kappposition<\/li>\n<li>Zangengreifer zum fixieren des St\u00e4mme w\u00e4hrend des Kappvorgangs<\/li>\n<li>F\u00f6rdertechnik zur Entsorgung der Kappreste<\/li>\n<\/ul>\n<p><!-- default-view.php -->\n<div\n\tclass=\"ngg-galleryoverview default-view \"\n\tid=\"ngg-gallery-fe7cc4e8527d416e7016b6e50fc2af38-1\">\n\n\t\t<!-- Thumbnails -->\n\t\t\t\t<div id=\"ngg-image-0\" class=\"ngg-gallery-thumbnail-box \" >\n\t\t\t\t        <div class=\"ngg-gallery-thumbnail\">\n            <a href=\"https:\/\/hit-maschinenbau.de\/wp-content\/gallery\/1-1-3-mess-und-kapplinien\/scan_hk_2000.jpg\"\n               title=\"\"\n               data-src=\"https:\/\/hit-maschinenbau.de\/wp-content\/gallery\/1-1-3-mess-und-kapplinien\/scan_hk_2000.jpg\"\n               data-thumbnail=\"https:\/\/hit-maschinenbau.de\/wp-content\/gallery\/1-1-3-mess-und-kapplinien\/thumbs\/thumbs_scan_hk_2000.jpg\"\n               data-image-id=\"227\"\n               data-title=\"scan_hk_2000\"\n               data-description=\"\"\n               data-image-slug=\"scan_hk_2000\"\n               class=\"ngg-simplelightbox\" rel=\"fe7cc4e8527d416e7016b6e50fc2af38\">\n                <img class=\"colorbox-229\" \n                    title=\"scan_hk_2000\"\n                    alt=\"scan_hk_2000\"\n                    src=\"https:\/\/hit-maschinenbau.de\/wp-content\/gallery\/1-1-3-mess-und-kapplinien\/thumbs\/thumbs_scan_hk_2000.jpg\"\n                    width=\"210\"\n                    height=\"133\"\n                    style=\"max-width:100%;\"\n                \/>\n            <\/a>\n        <\/div>\n\t\t\t\t\t\t\t<\/div> \n\t\t\t\n\t\n\t<br style=\"clear: both\" \/>\n\n\t\n\t\t<!-- Pagination -->\n\t<div class='ngg-clear'><\/div>\t<\/div>\n<br \/>\n<\/p>","protected":false},"excerpt":{"rendered":"<\/p>\n<p> Me\u00df- und Kapplinien <\/p>\n<p>Mit der exakten Vermessung des Rundholzes und dem genauen Kappen nach der Vermessung beginnt die Wertsch\u00f6pfung im S\u00e4gewerk \u2013 wir liefern Ihnen die passende L\u00f6sung zu [&#8230;]<\/p>\n","protected":false},"author":4,"featured_media":0,"parent":81,"menu_order":44,"comment_status":"closed","ping_status":"closed","template":"","meta":{"ngg_post_thumbnail":0},"_links":{"self":[{"href":"https:\/\/hit-maschinenbau.de\/index.php\/wp-json\/wp\/v2\/pages\/229"}],"collection":[{"href":"https:\/\/hit-maschinenbau.de\/index.php\/wp-json\/wp\/v2\/pages"}],"about":[{"href":"https:\/\/hit-maschinenbau.de\/index.php\/wp-json\/wp\/v2\/types\/page"}],"author":[{"embeddable":true,"href":"https:\/\/hit-maschinenbau.de\/index.php\/wp-json\/wp\/v2\/users\/4"}],"replies":[{"embeddable":true,"href":"https:\/\/hit-maschinenbau.de\/index.php\/wp-json\/wp\/v2\/comments?post=229"}],"version-history":[{"count":19,"href":"https:\/\/hit-maschinenbau.de\/index.php\/wp-json\/wp\/v2\/pages\/229\/revisions"}],"predecessor-version":[{"id":4124,"href":"https:\/\/hit-maschinenbau.de\/index.php\/wp-json\/wp\/v2\/pages\/229\/revisions\/4124"}],"up":[{"embeddable":true,"href":"https:\/\/hit-maschinenbau.de\/index.php\/wp-json\/wp\/v2\/pages\/81"}],"wp:attachment":[{"href":"https:\/\/hit-maschinenbau.de\/index.php\/wp-json\/wp\/v2\/media?parent=229"}],"curies":[{"name":"wp","href":"https:\/\/api.w.org\/{rel}","templated":true}]}}