{"id":236,"date":"2013-03-21T11:02:20","date_gmt":"2013-03-21T09:02:20","guid":{"rendered":"http:\/\/www.hit-maschinenbau.de\/?page_id=236"},"modified":"2022-07-05T12:24:08","modified_gmt":"2022-07-05T10:24:08","slug":"besaeumtechnik","status":"publish","type":"page","link":"https:\/\/hit-maschinenbau.de\/index.php\/saegetechnik\/besaeum-und-nachschnitttechnik\/besaeumtechnik\/","title":{"rendered":"Bes\u00e4umtechnik"},"content":{"rendered":"<p><\/p>\n<h2>Bes\u00e4umtechnik<\/h2>\n<div class=\"inhaltsbereich-unternavi\">\n<ul>\n<li><a href=\"https:\/\/www.hit-maschinenbau.de\/saegetechnik\/besaeum-und-nachschnitttechnik\/besaeumtechnik\/asm200\">ASM 200<\/a><\/li>\n<li><a href=\"https:\/\/www.hit-maschinenbau.de\/saegetechnik\/besaeum-und-nachschnitttechnik\/besaeumtechnik\/asm300\">ASM 300<\/a><\/li>\n<\/ul>\n<\/div>\n<p>Unsere Bes\u00e4ums\u00e4gen liefern Ihnen, auf Grund der \u00e4u\u00dferst robusten Ausf\u00fchrung dauerhaft und zuverl\u00e4ssig optimale Schnittergebnisse bei Leistungen bis zu 30 Bretter \/ min.<\/p>\n<p>&nbsp;<\/p>\n<p>Die Vermessung der H\u00f6lzer erfolgt im Querdurchlauf \u00fcber Laser von oben, optional von unten. Das Messraster betr\u00e4gt 500mm, bzw. optional 250 mm. In Kombination mit unserer Optimiersoftware \u201eLM-Optim\u201c erhalten Sie so die maximal m\u00f6gliche Ausbeute.<\/p>\n<p>&nbsp;<\/p>\n<p>Die waldkantenbezogene Ausrichtung erlaubt ein \u00e4u\u00dferst flexibles und wertoptimiertes Einschneiden der Ware durch 3 separat verstellbare S\u00e4gen und Schnitth\u00f6hen von 18 bis 130 mm.<\/p>\n<p>&nbsp;<\/p>\n<p>Es k\u00f6nnen zudem Anlauflatten links oder rechts am Brett frei definiert werden. Zus\u00e4tzlich kann eingegeben werden, ab welcher L\u00e4nge die Anlauflatten produziert werden sollen.<\/p>\n<p>&nbsp;<\/p>\n<p>4 verstellbare S\u00e4geachsen erm\u00f6glichen einen Einschnitt bis zu 3-stielig variabel. Zudem ist es m\u00f6glich, durch die Best\u00fcckung der Festeinh\u00e4nge zus\u00e4tzlich Nebenprodukte, wie zum Beispiel Latten, zu produzieren.<\/p>\n<p>&nbsp;<\/p>\n<p>Die Festeinh\u00e4nge k\u00f6nnen je nach Bedarf best\u00fcckt werden, die Aufspannl\u00e4nge ist mit 235 mm begrenzt, die m\u00f6gliche \u00d6ffnungsweite des Spaltkeils reicht von 48 bis 800 mm.<\/p>\n<p>&nbsp;<\/p>\n<p>Durch die unterschiedliche Best\u00fcckung der Festeinh\u00e4nge k\u00f6nnen gleichzeitig Latten und Rahmen mit unterschiedlichen Ma\u00dfen erzeugt werden.<\/p>\n<p>&nbsp;<\/p>\n<p>Zu unserem Lieferumfang geh\u00f6ren selbstverst\u00e4ndlich s\u00e4mtliche Mechanisierungen, die f\u00fcr die Zuf\u00fchrung der Ware und f\u00fcr den Abtransport der Schnittware ben\u00f6tigt werden.<\/p>\n<p>&nbsp;<\/p>\n<p>Die Bedienung der S\u00e4genzuf\u00fchrung kann per Joystick erfolgen. Mit unserem optimierten Bedienkonzept zur Bedienung der Zuf\u00fchrung zur S\u00e4ge und der S\u00e4ge selbst vom Bedienstand per Joystick entlasten Sie Ihre Mitarbeiter.<\/p>\n<!-- default-view.php -->\n<div\n\tclass=\"ngg-galleryoverview default-view \"\n\tid=\"ngg-gallery-d4ab02f7367fb44cec4c5544e81a1f34-1\">\n\n\t\t<!-- Thumbnails -->\n\t\t\t\t<div id=\"ngg-image-0\" class=\"ngg-gallery-thumbnail-box \" >\n\t\t\t\t        <div class=\"ngg-gallery-thumbnail\">\n            <a href=\"https:\/\/hit-maschinenbau.de\/wp-content\/gallery\/1-2-3-besaeumtechnik\/asm-zufuehrung-1.jpg\"\n               title=\"\"\n               data-src=\"https:\/\/hit-maschinenbau.de\/wp-content\/gallery\/1-2-3-besaeumtechnik\/asm-zufuehrung-1.jpg\"\n               data-thumbnail=\"https:\/\/hit-maschinenbau.de\/wp-content\/gallery\/1-2-3-besaeumtechnik\/thumbs\/thumbs_asm-zufuehrung-1.jpg\"\n               data-image-id=\"57\"\n               data-title=\"asm-zufuehrung-1\"\n               data-description=\"\"\n               data-image-slug=\"asm-zufuehrung-1\"\n               class=\"ngg-simplelightbox\" rel=\"d4ab02f7367fb44cec4c5544e81a1f34\">\n                <img class=\"colorbox-236\" \n                    title=\"asm-zufuehrung-1\"\n                    alt=\"asm-zufuehrung-1\"\n                    src=\"https:\/\/hit-maschinenbau.de\/wp-content\/gallery\/1-2-3-besaeumtechnik\/thumbs\/thumbs_asm-zufuehrung-1.jpg\"\n                    width=\"210\"\n                    height=\"157\"\n                    style=\"max-width:100%;\"\n                \/>\n            <\/a>\n        <\/div>\n\t\t\t\t\t\t\t<\/div> \n\t\t\t\n\t\t\t\t<div id=\"ngg-image-1\" class=\"ngg-gallery-thumbnail-box \" >\n\t\t\t\t        <div class=\"ngg-gallery-thumbnail\">\n            <a href=\"https:\/\/hit-maschinenbau.de\/wp-content\/gallery\/1-2-3-besaeumtechnik\/asm130-lah-2.jpg\"\n               title=\"\"\n               data-src=\"https:\/\/hit-maschinenbau.de\/wp-content\/gallery\/1-2-3-besaeumtechnik\/asm130-lah-2.jpg\"\n               data-thumbnail=\"https:\/\/hit-maschinenbau.de\/wp-content\/gallery\/1-2-3-besaeumtechnik\/thumbs\/thumbs_asm130-lah-2.jpg\"\n               data-image-id=\"62\"\n               data-title=\"asm130-lah-2\"\n               data-description=\"\"\n               data-image-slug=\"asm130-lah-2\"\n               class=\"ngg-simplelightbox\" rel=\"d4ab02f7367fb44cec4c5544e81a1f34\">\n                <img class=\"colorbox-236\" \n                    title=\"asm130-lah-2\"\n                    alt=\"asm130-lah-2\"\n                    src=\"https:\/\/hit-maschinenbau.de\/wp-content\/gallery\/1-2-3-besaeumtechnik\/thumbs\/thumbs_asm130-lah-2.jpg\"\n                    width=\"210\"\n                    height=\"157\"\n                    style=\"max-width:100%;\"\n                \/>\n            <\/a>\n        <\/div>\n\t\t\t\t\t\t\t<\/div> \n\t\t\t\n\t\t\t\t<div id=\"ngg-image-2\" class=\"ngg-gallery-thumbnail-box \" >\n\t\t\t\t        <div class=\"ngg-gallery-thumbnail\">\n            <a href=\"https:\/\/hit-maschinenbau.de\/wp-content\/gallery\/1-2-3-besaeumtechnik\/asm130-sch-3.jpg\"\n               title=\"\"\n               data-src=\"https:\/\/hit-maschinenbau.de\/wp-content\/gallery\/1-2-3-besaeumtechnik\/asm130-sch-3.jpg\"\n               data-thumbnail=\"https:\/\/hit-maschinenbau.de\/wp-content\/gallery\/1-2-3-besaeumtechnik\/thumbs\/thumbs_asm130-sch-3.jpg\"\n               data-image-id=\"68\"\n               data-title=\"asm130-sch-3\"\n               data-description=\"\"\n               data-image-slug=\"asm130-sch-3\"\n               class=\"ngg-simplelightbox\" rel=\"d4ab02f7367fb44cec4c5544e81a1f34\">\n                <img class=\"colorbox-236\" \n                    title=\"asm130-sch-3\"\n                    alt=\"asm130-sch-3\"\n                    src=\"https:\/\/hit-maschinenbau.de\/wp-content\/gallery\/1-2-3-besaeumtechnik\/thumbs\/thumbs_asm130-sch-3.jpg\"\n                    width=\"210\"\n                    height=\"157\"\n                    style=\"max-width:100%;\"\n                \/>\n            <\/a>\n        <\/div>\n\t\t\t\t\t\t\t<\/div> \n\t\t\t\n\t\n\t<br style=\"clear: both\" \/>\n\n\t\n\t\t<!-- Pagination -->\n\t<div class='ngg-clear'><\/div>\t<\/div>\n\n<p><\/p>","protected":false},"excerpt":{"rendered":"<\/p>\n<p> Bes\u00e4umtechnik <a href=\"https:\/\/www.hit-maschinenbau.de\/saegetechnik\/besaeum-und-nachschnitttechnik\/besaeumtechnik\/asm200\">ASM 200<\/a> <a href=\"https:\/\/www.hit-maschinenbau.de\/saegetechnik\/besaeum-und-nachschnitttechnik\/besaeumtechnik\/asm300\">ASM 300<\/a> <\/p>\n<p>Unsere Bes\u00e4ums\u00e4gen liefern Ihnen, auf Grund der \u00e4u\u00dferst robusten Ausf\u00fchrung dauerhaft und zuverl\u00e4ssig optimale Schnittergebnisse bei Leistungen bis zu 30 Bretter \/ [&#8230;]<\/p>\n","protected":false},"author":4,"featured_media":0,"parent":82,"menu_order":51,"comment_status":"closed","ping_status":"closed","template":"","meta":{"ngg_post_thumbnail":0},"_links":{"self":[{"href":"https:\/\/hit-maschinenbau.de\/index.php\/wp-json\/wp\/v2\/pages\/236"}],"collection":[{"href":"https:\/\/hit-maschinenbau.de\/index.php\/wp-json\/wp\/v2\/pages"}],"about":[{"href":"https:\/\/hit-maschinenbau.de\/index.php\/wp-json\/wp\/v2\/types\/page"}],"author":[{"embeddable":true,"href":"https:\/\/hit-maschinenbau.de\/index.php\/wp-json\/wp\/v2\/users\/4"}],"replies":[{"embeddable":true,"href":"https:\/\/hit-maschinenbau.de\/index.php\/wp-json\/wp\/v2\/comments?post=236"}],"version-history":[{"count":39,"href":"https:\/\/hit-maschinenbau.de\/index.php\/wp-json\/wp\/v2\/pages\/236\/revisions"}],"predecessor-version":[{"id":4132,"href":"https:\/\/hit-maschinenbau.de\/index.php\/wp-json\/wp\/v2\/pages\/236\/revisions\/4132"}],"up":[{"embeddable":true,"href":"https:\/\/hit-maschinenbau.de\/index.php\/wp-json\/wp\/v2\/pages\/82"}],"wp:attachment":[{"href":"https:\/\/hit-maschinenbau.de\/index.php\/wp-json\/wp\/v2\/media?parent=236"}],"curies":[{"name":"wp","href":"https:\/\/api.w.org\/{rel}","templated":true}]}}