{"id":240,"date":"2013-03-21T11:03:35","date_gmt":"2013-03-21T09:03:35","guid":{"rendered":"http:\/\/www.hit-maschinenbau.de\/?page_id=240"},"modified":"2022-07-05T12:25:13","modified_gmt":"2022-07-05T10:25:13","slug":"wertholzeinschnitt","status":"publish","type":"page","link":"https:\/\/hit-maschinenbau.de\/index.php\/saegetechnik\/besaeum-und-nachschnitttechnik\/wertholzeinschnitt\/","title":{"rendered":"Wertholzeinschnitt"},"content":{"rendered":"<p><\/p>\n<h2>Wertholzeinschnitt<\/h2>\n<p>F\u00fcr den Einschnitt von besonders wertvollen Laub- oder Nadelh\u00f6lzern bieten wir eine Reihe von speziellen L\u00f6sungen, die darauf abzielen die Ausbeute beim Einschnitt noch weiter zu steigern. Dazu geh\u00f6ren Multisensortechniken und Mechanisierungen, die eine Begutachtung des Holzes von allen vier Seiten erm\u00f6glicht.<\/p>\n<p>&nbsp;<\/p>\n<p>Mit einem speziellen Kamerasystem, welches in Kooperation mit der Firma Bidac entwickelt wurde, sind wir in der Lage die Fl\u00e4chen des Holzes zu fotografieren und dieses Bild dem Bedienmann auf dem Monitor, zusammen mit dem Schnittbild aus dem Optimierungsergebnis der Konturvermessung, darzustellen.<\/p>\n<p>&nbsp;<br \/>\nDer Bedienmann kann jederzeit eingreifen, das Schnittbild auf dem dargestellten Bild sowie die Ausrichtachse anpassen und nach erfolgter Korrektur das Holz zum Einschnitt freigeben. Die Beurteilung erfolgt dabei an einer Pufferposition vor dem Ausrichttisch, so dass keine Stillstandszeiten entstehen.<\/p>\n<p><!-- default-view.php -->\n<div\n\tclass=\"ngg-galleryoverview default-view \"\n\tid=\"ngg-gallery-11f9a3427d43d3cb83f8214d442b8fc4-1\">\n\n\t\t<!-- Thumbnails -->\n\t\t\t\t<div id=\"ngg-image-0\" class=\"ngg-gallery-thumbnail-box \" >\n\t\t\t\t        <div class=\"ngg-gallery-thumbnail\">\n            <a href=\"https:\/\/hit-maschinenbau.de\/wp-content\/gallery\/1-2-4-wertholzeinschnitt\/bzb-ksm-qualitaetseinschnitt-mit-qsk-und-mechanisierung-101.jpg\"\n               title=\"\"\n               data-src=\"https:\/\/hit-maschinenbau.de\/wp-content\/gallery\/1-2-4-wertholzeinschnitt\/bzb-ksm-qualitaetseinschnitt-mit-qsk-und-mechanisierung-101.jpg\"\n               data-thumbnail=\"https:\/\/hit-maschinenbau.de\/wp-content\/gallery\/1-2-4-wertholzeinschnitt\/thumbs\/thumbs_bzb-ksm-qualitaetseinschnitt-mit-qsk-und-mechanisierung-101.jpg\"\n               data-image-id=\"76\"\n               data-title=\"bzb-ksm-qualitaetseinschnitt-mit-qsk-und-mechanisierung-101\"\n               data-description=\"\"\n               data-image-slug=\"bzb-ksm-qualitaetseinschnitt-mit-qsk-und-mechanisierung-101\"\n               class=\"ngg-simplelightbox\" rel=\"11f9a3427d43d3cb83f8214d442b8fc4\">\n                <img class=\"colorbox-240\" \n                    title=\"bzb-ksm-qualitaetseinschnitt-mit-qsk-und-mechanisierung-101\"\n                    alt=\"bzb-ksm-qualitaetseinschnitt-mit-qsk-und-mechanisierung-101\"\n                    src=\"https:\/\/hit-maschinenbau.de\/wp-content\/gallery\/1-2-4-wertholzeinschnitt\/thumbs\/thumbs_bzb-ksm-qualitaetseinschnitt-mit-qsk-und-mechanisierung-101.jpg\"\n                    width=\"210\"\n                    height=\"157\"\n                    style=\"max-width:100%;\"\n                \/>\n            <\/a>\n        <\/div>\n\t\t\t\t\t\t\t<\/div> \n\t\t\t\n\t\t\t\t<div id=\"ngg-image-1\" class=\"ngg-gallery-thumbnail-box \" >\n\t\t\t\t        <div class=\"ngg-gallery-thumbnail\">\n            <a href=\"https:\/\/hit-maschinenbau.de\/wp-content\/gallery\/1-2-4-wertholzeinschnitt\/bzb-ksm-qualitaetseinschnitt-mit-qsk-und-mechanisierung-34.jpg\"\n               title=\"\"\n               data-src=\"https:\/\/hit-maschinenbau.de\/wp-content\/gallery\/1-2-4-wertholzeinschnitt\/bzb-ksm-qualitaetseinschnitt-mit-qsk-und-mechanisierung-34.jpg\"\n               data-thumbnail=\"https:\/\/hit-maschinenbau.de\/wp-content\/gallery\/1-2-4-wertholzeinschnitt\/thumbs\/thumbs_bzb-ksm-qualitaetseinschnitt-mit-qsk-und-mechanisierung-34.jpg\"\n               data-image-id=\"82\"\n               data-title=\"bzb-ksm-qualitaetseinschnitt-mit-qsk-und-mechanisierung-34\"\n               data-description=\"\"\n               data-image-slug=\"bzb-ksm-qualitaetseinschnitt-mit-qsk-und-mechanisierung-34\"\n               class=\"ngg-simplelightbox\" rel=\"11f9a3427d43d3cb83f8214d442b8fc4\">\n                <img class=\"colorbox-240\" \n                    title=\"bzb-ksm-qualitaetseinschnitt-mit-qsk-und-mechanisierung-34\"\n                    alt=\"bzb-ksm-qualitaetseinschnitt-mit-qsk-und-mechanisierung-34\"\n                    src=\"https:\/\/hit-maschinenbau.de\/wp-content\/gallery\/1-2-4-wertholzeinschnitt\/thumbs\/thumbs_bzb-ksm-qualitaetseinschnitt-mit-qsk-und-mechanisierung-34.jpg\"\n                    width=\"210\"\n                    height=\"157\"\n                    style=\"max-width:100%;\"\n                \/>\n            <\/a>\n        <\/div>\n\t\t\t\t\t\t\t<\/div> \n\t\t\t\n\t\t\t\t<div id=\"ngg-image-2\" class=\"ngg-gallery-thumbnail-box \" >\n\t\t\t\t        <div class=\"ngg-gallery-thumbnail\">\n            <a href=\"https:\/\/hit-maschinenbau.de\/wp-content\/gallery\/1-2-4-wertholzeinschnitt\/bzb-ksm-qualitaetseinschnitt-mit-qsk-und-mechanisierung-62.jpg\"\n               title=\"\"\n               data-src=\"https:\/\/hit-maschinenbau.de\/wp-content\/gallery\/1-2-4-wertholzeinschnitt\/bzb-ksm-qualitaetseinschnitt-mit-qsk-und-mechanisierung-62.jpg\"\n               data-thumbnail=\"https:\/\/hit-maschinenbau.de\/wp-content\/gallery\/1-2-4-wertholzeinschnitt\/thumbs\/thumbs_bzb-ksm-qualitaetseinschnitt-mit-qsk-und-mechanisierung-62.jpg\"\n               data-image-id=\"88\"\n               data-title=\"bzb-ksm-qualitaetseinschnitt-mit-qsk-und-mechanisierung-62\"\n               data-description=\"\"\n               data-image-slug=\"bzb-ksm-qualitaetseinschnitt-mit-qsk-und-mechanisierung-62\"\n               class=\"ngg-simplelightbox\" rel=\"11f9a3427d43d3cb83f8214d442b8fc4\">\n                <img class=\"colorbox-240\" \n                    title=\"bzb-ksm-qualitaetseinschnitt-mit-qsk-und-mechanisierung-62\"\n                    alt=\"bzb-ksm-qualitaetseinschnitt-mit-qsk-und-mechanisierung-62\"\n                    src=\"https:\/\/hit-maschinenbau.de\/wp-content\/gallery\/1-2-4-wertholzeinschnitt\/thumbs\/thumbs_bzb-ksm-qualitaetseinschnitt-mit-qsk-und-mechanisierung-62.jpg\"\n                    width=\"210\"\n                    height=\"157\"\n                    style=\"max-width:100%;\"\n                \/>\n            <\/a>\n        <\/div>\n\t\t\t\t\t\t\t<\/div> \n\t\t\t\n\t\n\t<br style=\"clear: both\" \/>\n\n\t\n\t\t<!-- Pagination -->\n\t<div class='ngg-clear'><\/div>\t<\/div>\n<br \/>\n<\/p>","protected":false},"excerpt":{"rendered":"<\/p>\n<p> Wertholzeinschnitt <\/p>\n<p>F\u00fcr den Einschnitt von besonders wertvollen Laub- oder Nadelh\u00f6lzern bieten wir eine Reihe von speziellen L\u00f6sungen, die darauf abzielen die Ausbeute beim Einschnitt noch weiter zu steigern. Dazu [&#8230;]<\/p>\n","protected":false},"author":4,"featured_media":0,"parent":82,"menu_order":54,"comment_status":"closed","ping_status":"closed","template":"","meta":{"ngg_post_thumbnail":0},"_links":{"self":[{"href":"https:\/\/hit-maschinenbau.de\/index.php\/wp-json\/wp\/v2\/pages\/240"}],"collection":[{"href":"https:\/\/hit-maschinenbau.de\/index.php\/wp-json\/wp\/v2\/pages"}],"about":[{"href":"https:\/\/hit-maschinenbau.de\/index.php\/wp-json\/wp\/v2\/types\/page"}],"author":[{"embeddable":true,"href":"https:\/\/hit-maschinenbau.de\/index.php\/wp-json\/wp\/v2\/users\/4"}],"replies":[{"embeddable":true,"href":"https:\/\/hit-maschinenbau.de\/index.php\/wp-json\/wp\/v2\/comments?post=240"}],"version-history":[{"count":18,"href":"https:\/\/hit-maschinenbau.de\/index.php\/wp-json\/wp\/v2\/pages\/240\/revisions"}],"predecessor-version":[{"id":4135,"href":"https:\/\/hit-maschinenbau.de\/index.php\/wp-json\/wp\/v2\/pages\/240\/revisions\/4135"}],"up":[{"embeddable":true,"href":"https:\/\/hit-maschinenbau.de\/index.php\/wp-json\/wp\/v2\/pages\/82"}],"wp:attachment":[{"href":"https:\/\/hit-maschinenbau.de\/index.php\/wp-json\/wp\/v2\/media?parent=240"}],"curies":[{"name":"wp","href":"https:\/\/api.w.org\/{rel}","templated":true}]}}