{"id":242,"date":"2013-03-21T11:04:35","date_gmt":"2013-03-21T09:04:35","guid":{"rendered":"http:\/\/www.hit-maschinenbau.de\/?page_id=242"},"modified":"2015-04-29T10:09:04","modified_gmt":"2015-04-29T08:09:04","slug":"beurteilungsstationen","status":"publish","type":"page","link":"https:\/\/hit-maschinenbau.de\/index.php\/saegetechnik\/sortierlinien\/beurteilungsstationen\/","title":{"rendered":"Beurteilungsstationen"},"content":{"rendered":"<p><\/p>\n<h2>Beurteilungsstationen<\/h2>\n<p>Unsere Beurteilungsstationen zur Begutachtung von Schnittholz erm\u00f6glichen, je nach Ausf\u00fchrung, eine Betrachtung der Waldkante und Holzoberfl\u00e4che von allen 4 Seiten. Die Qualit\u00e4tssortierung kann dabei manuell durch einen oder mehrere Mitarbeiter, oder aber automatisiert durch Scanner erfolgen. Auch eine Kombination von manueller und automatischer Sortierung ist verf\u00fcgbar.<\/p>\n<p>&nbsp;<\/p>\n<p><strong>Die Zuordnung der Qualit\u00e4t zum jeweiligen Brett kann auf verschiedenste Weise erfolgen:<\/strong><\/p>\n<p>&nbsp;<\/p>\n<ul>\n<li>bei einer manuellen Sortierung durch Ziehen oder Schieben der Bretter und dem Auslesen der Brettposition \u00fcber Lichttaster oder auch \u00fcber das Bet\u00e4tigen von Tastern.<\/li>\n<li>die bereits an der Einschnittmaschine zugewiesene Qualit\u00e4t wird von der Steuerung \u00fcbernommen<\/li>\n<li>bei einer automatischen Qualit\u00e4tssortierung werden die vom Scanner ermittelten Daten virtuell mit dem jeweiligen Brett verkn\u00fcpft.<\/li>\n<\/ul>\n<p>Um Verreihungen von Brettern und daraus folgend falsche Qualit\u00e4tszuweisungen innerhalb der Sortierlinie zu verhindern, sehen wir in unseren Anlagen diverse Mechanismen zur Verreihungs- und Plausibilit\u00e4tskontrolle, wie z.B. eine eindeutige Markierung der Bretter vor.<\/p>\n<!-- default-view.php -->\n<div\n\tclass=\"ngg-galleryoverview default-view \"\n\tid=\"ngg-gallery-59d91aeae001613d3ab68a19543420b3-1\">\n\n\t\t<!-- Thumbnails -->\n\t\t\t\t<div id=\"ngg-image-0\" class=\"ngg-gallery-thumbnail-box \" >\n\t\t\t\t        <div class=\"ngg-gallery-thumbnail\">\n            <a href=\"https:\/\/hit-maschinenbau.de\/wp-content\/gallery\/1-3-1-beurteilungsstationen\/hobellinie-kel-51.jpg\"\n               title=\"\"\n               data-src=\"https:\/\/hit-maschinenbau.de\/wp-content\/gallery\/1-3-1-beurteilungsstationen\/hobellinie-kel-51.jpg\"\n               data-thumbnail=\"https:\/\/hit-maschinenbau.de\/wp-content\/gallery\/1-3-1-beurteilungsstationen\/thumbs\/thumbs_hobellinie-kel-51.jpg\"\n               data-image-id=\"99\"\n               data-title=\"hobellinie-kel-51\"\n               data-description=\"\"\n               data-image-slug=\"hobellinie-kel-51\"\n               class=\"ngg-simplelightbox\" rel=\"59d91aeae001613d3ab68a19543420b3\">\n                <img class=\"colorbox-242\" \n                    title=\"hobellinie-kel-51\"\n                    alt=\"hobellinie-kel-51\"\n                    src=\"https:\/\/hit-maschinenbau.de\/wp-content\/gallery\/1-3-1-beurteilungsstationen\/thumbs\/thumbs_hobellinie-kel-51.jpg\"\n                    width=\"210\"\n                    height=\"157\"\n                    style=\"max-width:100%;\"\n                \/>\n            <\/a>\n        <\/div>\n\t\t\t\t\t\t\t<\/div> \n\t\t\t\n\t\t\t\t<div id=\"ngg-image-1\" class=\"ngg-gallery-thumbnail-box \" >\n\t\t\t\t        <div class=\"ngg-gallery-thumbnail\">\n            <a href=\"https:\/\/hit-maschinenbau.de\/wp-content\/gallery\/1-3-1-beurteilungsstationen\/prg-bsk-und-stm-4.jpg\"\n               title=\"\"\n               data-src=\"https:\/\/hit-maschinenbau.de\/wp-content\/gallery\/1-3-1-beurteilungsstationen\/prg-bsk-und-stm-4.jpg\"\n               data-thumbnail=\"https:\/\/hit-maschinenbau.de\/wp-content\/gallery\/1-3-1-beurteilungsstationen\/thumbs\/thumbs_prg-bsk-und-stm-4.jpg\"\n               data-image-id=\"103\"\n               data-title=\"prg-bsk-und-stm-4\"\n               data-description=\"\"\n               data-image-slug=\"prg-bsk-und-stm-4\"\n               class=\"ngg-simplelightbox\" rel=\"59d91aeae001613d3ab68a19543420b3\">\n                <img class=\"colorbox-242\" \n                    title=\"prg-bsk-und-stm-4\"\n                    alt=\"prg-bsk-und-stm-4\"\n                    src=\"https:\/\/hit-maschinenbau.de\/wp-content\/gallery\/1-3-1-beurteilungsstationen\/thumbs\/thumbs_prg-bsk-und-stm-4.jpg\"\n                    width=\"210\"\n                    height=\"157\"\n                    style=\"max-width:100%;\"\n                \/>\n            <\/a>\n        <\/div>\n\t\t\t\t\t\t\t<\/div> \n\t\t\t\n\t\t\t\t<div id=\"ngg-image-2\" class=\"ngg-gallery-thumbnail-box \" >\n\t\t\t\t        <div class=\"ngg-gallery-thumbnail\">\n            <a href=\"https:\/\/hit-maschinenbau.de\/wp-content\/gallery\/1-3-1-beurteilungsstationen\/vst-beurteilung-in-der-halle-20.jpg\"\n               title=\"\"\n               data-src=\"https:\/\/hit-maschinenbau.de\/wp-content\/gallery\/1-3-1-beurteilungsstationen\/vst-beurteilung-in-der-halle-20.jpg\"\n               data-thumbnail=\"https:\/\/hit-maschinenbau.de\/wp-content\/gallery\/1-3-1-beurteilungsstationen\/thumbs\/thumbs_vst-beurteilung-in-der-halle-20.jpg\"\n               data-image-id=\"106\"\n               data-title=\"vst-beurteilung-in-der-halle-20\"\n               data-description=\"\"\n               data-image-slug=\"vst-beurteilung-in-der-halle-20\"\n               class=\"ngg-simplelightbox\" rel=\"59d91aeae001613d3ab68a19543420b3\">\n                <img class=\"colorbox-242\" \n                    title=\"vst-beurteilung-in-der-halle-20\"\n                    alt=\"vst-beurteilung-in-der-halle-20\"\n                    src=\"https:\/\/hit-maschinenbau.de\/wp-content\/gallery\/1-3-1-beurteilungsstationen\/thumbs\/thumbs_vst-beurteilung-in-der-halle-20.jpg\"\n                    width=\"210\"\n                    height=\"157\"\n                    style=\"max-width:100%;\"\n                \/>\n            <\/a>\n        <\/div>\n\t\t\t\t\t\t\t<\/div> \n\t\t\t\n\t\n\t<br style=\"clear: both\" \/>\n\n\t\n\t\t<!-- Pagination -->\n\t<div class='ngg-clear'><\/div>\t<\/div>\n\n<p>  <\/p>","protected":false},"excerpt":{"rendered":"<\/p>\n<p> Beurteilungsstationen <\/p>\n<p>Unsere Beurteilungsstationen zur Begutachtung von Schnittholz erm\u00f6glichen, je nach Ausf\u00fchrung, eine Betrachtung der Waldkante und Holzoberfl\u00e4che von allen 4 Seiten. Die Qualit\u00e4tssortierung kann dabei manuell durch einen oder [&#8230;]<\/p>\n","protected":false},"author":4,"featured_media":0,"parent":83,"menu_order":58,"comment_status":"closed","ping_status":"closed","template":"","meta":{"ngg_post_thumbnail":0},"_links":{"self":[{"href":"https:\/\/hit-maschinenbau.de\/index.php\/wp-json\/wp\/v2\/pages\/242"}],"collection":[{"href":"https:\/\/hit-maschinenbau.de\/index.php\/wp-json\/wp\/v2\/pages"}],"about":[{"href":"https:\/\/hit-maschinenbau.de\/index.php\/wp-json\/wp\/v2\/types\/page"}],"author":[{"embeddable":true,"href":"https:\/\/hit-maschinenbau.de\/index.php\/wp-json\/wp\/v2\/users\/4"}],"replies":[{"embeddable":true,"href":"https:\/\/hit-maschinenbau.de\/index.php\/wp-json\/wp\/v2\/comments?post=242"}],"version-history":[{"count":11,"href":"https:\/\/hit-maschinenbau.de\/index.php\/wp-json\/wp\/v2\/pages\/242\/revisions"}],"predecessor-version":[{"id":3209,"href":"https:\/\/hit-maschinenbau.de\/index.php\/wp-json\/wp\/v2\/pages\/242\/revisions\/3209"}],"up":[{"embeddable":true,"href":"https:\/\/hit-maschinenbau.de\/index.php\/wp-json\/wp\/v2\/pages\/83"}],"wp:attachment":[{"href":"https:\/\/hit-maschinenbau.de\/index.php\/wp-json\/wp\/v2\/media?parent=242"}],"curies":[{"name":"wp","href":"https:\/\/api.w.org\/{rel}","templated":true}]}}