{"id":244,"date":"2013-03-21T11:04:56","date_gmt":"2013-03-21T09:04:56","guid":{"rendered":"http:\/\/www.hit-maschinenbau.de\/?page_id=244"},"modified":"2015-04-29T10:17:56","modified_gmt":"2015-04-29T08:17:56","slug":"boxensortierungen","status":"publish","type":"page","link":"https:\/\/hit-maschinenbau.de\/index.php\/saegetechnik\/sortierlinien\/boxensortierungen\/","title":{"rendered":"Boxensortierungen"},"content":{"rendered":"<p><\/p>\n<h2>Boxensortierungen<\/h2>\n<p>Boxensortierungen bestehen aus mehreren hintereinander angeordneten Sortierboxen. Oberhalb der Boxen wird das Holz entweder \u00fcber an den Boxenklappen laufenden Querf\u00f6rderketten, oder mit einem oberhalb der Boxenklappen laufenden Schleppf\u00f6rderer transportiert.<\/p>\n<p>&nbsp;<\/p>\n<p>Das Schnittholz wird, klassifiziert nach Dimension und Qualit\u00e4t sortenrein oder gemischt in die jeweilige Box \u00fcber \u00d6ffnen der Boxenklappe einsortiert.<br \/>\nDer maximale Boxeninhalt ist idealerweise so gro\u00df, dass eine volle Box die Menge an Schnittholz enth\u00e4lt, die zur Bildung eines kompletten Paketes ben\u00f6tigt wird.<\/p>\n<p>&nbsp;<\/p>\n<p><strong>Zu unserem Lieferumfang geh\u00f6ren:<\/strong><\/p>\n<p>&nbsp;<\/p>\n<ul>\n<li>Sortierung mit schr\u00e4gen oder geraden Boxen, starren Boxenb\u00f6den und obenliegendem Schleppf\u00f6rderer<\/li>\n<li>Sortierung mit schr\u00e4gen oder geraden Boxen, starren Boxenb\u00f6den und angetriebenen Sortierklappen<\/li>\n<li>Sortierung mit schr\u00e4gen oder geraden Boxen, heb- senkbaren Boxenb\u00f6den und obenliegendem Schleppf\u00f6rderer<\/li>\n<li>Sortierung mit schr\u00e4gen oder geraden Boxen, heb- senkbaren Boxenb\u00f6den und angetriebenen Sortierklappen<\/li>\n<\/ul>\n<!-- default-view.php -->\n<div\n\tclass=\"ngg-galleryoverview default-view \"\n\tid=\"ngg-gallery-27a25a6db21176472d4c515d0e1de201-1\">\n\n\t\t<!-- Thumbnails -->\n\t\t\t\t<div id=\"ngg-image-0\" class=\"ngg-gallery-thumbnail-box \" >\n\t\t\t\t        <div class=\"ngg-gallery-thumbnail\">\n            <a href=\"https:\/\/hit-maschinenbau.de\/wp-content\/gallery\/1-3-3-boxensortierungen\/balk-qsk-mit-mechanisierung-1.jpg\"\n               title=\"\"\n               data-src=\"https:\/\/hit-maschinenbau.de\/wp-content\/gallery\/1-3-3-boxensortierungen\/balk-qsk-mit-mechanisierung-1.jpg\"\n               data-thumbnail=\"https:\/\/hit-maschinenbau.de\/wp-content\/gallery\/1-3-3-boxensortierungen\/thumbs\/thumbs_balk-qsk-mit-mechanisierung-1.jpg\"\n               data-image-id=\"108\"\n               data-title=\"balk-qsk-mit-mechanisierung-1\"\n               data-description=\"\"\n               data-image-slug=\"balk-qsk-mit-mechanisierung-1\"\n               class=\"ngg-simplelightbox\" rel=\"27a25a6db21176472d4c515d0e1de201\">\n                <img class=\"colorbox-244\" \n                    title=\"balk-qsk-mit-mechanisierung-1\"\n                    alt=\"balk-qsk-mit-mechanisierung-1\"\n                    src=\"https:\/\/hit-maschinenbau.de\/wp-content\/gallery\/1-3-3-boxensortierungen\/thumbs\/thumbs_balk-qsk-mit-mechanisierung-1.jpg\"\n                    width=\"210\"\n                    height=\"157\"\n                    style=\"max-width:100%;\"\n                \/>\n            <\/a>\n        <\/div>\n\t\t\t\t\t\t\t<\/div> \n\t\t\t\n\t\t\t\t<div id=\"ngg-image-1\" class=\"ngg-gallery-thumbnail-box \" >\n\t\t\t\t        <div class=\"ngg-gallery-thumbnail\">\n            <a href=\"https:\/\/hit-maschinenbau.de\/wp-content\/gallery\/1-3-3-boxensortierungen\/bnn-quersortierung-qsk-4.jpg\"\n               title=\"\"\n               data-src=\"https:\/\/hit-maschinenbau.de\/wp-content\/gallery\/1-3-3-boxensortierungen\/bnn-quersortierung-qsk-4.jpg\"\n               data-thumbnail=\"https:\/\/hit-maschinenbau.de\/wp-content\/gallery\/1-3-3-boxensortierungen\/thumbs\/thumbs_bnn-quersortierung-qsk-4.jpg\"\n               data-image-id=\"113\"\n               data-title=\"bnn-quersortierung-qsk-4\"\n               data-description=\"\"\n               data-image-slug=\"bnn-quersortierung-qsk-4\"\n               class=\"ngg-simplelightbox\" rel=\"27a25a6db21176472d4c515d0e1de201\">\n                <img class=\"colorbox-244\" \n                    title=\"bnn-quersortierung-qsk-4\"\n                    alt=\"bnn-quersortierung-qsk-4\"\n                    src=\"https:\/\/hit-maschinenbau.de\/wp-content\/gallery\/1-3-3-boxensortierungen\/thumbs\/thumbs_bnn-quersortierung-qsk-4.jpg\"\n                    width=\"210\"\n                    height=\"157\"\n                    style=\"max-width:100%;\"\n                \/>\n            <\/a>\n        <\/div>\n\t\t\t\t\t\t\t<\/div> \n\t\t\t\n\t\t\t\t<div id=\"ngg-image-2\" class=\"ngg-gallery-thumbnail-box \" >\n\t\t\t\t        <div class=\"ngg-gallery-thumbnail\">\n            <a href=\"https:\/\/hit-maschinenbau.de\/wp-content\/gallery\/1-3-3-boxensortierungen\/hosenfeld-11.jpg\"\n               title=\"\"\n               data-src=\"https:\/\/hit-maschinenbau.de\/wp-content\/gallery\/1-3-3-boxensortierungen\/hosenfeld-11.jpg\"\n               data-thumbnail=\"https:\/\/hit-maschinenbau.de\/wp-content\/gallery\/1-3-3-boxensortierungen\/thumbs\/thumbs_hosenfeld-11.jpg\"\n               data-image-id=\"118\"\n               data-title=\"hosenfeld-11\"\n               data-description=\"\"\n               data-image-slug=\"hosenfeld-11\"\n               class=\"ngg-simplelightbox\" rel=\"27a25a6db21176472d4c515d0e1de201\">\n                <img class=\"colorbox-244\" \n                    title=\"hosenfeld-11\"\n                    alt=\"hosenfeld-11\"\n                    src=\"https:\/\/hit-maschinenbau.de\/wp-content\/gallery\/1-3-3-boxensortierungen\/thumbs\/thumbs_hosenfeld-11.jpg\"\n                    width=\"210\"\n                    height=\"157\"\n                    style=\"max-width:100%;\"\n                \/>\n            <\/a>\n        <\/div>\n\t\t\t\t\t\t\t<\/div> \n\t\t\t\n\t\n\t<br style=\"clear: both\" \/>\n\n\t\n\t\t<!-- Pagination -->\n\t<div class='ngg-clear'><\/div>\t<\/div>\n\n<p>  <\/p>","protected":false},"excerpt":{"rendered":"<\/p>\n<p> Boxensortierungen <\/p>\n<p>Boxensortierungen bestehen aus mehreren hintereinander angeordneten Sortierboxen. Oberhalb der Boxen wird das Holz entweder \u00fcber an den Boxenklappen laufenden Querf\u00f6rderketten, oder mit einem oberhalb der Boxenklappen laufenden Schleppf\u00f6rderer [&#8230;]<\/p>\n","protected":false},"author":4,"featured_media":0,"parent":83,"menu_order":60,"comment_status":"closed","ping_status":"closed","template":"","meta":{"ngg_post_thumbnail":0},"_links":{"self":[{"href":"https:\/\/hit-maschinenbau.de\/index.php\/wp-json\/wp\/v2\/pages\/244"}],"collection":[{"href":"https:\/\/hit-maschinenbau.de\/index.php\/wp-json\/wp\/v2\/pages"}],"about":[{"href":"https:\/\/hit-maschinenbau.de\/index.php\/wp-json\/wp\/v2\/types\/page"}],"author":[{"embeddable":true,"href":"https:\/\/hit-maschinenbau.de\/index.php\/wp-json\/wp\/v2\/users\/4"}],"replies":[{"embeddable":true,"href":"https:\/\/hit-maschinenbau.de\/index.php\/wp-json\/wp\/v2\/comments?post=244"}],"version-history":[{"count":16,"href":"https:\/\/hit-maschinenbau.de\/index.php\/wp-json\/wp\/v2\/pages\/244\/revisions"}],"predecessor-version":[{"id":3211,"href":"https:\/\/hit-maschinenbau.de\/index.php\/wp-json\/wp\/v2\/pages\/244\/revisions\/3211"}],"up":[{"embeddable":true,"href":"https:\/\/hit-maschinenbau.de\/index.php\/wp-json\/wp\/v2\/pages\/83"}],"wp:attachment":[{"href":"https:\/\/hit-maschinenbau.de\/index.php\/wp-json\/wp\/v2\/media?parent=244"}],"curies":[{"name":"wp","href":"https:\/\/api.w.org\/{rel}","templated":true}]}}