{"id":246,"date":"2013-03-21T11:05:38","date_gmt":"2013-03-21T09:05:38","guid":{"rendered":"http:\/\/www.hit-maschinenbau.de\/?page_id=246"},"modified":"2015-04-29T10:21:40","modified_gmt":"2015-04-29T08:21:40","slug":"etagensortierungen","status":"publish","type":"page","link":"https:\/\/hit-maschinenbau.de\/index.php\/saegetechnik\/sortierlinien\/etagensortierungen\/","title":{"rendered":"Etagensortierungen"},"content":{"rendered":"<p><\/p>\n<h2>Etagensortierungen<\/h2>\n<p>Etagensortierungen bestehen aus mehreren \u00fcbereinander angeordneten Sortieretagen, in welche das Schnittholz, klassifiziert nach Dimension und Qualit\u00e4t sortenrein oder gemischt in die jeweilige Etage \u00fcber \u00d6ffnen der Boxenklappe einsortiert wird. Die Zuf\u00fchrung des Holzes zur Etage erfolgt durch einen ansteigenden oder abfallenden Schleppf\u00f6rderer.<\/p>\n<p>&nbsp;<\/p>\n<p>Der maximale Etageninhalt ist idealerweise so gro\u00df, dass eine volle Etage die Menge an Schnittholz enth\u00e4lt, die zur Bildung eines kompletten Paketes ben\u00f6tigt wird. Filmetagen, in denen die einzelnen H\u00f6lzer in einer Lage hintereinander liegen, ben\u00f6tigen auf Grund der notwendigen Etagenl\u00e4nge einen dementsprechend gro\u00dfen Platzbedarf.<\/p>\n<p>&nbsp;<\/p>\n<p><strong>Zu unserem Lieferumfang geh\u00f6ren:<\/strong><\/p>\n<p>&nbsp;<\/p>\n<ul>\n<li>Sch\u00fcttetagensortierung<\/li>\n<li>Filmetagensortierung<\/li>\n<li>Kombinierte Sch\u00fctt- und Filmetagen<\/li>\n<\/ul>\n<!-- default-view.php -->\n<div\n\tclass=\"ngg-galleryoverview default-view \"\n\tid=\"ngg-gallery-d05d5ae1a9f34d8795e1a3744bad52ce-1\">\n\n\t\t<!-- Thumbnails -->\n\t\t\t\t<div id=\"ngg-image-0\" class=\"ngg-gallery-thumbnail-box \" >\n\t\t\t\t        <div class=\"ngg-gallery-thumbnail\">\n            <a href=\"https:\/\/hit-maschinenbau.de\/wp-content\/gallery\/1-3-4-etagensortierungen\/etagensortierung-und-stapelung-adm-10.jpg\"\n               title=\"\"\n               data-src=\"https:\/\/hit-maschinenbau.de\/wp-content\/gallery\/1-3-4-etagensortierungen\/etagensortierung-und-stapelung-adm-10.jpg\"\n               data-thumbnail=\"https:\/\/hit-maschinenbau.de\/wp-content\/gallery\/1-3-4-etagensortierungen\/thumbs\/thumbs_etagensortierung-und-stapelung-adm-10.jpg\"\n               data-image-id=\"127\"\n               data-title=\"etagensortierung-und-stapelung-adm-10\"\n               data-description=\"\"\n               data-image-slug=\"etagensortierung-und-stapelung-adm-10\"\n               class=\"ngg-simplelightbox\" rel=\"d05d5ae1a9f34d8795e1a3744bad52ce\">\n                <img class=\"colorbox-246\" \n                    title=\"etagensortierung-und-stapelung-adm-10\"\n                    alt=\"etagensortierung-und-stapelung-adm-10\"\n                    src=\"https:\/\/hit-maschinenbau.de\/wp-content\/gallery\/1-3-4-etagensortierungen\/thumbs\/thumbs_etagensortierung-und-stapelung-adm-10.jpg\"\n                    width=\"210\"\n                    height=\"157\"\n                    style=\"max-width:100%;\"\n                \/>\n            <\/a>\n        <\/div>\n\t\t\t\t\t\t\t<\/div> \n\t\t\t\n\t\t\t\t<div id=\"ngg-image-1\" class=\"ngg-gallery-thumbnail-box \" >\n\t\t\t\t        <div class=\"ngg-gallery-thumbnail\">\n            <a href=\"https:\/\/hit-maschinenbau.de\/wp-content\/gallery\/1-3-4-etagensortierungen\/hobellinie-kel-63.jpg\"\n               title=\"\"\n               data-src=\"https:\/\/hit-maschinenbau.de\/wp-content\/gallery\/1-3-4-etagensortierungen\/hobellinie-kel-63.jpg\"\n               data-thumbnail=\"https:\/\/hit-maschinenbau.de\/wp-content\/gallery\/1-3-4-etagensortierungen\/thumbs\/thumbs_hobellinie-kel-63.jpg\"\n               data-image-id=\"129\"\n               data-title=\"hobellinie-kel-63\"\n               data-description=\"\"\n               data-image-slug=\"hobellinie-kel-63\"\n               class=\"ngg-simplelightbox\" rel=\"d05d5ae1a9f34d8795e1a3744bad52ce\">\n                <img class=\"colorbox-246\" \n                    title=\"hobellinie-kel-63\"\n                    alt=\"hobellinie-kel-63\"\n                    src=\"https:\/\/hit-maschinenbau.de\/wp-content\/gallery\/1-3-4-etagensortierungen\/thumbs\/thumbs_hobellinie-kel-63.jpg\"\n                    width=\"210\"\n                    height=\"157\"\n                    style=\"max-width:100%;\"\n                \/>\n            <\/a>\n        <\/div>\n\t\t\t\t\t\t\t<\/div> \n\t\t\t\n\t\t\t\t<div id=\"ngg-image-2\" class=\"ngg-gallery-thumbnail-box \" >\n\t\t\t\t        <div class=\"ngg-gallery-thumbnail\">\n            <a href=\"https:\/\/hit-maschinenbau.de\/wp-content\/gallery\/1-3-4-etagensortierungen\/etagensortierung-und-stapelung-adm-6.jpg\"\n               title=\"\"\n               data-src=\"https:\/\/hit-maschinenbau.de\/wp-content\/gallery\/1-3-4-etagensortierungen\/etagensortierung-und-stapelung-adm-6.jpg\"\n               data-thumbnail=\"https:\/\/hit-maschinenbau.de\/wp-content\/gallery\/1-3-4-etagensortierungen\/thumbs\/thumbs_etagensortierung-und-stapelung-adm-6.jpg\"\n               data-image-id=\"128\"\n               data-title=\"etagensortierung-und-stapelung-adm-6\"\n               data-description=\"\"\n               data-image-slug=\"etagensortierung-und-stapelung-adm-6\"\n               class=\"ngg-simplelightbox\" rel=\"d05d5ae1a9f34d8795e1a3744bad52ce\">\n                <img class=\"colorbox-246\" \n                    title=\"etagensortierung-und-stapelung-adm-6\"\n                    alt=\"etagensortierung-und-stapelung-adm-6\"\n                    src=\"https:\/\/hit-maschinenbau.de\/wp-content\/gallery\/1-3-4-etagensortierungen\/thumbs\/thumbs_etagensortierung-und-stapelung-adm-6.jpg\"\n                    width=\"210\"\n                    height=\"98\"\n                    style=\"max-width:100%;\"\n                \/>\n            <\/a>\n        <\/div>\n\t\t\t\t\t\t\t<\/div> \n\t\t\t\n\t\n\t<br style=\"clear: both\" \/>\n\n\t\n\t\t<!-- Pagination -->\n\t<div class='ngg-clear'><\/div>\t<\/div>\n\n<p>  <\/p>","protected":false},"excerpt":{"rendered":"<\/p>\n<p> Etagensortierungen <\/p>\n<p>Etagensortierungen bestehen aus mehreren \u00fcbereinander angeordneten Sortieretagen, in welche das Schnittholz, klassifiziert nach Dimension und Qualit\u00e4t sortenrein oder gemischt in die jeweilige Etage \u00fcber \u00d6ffnen der Boxenklappe einsortiert [&#8230;]<\/p>\n","protected":false},"author":4,"featured_media":0,"parent":83,"menu_order":61,"comment_status":"closed","ping_status":"closed","template":"","meta":{"ngg_post_thumbnail":0},"_links":{"self":[{"href":"https:\/\/hit-maschinenbau.de\/index.php\/wp-json\/wp\/v2\/pages\/246"}],"collection":[{"href":"https:\/\/hit-maschinenbau.de\/index.php\/wp-json\/wp\/v2\/pages"}],"about":[{"href":"https:\/\/hit-maschinenbau.de\/index.php\/wp-json\/wp\/v2\/types\/page"}],"author":[{"embeddable":true,"href":"https:\/\/hit-maschinenbau.de\/index.php\/wp-json\/wp\/v2\/users\/4"}],"replies":[{"embeddable":true,"href":"https:\/\/hit-maschinenbau.de\/index.php\/wp-json\/wp\/v2\/comments?post=246"}],"version-history":[{"count":15,"href":"https:\/\/hit-maschinenbau.de\/index.php\/wp-json\/wp\/v2\/pages\/246\/revisions"}],"predecessor-version":[{"id":3214,"href":"https:\/\/hit-maschinenbau.de\/index.php\/wp-json\/wp\/v2\/pages\/246\/revisions\/3214"}],"up":[{"embeddable":true,"href":"https:\/\/hit-maschinenbau.de\/index.php\/wp-json\/wp\/v2\/pages\/83"}],"wp:attachment":[{"href":"https:\/\/hit-maschinenbau.de\/index.php\/wp-json\/wp\/v2\/media?parent=246"}],"curies":[{"name":"wp","href":"https:\/\/api.w.org\/{rel}","templated":true}]}}