{"id":248,"date":"2013-03-21T11:06:04","date_gmt":"2013-03-21T09:06:04","guid":{"rendered":"http:\/\/www.hit-maschinenbau.de\/?page_id=248"},"modified":"2015-04-29T10:29:15","modified_gmt":"2015-04-29T08:29:15","slug":"festigkeitssortierungen","status":"publish","type":"page","link":"https:\/\/hit-maschinenbau.de\/index.php\/saegetechnik\/sortierlinien\/festigkeitssortierungen\/","title":{"rendered":"Festigkeitssortierungen"},"content":{"rendered":"<p><\/p>\n<h2>Maschinelle Festigkeitssortierungen<\/h2>\n<p>Die maschinelle Festigkeitssortierung gewinnt, nicht zuletzt durch die CE-Zertifizierung nach DIN 14081 auch im S\u00e4gewerk zunehmend an Bedeutung.<\/p>\n<p>&nbsp;<\/p>\n<p>Bisher waren Systeme zur maschinellen Festigkeitssortierung in der Anschaffung jedoch \u00e4u\u00dferst kostenintensiv und somit f\u00fcr kleine und mittelst\u00e4ndische Unternehmen kaum leistbar.<\/p>\n<p>&nbsp;<\/p>\n<p>Aus diesem Grund haben wir, in Kooperation mit der Firma Brookhuis das kosteng\u00fcnstige System <strong>\u201emtgBATCH\u201c<\/strong> zur maschinellen Festigkeitssortierung entwickelt.<\/p>\n<p>&nbsp;<\/p>\n<p><strong>Vorteile der maschinellen Festigkeitssortierung sind:<\/strong><\/p>\n<p>&nbsp;<\/p>\n<ul>\n<li>reproduzierbare Sortierergebnisse und konstante Sortierung, unabh\u00e4ngig von der subjektiven Leistung des Sortierpersonals<\/li>\n<li>Ausbeuteerh\u00f6hung insbesondere in h\u00f6heren Festigkeitsklassen<\/li>\n<li>l\u00fcckenlose Dokumentation der Sortierergebnisse als Basis f\u00fcr die nach DIN 14081 erforderliche werkseigene Produktionskontrolle zur Erlangung der CE-Zertifizierung<\/li>\n<li>die Sortierergebnisse werden in einer Datenbank gespeichert und jedem sp\u00e4ter gebildeten Paket eindeutig zugeordnet<\/li>\n<li>die Kennzeichnung des einzelnen Brettes kann mittels Drucker oder Etikett automatisch erfolgen<\/li>\n<\/ul>\n<p>&nbsp;<\/p>\n<p><strong>Unser System:<\/strong><\/p>\n<p>&nbsp;<\/p>\n<ul>\n<li>ist die derzeit g\u00fcnstigste am Markt erh\u00e4ltliche und durch die MPA Stuttgart zugelassene maschinelle Festigkeitssortierung<\/li>\n<li>liefert mit die besten Ausbeuten an h\u00f6heren Festigkeitsklassen unter den zugelassenen maschinellen Sortiersystemen<\/li>\n<li>kann ohne gr\u00f6\u00dferen Aufwand in bestehende Anlagentechnik integriert werden<\/li>\n<\/ul>\n<p>&nbsp;<\/p>\n<p><strong>Das System \u201emtgBATCH\u201c kann, je nach Anforderung, modular aufgebaut und erweitert werden:<\/strong><\/p>\n<p>&nbsp;<\/p>\n<ol>\n<li><strong>Ausf\u00fchrung als Einzelger\u00e4t<\/strong><br \/>\nDie Integration als Einzelger\u00e4t bietet die Vorteile einer reinen maschinellen Festigkeitssortierung.<\/li>\n<li><strong>Ausf\u00fchrung mit integrierter Waage<\/strong><br \/>\nDie Ausbeute von h\u00f6heren Festigkeitsklassen wird durch die zus\u00e4tzliche Ermittlung der Rohdichte gesteigert. Aus dem Gewicht und der Dimension wird die Rohdichte berechnet.<\/li>\n<li><strong>Ausf\u00fchrung mit integrierter Waage und MPA anerkannte Feuchtemessung FMI<\/strong><br \/>\nDurch die zus\u00e4tzliche Integration der Feuchtemessung (System FMI) kann die Ausbeute weiter gesteigert werden, des Weiteren ist der Einsatz vor dem Verkleben (Keilzinken wie auch Fl\u00e4chenleimen) von der MPA zugelassen.<\/li>\n<\/ol>\n<p>Selbstverst\u00e4ndlich integrieren wir bei Bedarf auch Messtechnik von Drittanbietern in unserer Anlagentechnik.<\/p>\n<!-- default-view.php -->\n<div\n\tclass=\"ngg-galleryoverview default-view \"\n\tid=\"ngg-gallery-b335e8ece261ef104b07ac20ba860140-1\">\n\n\t\t<!-- Thumbnails -->\n\t\t\t\t<div id=\"ngg-image-0\" class=\"ngg-gallery-thumbnail-box \" >\n\t\t\t\t        <div class=\"ngg-gallery-thumbnail\">\n            <a href=\"https:\/\/hit-maschinenbau.de\/wp-content\/gallery\/1-3-5-festigkeitssortierungen\/mtgbatch-wmp-12.jpg\"\n               title=\"\"\n               data-src=\"https:\/\/hit-maschinenbau.de\/wp-content\/gallery\/1-3-5-festigkeitssortierungen\/mtgbatch-wmp-12.jpg\"\n               data-thumbnail=\"https:\/\/hit-maschinenbau.de\/wp-content\/gallery\/1-3-5-festigkeitssortierungen\/thumbs\/thumbs_mtgbatch-wmp-12.jpg\"\n               data-image-id=\"130\"\n               data-title=\"mtgbatch-wmp-12\"\n               data-description=\"\"\n               data-image-slug=\"mtgbatch-wmp-12\"\n               class=\"ngg-simplelightbox\" rel=\"b335e8ece261ef104b07ac20ba860140\">\n                <img class=\"colorbox-248\" \n                    title=\"mtgbatch-wmp-12\"\n                    alt=\"mtgbatch-wmp-12\"\n                    src=\"https:\/\/hit-maschinenbau.de\/wp-content\/gallery\/1-3-5-festigkeitssortierungen\/thumbs\/thumbs_mtgbatch-wmp-12.jpg\"\n                    width=\"210\"\n                    height=\"280\"\n                    style=\"max-width:100%;\"\n                \/>\n            <\/a>\n        <\/div>\n\t\t\t\t\t\t\t<\/div> \n\t\t\t\n\t\t\t\t<div id=\"ngg-image-1\" class=\"ngg-gallery-thumbnail-box \" >\n\t\t\t\t        <div class=\"ngg-gallery-thumbnail\">\n            <a href=\"https:\/\/hit-maschinenbau.de\/wp-content\/gallery\/1-3-5-festigkeitssortierungen\/mtgbatch-wmp-13.jpg\"\n               title=\"\"\n               data-src=\"https:\/\/hit-maschinenbau.de\/wp-content\/gallery\/1-3-5-festigkeitssortierungen\/mtgbatch-wmp-13.jpg\"\n               data-thumbnail=\"https:\/\/hit-maschinenbau.de\/wp-content\/gallery\/1-3-5-festigkeitssortierungen\/thumbs\/thumbs_mtgbatch-wmp-13.jpg\"\n               data-image-id=\"131\"\n               data-title=\"mtgbatch-wmp-13\"\n               data-description=\"\"\n               data-image-slug=\"mtgbatch-wmp-13\"\n               class=\"ngg-simplelightbox\" rel=\"b335e8ece261ef104b07ac20ba860140\">\n                <img class=\"colorbox-248\" \n                    title=\"mtgbatch-wmp-13\"\n                    alt=\"mtgbatch-wmp-13\"\n                    src=\"https:\/\/hit-maschinenbau.de\/wp-content\/gallery\/1-3-5-festigkeitssortierungen\/thumbs\/thumbs_mtgbatch-wmp-13.jpg\"\n                    width=\"210\"\n                    height=\"157\"\n                    style=\"max-width:100%;\"\n                \/>\n            <\/a>\n        <\/div>\n\t\t\t\t\t\t\t<\/div> \n\t\t\t\n\t\t\t\t<div id=\"ngg-image-2\" class=\"ngg-gallery-thumbnail-box \" >\n\t\t\t\t        <div class=\"ngg-gallery-thumbnail\">\n            <a href=\"https:\/\/hit-maschinenbau.de\/wp-content\/gallery\/1-3-5-festigkeitssortierungen\/mtgbatch-wmp-15.jpg\"\n               title=\"\"\n               data-src=\"https:\/\/hit-maschinenbau.de\/wp-content\/gallery\/1-3-5-festigkeitssortierungen\/mtgbatch-wmp-15.jpg\"\n               data-thumbnail=\"https:\/\/hit-maschinenbau.de\/wp-content\/gallery\/1-3-5-festigkeitssortierungen\/thumbs\/thumbs_mtgbatch-wmp-15.jpg\"\n               data-image-id=\"132\"\n               data-title=\"mtgbatch-wmp-15\"\n               data-description=\"\"\n               data-image-slug=\"mtgbatch-wmp-15\"\n               class=\"ngg-simplelightbox\" rel=\"b335e8ece261ef104b07ac20ba860140\">\n                <img class=\"colorbox-248\" \n                    title=\"mtgbatch-wmp-15\"\n                    alt=\"mtgbatch-wmp-15\"\n                    src=\"https:\/\/hit-maschinenbau.de\/wp-content\/gallery\/1-3-5-festigkeitssortierungen\/thumbs\/thumbs_mtgbatch-wmp-15.jpg\"\n                    width=\"210\"\n                    height=\"157\"\n                    style=\"max-width:100%;\"\n                \/>\n            <\/a>\n        <\/div>\n\t\t\t\t\t\t\t<\/div> \n\t\t\t\n\t\n\t<br style=\"clear: both\" \/>\n\n\t\n\t\t<!-- Pagination -->\n\t<div class='ngg-clear'><\/div>\t<\/div>\n\n<p>  <\/p>","protected":false},"excerpt":{"rendered":"<\/p>\n<p> Maschinelle Festigkeitssortierungen <\/p>\n<p>Die maschinelle Festigkeitssortierung gewinnt, nicht zuletzt durch die CE-Zertifizierung nach DIN 14081 auch im S\u00e4gewerk zunehmend an Bedeutung.<\/p>\n<p>&nbsp;<\/p>\n<p>Bisher waren Systeme zur maschinellen Festigkeitssortierung in der [&#8230;]<\/p>\n","protected":false},"author":4,"featured_media":0,"parent":83,"menu_order":62,"comment_status":"closed","ping_status":"closed","template":"","meta":{"ngg_post_thumbnail":0},"_links":{"self":[{"href":"https:\/\/hit-maschinenbau.de\/index.php\/wp-json\/wp\/v2\/pages\/248"}],"collection":[{"href":"https:\/\/hit-maschinenbau.de\/index.php\/wp-json\/wp\/v2\/pages"}],"about":[{"href":"https:\/\/hit-maschinenbau.de\/index.php\/wp-json\/wp\/v2\/types\/page"}],"author":[{"embeddable":true,"href":"https:\/\/hit-maschinenbau.de\/index.php\/wp-json\/wp\/v2\/users\/4"}],"replies":[{"embeddable":true,"href":"https:\/\/hit-maschinenbau.de\/index.php\/wp-json\/wp\/v2\/comments?post=248"}],"version-history":[{"count":19,"href":"https:\/\/hit-maschinenbau.de\/index.php\/wp-json\/wp\/v2\/pages\/248\/revisions"}],"predecessor-version":[{"id":3219,"href":"https:\/\/hit-maschinenbau.de\/index.php\/wp-json\/wp\/v2\/pages\/248\/revisions\/3219"}],"up":[{"embeddable":true,"href":"https:\/\/hit-maschinenbau.de\/index.php\/wp-json\/wp\/v2\/pages\/83"}],"wp:attachment":[{"href":"https:\/\/hit-maschinenbau.de\/index.php\/wp-json\/wp\/v2\/media?parent=248"}],"curies":[{"name":"wp","href":"https:\/\/api.w.org\/{rel}","templated":true}]}}