{"id":2494,"date":"2013-10-04T10:32:37","date_gmt":"2013-10-04T08:32:37","guid":{"rendered":"http:\/\/www.hit-maschinenbau.de\/?page_id=2494"},"modified":"2022-02-01T11:46:08","modified_gmt":"2022-02-01T09:46:08","slug":"you-tube","status":"publish","type":"page","link":"https:\/\/hit-maschinenbau.de\/index.php\/aktuelles\/you-tube\/","title":{"rendered":"H.I.T. Videos"},"content":{"rendered":"<p>Flexible Leimholzfertigung f\u00fcr Losgr\u00f6\u00dfe 1 <a href=\"https:\/\/www.youtube.com\/watch?v=5I3jJBkOOGU\" target=\"_blank\" rel=\"noopener\">hier<\/a><\/p>\n<p>\u00a0<\/p>\n<p>H.I.T. in Aktion \u2013 Unser Imagefilm <a href=\"https:\/\/youtu.be\/b0sdgfPFrX4\" target=\"_blank\" rel=\"noopener\">hier<\/a><\/p>\n<p>\u00a0<\/p>\n<p>Sortier- und Stapelanlage in Tschechien <a href=\"https:\/\/youtu.be\/b4dLr45eVo0\" target=\"_blank\" rel=\"noopener\">hier<\/a><\/p>\n<p>\u00a0<\/p>\n<p>Steigerung der Produktivit\u00e4t und Flexibilit\u00e4t durch vollautomatische Kommissionierung <a href=\"https:\/\/youtu.be\/wLGTtmzkZY0\" target=\"_blank\" rel=\"noopener\">hier<\/a><\/p>\n<p>\u00a0<\/p>\n<p>Automatischer S\u00e4umer <a href=\"https:\/\/youtu.be\/Ho7bB9OD84k\" target=\"_blank\" rel=\"noopener\">hier<\/a><\/p>\n<p>\u00a0<\/p>\n<p>Sortier- und Stapelanlage <a href=\"https:\/\/youtu.be\/IePmj_ekBfM\" target=\"_blank\" rel=\"noopener\">hier<\/a><\/p>\n<p>\u00a0<\/p>\n<p>Hobelwerk mit automatischer Lattenb\u00fcndelung <a href=\"https:\/\/youtu.be\/QuvO8M9r_5Y\">hier<\/a><\/p>\n<p>\u00a0<\/p>\n<p>Beurteilungsrad <a href=\"https:\/\/youtu.be\/xvgiY27T_I4\" target=\"_blank\" rel=\"noopener\">hier<\/a><\/p>\n<p>\u00a0<\/p>\n<p>Einlagerungs und Entnahmepicker <a href=\"https:\/\/youtu.be\/Mh_-f0RsSVg\" target=\"_blank\" rel=\"noopener\">hier<\/a><\/p>\n<p>\u00a0<\/p>\n<p>Kombinierte KVH\/BSH Fertigung <a href=\"https:\/\/youtu.be\/XwP8VzW_LXY\" target=\"_blank\" rel=\"noopener\">hier<\/a><\/p>\n<p>\u00a0<\/p>\n<p>KVH Produktionslinie <a href=\"https:\/\/youtu.be\/yLCCeoA3Gds\" target=\"_blank\" rel=\"noopener\">hier<\/a><\/p>\n<p>\u00a0<\/p>\n<p>LignoPress BSH <a href=\"https:\/\/youtu.be\/I8bxfVvtqJw\" target=\"_blank\" rel=\"noopener\">hier<\/a><\/p>\n<p>\u00a0<\/p>\n<p>Leimholzpresse f\u00fcr hohe Leistungen <a href=\"https:\/\/www.youtube.com\/watch?v=EIU_uf2ZH6Y\" target=\"_blank\" rel=\"noopener\">hier<\/a><\/p>\n<p>\u00a0<\/p>\n<p>Vollautomatische, hochflexible Kommissionierung mit wahlfreien Paketpl\u00e4tzen <a href=\"https:\/\/www.youtube.com\/watch?v=ytbmJDKmsIA\" target=\"_blank\" rel=\"noopener\">hier<\/a><\/p>\n<p>\u00a0<\/p>\n<p>Ausbeutesteigerung durch Fehlstellenkosmetik <a href=\"https:\/\/youtu.be\/hq4ggdJ848w\" target=\"_blank\" rel=\"noopener\">hier<\/a><\/p>\n<p>\u00a0<\/p>\n<p>Fehlstellenkosmetik in verschiedenen Varianten <a href=\"https:\/\/www.youtube.com\/watch?v=aNX2Ez8Djpw\" target=\"_blank\" rel=\"noopener\">hier<\/a><\/p>\n<p>\u00a0<\/p>\n<p>Weitere Videos auf unserer Website finden Sie auch <a href=\"http:\/\/www.youtube.com\/user\/HITMaschinenbau\/videos\" target=\"_blank\" rel=\"noopener\">hier<\/a><\/p>","protected":false},"excerpt":{"rendered":"<p>Flexible Leimholzfertigung f\u00fcr Losgr\u00f6\u00dfe 1 <a href=\"https:\/\/www.youtube.com\/watch?v=5I3jJBkOOGU\" target=\"_blank\" rel=\"noopener\">hier<\/a><\/p>\n<p>\u00a0<\/p>\n<p>H.I.T. in Aktion \u2013 Unser Imagefilm <a href=\"https:\/\/youtu.be\/b0sdgfPFrX4\" target=\"_blank\" rel=\"noopener\">hier<\/a><\/p>\n<p>\u00a0<\/p>\n<p>Sortier- und Stapelanlage in Tschechien <a href=\"https:\/\/youtu.be\/b4dLr45eVo0\" target=\"_blank\" rel=\"noopener\">hier<\/a><\/p>\n<p> [&#8230;]<\/p>\n","protected":false},"author":2,"featured_media":0,"parent":116,"menu_order":124,"comment_status":"closed","ping_status":"closed","template":"","meta":{"ngg_post_thumbnail":0},"_links":{"self":[{"href":"https:\/\/hit-maschinenbau.de\/index.php\/wp-json\/wp\/v2\/pages\/2494"}],"collection":[{"href":"https:\/\/hit-maschinenbau.de\/index.php\/wp-json\/wp\/v2\/pages"}],"about":[{"href":"https:\/\/hit-maschinenbau.de\/index.php\/wp-json\/wp\/v2\/types\/page"}],"author":[{"embeddable":true,"href":"https:\/\/hit-maschinenbau.de\/index.php\/wp-json\/wp\/v2\/users\/2"}],"replies":[{"embeddable":true,"href":"https:\/\/hit-maschinenbau.de\/index.php\/wp-json\/wp\/v2\/comments?post=2494"}],"version-history":[{"count":31,"href":"https:\/\/hit-maschinenbau.de\/index.php\/wp-json\/wp\/v2\/pages\/2494\/revisions"}],"predecessor-version":[{"id":4107,"href":"https:\/\/hit-maschinenbau.de\/index.php\/wp-json\/wp\/v2\/pages\/2494\/revisions\/4107"}],"up":[{"embeddable":true,"href":"https:\/\/hit-maschinenbau.de\/index.php\/wp-json\/wp\/v2\/pages\/116"}],"wp:attachment":[{"href":"https:\/\/hit-maschinenbau.de\/index.php\/wp-json\/wp\/v2\/media?parent=2494"}],"curies":[{"name":"wp","href":"https:\/\/api.w.org\/{rel}","templated":true}]}}