{"id":253,"date":"2013-03-21T11:10:33","date_gmt":"2013-03-21T09:10:33","guid":{"rendered":"http:\/\/www.hit-maschinenbau.de\/?page_id=253"},"modified":"2015-04-29T10:45:03","modified_gmt":"2015-04-29T08:45:03","slug":"vollautomatische-stapelanlagen","status":"publish","type":"page","link":"https:\/\/hit-maschinenbau.de\/index.php\/saegetechnik\/stapeln\/vollautomatische-stapelanlagen\/","title":{"rendered":"Vollautomatische Stapelanlagen"},"content":{"rendered":"<p><\/p>\n<h2>Vollautomatische Stapelanlagen<\/h2>\n<p>Unsere vollautomatischen Stapelanlagen garantieren eine kontinuierlichen Materialabfluss aus dem S\u00e4gewerk, bzw. aus der Sortierlinie.<\/p>\n<p>&nbsp;<br \/>\nEntsprechend der notwendigen Leistung f\u00fchren wir unsere Stapelmaschinen mit <strong>Stapelzungen oder mit Vakuumhebern<\/strong> aus. Bei beiden Ausf\u00fchrungen wird das Schnittholz zu Lagen aufgesammelt und lagenweise auf das zu bildende Paket abgelegt. Je nach Ausf\u00fchrung k\u00f6nnen mit unseren Stapelanlagen auch Mehrfachl\u00e4ngen nebeneinander gestapelt werden.<\/p>\n<p>&nbsp;<br \/>\nF\u00fcr eine Reduzierung der Paketwechselzeit nach Fertigstellung eines Paketes bis zum Start der Stapelung eines neuen Paketes bieten wir integrierte Zwischenhubb\u00fchnen an, mit deren Hilfe die Stapelung kontinuierlich erfolgen kann \u2013 Totzeiten werden somit vermieden.<\/p>\n<p>&nbsp;<\/p>\n<p><strong>Mit unseren vollautomatischen Stapelanlagen haben Sie verschiedene M\u00f6glichkeiten der Paketbildung:<\/strong><\/p>\n<p>&nbsp;<\/p>\n<ul>\n<li><em>Stapeln von fallenden Breiten:<\/em> dabei werden die Brettbreiten vor der Lagenbildung gemessen und entsprechend der maximalen Lagenbreite zusammengestellt<\/li>\n<li><em>Stapeln mit L\u00fccke:<\/em> beim Ablegen der Lage wird zwischen jedem Brett eine definierte L\u00fccke erzeugt, so dass alle Lagen dasselbe Au\u00dfenma\u00df und die Pakete somit eine geschlossen Kontur haben. Dies kann ebenfalls beim Stapeln von fallenden Breiten erfolgen und ist vor allem f\u00fcr das Stapeln von Paketen f\u00fcr die Trocknung interessant.<\/li>\n<li><em>Stapeln mit Diagonalversatz:<\/em> jede Lage wird diagonal versetzt zur darunter liegenden Lage abgelegt. Dies erh\u00f6ht die Stabilit\u00e4t der Pakete insbesondere bei einem anschlie\u00dfenden innerbetrieblichen Transport, zudem entf\u00e4llt die Manipulation von Stapelleisten bei einer anschlie\u00dfenden Weiterverarbeitung.<\/li>\n<\/ul>\n<!-- default-view.php -->\n<div\n\tclass=\"ngg-galleryoverview default-view \"\n\tid=\"ngg-gallery-c9eea3837e1c10dde62dd157a22e6afe-1\">\n\n\t\t<!-- Thumbnails -->\n\t\t\t\t<div id=\"ngg-image-0\" class=\"ngg-gallery-thumbnail-box \" >\n\t\t\t\t        <div class=\"ngg-gallery-thumbnail\">\n            <a href=\"https:\/\/hit-maschinenbau.de\/wp-content\/gallery\/1-5-2-vollautomatische-stapelanlagen\/etagensortierung-und-stapelung-adm-25.jpg\"\n               title=\"\"\n               data-src=\"https:\/\/hit-maschinenbau.de\/wp-content\/gallery\/1-5-2-vollautomatische-stapelanlagen\/etagensortierung-und-stapelung-adm-25.jpg\"\n               data-thumbnail=\"https:\/\/hit-maschinenbau.de\/wp-content\/gallery\/1-5-2-vollautomatische-stapelanlagen\/thumbs\/thumbs_etagensortierung-und-stapelung-adm-25.jpg\"\n               data-image-id=\"159\"\n               data-title=\"etagensortierung-und-stapelung-adm-25\"\n               data-description=\"\"\n               data-image-slug=\"etagensortierung-und-stapelung-adm-25\"\n               class=\"ngg-simplelightbox\" rel=\"c9eea3837e1c10dde62dd157a22e6afe\">\n                <img class=\"colorbox-253\" \n                    title=\"etagensortierung-und-stapelung-adm-25\"\n                    alt=\"etagensortierung-und-stapelung-adm-25\"\n                    src=\"https:\/\/hit-maschinenbau.de\/wp-content\/gallery\/1-5-2-vollautomatische-stapelanlagen\/thumbs\/thumbs_etagensortierung-und-stapelung-adm-25.jpg\"\n                    width=\"210\"\n                    height=\"157\"\n                    style=\"max-width:100%;\"\n                \/>\n            <\/a>\n        <\/div>\n\t\t\t\t\t\t\t<\/div> \n\t\t\t\n\t\t\t\t<div id=\"ngg-image-1\" class=\"ngg-gallery-thumbnail-box \" >\n\t\t\t\t        <div class=\"ngg-gallery-thumbnail\">\n            <a href=\"https:\/\/hit-maschinenbau.de\/wp-content\/gallery\/1-5-2-vollautomatische-stapelanlagen\/ibh-sortier-und-stapelanlage-32.jpg\"\n               title=\"\"\n               data-src=\"https:\/\/hit-maschinenbau.de\/wp-content\/gallery\/1-5-2-vollautomatische-stapelanlagen\/ibh-sortier-und-stapelanlage-32.jpg\"\n               data-thumbnail=\"https:\/\/hit-maschinenbau.de\/wp-content\/gallery\/1-5-2-vollautomatische-stapelanlagen\/thumbs\/thumbs_ibh-sortier-und-stapelanlage-32.jpg\"\n               data-image-id=\"161\"\n               data-title=\"ibh-sortier-und-stapelanlage-32\"\n               data-description=\"\"\n               data-image-slug=\"ibh-sortier-und-stapelanlage-32\"\n               class=\"ngg-simplelightbox\" rel=\"c9eea3837e1c10dde62dd157a22e6afe\">\n                <img class=\"colorbox-253\" \n                    title=\"ibh-sortier-und-stapelanlage-32\"\n                    alt=\"ibh-sortier-und-stapelanlage-32\"\n                    src=\"https:\/\/hit-maschinenbau.de\/wp-content\/gallery\/1-5-2-vollautomatische-stapelanlagen\/thumbs\/thumbs_ibh-sortier-und-stapelanlage-32.jpg\"\n                    width=\"210\"\n                    height=\"157\"\n                    style=\"max-width:100%;\"\n                \/>\n            <\/a>\n        <\/div>\n\t\t\t\t\t\t\t<\/div> \n\t\t\t\n\t\n\t<br style=\"clear: both\" \/>\n\n\t\n\t\t<!-- Pagination -->\n\t<div class='ngg-clear'><\/div>\t<\/div>\n\n<p>  <\/p>","protected":false},"excerpt":{"rendered":"<\/p>\n<p> Vollautomatische Stapelanlagen <\/p>\n<p>Unsere vollautomatischen Stapelanlagen garantieren eine kontinuierlichen Materialabfluss aus dem S\u00e4gewerk, bzw. aus der Sortierlinie.<\/p>\n<p>&nbsp;<br \/> Entsprechend der notwendigen Leistung f\u00fchren wir unsere Stapelmaschinen mit <strong>Stapelzungen oder [&#8230;]<\/p>\n","protected":false},"author":4,"featured_media":0,"parent":85,"menu_order":81,"comment_status":"closed","ping_status":"closed","template":"","meta":{"ngg_post_thumbnail":0},"_links":{"self":[{"href":"https:\/\/hit-maschinenbau.de\/index.php\/wp-json\/wp\/v2\/pages\/253"}],"collection":[{"href":"https:\/\/hit-maschinenbau.de\/index.php\/wp-json\/wp\/v2\/pages"}],"about":[{"href":"https:\/\/hit-maschinenbau.de\/index.php\/wp-json\/wp\/v2\/types\/page"}],"author":[{"embeddable":true,"href":"https:\/\/hit-maschinenbau.de\/index.php\/wp-json\/wp\/v2\/users\/4"}],"replies":[{"embeddable":true,"href":"https:\/\/hit-maschinenbau.de\/index.php\/wp-json\/wp\/v2\/comments?post=253"}],"version-history":[{"count":19,"href":"https:\/\/hit-maschinenbau.de\/index.php\/wp-json\/wp\/v2\/pages\/253\/revisions"}],"predecessor-version":[{"id":3233,"href":"https:\/\/hit-maschinenbau.de\/index.php\/wp-json\/wp\/v2\/pages\/253\/revisions\/3233"}],"up":[{"embeddable":true,"href":"https:\/\/hit-maschinenbau.de\/index.php\/wp-json\/wp\/v2\/pages\/85"}],"wp:attachment":[{"href":"https:\/\/hit-maschinenbau.de\/index.php\/wp-json\/wp\/v2\/media?parent=253"}],"curies":[{"name":"wp","href":"https:\/\/api.w.org\/{rel}","templated":true}]}}