{"id":257,"date":"2013-03-21T11:11:18","date_gmt":"2013-03-21T09:11:18","guid":{"rendered":"http:\/\/www.hit-maschinenbau.de\/?page_id=257"},"modified":"2015-04-29T10:45:46","modified_gmt":"2015-04-29T08:45:46","slug":"automatisches-lattenlegen","status":"publish","type":"page","link":"https:\/\/hit-maschinenbau.de\/index.php\/saegetechnik\/stapeln\/automatisches-lattenlegen\/","title":{"rendered":"Automatisches Lattenlegen"},"content":{"rendered":"<p><\/p>\n<h2>automatisches Lattenlegen<\/h2>\n<p>Das automatisierte Lattenlegen zwischen den Lagen der Pakete entlastet das Bedienpersonal und erh\u00f6ht die Kapazit\u00e4t der Stapelanlage deutlich.<br \/>\nDie Latten werden in Magazinen bevorratet und automatisch auf die oberste Brettlage abgelegt. Hierbei kann frei gew\u00e4hlt werden, aller wie viel Lagen Latten gelegt werden sollen.<\/p>\n<p>&nbsp;<\/p>\n<p>Unsere Lattenmagazine k\u00f6nnen wahlweise mit einem Schacht f\u00fcr eine Lattendimension, oder mit zwei Sch\u00e4chten f\u00fcr unterschiedliche Lattendimensionen ausgef\u00fchrt werden. So k\u00f6nnen Latten f\u00fcr die Trocknung und Verlustlatten f\u00fcr den Versand mit einem Magazin automatisch gelegt werden. Die Lattenmagazin werden in der Regel manuell bef\u00fcllt, wir liefern jedoch auch <strong>automatische Lattenzuf\u00fchrungen<\/strong>, mit denen die Latten automatisiert der jeweiligen Ablegeposition zugef\u00fchrt werden.<\/p>\n<p>&nbsp;<\/p>\n<p>Die Lattenmagazine sind in ihrer Position frei einstellbar, optional kann die L\u00e4ngenverstellung auch elektromotorisch erfolgen, so dass die Positionen zur Lattenlegung bei wechselnden Holzl\u00e4ngen automatisch angefahren werden.<\/p>\n<!-- default-view.php -->\n<div\n\tclass=\"ngg-galleryoverview default-view \"\n\tid=\"ngg-gallery-8dcab96d3b35be5debc4f818eb096ec8-1\">\n\n\t\t<!-- Thumbnails -->\n\t\t\t\t<div id=\"ngg-image-0\" class=\"ngg-gallery-thumbnail-box \" >\n\t\t\t\t        <div class=\"ngg-gallery-thumbnail\">\n            <a href=\"https:\/\/hit-maschinenbau.de\/wp-content\/gallery\/1-5-3-automatisches-lattenlegen\/etagensortierung-und-stapelung-adm-13.jpg\"\n               title=\"\"\n               data-src=\"https:\/\/hit-maschinenbau.de\/wp-content\/gallery\/1-5-3-automatisches-lattenlegen\/etagensortierung-und-stapelung-adm-13.jpg\"\n               data-thumbnail=\"https:\/\/hit-maschinenbau.de\/wp-content\/gallery\/1-5-3-automatisches-lattenlegen\/thumbs\/thumbs_etagensortierung-und-stapelung-adm-13.jpg\"\n               data-image-id=\"166\"\n               data-title=\"etagensortierung-und-stapelung-adm-13\"\n               data-description=\"\"\n               data-image-slug=\"etagensortierung-und-stapelung-adm-13\"\n               class=\"ngg-simplelightbox\" rel=\"8dcab96d3b35be5debc4f818eb096ec8\">\n                <img class=\"colorbox-257\" \n                    title=\"etagensortierung-und-stapelung-adm-13\"\n                    alt=\"etagensortierung-und-stapelung-adm-13\"\n                    src=\"https:\/\/hit-maschinenbau.de\/wp-content\/gallery\/1-5-3-automatisches-lattenlegen\/thumbs\/thumbs_etagensortierung-und-stapelung-adm-13.jpg\"\n                    width=\"210\"\n                    height=\"157\"\n                    style=\"max-width:100%;\"\n                \/>\n            <\/a>\n        <\/div>\n\t\t\t\t\t\t\t<\/div> \n\t\t\t\n\t\t\t\t<div id=\"ngg-image-1\" class=\"ngg-gallery-thumbnail-box \" >\n\t\t\t\t        <div class=\"ngg-gallery-thumbnail\">\n            <a href=\"https:\/\/hit-maschinenbau.de\/wp-content\/gallery\/1-5-3-automatisches-lattenlegen\/hosenfeld-2-20.jpg\"\n               title=\"\"\n               data-src=\"https:\/\/hit-maschinenbau.de\/wp-content\/gallery\/1-5-3-automatisches-lattenlegen\/hosenfeld-2-20.jpg\"\n               data-thumbnail=\"https:\/\/hit-maschinenbau.de\/wp-content\/gallery\/1-5-3-automatisches-lattenlegen\/thumbs\/thumbs_hosenfeld-2-20.jpg\"\n               data-image-id=\"168\"\n               data-title=\"hosenfeld-2-20\"\n               data-description=\"\"\n               data-image-slug=\"hosenfeld-2-20\"\n               class=\"ngg-simplelightbox\" rel=\"8dcab96d3b35be5debc4f818eb096ec8\">\n                <img class=\"colorbox-257\" \n                    title=\"hosenfeld-2-20\"\n                    alt=\"hosenfeld-2-20\"\n                    src=\"https:\/\/hit-maschinenbau.de\/wp-content\/gallery\/1-5-3-automatisches-lattenlegen\/thumbs\/thumbs_hosenfeld-2-20.jpg\"\n                    width=\"210\"\n                    height=\"157\"\n                    style=\"max-width:100%;\"\n                \/>\n            <\/a>\n        <\/div>\n\t\t\t\t\t\t\t<\/div> \n\t\t\t\n\t\t\t\t<div id=\"ngg-image-2\" class=\"ngg-gallery-thumbnail-box \" >\n\t\t\t\t        <div class=\"ngg-gallery-thumbnail\">\n            <a href=\"https:\/\/hit-maschinenbau.de\/wp-content\/gallery\/1-5-3-automatisches-lattenlegen\/prg-bsk-und-stm-33.jpg\"\n               title=\"\"\n               data-src=\"https:\/\/hit-maschinenbau.de\/wp-content\/gallery\/1-5-3-automatisches-lattenlegen\/prg-bsk-und-stm-33.jpg\"\n               data-thumbnail=\"https:\/\/hit-maschinenbau.de\/wp-content\/gallery\/1-5-3-automatisches-lattenlegen\/thumbs\/thumbs_prg-bsk-und-stm-33.jpg\"\n               data-image-id=\"170\"\n               data-title=\"prg-bsk-und-stm-33\"\n               data-description=\"\"\n               data-image-slug=\"prg-bsk-und-stm-33\"\n               class=\"ngg-simplelightbox\" rel=\"8dcab96d3b35be5debc4f818eb096ec8\">\n                <img class=\"colorbox-257\" \n                    title=\"prg-bsk-und-stm-33\"\n                    alt=\"prg-bsk-und-stm-33\"\n                    src=\"https:\/\/hit-maschinenbau.de\/wp-content\/gallery\/1-5-3-automatisches-lattenlegen\/thumbs\/thumbs_prg-bsk-und-stm-33.jpg\"\n                    width=\"210\"\n                    height=\"157\"\n                    style=\"max-width:100%;\"\n                \/>\n            <\/a>\n        <\/div>\n\t\t\t\t\t\t\t<\/div> \n\t\t\t\n\t\n\t<br style=\"clear: both\" \/>\n\n\t\n\t\t<!-- Pagination -->\n\t<div class='ngg-clear'><\/div>\t<\/div>\n\n<p>  <\/p>","protected":false},"excerpt":{"rendered":"<\/p>\n<p> automatisches Lattenlegen <\/p>\n<p>Das automatisierte Lattenlegen zwischen den Lagen der Pakete entlastet das Bedienpersonal und erh\u00f6ht die Kapazit\u00e4t der Stapelanlage deutlich.<br \/> Die Latten werden in Magazinen bevorratet und automatisch [&#8230;]<\/p>\n","protected":false},"author":4,"featured_media":0,"parent":85,"menu_order":82,"comment_status":"closed","ping_status":"closed","template":"","meta":{"ngg_post_thumbnail":0},"_links":{"self":[{"href":"https:\/\/hit-maschinenbau.de\/index.php\/wp-json\/wp\/v2\/pages\/257"}],"collection":[{"href":"https:\/\/hit-maschinenbau.de\/index.php\/wp-json\/wp\/v2\/pages"}],"about":[{"href":"https:\/\/hit-maschinenbau.de\/index.php\/wp-json\/wp\/v2\/types\/page"}],"author":[{"embeddable":true,"href":"https:\/\/hit-maschinenbau.de\/index.php\/wp-json\/wp\/v2\/users\/4"}],"replies":[{"embeddable":true,"href":"https:\/\/hit-maschinenbau.de\/index.php\/wp-json\/wp\/v2\/comments?post=257"}],"version-history":[{"count":14,"href":"https:\/\/hit-maschinenbau.de\/index.php\/wp-json\/wp\/v2\/pages\/257\/revisions"}],"predecessor-version":[{"id":3236,"href":"https:\/\/hit-maschinenbau.de\/index.php\/wp-json\/wp\/v2\/pages\/257\/revisions\/3236"}],"up":[{"embeddable":true,"href":"https:\/\/hit-maschinenbau.de\/index.php\/wp-json\/wp\/v2\/pages\/85"}],"wp:attachment":[{"href":"https:\/\/hit-maschinenbau.de\/index.php\/wp-json\/wp\/v2\/media?parent=257"}],"curies":[{"name":"wp","href":"https:\/\/api.w.org\/{rel}","templated":true}]}}