{"id":265,"date":"2013-03-21T11:21:21","date_gmt":"2013-03-21T09:21:21","guid":{"rendered":"http:\/\/www.hit-maschinenbau.de\/?page_id=265"},"modified":"2015-04-29T11:02:06","modified_gmt":"2015-04-29T09:02:06","slug":"umstapelanlagen-ohne-sortierung","status":"publish","type":"page","link":"https:\/\/hit-maschinenbau.de\/index.php\/saegetechnik\/umstapelanlagen\/umstapelanlagen-ohne-sortierung\/","title":{"rendered":"Umstapelanlagen ohne Sortierung"},"content":{"rendered":"<p><\/p>\n<h2>Umstapelanlagen ohne Sortierung<\/h2>\n<p>Unsere Umstapelanlagen ohne angeschlossene Sortierung erf\u00fcllen insbesondere die Aufgabe, Pakete nach der Trocknung zur R\u00fcckgewinnung der Stapelleisten zu entstapeln, das Schnittholz sauber auf die Solll\u00e4nge zu kappen und zu versandfertigen Paketen neu zu stapeln, bzw. frisch angelieferte Schnittholzpakete f\u00fcr die Trocknung aufzustapeln.<\/p>\n<p>&nbsp;<\/p>\n<p>Im Anschluss an die Stapelung k\u00f6nnen die Pakete bei Bedarf umreift, foliert und zur Abnahme bereitgestellt werden.<\/p>\n<p>&nbsp;<\/p>\n<p><strong>Zu unserem Lieferumfang geh\u00f6ren:<\/strong><\/p>\n<p>&nbsp;<\/p>\n<ul>\n<li>Kippentstapelungen f\u00fcr Einfach- oder Doppelpakete<\/li>\n<li>Vakuumentstapelung<strong><br \/>\n<\/strong><\/li>\n<li>Abschiebeentstapelung in Quer- oder L\u00e4ngsrichtung<\/li>\n<li>Stapelleistentransport und \u2013manipulation<\/li>\n<li><a title=\"S\u00e4getechnik: Stirnschnitts\u00e4gen \/ Einfachabl\u00e4ngs\u00e4gen\" href=\"https:\/\/www.hit-maschinenbau.de\/saegetechnik\/ablaengsaegen\/stirnschnittsaegen-und-einfachablaengsaegen\">Stirnschnitts\u00e4gen<\/a><\/li>\n<li>Stirn- und Endschnitts\u00e4gen<\/li>\n<li><a title=\"S\u00e4getechnik: Mehrfachabl\u00e4ngs\u00e4gen\" href=\"https:\/\/www.hit-maschinenbau.de\/saegetechnik\/ablaengsaegen\/mehrfachablaengsaegen\">Mehrfachabl\u00e4ngs\u00e4gen<\/a><\/li>\n<li>Stapelhilfen und <a title=\"S\u00e4getechnik: Halbautomatische Stapelanlagen\" href=\"https:\/\/www.hit-maschinenbau.de\/saegetechnik\/stapeln\/halbautomatische-stapelanlagen\">halbautomatische Stapelanlagen<\/a><\/li>\n<li><a title=\"S\u00e4getechnik: Vollautomatische Stapelanlagen\" href=\"https:\/\/www.hit-maschinenbau.de\/saegetechnik\/stapeln\/vollautomatische-stapelanlagen\">Vollautomatische Stapelanlagen<\/a><\/li>\n<li>Lattenmagazine zum <a title=\"S\u00e4getechnik: automatisches Lattenlegen\" href=\"https:\/\/www.hit-maschinenbau.de\/saegetechnik\/stapeln\/automatisches-lattenlegen\">automatischen Lattenlegen<\/a><\/li>\n<li><a title=\"S\u00e4getechnik: Paketabtransport\" href=\"https:\/\/www.hit-maschinenbau.de\/saegetechnik\/stapeln\/paketabtransport\">Paketabtransport<\/a><\/li>\n<li>Paketpressen<\/li>\n<li>Paketumreifungshilfen<\/li>\n<li>Paketumreifungen<\/li>\n<li>Paketfolierungen<\/li>\n<\/ul>\n<!-- default-view.php -->\n<div\n\tclass=\"ngg-galleryoverview default-view \"\n\tid=\"ngg-gallery-e817c6563bc7a2eda151a095b90d97a7-1\">\n\n\t\t<!-- Thumbnails -->\n\t\t\t\t<div id=\"ngg-image-0\" class=\"ngg-gallery-thumbnail-box \" >\n\t\t\t\t        <div class=\"ngg-gallery-thumbnail\">\n            <a href=\"https:\/\/hit-maschinenbau.de\/wp-content\/gallery\/1-6-1-umstapelanlagen-ohne-sortierung\/p1050307.jpg\"\n               title=\"\"\n               data-src=\"https:\/\/hit-maschinenbau.de\/wp-content\/gallery\/1-6-1-umstapelanlagen-ohne-sortierung\/p1050307.jpg\"\n               data-thumbnail=\"https:\/\/hit-maschinenbau.de\/wp-content\/gallery\/1-6-1-umstapelanlagen-ohne-sortierung\/thumbs\/thumbs_p1050307.jpg\"\n               data-image-id=\"175\"\n               data-title=\"p1050307\"\n               data-description=\"\"\n               data-image-slug=\"p1050307\"\n               class=\"ngg-simplelightbox\" rel=\"e817c6563bc7a2eda151a095b90d97a7\">\n                <img class=\"colorbox-265\" \n                    title=\"p1050307\"\n                    alt=\"p1050307\"\n                    src=\"https:\/\/hit-maschinenbau.de\/wp-content\/gallery\/1-6-1-umstapelanlagen-ohne-sortierung\/thumbs\/thumbs_p1050307.jpg\"\n                    width=\"210\"\n                    height=\"118\"\n                    style=\"max-width:100%;\"\n                \/>\n            <\/a>\n        <\/div>\n\t\t\t\t\t\t\t<\/div> \n\t\t\t\n\t\t\t\t<div id=\"ngg-image-1\" class=\"ngg-gallery-thumbnail-box \" >\n\t\t\t\t        <div class=\"ngg-gallery-thumbnail\">\n            <a href=\"https:\/\/hit-maschinenbau.de\/wp-content\/gallery\/1-6-1-umstapelanlagen-ohne-sortierung\/p1050310.jpg\"\n               title=\"\"\n               data-src=\"https:\/\/hit-maschinenbau.de\/wp-content\/gallery\/1-6-1-umstapelanlagen-ohne-sortierung\/p1050310.jpg\"\n               data-thumbnail=\"https:\/\/hit-maschinenbau.de\/wp-content\/gallery\/1-6-1-umstapelanlagen-ohne-sortierung\/thumbs\/thumbs_p1050310.jpg\"\n               data-image-id=\"176\"\n               data-title=\"p1050310\"\n               data-description=\"\"\n               data-image-slug=\"p1050310\"\n               class=\"ngg-simplelightbox\" rel=\"e817c6563bc7a2eda151a095b90d97a7\">\n                <img class=\"colorbox-265\" \n                    title=\"p1050310\"\n                    alt=\"p1050310\"\n                    src=\"https:\/\/hit-maschinenbau.de\/wp-content\/gallery\/1-6-1-umstapelanlagen-ohne-sortierung\/thumbs\/thumbs_p1050310.jpg\"\n                    width=\"210\"\n                    height=\"157\"\n                    style=\"max-width:100%;\"\n                \/>\n            <\/a>\n        <\/div>\n\t\t\t\t\t\t\t<\/div> \n\t\t\t\n\t\t\t\t<div id=\"ngg-image-2\" class=\"ngg-gallery-thumbnail-box \" >\n\t\t\t\t        <div class=\"ngg-gallery-thumbnail\">\n            <a href=\"https:\/\/hit-maschinenbau.de\/wp-content\/gallery\/1-6-1-umstapelanlagen-ohne-sortierung\/p1050312.jpg\"\n               title=\"\"\n               data-src=\"https:\/\/hit-maschinenbau.de\/wp-content\/gallery\/1-6-1-umstapelanlagen-ohne-sortierung\/p1050312.jpg\"\n               data-thumbnail=\"https:\/\/hit-maschinenbau.de\/wp-content\/gallery\/1-6-1-umstapelanlagen-ohne-sortierung\/thumbs\/thumbs_p1050312.jpg\"\n               data-image-id=\"178\"\n               data-title=\"p1050312\"\n               data-description=\"\"\n               data-image-slug=\"p1050312\"\n               class=\"ngg-simplelightbox\" rel=\"e817c6563bc7a2eda151a095b90d97a7\">\n                <img class=\"colorbox-265\" \n                    title=\"p1050312\"\n                    alt=\"p1050312\"\n                    src=\"https:\/\/hit-maschinenbau.de\/wp-content\/gallery\/1-6-1-umstapelanlagen-ohne-sortierung\/thumbs\/thumbs_p1050312.jpg\"\n                    width=\"210\"\n                    height=\"157\"\n                    style=\"max-width:100%;\"\n                \/>\n            <\/a>\n        <\/div>\n\t\t\t\t\t\t\t<\/div> \n\t\t\t\n\t\n\t<br style=\"clear: both\" \/>\n\n\t\n\t\t<!-- Pagination -->\n\t<div class='ngg-clear'><\/div>\t<\/div>\n\n<p>  <\/p>","protected":false},"excerpt":{"rendered":"<\/p>\n<p> Umstapelanlagen ohne Sortierung <\/p>\n<p>Unsere Umstapelanlagen ohne angeschlossene Sortierung erf\u00fcllen insbesondere die Aufgabe, Pakete nach der Trocknung zur R\u00fcckgewinnung der Stapelleisten zu entstapeln, das Schnittholz sauber auf die Solll\u00e4nge zu [&#8230;]<\/p>\n","protected":false},"author":4,"featured_media":0,"parent":86,"menu_order":85,"comment_status":"closed","ping_status":"closed","template":"","meta":{"ngg_post_thumbnail":0},"_links":{"self":[{"href":"https:\/\/hit-maschinenbau.de\/index.php\/wp-json\/wp\/v2\/pages\/265"}],"collection":[{"href":"https:\/\/hit-maschinenbau.de\/index.php\/wp-json\/wp\/v2\/pages"}],"about":[{"href":"https:\/\/hit-maschinenbau.de\/index.php\/wp-json\/wp\/v2\/types\/page"}],"author":[{"embeddable":true,"href":"https:\/\/hit-maschinenbau.de\/index.php\/wp-json\/wp\/v2\/users\/4"}],"replies":[{"embeddable":true,"href":"https:\/\/hit-maschinenbau.de\/index.php\/wp-json\/wp\/v2\/comments?post=265"}],"version-history":[{"count":21,"href":"https:\/\/hit-maschinenbau.de\/index.php\/wp-json\/wp\/v2\/pages\/265\/revisions"}],"predecessor-version":[{"id":3242,"href":"https:\/\/hit-maschinenbau.de\/index.php\/wp-json\/wp\/v2\/pages\/265\/revisions\/3242"}],"up":[{"embeddable":true,"href":"https:\/\/hit-maschinenbau.de\/index.php\/wp-json\/wp\/v2\/pages\/86"}],"wp:attachment":[{"href":"https:\/\/hit-maschinenbau.de\/index.php\/wp-json\/wp\/v2\/media?parent=265"}],"curies":[{"name":"wp","href":"https:\/\/api.w.org\/{rel}","templated":true}]}}