{"id":267,"date":"2013-03-21T11:21:44","date_gmt":"2013-03-21T09:21:44","guid":{"rendered":"http:\/\/www.hit-maschinenbau.de\/?page_id=267"},"modified":"2015-04-29T11:02:41","modified_gmt":"2015-04-29T09:02:41","slug":"umstapelanlagen-mit-sortierung","status":"publish","type":"page","link":"https:\/\/hit-maschinenbau.de\/index.php\/saegetechnik\/umstapelanlagen\/umstapelanlagen-mit-sortierung\/","title":{"rendered":"Umstapelanlagen mit Sortierung"},"content":{"rendered":"<p><\/p>\n<h2>Umstapelanlagen mit Sortierung<\/h2>\n<div class=\"inhaltsbereich-unternavi\">\n<ul>\n<li><a title=\"Umstapelanlage mit R\u00fccksortierrad\" href=\"https:\/\/www.hit-maschinenbau.de\/saegetechnik\/umstapelanlagen\/umstapelanlagen-mit-sortierung\/umstapelanlage-mit-ruecksortierrad\">Umstapelanlagen mit R\u00fccksortierrad<\/a><\/li>\n<li><a title=\"Umstapelanlage ohne R\u00fccksortierrad\" href=\"https:\/\/www.hit-maschinenbau.de\/saegetechnik\/umstapelanlagen\/umstapelanlagen-mit-sortierung\/umstapelanlage-ohne-ruecksortierrad\">Umstapelanlagen ohne R\u00fccksortierrad<\/a><\/li>\n<\/ul>\n<\/div>\n<p>Unsere Umstapelanlagen mit angeschlossener Sortierung bieten Ihnen volle Flexibilit\u00e4t auf engstem Raum. Zus\u00e4tzlich zu den M\u00f6glichkeiten einer einfachen Umstapelanlage erm\u00f6glichen unsere Anlagen, bereits w\u00e4hrend des Umstapelns die Bildung Qualit\u00e4ts- und Dimensionsreiner Sortimente und deren sortenreinen Stapelung zu Paketen.<\/p>\n<p>&nbsp;<\/p>\n<p>H.I.T. Umstapelanlagen sind, in Abh\u00e4ngigkeit der Anforderungen, in verschiedenen Kombinationen ausf\u00fchrbar.<\/p>\n<p>&nbsp;<\/p>\n<p><strong>Grunds\u00e4tzlich unterscheiden wir in Anlagen:<\/strong><\/p>\n<p>&nbsp;<\/p>\n<ul>\n<li><a title=\"Umstapelanlage mit R\u00fccksortierrad\" href=\"https:\/\/www.hit-maschinenbau.de\/saegetechnik\/umstapelanlagen\/umstapelanlagen-mit-sortierung\/umstapelanlage-mit-ruecksortierrad\">mit R\u00fccksortierrad<\/a><\/li>\n<li><a title=\"Umstapelanlage ohne R\u00fccksortierrad\" href=\"https:\/\/www.hit-maschinenbau.de\/saegetechnik\/umstapelanlagen\/umstapelanlagen-mit-sortierung\/umstapelanlage-ohne-ruecksortierrad\">ohne R\u00fccksortierrad<\/a><\/li>\n<\/ul>\n<!-- default-view.php -->\n<div\n\tclass=\"ngg-galleryoverview default-view \"\n\tid=\"ngg-gallery-9536f7dfa0f7cd041d2fed07fbe33b6e-1\">\n\n\t\t<!-- Thumbnails -->\n\t\t\t\t<div id=\"ngg-image-0\" class=\"ngg-gallery-thumbnail-box \" >\n\t\t\t\t        <div class=\"ngg-gallery-thumbnail\">\n            <a href=\"https:\/\/hit-maschinenbau.de\/wp-content\/gallery\/1-6-2-umstapelanlagen-mit-sortierung\/img_2909.jpg\"\n               title=\"\"\n               data-src=\"https:\/\/hit-maschinenbau.de\/wp-content\/gallery\/1-6-2-umstapelanlagen-mit-sortierung\/img_2909.jpg\"\n               data-thumbnail=\"https:\/\/hit-maschinenbau.de\/wp-content\/gallery\/1-6-2-umstapelanlagen-mit-sortierung\/thumbs\/thumbs_img_2909.jpg\"\n               data-image-id=\"179\"\n               data-title=\"img_2909\"\n               data-description=\"\"\n               data-image-slug=\"img_2909\"\n               class=\"ngg-simplelightbox\" rel=\"9536f7dfa0f7cd041d2fed07fbe33b6e\">\n                <img class=\"colorbox-267\" \n                    title=\"img_2909\"\n                    alt=\"img_2909\"\n                    src=\"https:\/\/hit-maschinenbau.de\/wp-content\/gallery\/1-6-2-umstapelanlagen-mit-sortierung\/thumbs\/thumbs_img_2909.jpg\"\n                    width=\"210\"\n                    height=\"157\"\n                    style=\"max-width:100%;\"\n                \/>\n            <\/a>\n        <\/div>\n\t\t\t\t\t\t\t<\/div> \n\t\t\t\n\t\t\t\t<div id=\"ngg-image-1\" class=\"ngg-gallery-thumbnail-box \" >\n\t\t\t\t        <div class=\"ngg-gallery-thumbnail\">\n            <a href=\"https:\/\/hit-maschinenbau.de\/wp-content\/gallery\/1-6-2-umstapelanlagen-mit-sortierung\/prg-sortierung-43.jpg\"\n               title=\"\"\n               data-src=\"https:\/\/hit-maschinenbau.de\/wp-content\/gallery\/1-6-2-umstapelanlagen-mit-sortierung\/prg-sortierung-43.jpg\"\n               data-thumbnail=\"https:\/\/hit-maschinenbau.de\/wp-content\/gallery\/1-6-2-umstapelanlagen-mit-sortierung\/thumbs\/thumbs_prg-sortierung-43.jpg\"\n               data-image-id=\"180\"\n               data-title=\"prg-sortierung-43\"\n               data-description=\"\"\n               data-image-slug=\"prg-sortierung-43\"\n               class=\"ngg-simplelightbox\" rel=\"9536f7dfa0f7cd041d2fed07fbe33b6e\">\n                <img class=\"colorbox-267\" \n                    title=\"prg-sortierung-43\"\n                    alt=\"prg-sortierung-43\"\n                    src=\"https:\/\/hit-maschinenbau.de\/wp-content\/gallery\/1-6-2-umstapelanlagen-mit-sortierung\/thumbs\/thumbs_prg-sortierung-43.jpg\"\n                    width=\"210\"\n                    height=\"315\"\n                    style=\"max-width:100%;\"\n                \/>\n            <\/a>\n        <\/div>\n\t\t\t\t\t\t\t<\/div> \n\t\t\t\n\t\n\t<br style=\"clear: both\" \/>\n\n\t\n\t\t<!-- Pagination -->\n\t<div class='ngg-clear'><\/div>\t<\/div>\n\n<p>  <\/p>","protected":false},"excerpt":{"rendered":"<\/p>\n<p> Umstapelanlagen mit Sortierung <a title=\"Umstapelanlage mit R\u00fccksortierrad\" href=\"https:\/\/www.hit-maschinenbau.de\/saegetechnik\/umstapelanlagen\/umstapelanlagen-mit-sortierung\/umstapelanlage-mit-ruecksortierrad\">Umstapelanlagen mit R\u00fccksortierrad<\/a> <a title=\"Umstapelanlage ohne R\u00fccksortierrad\" href=\"https:\/\/www.hit-maschinenbau.de\/saegetechnik\/umstapelanlagen\/umstapelanlagen-mit-sortierung\/umstapelanlage-ohne-ruecksortierrad\">Umstapelanlagen ohne R\u00fccksortierrad<\/a> <\/p>\n<p>Unsere Umstapelanlagen mit angeschlossener Sortierung bieten Ihnen volle Flexibilit\u00e4t auf engstem Raum. [&#8230;]<\/p>\n","protected":false},"author":4,"featured_media":0,"parent":86,"menu_order":86,"comment_status":"closed","ping_status":"closed","template":"","meta":{"ngg_post_thumbnail":0},"_links":{"self":[{"href":"https:\/\/hit-maschinenbau.de\/index.php\/wp-json\/wp\/v2\/pages\/267"}],"collection":[{"href":"https:\/\/hit-maschinenbau.de\/index.php\/wp-json\/wp\/v2\/pages"}],"about":[{"href":"https:\/\/hit-maschinenbau.de\/index.php\/wp-json\/wp\/v2\/types\/page"}],"author":[{"embeddable":true,"href":"https:\/\/hit-maschinenbau.de\/index.php\/wp-json\/wp\/v2\/users\/4"}],"replies":[{"embeddable":true,"href":"https:\/\/hit-maschinenbau.de\/index.php\/wp-json\/wp\/v2\/comments?post=267"}],"version-history":[{"count":23,"href":"https:\/\/hit-maschinenbau.de\/index.php\/wp-json\/wp\/v2\/pages\/267\/revisions"}],"predecessor-version":[{"id":3243,"href":"https:\/\/hit-maschinenbau.de\/index.php\/wp-json\/wp\/v2\/pages\/267\/revisions\/3243"}],"up":[{"embeddable":true,"href":"https:\/\/hit-maschinenbau.de\/index.php\/wp-json\/wp\/v2\/pages\/86"}],"wp:attachment":[{"href":"https:\/\/hit-maschinenbau.de\/index.php\/wp-json\/wp\/v2\/media?parent=267"}],"curies":[{"name":"wp","href":"https:\/\/api.w.org\/{rel}","templated":true}]}}