{"id":271,"date":"2013-03-21T11:23:00","date_gmt":"2013-03-21T09:23:00","guid":{"rendered":"http:\/\/www.hit-maschinenbau.de\/?page_id=271"},"modified":"2015-04-29T11:09:44","modified_gmt":"2015-04-29T09:09:44","slug":"lattenauskappstationen","status":"publish","type":"page","link":"https:\/\/hit-maschinenbau.de\/index.php\/saegetechnik\/lattenmanipulation\/lattenauskappstationen\/","title":{"rendered":"Lattenauskappstationen"},"content":{"rendered":"<p><\/p>\n<h2>Lattenauskappstationen<\/h2>\n<p>Unsere Lattenauskappstationen erlauben Ihnen, auch aus den Lattenh\u00f6lzern noch die maximale Ausbeute zu erzielen. Die Bedienung der Auskappstationen erfolgt in der Regel manuell, wobei der Bediener durch Ziehen oder Schieben der Ware bestimmt, an welcher Position die Latte gekappt werden soll.<\/p>\n<p>&nbsp;<\/p>\n<p>Die Gutst\u00fccken werden nach der Kappung weitertransportiert und der nachfolgenden Mechanisierung, wie z. B. einer Lattensortierung \u00fcbergeben, die Kappreste werden direkt der Entsorgung zugef\u00fchrt.<\/p>\n<!-- default-view.php -->\n<div\n\tclass=\"ngg-galleryoverview default-view \"\n\tid=\"ngg-gallery-72c6bc92a1b1e841db90b0daaeee60ec-1\">\n\n\t\t<!-- Thumbnails -->\n\t\t\t\t<div id=\"ngg-image-0\" class=\"ngg-gallery-thumbnail-box \" >\n\t\t\t\t        <div class=\"ngg-gallery-thumbnail\">\n            <a href=\"https:\/\/hit-maschinenbau.de\/wp-content\/gallery\/1-7-2-lattenauskappstationen\/lattensortierung5-dkp-jhl.jpg\"\n               title=\"\"\n               data-src=\"https:\/\/hit-maschinenbau.de\/wp-content\/gallery\/1-7-2-lattenauskappstationen\/lattensortierung5-dkp-jhl.jpg\"\n               data-thumbnail=\"https:\/\/hit-maschinenbau.de\/wp-content\/gallery\/1-7-2-lattenauskappstationen\/thumbs\/thumbs_lattensortierung5-dkp-jhl.jpg\"\n               data-image-id=\"181\"\n               data-title=\"lattensortierung5-dkp-jhl\"\n               data-description=\"\"\n               data-image-slug=\"lattensortierung5-dkp-jhl\"\n               class=\"ngg-simplelightbox\" rel=\"72c6bc92a1b1e841db90b0daaeee60ec\">\n                <img class=\"colorbox-271\" \n                    title=\"lattensortierung5-dkp-jhl\"\n                    alt=\"lattensortierung5-dkp-jhl\"\n                    src=\"https:\/\/hit-maschinenbau.de\/wp-content\/gallery\/1-7-2-lattenauskappstationen\/thumbs\/thumbs_lattensortierung5-dkp-jhl.jpg\"\n                    width=\"210\"\n                    height=\"139\"\n                    style=\"max-width:100%;\"\n                \/>\n            <\/a>\n        <\/div>\n\t\t\t\t\t\t\t<\/div> \n\t\t\t\n\t\t\t\t<div id=\"ngg-image-1\" class=\"ngg-gallery-thumbnail-box \" >\n\t\t\t\t        <div class=\"ngg-gallery-thumbnail\">\n            <a href=\"https:\/\/hit-maschinenbau.de\/wp-content\/gallery\/1-7-2-lattenauskappstationen\/lattensortierung6-dkp-jhl.jpg\"\n               title=\"\"\n               data-src=\"https:\/\/hit-maschinenbau.de\/wp-content\/gallery\/1-7-2-lattenauskappstationen\/lattensortierung6-dkp-jhl.jpg\"\n               data-thumbnail=\"https:\/\/hit-maschinenbau.de\/wp-content\/gallery\/1-7-2-lattenauskappstationen\/thumbs\/thumbs_lattensortierung6-dkp-jhl.jpg\"\n               data-image-id=\"182\"\n               data-title=\"lattensortierung6-dkp-jhl\"\n               data-description=\"\"\n               data-image-slug=\"lattensortierung6-dkp-jhl\"\n               class=\"ngg-simplelightbox\" rel=\"72c6bc92a1b1e841db90b0daaeee60ec\">\n                <img class=\"colorbox-271\" \n                    title=\"lattensortierung6-dkp-jhl\"\n                    alt=\"lattensortierung6-dkp-jhl\"\n                    src=\"https:\/\/hit-maschinenbau.de\/wp-content\/gallery\/1-7-2-lattenauskappstationen\/thumbs\/thumbs_lattensortierung6-dkp-jhl.jpg\"\n                    width=\"210\"\n                    height=\"139\"\n                    style=\"max-width:100%;\"\n                \/>\n            <\/a>\n        <\/div>\n\t\t\t\t\t\t\t<\/div> \n\t\t\t\n\t\n\t<br style=\"clear: both\" \/>\n\n\t\n\t\t<!-- Pagination -->\n\t<div class='ngg-clear'><\/div>\t<\/div>\n\n<p>  <\/p>","protected":false},"excerpt":{"rendered":"<\/p>\n<p> Lattenauskappstationen <\/p>\n<p>Unsere Lattenauskappstationen erlauben Ihnen, auch aus den Lattenh\u00f6lzern noch die maximale Ausbeute zu erzielen. Die Bedienung der Auskappstationen erfolgt in der Regel manuell, wobei der Bediener durch Ziehen [&#8230;]<\/p>\n","protected":false},"author":4,"featured_media":0,"parent":87,"menu_order":91,"comment_status":"closed","ping_status":"closed","template":"","meta":{"ngg_post_thumbnail":0},"_links":{"self":[{"href":"https:\/\/hit-maschinenbau.de\/index.php\/wp-json\/wp\/v2\/pages\/271"}],"collection":[{"href":"https:\/\/hit-maschinenbau.de\/index.php\/wp-json\/wp\/v2\/pages"}],"about":[{"href":"https:\/\/hit-maschinenbau.de\/index.php\/wp-json\/wp\/v2\/types\/page"}],"author":[{"embeddable":true,"href":"https:\/\/hit-maschinenbau.de\/index.php\/wp-json\/wp\/v2\/users\/4"}],"replies":[{"embeddable":true,"href":"https:\/\/hit-maschinenbau.de\/index.php\/wp-json\/wp\/v2\/comments?post=271"}],"version-history":[{"count":9,"href":"https:\/\/hit-maschinenbau.de\/index.php\/wp-json\/wp\/v2\/pages\/271\/revisions"}],"predecessor-version":[{"id":3248,"href":"https:\/\/hit-maschinenbau.de\/index.php\/wp-json\/wp\/v2\/pages\/271\/revisions\/3248"}],"up":[{"embeddable":true,"href":"https:\/\/hit-maschinenbau.de\/index.php\/wp-json\/wp\/v2\/pages\/87"}],"wp:attachment":[{"href":"https:\/\/hit-maschinenbau.de\/index.php\/wp-json\/wp\/v2\/media?parent=271"}],"curies":[{"name":"wp","href":"https:\/\/api.w.org\/{rel}","templated":true}]}}