{"id":286,"date":"2013-03-21T12:03:06","date_gmt":"2013-03-21T10:03:06","guid":{"rendered":"http:\/\/www.hit-maschinenbau.de\/?page_id=286"},"modified":"2015-04-29T11:49:25","modified_gmt":"2015-04-29T09:49:25","slug":"ablaengsaegen","status":"publish","type":"page","link":"https:\/\/hit-maschinenbau.de\/index.php\/hobeltechnik\/ablaengsaegen\/","title":{"rendered":"Abl\u00e4ngs\u00e4gen"},"content":{"rendered":"<p><\/p>\n<h2>Abl\u00e4ngs\u00e4gen<\/h2>\n<p>Abl\u00e4ngs\u00e4gen dienen zum L\u00e4ngenzuschnitt von, je nach Ausf\u00fchrung, unprismierter oder prismierter Ware. Hierbei kann es sich um das Kappen der Stirnseiten, um das Kappen von Schnittholz in mehrere Teill\u00e4ngen oder auch um das Auskappen von Fehlstellen im Schnittholz handeln.<\/p>\n<p>&nbsp;<\/p>\n<p>Mit unseren Abl\u00e4ngs\u00e4gen garantieren wir einen millimetergenauen Zuschnitt des Schnittholzes mit einer dimensionsabh\u00e4ngigen Leistung bis zu 80 Teilen \/ min.<\/p>\n<p>&nbsp;<\/p>\n<p><strong>Zu unserem Lieferumfang geh\u00f6ren:<\/strong><\/p>\n<p>&nbsp;<\/p>\n<ul>\n<li><a title=\"Stirnschnitts\u00e4gen \/ Einfachabl\u00e4ngs\u00e4gen\" href=\"https:\/\/www.hit-maschinenbau.de\/hobeltechnik\/ablaengsaegen\/stirnschnittsaegen-einfachablaengsaegen\">Stirnschnitts\u00e4gen \/ Einfachabl\u00e4ngs\u00e4gen<\/a><\/li>\n<li><a title=\"Mehrfachabl\u00e4ngs\u00e4gen\" href=\"https:\/\/www.hit-maschinenbau.de\/hobeltechnik\/ablaengsaegen\/mehrfachablaengsaegen\">Mehrfachabl\u00e4ngs\u00e4gen<\/a><\/li>\n<li><a title=\"Trimmers\u00e4gen\" href=\"https:\/\/www.hit-maschinenbau.de\/hobeltechnik\/ablaengsaegen\/trimmersaegen\">Trimmers\u00e4gen<\/a><\/li>\n<\/ul>\n<p>  <\/p>","protected":false},"excerpt":{"rendered":"<\/p>\n<p> Abl\u00e4ngs\u00e4gen <\/p>\n<p>Abl\u00e4ngs\u00e4gen dienen zum L\u00e4ngenzuschnitt von, je nach Ausf\u00fchrung, unprismierter oder prismierter Ware. Hierbei kann es sich um das Kappen der Stirnseiten, um das Kappen von Schnittholz in mehrere [&#8230;]<\/p>\n","protected":false},"author":4,"featured_media":0,"parent":113,"menu_order":109,"comment_status":"closed","ping_status":"closed","template":"","meta":{"ngg_post_thumbnail":0},"_links":{"self":[{"href":"https:\/\/hit-maschinenbau.de\/index.php\/wp-json\/wp\/v2\/pages\/286"}],"collection":[{"href":"https:\/\/hit-maschinenbau.de\/index.php\/wp-json\/wp\/v2\/pages"}],"about":[{"href":"https:\/\/hit-maschinenbau.de\/index.php\/wp-json\/wp\/v2\/types\/page"}],"author":[{"embeddable":true,"href":"https:\/\/hit-maschinenbau.de\/index.php\/wp-json\/wp\/v2\/users\/4"}],"replies":[{"embeddable":true,"href":"https:\/\/hit-maschinenbau.de\/index.php\/wp-json\/wp\/v2\/comments?post=286"}],"version-history":[{"count":15,"href":"https:\/\/hit-maschinenbau.de\/index.php\/wp-json\/wp\/v2\/pages\/286\/revisions"}],"predecessor-version":[{"id":3271,"href":"https:\/\/hit-maschinenbau.de\/index.php\/wp-json\/wp\/v2\/pages\/286\/revisions\/3271"}],"up":[{"embeddable":true,"href":"https:\/\/hit-maschinenbau.de\/index.php\/wp-json\/wp\/v2\/pages\/113"}],"wp:attachment":[{"href":"https:\/\/hit-maschinenbau.de\/index.php\/wp-json\/wp\/v2\/media?parent=286"}],"curies":[{"name":"wp","href":"https:\/\/api.w.org\/{rel}","templated":true}]}}