{"id":289,"date":"2013-03-21T12:03:36","date_gmt":"2013-03-21T10:03:36","guid":{"rendered":"http:\/\/www.hit-maschinenbau.de\/?page_id=289"},"modified":"2015-04-29T11:59:21","modified_gmt":"2015-04-29T09:59:21","slug":"stapeln","status":"publish","type":"page","link":"https:\/\/hit-maschinenbau.de\/index.php\/hobeltechnik\/stapeln\/","title":{"rendered":"Stapeln"},"content":{"rendered":"<p><\/p>\n<h2>Stapeln<\/h2>\n<p>Das Aufstapeln der erzeugten Schnittware ist bei der Manipulation des Schnittholzes oft einer der personalintensivsten und zeitaufw\u00e4ndigsten Schritte. Investitionen in eine Mechanisierung in diesem Bereich rechnen sich daher in besonders kurzer Zeit.<\/p>\n<p>&nbsp;<\/p>\n<p>Wir bieten mit unseren unterschiedlichen Konzepten von der halb- bis zur vollautomatischen Stapelung L\u00f6sungen f\u00fcr Anlagen mit geringer Leistung, sowie f\u00fcr Hochleistungsanlagen.<\/p>\n<p>&nbsp;<\/p>\n<p>Einen besonderen Augenmerk legen wir bei der Stapelung von bereits gehobelter Ware auf den schonenden Transport des Holzes, so das Besch\u00e4digungen vermieden werden.<\/p>\n<p>&nbsp;<\/p>\n<p><strong>Zu unserem Lieferumfang geh\u00f6ren:<\/strong><\/p>\n<p>&nbsp;<\/p>\n<ul>\n<li>Stapelhilfen und <a title=\"Halbautomatische Stapelanlagen\" href=\"https:\/\/www.hit-maschinenbau.de\/hobeltechnik\/stapeln\/halbautomatische-stapelanlagen\">halbautomatische Stapelanlagen<\/a><\/li>\n<li><a title=\"Vollautomatische Stapelanlagen\" href=\"https:\/\/www.hit-maschinenbau.de\/hobeltechnik\/stapeln\/vollautomatische-stapelanlagen\">Vollautomatische Stapelanlagen<\/a><\/li>\n<li>Lattenmagazine zum automatischen Lattenlegen<\/li>\n<\/ul>\n<p>  <\/p>","protected":false},"excerpt":{"rendered":"<\/p>\n<p> Stapeln <\/p>\n<p>Das Aufstapeln der erzeugten Schnittware ist bei der Manipulation des Schnittholzes oft einer der personalintensivsten und zeitaufw\u00e4ndigsten Schritte. Investitionen in eine Mechanisierung in diesem Bereich rechnen sich daher [&#8230;]<\/p>\n","protected":false},"author":4,"featured_media":0,"parent":113,"menu_order":113,"comment_status":"closed","ping_status":"closed","template":"","meta":{"ngg_post_thumbnail":0},"_links":{"self":[{"href":"https:\/\/hit-maschinenbau.de\/index.php\/wp-json\/wp\/v2\/pages\/289"}],"collection":[{"href":"https:\/\/hit-maschinenbau.de\/index.php\/wp-json\/wp\/v2\/pages"}],"about":[{"href":"https:\/\/hit-maschinenbau.de\/index.php\/wp-json\/wp\/v2\/types\/page"}],"author":[{"embeddable":true,"href":"https:\/\/hit-maschinenbau.de\/index.php\/wp-json\/wp\/v2\/users\/4"}],"replies":[{"embeddable":true,"href":"https:\/\/hit-maschinenbau.de\/index.php\/wp-json\/wp\/v2\/comments?post=289"}],"version-history":[{"count":13,"href":"https:\/\/hit-maschinenbau.de\/index.php\/wp-json\/wp\/v2\/pages\/289\/revisions"}],"predecessor-version":[{"id":3276,"href":"https:\/\/hit-maschinenbau.de\/index.php\/wp-json\/wp\/v2\/pages\/289\/revisions\/3276"}],"up":[{"embeddable":true,"href":"https:\/\/hit-maschinenbau.de\/index.php\/wp-json\/wp\/v2\/pages\/113"}],"wp:attachment":[{"href":"https:\/\/hit-maschinenbau.de\/index.php\/wp-json\/wp\/v2\/media?parent=289"}],"curies":[{"name":"wp","href":"https:\/\/api.w.org\/{rel}","templated":true}]}}