{"id":293,"date":"2013-03-21T12:04:25","date_gmt":"2013-03-21T10:04:25","guid":{"rendered":"http:\/\/www.hit-maschinenbau.de\/?page_id=293"},"modified":"2015-04-29T12:06:10","modified_gmt":"2015-04-29T10:06:10","slug":"verpacken","status":"publish","type":"page","link":"https:\/\/hit-maschinenbau.de\/index.php\/hobeltechnik\/verpacken\/","title":{"rendered":"Verpacken"},"content":{"rendered":"<p><\/p>\n<h2>Verpacken<\/h2>\n<p>Neben den hohen Qualit\u00e4tsanspr\u00fcchen an das Endprodukt wird heute in der Regel auch eine witterungsbest\u00e4ndige Verpackung der Ware, sowie ein akkurates Erscheinungsbild der zusammengestellten Pakete verlangt Dies schlie\u00dft die Verpackung einzelner H\u00f6lzer ebenso ein, wie die Verpackung der aus einzelnen H\u00f6lzern zusammen gestellten Pakete.<\/p>\n<p>&nbsp;<\/p>\n<p>Zur Umsetzung dieser Anspr\u00fcche liefern wir Systeme, die eine optimale und gleichzeitig holzschonende Ausrichtung der Pakete erm\u00f6glichen und integrieren Foliermaschinen, sowie Umreifungsanlagen.<\/p>\n<p>&nbsp;<\/p>\n<p><strong>Zu unserem Lieferumfang geh\u00f6ren:<\/strong><\/p>\n<p>&nbsp;<\/p>\n<ul>\n<li><a title=\"Paketpressen- und Umreifungslinien\" href=\"https:\/\/www.hit-maschinenbau.de\/hobeltechnik\/verpacken\/paketpressen-und-umreifungslinien\">Paketpressen und Umreifungslinien<\/a><\/li>\n<li><a title=\"Paketfolierlinien\" href=\"https:\/\/www.hit-maschinenbau.de\/hobeltechnik\/verpacken\/paketfolierlinien\">Folierlinien<\/a><\/li>\n<\/ul>\n<p>  <\/p>","protected":false},"excerpt":{"rendered":"<\/p>\n<p> Verpacken <\/p>\n<p>Neben den hohen Qualit\u00e4tsanspr\u00fcchen an das Endprodukt wird heute in der Regel auch eine witterungsbest\u00e4ndige Verpackung der Ware, sowie ein akkurates Erscheinungsbild der zusammengestellten Pakete verlangt Dies schlie\u00dft [&#8230;]<\/p>\n","protected":false},"author":4,"featured_media":0,"parent":113,"menu_order":75,"comment_status":"closed","ping_status":"closed","template":"","meta":{"ngg_post_thumbnail":0},"_links":{"self":[{"href":"https:\/\/hit-maschinenbau.de\/index.php\/wp-json\/wp\/v2\/pages\/293"}],"collection":[{"href":"https:\/\/hit-maschinenbau.de\/index.php\/wp-json\/wp\/v2\/pages"}],"about":[{"href":"https:\/\/hit-maschinenbau.de\/index.php\/wp-json\/wp\/v2\/types\/page"}],"author":[{"embeddable":true,"href":"https:\/\/hit-maschinenbau.de\/index.php\/wp-json\/wp\/v2\/users\/4"}],"replies":[{"embeddable":true,"href":"https:\/\/hit-maschinenbau.de\/index.php\/wp-json\/wp\/v2\/comments?post=293"}],"version-history":[{"count":13,"href":"https:\/\/hit-maschinenbau.de\/index.php\/wp-json\/wp\/v2\/pages\/293\/revisions"}],"predecessor-version":[{"id":3281,"href":"https:\/\/hit-maschinenbau.de\/index.php\/wp-json\/wp\/v2\/pages\/293\/revisions\/3281"}],"up":[{"embeddable":true,"href":"https:\/\/hit-maschinenbau.de\/index.php\/wp-json\/wp\/v2\/pages\/113"}],"wp:attachment":[{"href":"https:\/\/hit-maschinenbau.de\/index.php\/wp-json\/wp\/v2\/media?parent=293"}],"curies":[{"name":"wp","href":"https:\/\/api.w.org\/{rel}","templated":true}]}}