{"id":302,"date":"2013-03-21T12:11:09","date_gmt":"2013-03-21T10:11:09","guid":{"rendered":"http:\/\/www.hit-maschinenbau.de\/?page_id=302"},"modified":"2015-04-29T11:28:17","modified_gmt":"2015-04-29T09:28:17","slug":"laengsabschiebeentstapelungen","status":"publish","type":"page","link":"https:\/\/hit-maschinenbau.de\/index.php\/hobeltechnik\/entstapelanlagen\/laengsabschiebeentstapelungen\/","title":{"rendered":"L\u00e4ngsabschiebeentstapelungen"},"content":{"rendered":"<p><\/p>\n<h2>L\u00e4ngsabschiebeentstapelungen<\/h2>\n<p>L\u00e4ngsabschiebeentstapelungen schieben die oberste Lage eines Paketes in L\u00e4ngsrichtung auf die nachfolgende Mechanisierung ab.\u00a0Evtl. vorhandene Zwischenlatten und Kanth\u00f6lzer (bei Mehrfachpaketen) k\u00f6nnen mit dem optionalen Lattenabstreifer in die nachfolgende Lattenmanipulation\u00a0abgeschoben werden.<\/p>\n<p>&nbsp;<\/p>\n<p>L\u00e4ngsabschiebeentstapelungen werden insbesondere bei Anlagen mit geringerer Taktleistung eingesetzt. Zur Verk\u00fcrzung der Paketwechselzeiten lassen sich unsere L\u00e4ngsabschiebeentstapelungen optional mit einem Zwischenhub ausr\u00fcsten. Der Zwischenhub \u00fcbernimmt das Paket von der Haupt- Hub- Senkeinrichtung, so dass diese bereits auf \u00dcbernahmeposition f\u00fcr ein neues Paket fahren kann.<\/p>\n<p>&nbsp;<\/p>\n<p><strong>Zu unserem Lieferumfang geh\u00f6ren:<\/strong><\/p>\n<p>&nbsp;<\/p>\n<ul>\n<li>L\u00e4ngsabschiebeentstapelungen mit Lattenabstreifer f\u00fcr zwischengelattete Pakete<\/li>\n<li>L\u00e4ngsabschiebeentstapelungen f\u00fcr Pakete ohne Latten<\/li>\n<li>L\u00e4ngsabschiebeentstapelungen f\u00fcr Ein- oder Mehrfachpakete<\/li>\n<li>L\u00e4ngsabschiebeentstapelungen mit angeschlossener Lattenmanipulation<\/li>\n<\/ul>\n<p><!-- default-view.php -->\n<div\n\tclass=\"ngg-galleryoverview default-view \"\n\tid=\"ngg-gallery-24b22fbe7f03c1fb49cb5723239e6abe-1\">\n\n\t\t<!-- Thumbnails -->\n\t\t\t\t<div id=\"ngg-image-0\" class=\"ngg-gallery-thumbnail-box \" >\n\t\t\t\t        <div class=\"ngg-gallery-thumbnail\">\n            <a href=\"https:\/\/hit-maschinenbau.de\/wp-content\/gallery\/2-1-3-laengsabschiebeentstapelungen\/hdh-kvh-fertigung-11.jpg\"\n               title=\"\"\n               data-src=\"https:\/\/hit-maschinenbau.de\/wp-content\/gallery\/2-1-3-laengsabschiebeentstapelungen\/hdh-kvh-fertigung-11.jpg\"\n               data-thumbnail=\"https:\/\/hit-maschinenbau.de\/wp-content\/gallery\/2-1-3-laengsabschiebeentstapelungen\/thumbs\/thumbs_hdh-kvh-fertigung-11.jpg\"\n               data-image-id=\"260\"\n               data-title=\"hdh-kvh-fertigung-11\"\n               data-description=\"\"\n               data-image-slug=\"hdh-kvh-fertigung-11\"\n               class=\"ngg-simplelightbox\" rel=\"24b22fbe7f03c1fb49cb5723239e6abe\">\n                <img class=\"colorbox-302\" \n                    title=\"hdh-kvh-fertigung-11\"\n                    alt=\"hdh-kvh-fertigung-11\"\n                    src=\"https:\/\/hit-maschinenbau.de\/wp-content\/gallery\/2-1-3-laengsabschiebeentstapelungen\/thumbs\/thumbs_hdh-kvh-fertigung-11.jpg\"\n                    width=\"210\"\n                    height=\"139\"\n                    style=\"max-width:100%;\"\n                \/>\n            <\/a>\n        <\/div>\n\t\t\t\t\t\t\t<\/div> \n\t\t\t\n\t\t\t\t<div id=\"ngg-image-1\" class=\"ngg-gallery-thumbnail-box \" >\n\t\t\t\t        <div class=\"ngg-gallery-thumbnail\">\n            <a href=\"https:\/\/hit-maschinenbau.de\/wp-content\/gallery\/2-1-3-laengsabschiebeentstapelungen\/hdh-kvh-fertigung-23.jpg\"\n               title=\"\"\n               data-src=\"https:\/\/hit-maschinenbau.de\/wp-content\/gallery\/2-1-3-laengsabschiebeentstapelungen\/hdh-kvh-fertigung-23.jpg\"\n               data-thumbnail=\"https:\/\/hit-maschinenbau.de\/wp-content\/gallery\/2-1-3-laengsabschiebeentstapelungen\/thumbs\/thumbs_hdh-kvh-fertigung-23.jpg\"\n               data-image-id=\"262\"\n               data-title=\"hdh-kvh-fertigung-23\"\n               data-description=\"\"\n               data-image-slug=\"hdh-kvh-fertigung-23\"\n               class=\"ngg-simplelightbox\" rel=\"24b22fbe7f03c1fb49cb5723239e6abe\">\n                <img class=\"colorbox-302\" \n                    title=\"hdh-kvh-fertigung-23\"\n                    alt=\"hdh-kvh-fertigung-23\"\n                    src=\"https:\/\/hit-maschinenbau.de\/wp-content\/gallery\/2-1-3-laengsabschiebeentstapelungen\/thumbs\/thumbs_hdh-kvh-fertigung-23.jpg\"\n                    width=\"210\"\n                    height=\"139\"\n                    style=\"max-width:100%;\"\n                \/>\n            <\/a>\n        <\/div>\n\t\t\t\t\t\t\t<\/div> \n\t\t\t\n\t\t\t\t<div id=\"ngg-image-2\" class=\"ngg-gallery-thumbnail-box \" >\n\t\t\t\t        <div class=\"ngg-gallery-thumbnail\">\n            <a href=\"https:\/\/hit-maschinenbau.de\/wp-content\/gallery\/2-1-3-laengsabschiebeentstapelungen\/hdh-kvh-fertigung-6.jpg\"\n               title=\"\"\n               data-src=\"https:\/\/hit-maschinenbau.de\/wp-content\/gallery\/2-1-3-laengsabschiebeentstapelungen\/hdh-kvh-fertigung-6.jpg\"\n               data-thumbnail=\"https:\/\/hit-maschinenbau.de\/wp-content\/gallery\/2-1-3-laengsabschiebeentstapelungen\/thumbs\/thumbs_hdh-kvh-fertigung-6.jpg\"\n               data-image-id=\"263\"\n               data-title=\"hdh-kvh-fertigung-6\"\n               data-description=\"\"\n               data-image-slug=\"hdh-kvh-fertigung-6\"\n               class=\"ngg-simplelightbox\" rel=\"24b22fbe7f03c1fb49cb5723239e6abe\">\n                <img class=\"colorbox-302\" \n                    title=\"hdh-kvh-fertigung-6\"\n                    alt=\"hdh-kvh-fertigung-6\"\n                    src=\"https:\/\/hit-maschinenbau.de\/wp-content\/gallery\/2-1-3-laengsabschiebeentstapelungen\/thumbs\/thumbs_hdh-kvh-fertigung-6.jpg\"\n                    width=\"210\"\n                    height=\"139\"\n                    style=\"max-width:100%;\"\n                \/>\n            <\/a>\n        <\/div>\n\t\t\t\t\t\t\t<\/div> \n\t\t\t\n\t\n\t<br style=\"clear: both\" \/>\n\n\t\n\t\t<!-- Pagination -->\n\t<div class='ngg-clear'><\/div>\t<\/div>\n<br \/>\n  <\/p>","protected":false},"excerpt":{"rendered":"<\/p>\n<p> L\u00e4ngsabschiebeentstapelungen <\/p>\n<p>L\u00e4ngsabschiebeentstapelungen schieben die oberste Lage eines Paketes in L\u00e4ngsrichtung auf die nachfolgende Mechanisierung ab.\u00a0Evtl. vorhandene Zwischenlatten und Kanth\u00f6lzer (bei Mehrfachpaketen) k\u00f6nnen mit dem optionalen Lattenabstreifer in die nachfolgende [&#8230;]<\/p>\n","protected":false},"author":4,"featured_media":0,"parent":141,"menu_order":99,"comment_status":"closed","ping_status":"closed","template":"","meta":{"ngg_post_thumbnail":0},"_links":{"self":[{"href":"https:\/\/hit-maschinenbau.de\/index.php\/wp-json\/wp\/v2\/pages\/302"}],"collection":[{"href":"https:\/\/hit-maschinenbau.de\/index.php\/wp-json\/wp\/v2\/pages"}],"about":[{"href":"https:\/\/hit-maschinenbau.de\/index.php\/wp-json\/wp\/v2\/types\/page"}],"author":[{"embeddable":true,"href":"https:\/\/hit-maschinenbau.de\/index.php\/wp-json\/wp\/v2\/users\/4"}],"replies":[{"embeddable":true,"href":"https:\/\/hit-maschinenbau.de\/index.php\/wp-json\/wp\/v2\/comments?post=302"}],"version-history":[{"count":14,"href":"https:\/\/hit-maschinenbau.de\/index.php\/wp-json\/wp\/v2\/pages\/302\/revisions"}],"predecessor-version":[{"id":3260,"href":"https:\/\/hit-maschinenbau.de\/index.php\/wp-json\/wp\/v2\/pages\/302\/revisions\/3260"}],"up":[{"embeddable":true,"href":"https:\/\/hit-maschinenbau.de\/index.php\/wp-json\/wp\/v2\/pages\/141"}],"wp:attachment":[{"href":"https:\/\/hit-maschinenbau.de\/index.php\/wp-json\/wp\/v2\/media?parent=302"}],"curies":[{"name":"wp","href":"https:\/\/api.w.org\/{rel}","templated":true}]}}