{"id":307,"date":"2013-03-21T12:12:19","date_gmt":"2013-03-21T10:12:19","guid":{"rendered":"http:\/\/www.hit-maschinenbau.de\/?page_id=307"},"modified":"2015-04-29T11:24:28","modified_gmt":"2015-04-29T09:24:28","slug":"kippentstapelungen","status":"publish","type":"page","link":"https:\/\/hit-maschinenbau.de\/index.php\/hobeltechnik\/entstapelanlagen\/kippentstapelungen\/","title":{"rendered":"Kippentstapelungen"},"content":{"rendered":"<p><\/p>\n<h2>Kippentstapelungen<\/h2>\n<p>Kippentstapelungen heben das Paket mit einer Hub-Senkeinrichtung von der Paketzubringung aus, schwenken dieses um ca. 45\u00b0 und lassen, \u00fcber ein lagenweises Anheben der Hub-Senkeinrichtung die oberste Lage des Paketes auf die nachfolgende Mechanisierung abrutschen. Die optionale Abrutschkante, \u00fcber die die Lage abrutscht l\u00e4sst sich flexibel einstellen, so dass Verformungen der Lage ausgeglichen werden k\u00f6nnen.\u00a0Mit dem Abrutschen der Lage, rutschen ebenfalls evtl. vorhandene Zwischenlatten und Kanth\u00f6lzer (bei Mehrfachpaketen) in die nachfolgende <a title=\"Lattenmanipulation\" href=\"https:\/\/www.hit-maschinenbau.de\/hobeltechnik\/lattenmanipulation\">Lattenmanipulation<\/a>\u00a0ab.<\/p>\n<p>&nbsp;<\/p>\n<p>Kippentstapelungen werden insbesondere bei Anlagen mit hohen Taktleistungen eingesetzt. Zur Verk\u00fcrzung der Paketwechselzeiten lassen sich unsere Kippentstapelungen optional mit einem Zwischenhub ausr\u00fcsten. Der Zwischenhub \u00fcbernimmt das Paket von der Haupt- Hub-Senkeinrichtung, so dass diese bereits auf \u00dcbernahmeposition f\u00fcr ein neues Paket fahren kann.<\/p>\n<p>&nbsp;<\/p>\n<p><strong>Zu unserem Lieferumfang geh\u00f6ren:<\/strong><\/p>\n<p>&nbsp;<\/p>\n<ul>\n<li>Kippentstapelungen f\u00fcr zwischengelattete Pakete und Pakete ohne Latten<\/li>\n<li>Kippentstapelungen f\u00fcr Ein- oder Mehrfachpakete<\/li>\n<li>Kippentstapelungen mit angeschlossener Lattenmanipulation<\/li>\n<li>Kippentstapelungen mit Zwischenhub f\u00fcr k\u00fcrzeste Paketwechselzeiten<\/li>\n<\/ul>\n<p><!-- default-view.php -->\n<div\n\tclass=\"ngg-galleryoverview default-view \"\n\tid=\"ngg-gallery-ed47a493b66d57642e201931923d0a3e-1\">\n\n\t\t<!-- Thumbnails -->\n\t\t\t\t<div id=\"ngg-image-0\" class=\"ngg-gallery-thumbnail-box \" >\n\t\t\t\t        <div class=\"ngg-gallery-thumbnail\">\n            <a href=\"https:\/\/hit-maschinenbau.de\/wp-content\/gallery\/2-1-1-kippentstapelungen\/bup-asm-10.jpg\"\n               title=\"\"\n               data-src=\"https:\/\/hit-maschinenbau.de\/wp-content\/gallery\/2-1-1-kippentstapelungen\/bup-asm-10.jpg\"\n               data-thumbnail=\"https:\/\/hit-maschinenbau.de\/wp-content\/gallery\/2-1-1-kippentstapelungen\/thumbs\/thumbs_bup-asm-10.jpg\"\n               data-image-id=\"251\"\n               data-title=\"bup-asm-10\"\n               data-description=\"\"\n               data-image-slug=\"bup-asm-10-2\"\n               class=\"ngg-simplelightbox\" rel=\"ed47a493b66d57642e201931923d0a3e\">\n                <img class=\"colorbox-307\" \n                    title=\"bup-asm-10\"\n                    alt=\"bup-asm-10\"\n                    src=\"https:\/\/hit-maschinenbau.de\/wp-content\/gallery\/2-1-1-kippentstapelungen\/thumbs\/thumbs_bup-asm-10.jpg\"\n                    width=\"210\"\n                    height=\"157\"\n                    style=\"max-width:100%;\"\n                \/>\n            <\/a>\n        <\/div>\n\t\t\t\t\t\t\t<\/div> \n\t\t\t\n\t\t\t\t<div id=\"ngg-image-1\" class=\"ngg-gallery-thumbnail-box \" >\n\t\t\t\t        <div class=\"ngg-gallery-thumbnail\">\n            <a href=\"https:\/\/hit-maschinenbau.de\/wp-content\/gallery\/2-1-1-kippentstapelungen\/hobellinie-kel-9.jpg\"\n               title=\"\"\n               data-src=\"https:\/\/hit-maschinenbau.de\/wp-content\/gallery\/2-1-1-kippentstapelungen\/hobellinie-kel-9.jpg\"\n               data-thumbnail=\"https:\/\/hit-maschinenbau.de\/wp-content\/gallery\/2-1-1-kippentstapelungen\/thumbs\/thumbs_hobellinie-kel-9.jpg\"\n               data-image-id=\"253\"\n               data-title=\"hobellinie-kel-9\"\n               data-description=\"\"\n               data-image-slug=\"hobellinie-kel-9-2\"\n               class=\"ngg-simplelightbox\" rel=\"ed47a493b66d57642e201931923d0a3e\">\n                <img class=\"colorbox-307\" \n                    title=\"hobellinie-kel-9\"\n                    alt=\"hobellinie-kel-9\"\n                    src=\"https:\/\/hit-maschinenbau.de\/wp-content\/gallery\/2-1-1-kippentstapelungen\/thumbs\/thumbs_hobellinie-kel-9.jpg\"\n                    width=\"210\"\n                    height=\"157\"\n                    style=\"max-width:100%;\"\n                \/>\n            <\/a>\n        <\/div>\n\t\t\t\t\t\t\t<\/div> \n\t\t\t\n\t\t\t\t<div id=\"ngg-image-2\" class=\"ngg-gallery-thumbnail-box \" >\n\t\t\t\t        <div class=\"ngg-gallery-thumbnail\">\n            <a href=\"https:\/\/hit-maschinenbau.de\/wp-content\/gallery\/2-1-1-kippentstapelungen\/ndl-pks-4.jpg\"\n               title=\"\"\n               data-src=\"https:\/\/hit-maschinenbau.de\/wp-content\/gallery\/2-1-1-kippentstapelungen\/ndl-pks-4.jpg\"\n               data-thumbnail=\"https:\/\/hit-maschinenbau.de\/wp-content\/gallery\/2-1-1-kippentstapelungen\/thumbs\/thumbs_ndl-pks-4.jpg\"\n               data-image-id=\"254\"\n               data-title=\"ndl-pks-4\"\n               data-description=\"\"\n               data-image-slug=\"ndl-pks-4-2\"\n               class=\"ngg-simplelightbox\" rel=\"ed47a493b66d57642e201931923d0a3e\">\n                <img class=\"colorbox-307\" \n                    title=\"ndl-pks-4\"\n                    alt=\"ndl-pks-4\"\n                    src=\"https:\/\/hit-maschinenbau.de\/wp-content\/gallery\/2-1-1-kippentstapelungen\/thumbs\/thumbs_ndl-pks-4.jpg\"\n                    width=\"210\"\n                    height=\"157\"\n                    style=\"max-width:100%;\"\n                \/>\n            <\/a>\n        <\/div>\n\t\t\t\t\t\t\t<\/div> \n\t\t\t\n\t\n\t<br style=\"clear: both\" \/>\n\n\t\n\t\t<!-- Pagination -->\n\t<div class='ngg-clear'><\/div>\t<\/div>\n<br \/>\n  <\/p>","protected":false},"excerpt":{"rendered":"<\/p>\n<p> Kippentstapelungen <\/p>\n<p>Kippentstapelungen heben das Paket mit einer Hub-Senkeinrichtung von der Paketzubringung aus, schwenken dieses um ca. 45\u00b0 und lassen, \u00fcber ein lagenweises Anheben der Hub-Senkeinrichtung die oberste Lage des [&#8230;]<\/p>\n","protected":false},"author":4,"featured_media":0,"parent":141,"menu_order":97,"comment_status":"closed","ping_status":"closed","template":"","meta":{"ngg_post_thumbnail":0},"_links":{"self":[{"href":"https:\/\/hit-maschinenbau.de\/index.php\/wp-json\/wp\/v2\/pages\/307"}],"collection":[{"href":"https:\/\/hit-maschinenbau.de\/index.php\/wp-json\/wp\/v2\/pages"}],"about":[{"href":"https:\/\/hit-maschinenbau.de\/index.php\/wp-json\/wp\/v2\/types\/page"}],"author":[{"embeddable":true,"href":"https:\/\/hit-maschinenbau.de\/index.php\/wp-json\/wp\/v2\/users\/4"}],"replies":[{"embeddable":true,"href":"https:\/\/hit-maschinenbau.de\/index.php\/wp-json\/wp\/v2\/comments?post=307"}],"version-history":[{"count":14,"href":"https:\/\/hit-maschinenbau.de\/index.php\/wp-json\/wp\/v2\/pages\/307\/revisions"}],"predecessor-version":[{"id":3258,"href":"https:\/\/hit-maschinenbau.de\/index.php\/wp-json\/wp\/v2\/pages\/307\/revisions\/3258"}],"up":[{"embeddable":true,"href":"https:\/\/hit-maschinenbau.de\/index.php\/wp-json\/wp\/v2\/pages\/141"}],"wp:attachment":[{"href":"https:\/\/hit-maschinenbau.de\/index.php\/wp-json\/wp\/v2\/media?parent=307"}],"curies":[{"name":"wp","href":"https:\/\/api.w.org\/{rel}","templated":true}]}}