{"id":309,"date":"2013-03-21T12:13:00","date_gmt":"2013-03-21T10:13:00","guid":{"rendered":"http:\/\/www.hit-maschinenbau.de\/?page_id=309"},"modified":"2015-04-29T11:41:08","modified_gmt":"2015-04-29T09:41:08","slug":"hobeleinzuege","status":"publish","type":"page","link":"https:\/\/hit-maschinenbau.de\/index.php\/hobeltechnik\/hobelbeschickungen\/hobeleinzuege\/","title":{"rendered":"Hobeleinz\u00fcge"},"content":{"rendered":"<p><\/p>\n<h2>Hobeleinz\u00fcge<\/h2>\n<p>Hobeleinz\u00fcge dienen zur Beschickung der anschlie\u00dfenden Hobelmaschine. Hierzu wird die Ware in der Regel durch Einzugsrollen von einem Quertransport auf einen L\u00e4ngstransport beschleunigt und l\u00fcckenlos dem Hobel zugef\u00fchrt.<\/p>\n<p>&nbsp;<\/p>\n<p>Das zu hobelnde Brett wird durch den Hobeleinzug entweder aus einer geschlossenen Lage herausgezogen oder vereinzelt zugef\u00fchrt.\u00a0Die Hobeleinz\u00fcge k\u00f6nnen in nahezu beliebiger L\u00e4nge ausgef\u00fchrt werden und werden der maximalen Vorschubleistung der Hobelmaschine angepasst.<\/p>\n<p>&nbsp;<\/p>\n<p>Die robuste und betriebssichere Ausf\u00fchrung unserer Hobeleinz\u00fcge garantiert eine kontinuierliche Materialversorgung der Hobelmaschine f\u00fcr einen Betrieb mit maximaler Verf\u00fcgbarkeit.<\/p>\n<p>&nbsp;<\/p>\n<p><!-- default-view.php -->\n<div\n\tclass=\"ngg-galleryoverview default-view \"\n\tid=\"ngg-gallery-603fd5af0511723d71a550481740ec90-1\">\n\n\t\t<!-- Thumbnails -->\n\t\t\t\t<div id=\"ngg-image-0\" class=\"ngg-gallery-thumbnail-box \" >\n\t\t\t\t        <div class=\"ngg-gallery-thumbnail\">\n            <a href=\"https:\/\/hit-maschinenbau.de\/wp-content\/gallery\/2-2-3-hobeleinzuege\/rhi-17.jpg\"\n               title=\"\"\n               data-src=\"https:\/\/hit-maschinenbau.de\/wp-content\/gallery\/2-2-3-hobeleinzuege\/rhi-17.jpg\"\n               data-thumbnail=\"https:\/\/hit-maschinenbau.de\/wp-content\/gallery\/2-2-3-hobeleinzuege\/thumbs\/thumbs_rhi-17.jpg\"\n               data-image-id=\"284\"\n               data-title=\"rhi-17\"\n               data-description=\"\"\n               data-image-slug=\"rhi-17\"\n               class=\"ngg-simplelightbox\" rel=\"603fd5af0511723d71a550481740ec90\">\n                <img class=\"colorbox-309\" \n                    title=\"rhi-17\"\n                    alt=\"rhi-17\"\n                    src=\"https:\/\/hit-maschinenbau.de\/wp-content\/gallery\/2-2-3-hobeleinzuege\/thumbs\/thumbs_rhi-17.jpg\"\n                    width=\"210\"\n                    height=\"118\"\n                    style=\"max-width:100%;\"\n                \/>\n            <\/a>\n        <\/div>\n\t\t\t\t\t\t\t<\/div> \n\t\t\t\n\t\t\t\t<div id=\"ngg-image-1\" class=\"ngg-gallery-thumbnail-box \" >\n\t\t\t\t        <div class=\"ngg-gallery-thumbnail\">\n            <a href=\"https:\/\/hit-maschinenbau.de\/wp-content\/gallery\/2-2-3-hobeleinzuege\/rhi-bsh-werk-28.jpg\"\n               title=\"\"\n               data-src=\"https:\/\/hit-maschinenbau.de\/wp-content\/gallery\/2-2-3-hobeleinzuege\/rhi-bsh-werk-28.jpg\"\n               data-thumbnail=\"https:\/\/hit-maschinenbau.de\/wp-content\/gallery\/2-2-3-hobeleinzuege\/thumbs\/thumbs_rhi-bsh-werk-28.jpg\"\n               data-image-id=\"285\"\n               data-title=\"rhi-bsh-werk-28\"\n               data-description=\"\"\n               data-image-slug=\"rhi-bsh-werk-28\"\n               class=\"ngg-simplelightbox\" rel=\"603fd5af0511723d71a550481740ec90\">\n                <img class=\"colorbox-309\" \n                    title=\"rhi-bsh-werk-28\"\n                    alt=\"rhi-bsh-werk-28\"\n                    src=\"https:\/\/hit-maschinenbau.de\/wp-content\/gallery\/2-2-3-hobeleinzuege\/thumbs\/thumbs_rhi-bsh-werk-28.jpg\"\n                    width=\"210\"\n                    height=\"157\"\n                    style=\"max-width:100%;\"\n                \/>\n            <\/a>\n        <\/div>\n\t\t\t\t\t\t\t<\/div> \n\t\t\t\n\t\t\t\t<div id=\"ngg-image-2\" class=\"ngg-gallery-thumbnail-box \" >\n\t\t\t\t        <div class=\"ngg-gallery-thumbnail\">\n            <a href=\"https:\/\/hit-maschinenbau.de\/wp-content\/gallery\/2-2-3-hobeleinzuege\/rhi-hobellinie-6.jpg\"\n               title=\"\"\n               data-src=\"https:\/\/hit-maschinenbau.de\/wp-content\/gallery\/2-2-3-hobeleinzuege\/rhi-hobellinie-6.jpg\"\n               data-thumbnail=\"https:\/\/hit-maschinenbau.de\/wp-content\/gallery\/2-2-3-hobeleinzuege\/thumbs\/thumbs_rhi-hobellinie-6.jpg\"\n               data-image-id=\"286\"\n               data-title=\"rhi-hobellinie-6\"\n               data-description=\"\"\n               data-image-slug=\"rhi-hobellinie-6\"\n               class=\"ngg-simplelightbox\" rel=\"603fd5af0511723d71a550481740ec90\">\n                <img class=\"colorbox-309\" \n                    title=\"rhi-hobellinie-6\"\n                    alt=\"rhi-hobellinie-6\"\n                    src=\"https:\/\/hit-maschinenbau.de\/wp-content\/gallery\/2-2-3-hobeleinzuege\/thumbs\/thumbs_rhi-hobellinie-6.jpg\"\n                    width=\"210\"\n                    height=\"157\"\n                    style=\"max-width:100%;\"\n                \/>\n            <\/a>\n        <\/div>\n\t\t\t\t\t\t\t<\/div> \n\t\t\t\n\t\n\t<br style=\"clear: both\" \/>\n\n\t\n\t\t<!-- Pagination -->\n\t<div class='ngg-clear'><\/div>\t<\/div>\n<br \/>\n  <\/p>","protected":false},"excerpt":{"rendered":"<\/p>\n<p> Hobeleinz\u00fcge <\/p>\n<p>Hobeleinz\u00fcge dienen zur Beschickung der anschlie\u00dfenden Hobelmaschine. Hierzu wird die Ware in der Regel durch Einzugsrollen von einem Quertransport auf einen L\u00e4ngstransport beschleunigt und l\u00fcckenlos dem Hobel zugef\u00fchrt.<\/p>\n<p> [&#8230;]<\/p>\n","protected":false},"author":4,"featured_media":0,"parent":143,"menu_order":105,"comment_status":"closed","ping_status":"closed","template":"","meta":{"ngg_post_thumbnail":0},"_links":{"self":[{"href":"https:\/\/hit-maschinenbau.de\/index.php\/wp-json\/wp\/v2\/pages\/309"}],"collection":[{"href":"https:\/\/hit-maschinenbau.de\/index.php\/wp-json\/wp\/v2\/pages"}],"about":[{"href":"https:\/\/hit-maschinenbau.de\/index.php\/wp-json\/wp\/v2\/types\/page"}],"author":[{"embeddable":true,"href":"https:\/\/hit-maschinenbau.de\/index.php\/wp-json\/wp\/v2\/users\/4"}],"replies":[{"embeddable":true,"href":"https:\/\/hit-maschinenbau.de\/index.php\/wp-json\/wp\/v2\/comments?post=309"}],"version-history":[{"count":16,"href":"https:\/\/hit-maschinenbau.de\/index.php\/wp-json\/wp\/v2\/pages\/309\/revisions"}],"predecessor-version":[{"id":3267,"href":"https:\/\/hit-maschinenbau.de\/index.php\/wp-json\/wp\/v2\/pages\/309\/revisions\/3267"}],"up":[{"embeddable":true,"href":"https:\/\/hit-maschinenbau.de\/index.php\/wp-json\/wp\/v2\/pages\/143"}],"wp:attachment":[{"href":"https:\/\/hit-maschinenbau.de\/index.php\/wp-json\/wp\/v2\/media?parent=309"}],"curies":[{"name":"wp","href":"https:\/\/api.w.org\/{rel}","templated":true}]}}