{"id":311,"date":"2013-03-21T12:13:33","date_gmt":"2013-03-21T10:13:33","guid":{"rendered":"http:\/\/www.hit-maschinenbau.de\/?page_id=311"},"modified":"2015-04-29T11:38:15","modified_gmt":"2015-04-29T09:38:15","slug":"festigkeitssortierung","status":"publish","type":"page","link":"https:\/\/hit-maschinenbau.de\/index.php\/hobeltechnik\/hobelbeschickungen\/festigkeitssortierung\/","title":{"rendered":"Festigkeitssortierung"},"content":{"rendered":"<p><\/p>\n<h2>Maschinelle Festigkeitssortierung<\/h2>\n<p>Zunehmend und besonders im Rahmen der verpflichtenden <b>CE-Zertifizierung<\/b> nach DIN 14081 gewinnt auch im S\u00e4gewerk die maschinelle Festigkeitssortierung von getrocknetem Schnittholz an Bedeutung. Die maschinelle Sortierung liefert reproduzierbare Sortierergebnisse und garantiert eine konstante Sortierung, unabh\u00e4ngig von der subjektiven Leistung des Sortierpersonals. Das Personal wird, bei gleichzeitiger Ausbeuteerh\u00f6hung insbesondere in h\u00f6heren Festigkeitsklassen, entlastet.<\/p>\n<p>&nbsp;<\/p>\n<p><strong>Weitere Vorteile der maschinellen Festigkeitssortierung sind zudem:<\/strong><\/p>\n<p>&nbsp;<\/p>\n<ul>\n<li>Die l\u00fcckenlose Dokumentation der Sortierergebnisse als Basis f\u00fcr die laut DIN 14081 erforderliche werkseigene Produktionskontrolle zur Erlangung der CE-Zertifizierung<\/li>\n<li>Die Sortierergebnisse werden in einer Datenbank gespeichert und jedem sp\u00e4ter gebildeten Paket eindeutig zugeordnet.<\/li>\n<li>Die Kennzeichnung des einzelnen Brettes kann mittels Drucker oder Etikett automatisch erfolgen.<\/li>\n<\/ul>\n<p>&nbsp;<\/p>\n<p>Bisher waren Systeme zur maschinellen Festigkeitssortierung in der Anschaffung \u00e4u\u00dferst kostenintensiv und somit f\u00fcr kleine und mittelst\u00e4ndische Unternehmen kaum leistbar.<\/p>\n<p>&nbsp;<\/p>\n<p>Aus diesem Grund haben wir, in Kooperation mit der Firma Brookhuis das kosteng\u00fcnstige System <b>\u201emtgBATCH\u201c <\/b>zur maschinellen Festigkeitssortierung entwickelt.<\/p>\n<p>&nbsp;<\/p>\n<p><strong>Unser System:<\/strong><\/p>\n<p>&nbsp;<\/p>\n<ul>\n<li>ist die derzeit g\u00fcnstigste am Markt erh\u00e4ltliche und durch die MPA Stuttgart zugelassene maschinelle Festigkeitssortierung<\/li>\n<li>liefert mit die besten Ausbeuten an h\u00f6heren Festigkeitsklassen unter den zugelassenen maschinellen Sortiersystemen<\/li>\n<li>kann optional mit einer, durch MPA zugelassenen ber\u00fchrungslosen Holzfeuchtemessung erweitert werden<\/li>\n<li>kann optional mit einer Rohdichtebestimmung erweitert werden<\/li>\n<li>kann ohne gr\u00f6\u00dferen Aufwand in bestehende Anlagentechnik integriert werden<\/li>\n<\/ul>\n<p>&nbsp;<\/p>\n<p>Unser System \u201emtgBATCH\u201c erlaubt auch kleinen und mittelst\u00e4ndischen Unternehmen die CE-Zertifizierung nach DIN 14081 durch die Integration der maschinellen Festigkeitssortierung.<\/p>\n<p>&nbsp;<\/p>\n<p><strong>Das System \u201emtgBATCH\u201c kann, je nach Anforderung, modular aufgebaut und erweitert werden:<\/strong><\/p>\n<p>&nbsp;<\/p>\n<ol>\n<li><strong>Ausf\u00fchrung als Einzelger\u00e4t<\/strong><br \/>\nDie Integration als Einzelger\u00e4t bietet die Vorteile einer reinen maschinellen Festigkeitssortierung.<\/li>\n<li><strong>Ausf\u00fchrung mit integrierter Waage<\/strong><br \/>\nDie Ausbeute von h\u00f6heren Festigkeitsklassen wird durch die zus\u00e4tzliche Ermittlung der Rohdichte gesteigert. Aus dem Gewicht und der Dimension wird die Rohdichte berechnet.<\/li>\n<li><strong>Ausf\u00fchrung mit integrierter Waage und MPA anerkannte Feuchtemessung FMI<\/strong><br \/>\nDurch die zus\u00e4tzliche Integration der Feuchtemessung (System FMI) kann die Ausbeute weiter gesteigert werden, des Weiteren ist der Einsatz vor dem Verkleben (Keilzinken wie auch Fl\u00e4chenleimen) von der MPA zugelassen.<\/li>\n<\/ol>\n<p>Selbstverst\u00e4ndlich integrieren wir bei Bedarf auch Messtechnik von Drittanbietern in unserer Anlagentechnik.<\/p>\n<p><!-- default-view.php -->\n<div\n\tclass=\"ngg-galleryoverview default-view \"\n\tid=\"ngg-gallery-582b87b107f4b28a7cd411a6356bb857-1\">\n\n\t\t<!-- Thumbnails -->\n\t\t\t\t<div id=\"ngg-image-0\" class=\"ngg-gallery-thumbnail-box \" >\n\t\t\t\t        <div class=\"ngg-gallery-thumbnail\">\n            <a href=\"https:\/\/hit-maschinenbau.de\/wp-content\/gallery\/2-2-2-festigkeitssortierung\/mtgbatch-wmp-12.jpg\"\n               title=\"\"\n               data-src=\"https:\/\/hit-maschinenbau.de\/wp-content\/gallery\/2-2-2-festigkeitssortierung\/mtgbatch-wmp-12.jpg\"\n               data-thumbnail=\"https:\/\/hit-maschinenbau.de\/wp-content\/gallery\/2-2-2-festigkeitssortierung\/thumbs\/thumbs_mtgbatch-wmp-12.jpg\"\n               data-image-id=\"279\"\n               data-title=\"mtgbatch-wmp-12\"\n               data-description=\"\"\n               data-image-slug=\"mtgbatch-wmp-12-2\"\n               class=\"ngg-simplelightbox\" rel=\"582b87b107f4b28a7cd411a6356bb857\">\n                <img class=\"colorbox-311\" \n                    title=\"mtgbatch-wmp-12\"\n                    alt=\"mtgbatch-wmp-12\"\n                    src=\"https:\/\/hit-maschinenbau.de\/wp-content\/gallery\/2-2-2-festigkeitssortierung\/thumbs\/thumbs_mtgbatch-wmp-12.jpg\"\n                    width=\"210\"\n                    height=\"280\"\n                    style=\"max-width:100%;\"\n                \/>\n            <\/a>\n        <\/div>\n\t\t\t\t\t\t\t<\/div> \n\t\t\t\n\t\t\t\t<div id=\"ngg-image-1\" class=\"ngg-gallery-thumbnail-box \" >\n\t\t\t\t        <div class=\"ngg-gallery-thumbnail\">\n            <a href=\"https:\/\/hit-maschinenbau.de\/wp-content\/gallery\/2-2-2-festigkeitssortierung\/mtgbatch-wmp-13.jpg\"\n               title=\"\"\n               data-src=\"https:\/\/hit-maschinenbau.de\/wp-content\/gallery\/2-2-2-festigkeitssortierung\/mtgbatch-wmp-13.jpg\"\n               data-thumbnail=\"https:\/\/hit-maschinenbau.de\/wp-content\/gallery\/2-2-2-festigkeitssortierung\/thumbs\/thumbs_mtgbatch-wmp-13.jpg\"\n               data-image-id=\"280\"\n               data-title=\"mtgbatch-wmp-13\"\n               data-description=\"\"\n               data-image-slug=\"mtgbatch-wmp-13-2\"\n               class=\"ngg-simplelightbox\" rel=\"582b87b107f4b28a7cd411a6356bb857\">\n                <img class=\"colorbox-311\" \n                    title=\"mtgbatch-wmp-13\"\n                    alt=\"mtgbatch-wmp-13\"\n                    src=\"https:\/\/hit-maschinenbau.de\/wp-content\/gallery\/2-2-2-festigkeitssortierung\/thumbs\/thumbs_mtgbatch-wmp-13.jpg\"\n                    width=\"210\"\n                    height=\"157\"\n                    style=\"max-width:100%;\"\n                \/>\n            <\/a>\n        <\/div>\n\t\t\t\t\t\t\t<\/div> \n\t\t\t\n\t\t\t\t<div id=\"ngg-image-2\" class=\"ngg-gallery-thumbnail-box \" >\n\t\t\t\t        <div class=\"ngg-gallery-thumbnail\">\n            <a href=\"https:\/\/hit-maschinenbau.de\/wp-content\/gallery\/2-2-2-festigkeitssortierung\/mtgbatch-wmp-15.jpg\"\n               title=\"\"\n               data-src=\"https:\/\/hit-maschinenbau.de\/wp-content\/gallery\/2-2-2-festigkeitssortierung\/mtgbatch-wmp-15.jpg\"\n               data-thumbnail=\"https:\/\/hit-maschinenbau.de\/wp-content\/gallery\/2-2-2-festigkeitssortierung\/thumbs\/thumbs_mtgbatch-wmp-15.jpg\"\n               data-image-id=\"281\"\n               data-title=\"mtgbatch-wmp-15\"\n               data-description=\"\"\n               data-image-slug=\"mtgbatch-wmp-15-2\"\n               class=\"ngg-simplelightbox\" rel=\"582b87b107f4b28a7cd411a6356bb857\">\n                <img class=\"colorbox-311\" \n                    title=\"mtgbatch-wmp-15\"\n                    alt=\"mtgbatch-wmp-15\"\n                    src=\"https:\/\/hit-maschinenbau.de\/wp-content\/gallery\/2-2-2-festigkeitssortierung\/thumbs\/thumbs_mtgbatch-wmp-15.jpg\"\n                    width=\"210\"\n                    height=\"157\"\n                    style=\"max-width:100%;\"\n                \/>\n            <\/a>\n        <\/div>\n\t\t\t\t\t\t\t<\/div> \n\t\t\t\n\t\n\t<br style=\"clear: both\" \/>\n\n\t\n\t\t<!-- Pagination -->\n\t<div class='ngg-clear'><\/div>\t<\/div>\n<br \/>\n  <\/p>","protected":false},"excerpt":{"rendered":"<\/p>\n<p> Maschinelle Festigkeitssortierung <\/p>\n<p>Zunehmend und besonders im Rahmen der verpflichtenden CE-Zertifizierung nach DIN 14081 gewinnt auch im S\u00e4gewerk die maschinelle Festigkeitssortierung von getrocknetem Schnittholz an Bedeutung. Die maschinelle Sortierung liefert [&#8230;]<\/p>\n","protected":false},"author":4,"featured_media":0,"parent":143,"menu_order":104,"comment_status":"closed","ping_status":"closed","template":"","meta":{"ngg_post_thumbnail":0},"_links":{"self":[{"href":"https:\/\/hit-maschinenbau.de\/index.php\/wp-json\/wp\/v2\/pages\/311"}],"collection":[{"href":"https:\/\/hit-maschinenbau.de\/index.php\/wp-json\/wp\/v2\/pages"}],"about":[{"href":"https:\/\/hit-maschinenbau.de\/index.php\/wp-json\/wp\/v2\/types\/page"}],"author":[{"embeddable":true,"href":"https:\/\/hit-maschinenbau.de\/index.php\/wp-json\/wp\/v2\/users\/4"}],"replies":[{"embeddable":true,"href":"https:\/\/hit-maschinenbau.de\/index.php\/wp-json\/wp\/v2\/comments?post=311"}],"version-history":[{"count":18,"href":"https:\/\/hit-maschinenbau.de\/index.php\/wp-json\/wp\/v2\/pages\/311\/revisions"}],"predecessor-version":[{"id":3266,"href":"https:\/\/hit-maschinenbau.de\/index.php\/wp-json\/wp\/v2\/pages\/311\/revisions\/3266"}],"up":[{"embeddable":true,"href":"https:\/\/hit-maschinenbau.de\/index.php\/wp-json\/wp\/v2\/pages\/143"}],"wp:attachment":[{"href":"https:\/\/hit-maschinenbau.de\/index.php\/wp-json\/wp\/v2\/media?parent=311"}],"curies":[{"name":"wp","href":"https:\/\/api.w.org\/{rel}","templated":true}]}}