{"id":313,"date":"2013-03-21T12:13:59","date_gmt":"2013-03-21T10:13:59","guid":{"rendered":"http:\/\/www.hit-maschinenbau.de\/?page_id=313"},"modified":"2015-04-29T11:34:17","modified_gmt":"2015-04-29T09:34:17","slug":"beurteilungsstationen","status":"publish","type":"page","link":"https:\/\/hit-maschinenbau.de\/index.php\/hobeltechnik\/hobelbeschickungen\/beurteilungsstationen\/","title":{"rendered":"Beurteilungsstationen"},"content":{"rendered":"<p><\/p>\n<h2>Beurteilungs- und Messstationen \/ Brettwender<\/h2>\n<p>Beurteilungsstationen erm\u00f6glichen eine visuelle Kontrolle der Ware durch das Bedienpersonal oder Scanner, mit der M\u00f6glichkeit dem sortierten Brett die jeweilige Qualit\u00e4t zuzuweisen und somit schlechte Ware bereits vor dem Hobel auszuwerfen.<\/p>\n<p>&nbsp;<\/p>\n<p>Die Beurteilungsstation k\u00f6nnen zudem mit automatischen Holzfeuchtemessger\u00e4ten ausger\u00fcstet werden, so das Ware mit falscher Holzfeuchte ebenfalls bereits vor dem Hobel ausgeworfen werden und z.B. f\u00fcr eine nochmalige Trocknung bereit gestellt werden kann.\u00a0Ebenso integrieren wir Systeme zur Festigkeitsmessung wie z.B. unser System \u201emtgBATCH\u201c<\/p>\n<p>&nbsp;<\/p>\n<p>Unsere verschiedenen Systeme zur automatischen Brettwendung vor der Hobelmaschine stellen die richtige Lage des Brettes vor dem Hobeln sicher.<\/p>\n<p>&nbsp;<\/p>\n<p><strong>Zu unserem Lieferumfang geh\u00f6ren:<\/strong><\/p>\n<p>&nbsp;<\/p>\n<ul>\n<li>Mechanisierungen zur visuellen Beurteilung<\/li>\n<li>Mechanisierungen mit integrierten Scanner-Systemen, bzw. Festigkeitsmessungen<\/li>\n<li>Dimensionsvermessungen<\/li>\n<li>Kr\u00fcmmungsvermessungen mit anschlie\u00dfendem automatischem Brettwender<\/li>\n<li>Holzfeuchtemessung<\/li>\n<\/ul>\n<p><!-- default-view.php -->\n<div\n\tclass=\"ngg-galleryoverview default-view \"\n\tid=\"ngg-gallery-0675379104e1bdab5452c85f6d44c0df-1\">\n\n\t\t<!-- Thumbnails -->\n\t\t\t\t<div id=\"ngg-image-0\" class=\"ngg-gallery-thumbnail-box \" >\n\t\t\t\t        <div class=\"ngg-gallery-thumbnail\">\n            <a href=\"https:\/\/hit-maschinenbau.de\/wp-content\/gallery\/2-2-1-beurteilungsstationen\/hdh-kvh-fertigung-12.jpg\"\n               title=\"\"\n               data-src=\"https:\/\/hit-maschinenbau.de\/wp-content\/gallery\/2-2-1-beurteilungsstationen\/hdh-kvh-fertigung-12.jpg\"\n               data-thumbnail=\"https:\/\/hit-maschinenbau.de\/wp-content\/gallery\/2-2-1-beurteilungsstationen\/thumbs\/thumbs_hdh-kvh-fertigung-12.jpg\"\n               data-image-id=\"273\"\n               data-title=\"hdh-kvh-fertigung-12\"\n               data-description=\"\"\n               data-image-slug=\"hdh-kvh-fertigung-12\"\n               class=\"ngg-simplelightbox\" rel=\"0675379104e1bdab5452c85f6d44c0df\">\n                <img class=\"colorbox-313\" \n                    title=\"hdh-kvh-fertigung-12\"\n                    alt=\"hdh-kvh-fertigung-12\"\n                    src=\"https:\/\/hit-maschinenbau.de\/wp-content\/gallery\/2-2-1-beurteilungsstationen\/thumbs\/thumbs_hdh-kvh-fertigung-12.jpg\"\n                    width=\"210\"\n                    height=\"139\"\n                    style=\"max-width:100%;\"\n                \/>\n            <\/a>\n        <\/div>\n\t\t\t\t\t\t\t<\/div> \n\t\t\t\n\t\t\t\t<div id=\"ngg-image-1\" class=\"ngg-gallery-thumbnail-box \" >\n\t\t\t\t        <div class=\"ngg-gallery-thumbnail\">\n            <a href=\"https:\/\/hit-maschinenbau.de\/wp-content\/gallery\/2-2-1-beurteilungsstationen\/hdh-kvh-fertigung-9.jpg\"\n               title=\"\"\n               data-src=\"https:\/\/hit-maschinenbau.de\/wp-content\/gallery\/2-2-1-beurteilungsstationen\/hdh-kvh-fertigung-9.jpg\"\n               data-thumbnail=\"https:\/\/hit-maschinenbau.de\/wp-content\/gallery\/2-2-1-beurteilungsstationen\/thumbs\/thumbs_hdh-kvh-fertigung-9.jpg\"\n               data-image-id=\"274\"\n               data-title=\"hdh-kvh-fertigung-9\"\n               data-description=\"\"\n               data-image-slug=\"hdh-kvh-fertigung-9\"\n               class=\"ngg-simplelightbox\" rel=\"0675379104e1bdab5452c85f6d44c0df\">\n                <img class=\"colorbox-313\" \n                    title=\"hdh-kvh-fertigung-9\"\n                    alt=\"hdh-kvh-fertigung-9\"\n                    src=\"https:\/\/hit-maschinenbau.de\/wp-content\/gallery\/2-2-1-beurteilungsstationen\/thumbs\/thumbs_hdh-kvh-fertigung-9.jpg\"\n                    width=\"210\"\n                    height=\"139\"\n                    style=\"max-width:100%;\"\n                \/>\n            <\/a>\n        <\/div>\n\t\t\t\t\t\t\t<\/div> \n\t\t\t\n\t\t\t\t<div id=\"ngg-image-2\" class=\"ngg-gallery-thumbnail-box \" >\n\t\t\t\t        <div class=\"ngg-gallery-thumbnail\">\n            <a href=\"https:\/\/hit-maschinenbau.de\/wp-content\/gallery\/2-2-1-beurteilungsstationen\/mkl-duo-und-hobelwerk-71.jpg\"\n               title=\"\"\n               data-src=\"https:\/\/hit-maschinenbau.de\/wp-content\/gallery\/2-2-1-beurteilungsstationen\/mkl-duo-und-hobelwerk-71.jpg\"\n               data-thumbnail=\"https:\/\/hit-maschinenbau.de\/wp-content\/gallery\/2-2-1-beurteilungsstationen\/thumbs\/thumbs_mkl-duo-und-hobelwerk-71.jpg\"\n               data-image-id=\"278\"\n               data-title=\"mkl-duo-und-hobelwerk-71\"\n               data-description=\"\"\n               data-image-slug=\"mkl-duo-und-hobelwerk-71\"\n               class=\"ngg-simplelightbox\" rel=\"0675379104e1bdab5452c85f6d44c0df\">\n                <img class=\"colorbox-313\" \n                    title=\"mkl-duo-und-hobelwerk-71\"\n                    alt=\"mkl-duo-und-hobelwerk-71\"\n                    src=\"https:\/\/hit-maschinenbau.de\/wp-content\/gallery\/2-2-1-beurteilungsstationen\/thumbs\/thumbs_mkl-duo-und-hobelwerk-71.jpg\"\n                    width=\"210\"\n                    height=\"157\"\n                    style=\"max-width:100%;\"\n                \/>\n            <\/a>\n        <\/div>\n\t\t\t\t\t\t\t<\/div> \n\t\t\t\n\t\n\t<br style=\"clear: both\" \/>\n\n\t\n\t\t<!-- Pagination -->\n\t<div class='ngg-clear'><\/div>\t<\/div>\n<br \/>\n  <\/p>","protected":false},"excerpt":{"rendered":"<\/p>\n<p> Beurteilungs- und Messstationen \/ Brettwender <\/p>\n<p>Beurteilungsstationen erm\u00f6glichen eine visuelle Kontrolle der Ware durch das Bedienpersonal oder Scanner, mit der M\u00f6glichkeit dem sortierten Brett die jeweilige Qualit\u00e4t zuzuweisen und somit [&#8230;]<\/p>\n","protected":false},"author":4,"featured_media":0,"parent":143,"menu_order":103,"comment_status":"closed","ping_status":"closed","template":"","meta":{"ngg_post_thumbnail":0},"_links":{"self":[{"href":"https:\/\/hit-maschinenbau.de\/index.php\/wp-json\/wp\/v2\/pages\/313"}],"collection":[{"href":"https:\/\/hit-maschinenbau.de\/index.php\/wp-json\/wp\/v2\/pages"}],"about":[{"href":"https:\/\/hit-maschinenbau.de\/index.php\/wp-json\/wp\/v2\/types\/page"}],"author":[{"embeddable":true,"href":"https:\/\/hit-maschinenbau.de\/index.php\/wp-json\/wp\/v2\/users\/4"}],"replies":[{"embeddable":true,"href":"https:\/\/hit-maschinenbau.de\/index.php\/wp-json\/wp\/v2\/comments?post=313"}],"version-history":[{"count":13,"href":"https:\/\/hit-maschinenbau.de\/index.php\/wp-json\/wp\/v2\/pages\/313\/revisions"}],"predecessor-version":[{"id":3265,"href":"https:\/\/hit-maschinenbau.de\/index.php\/wp-json\/wp\/v2\/pages\/313\/revisions\/3265"}],"up":[{"embeddable":true,"href":"https:\/\/hit-maschinenbau.de\/index.php\/wp-json\/wp\/v2\/pages\/143"}],"wp:attachment":[{"href":"https:\/\/hit-maschinenbau.de\/index.php\/wp-json\/wp\/v2\/media?parent=313"}],"curies":[{"name":"wp","href":"https:\/\/api.w.org\/{rel}","templated":true}]}}