{"id":319,"date":"2013-03-21T12:16:09","date_gmt":"2013-03-21T10:16:09","guid":{"rendered":"http:\/\/www.hit-maschinenbau.de\/?page_id=319"},"modified":"2015-04-29T11:46:20","modified_gmt":"2015-04-29T09:46:20","slug":"beurteilungsstationen","status":"publish","type":"page","link":"https:\/\/hit-maschinenbau.de\/index.php\/hobeltechnik\/sortierlinien\/beurteilungsstationen\/","title":{"rendered":"Beurteilungsstationen"},"content":{"rendered":"<p><\/p>\n<h2>Beurteilungsstationen<\/h2>\n<p>Unsere Beurteilungsstationen zur Begutachtung von Schnittholz erm\u00f6glichen, je nach Ausf\u00fchrung, eine Betrachtung der Holzoberfl\u00e4che von allen 4 Seiten. Die Qualit\u00e4tssortierung kann dabei manuell durch einen oder mehrere Mitarbeiter, oder aber automatisiert durch Scanner erfolgen. Auch eine Kombination von manueller und automatischer Sortierung ist verf\u00fcgbar.<\/p>\n<p>&nbsp;<\/p>\n<p>Die Zuordnung der Qualit\u00e4t zum jeweiligen Brett kann auf verschiedenste Weise erfolgen, wie zum Beispiel bei einer manuellen Sortierung durch Ziehen oder Schieben der Bretter und dem Auslesen der Brettposition \u00fcber Lichttaster oder auch \u00fcber das Bet\u00e4tigen von Tastern. Bei einer automatischen Qualit\u00e4tssortierung werden die vom Scanner ermittelten Daten virtuell mit dem jeweiligen Brett verkn\u00fcpft.<\/p>\n<p>&nbsp;<\/p>\n<p>Um Verreihungen von Brettern und daraus folgend falsche Qualit\u00e4tszuweisungen innerhalb der Sortierlinie zu verhindern, sehen wir in unseren Anlagen diverse Mechanismen zur Verreihungs- und Plausibilit\u00e4tskontrolle, wie z.B. eine eindeutige Markierung der Bretter vor.<\/p>\n<p><!-- default-view.php -->\n<div\n\tclass=\"ngg-galleryoverview default-view \"\n\tid=\"ngg-gallery-290e252f7975a90c02b5d90a525bdb4a-1\">\n\n\t\t<!-- Thumbnails -->\n\t\t\t\t<div id=\"ngg-image-0\" class=\"ngg-gallery-thumbnail-box \" >\n\t\t\t\t        <div class=\"ngg-gallery-thumbnail\">\n            <a href=\"https:\/\/hit-maschinenbau.de\/wp-content\/gallery\/2-3-1-beurteilungsstationen\/hobellinie-kel-51.jpg\"\n               title=\"\"\n               data-src=\"https:\/\/hit-maschinenbau.de\/wp-content\/gallery\/2-3-1-beurteilungsstationen\/hobellinie-kel-51.jpg\"\n               data-thumbnail=\"https:\/\/hit-maschinenbau.de\/wp-content\/gallery\/2-3-1-beurteilungsstationen\/thumbs\/thumbs_hobellinie-kel-51.jpg\"\n               data-image-id=\"287\"\n               data-title=\"hobellinie-kel-51\"\n               data-description=\"\"\n               data-image-slug=\"hobellinie-kel-51-2\"\n               class=\"ngg-simplelightbox\" rel=\"290e252f7975a90c02b5d90a525bdb4a\">\n                <img class=\"colorbox-319\" \n                    title=\"hobellinie-kel-51\"\n                    alt=\"hobellinie-kel-51\"\n                    src=\"https:\/\/hit-maschinenbau.de\/wp-content\/gallery\/2-3-1-beurteilungsstationen\/thumbs\/thumbs_hobellinie-kel-51.jpg\"\n                    width=\"210\"\n                    height=\"157\"\n                    style=\"max-width:100%;\"\n                \/>\n            <\/a>\n        <\/div>\n\t\t\t\t\t\t\t<\/div> \n\t\t\t\n\t\t\t\t<div id=\"ngg-image-1\" class=\"ngg-gallery-thumbnail-box \" >\n\t\t\t\t        <div class=\"ngg-gallery-thumbnail\">\n            <a href=\"https:\/\/hit-maschinenbau.de\/wp-content\/gallery\/2-3-1-beurteilungsstationen\/hobellinie-kel-57.jpg\"\n               title=\"\"\n               data-src=\"https:\/\/hit-maschinenbau.de\/wp-content\/gallery\/2-3-1-beurteilungsstationen\/hobellinie-kel-57.jpg\"\n               data-thumbnail=\"https:\/\/hit-maschinenbau.de\/wp-content\/gallery\/2-3-1-beurteilungsstationen\/thumbs\/thumbs_hobellinie-kel-57.jpg\"\n               data-image-id=\"288\"\n               data-title=\"hobellinie-kel-57\"\n               data-description=\"\"\n               data-image-slug=\"hobellinie-kel-57\"\n               class=\"ngg-simplelightbox\" rel=\"290e252f7975a90c02b5d90a525bdb4a\">\n                <img class=\"colorbox-319\" \n                    title=\"hobellinie-kel-57\"\n                    alt=\"hobellinie-kel-57\"\n                    src=\"https:\/\/hit-maschinenbau.de\/wp-content\/gallery\/2-3-1-beurteilungsstationen\/thumbs\/thumbs_hobellinie-kel-57.jpg\"\n                    width=\"210\"\n                    height=\"157\"\n                    style=\"max-width:100%;\"\n                \/>\n            <\/a>\n        <\/div>\n\t\t\t\t\t\t\t<\/div> \n\t\t\t\n\t\n\t<br style=\"clear: both\" \/>\n\n\t\n\t\t<!-- Pagination -->\n\t<div class='ngg-clear'><\/div>\t<\/div>\n<br \/>\n  <\/p>","protected":false},"excerpt":{"rendered":"<\/p>\n<p> Beurteilungsstationen <\/p>\n<p>Unsere Beurteilungsstationen zur Begutachtung von Schnittholz erm\u00f6glichen, je nach Ausf\u00fchrung, eine Betrachtung der Holzoberfl\u00e4che von allen 4 Seiten. Die Qualit\u00e4tssortierung kann dabei manuell durch einen oder mehrere Mitarbeiter, [&#8230;]<\/p>\n","protected":false},"author":4,"featured_media":0,"parent":284,"menu_order":107,"comment_status":"closed","ping_status":"closed","template":"","meta":{"ngg_post_thumbnail":0},"_links":{"self":[{"href":"https:\/\/hit-maschinenbau.de\/index.php\/wp-json\/wp\/v2\/pages\/319"}],"collection":[{"href":"https:\/\/hit-maschinenbau.de\/index.php\/wp-json\/wp\/v2\/pages"}],"about":[{"href":"https:\/\/hit-maschinenbau.de\/index.php\/wp-json\/wp\/v2\/types\/page"}],"author":[{"embeddable":true,"href":"https:\/\/hit-maschinenbau.de\/index.php\/wp-json\/wp\/v2\/users\/4"}],"replies":[{"embeddable":true,"href":"https:\/\/hit-maschinenbau.de\/index.php\/wp-json\/wp\/v2\/comments?post=319"}],"version-history":[{"count":14,"href":"https:\/\/hit-maschinenbau.de\/index.php\/wp-json\/wp\/v2\/pages\/319\/revisions"}],"predecessor-version":[{"id":3269,"href":"https:\/\/hit-maschinenbau.de\/index.php\/wp-json\/wp\/v2\/pages\/319\/revisions\/3269"}],"up":[{"embeddable":true,"href":"https:\/\/hit-maschinenbau.de\/index.php\/wp-json\/wp\/v2\/pages\/284"}],"wp:attachment":[{"href":"https:\/\/hit-maschinenbau.de\/index.php\/wp-json\/wp\/v2\/media?parent=319"}],"curies":[{"name":"wp","href":"https:\/\/api.w.org\/{rel}","templated":true}]}}