{"id":328,"date":"2013-03-21T12:18:37","date_gmt":"2013-03-21T10:18:37","guid":{"rendered":"http:\/\/www.hit-maschinenbau.de\/?page_id=328"},"modified":"2015-04-29T12:03:59","modified_gmt":"2015-04-29T10:03:59","slug":"vollautomatische-stapelanlagen","status":"publish","type":"page","link":"https:\/\/hit-maschinenbau.de\/index.php\/hobeltechnik\/stapeln\/vollautomatische-stapelanlagen\/","title":{"rendered":"Vollautomatische Stapelanlagen"},"content":{"rendered":"<p><\/p>\n<h2>Vollautomatische Stapelanlagen<\/h2>\n<p>Unsere vollautomatischen Stapelanlagen garantieren einen kontinuierlichen Materialabfluss aus der Hobel- oder Sortierlinie, so dass an den vorgelagerten Anlagen keine Stillstandszeiten entstehen.<\/p>\n<p>&nbsp;<\/p>\n<p>Entsprechend der notwendigen Leistung f\u00fchren wir unsere Stapelmaschinen mit <strong>Stapelzungen oder mit Vakuumhebern<\/strong> aus. Bei beiden Ausf\u00fchrungen wird das Schnittholz zu Lagen aufgesammelt und lagenweise auf das zu bildende Paket abgelegt. Das Paket wird dabei um die jeweilige Lagenst\u00e4rke abgesenkt, so dass die Paketoberkante f\u00fcr das Ablegen der n\u00e4chsten Lage immer konstant gehalten wird.<\/p>\n<p>&nbsp;<\/p>\n<p>F\u00fcr eine Reduzierung der Paketwechselzeit nach Fertigstellung eines Paketes bis zum Start der Stapelung eines neuen Paketes bieten wir integrierte Zwischenhubb\u00fchnen an, mit deren Hilfe die Stapelung kontinuierlich erfolgen kann \u2013 Totzeiten werden somit vermieden.<\/p>\n<p>&nbsp;<\/p>\n<p><strong>Mit unseren vollautomatischen Stapelanlagen haben Sie verschiedene M\u00f6glichkeiten der Paketbildung:<\/strong><\/p>\n<p>&nbsp;<\/p>\n<ul>\n<li><em>Stapeln von fallenden Breiten:<\/em> dabei werden die Brettbreiten vor der Lagenbildung gemessen und entsprechend der maximalen Lagenbreite zusammengestellt<\/li>\n<li><em>Stapeln mit L\u00fccke:<\/em> beim Ablegen der Lage wird zwischen jedem Brett eine definierte L\u00fccke erzeugt, so dass alle Lagen dasselbe Au\u00dfenma\u00df und die Pakete somit eine geschlossen Kontur haben. Dies kann ebenfalls beim Stapeln von fallenden Breiten erfolgen<\/li>\n<li><em>Stapeln mit Diagonalversatz:<\/em> jede Lage wird diagonal versetzt zur darunter liegenden Lage abgelegt. Dies erh\u00f6ht die Stabilit\u00e4t der Pakete insbesondere bei einem anschlie\u00dfenden innerbetrieblichen Transport<\/li>\n<\/ul>\n<!-- default-view.php -->\n<div\n\tclass=\"ngg-galleryoverview default-view \"\n\tid=\"ngg-gallery-35028976071f5bb917cf84737c177f4d-1\">\n\n\t\t<!-- Thumbnails -->\n\t\t\t\t<div id=\"ngg-image-0\" class=\"ngg-gallery-thumbnail-box \" >\n\t\t\t\t        <div class=\"ngg-gallery-thumbnail\">\n            <a href=\"https:\/\/hit-maschinenbau.de\/wp-content\/gallery\/2-5-2-vollautomatische-stapelanlagen\/hobellinie-kel-76.jpg\"\n               title=\"\"\n               data-src=\"https:\/\/hit-maschinenbau.de\/wp-content\/gallery\/2-5-2-vollautomatische-stapelanlagen\/hobellinie-kel-76.jpg\"\n               data-thumbnail=\"https:\/\/hit-maschinenbau.de\/wp-content\/gallery\/2-5-2-vollautomatische-stapelanlagen\/thumbs\/thumbs_hobellinie-kel-76.jpg\"\n               data-image-id=\"295\"\n               data-title=\"hobellinie-kel-76\"\n               data-description=\"\"\n               data-image-slug=\"hobellinie-kel-76\"\n               class=\"ngg-simplelightbox\" rel=\"35028976071f5bb917cf84737c177f4d\">\n                <img class=\"colorbox-328\" \n                    title=\"hobellinie-kel-76\"\n                    alt=\"hobellinie-kel-76\"\n                    src=\"https:\/\/hit-maschinenbau.de\/wp-content\/gallery\/2-5-2-vollautomatische-stapelanlagen\/thumbs\/thumbs_hobellinie-kel-76.jpg\"\n                    width=\"210\"\n                    height=\"157\"\n                    style=\"max-width:100%;\"\n                \/>\n            <\/a>\n        <\/div>\n\t\t\t\t\t\t\t<\/div> \n\t\t\t\n\t\n\t<br style=\"clear: both\" \/>\n\n\t\n\t\t<!-- Pagination -->\n\t<div class='ngg-clear'><\/div>\t<\/div>\n\n<p>  <\/p>","protected":false},"excerpt":{"rendered":"<\/p>\n<p> Vollautomatische Stapelanlagen <\/p>\n<p>Unsere vollautomatischen Stapelanlagen garantieren einen kontinuierlichen Materialabfluss aus der Hobel- oder Sortierlinie, so dass an den vorgelagerten Anlagen keine Stillstandszeiten entstehen.<\/p>\n<p>&nbsp;<\/p>\n<p>Entsprechend der notwendigen Leistung f\u00fchren [&#8230;]<\/p>\n","protected":false},"author":4,"featured_media":0,"parent":289,"menu_order":69,"comment_status":"closed","ping_status":"closed","template":"","meta":{"ngg_post_thumbnail":0},"_links":{"self":[{"href":"https:\/\/hit-maschinenbau.de\/index.php\/wp-json\/wp\/v2\/pages\/328"}],"collection":[{"href":"https:\/\/hit-maschinenbau.de\/index.php\/wp-json\/wp\/v2\/pages"}],"about":[{"href":"https:\/\/hit-maschinenbau.de\/index.php\/wp-json\/wp\/v2\/types\/page"}],"author":[{"embeddable":true,"href":"https:\/\/hit-maschinenbau.de\/index.php\/wp-json\/wp\/v2\/users\/4"}],"replies":[{"embeddable":true,"href":"https:\/\/hit-maschinenbau.de\/index.php\/wp-json\/wp\/v2\/comments?post=328"}],"version-history":[{"count":14,"href":"https:\/\/hit-maschinenbau.de\/index.php\/wp-json\/wp\/v2\/pages\/328\/revisions"}],"predecessor-version":[{"id":3279,"href":"https:\/\/hit-maschinenbau.de\/index.php\/wp-json\/wp\/v2\/pages\/328\/revisions\/3279"}],"up":[{"embeddable":true,"href":"https:\/\/hit-maschinenbau.de\/index.php\/wp-json\/wp\/v2\/pages\/289"}],"wp:attachment":[{"href":"https:\/\/hit-maschinenbau.de\/index.php\/wp-json\/wp\/v2\/media?parent=328"}],"curies":[{"name":"wp","href":"https:\/\/api.w.org\/{rel}","templated":true}]}}