{"id":337,"date":"2013-03-21T12:20:58","date_gmt":"2013-03-21T10:20:58","guid":{"rendered":"http:\/\/www.hit-maschinenbau.de\/?page_id=337"},"modified":"2015-04-29T12:07:50","modified_gmt":"2015-04-29T10:07:50","slug":"paketfolierlinien","status":"publish","type":"page","link":"https:\/\/hit-maschinenbau.de\/index.php\/hobeltechnik\/verpacken\/paketfolierlinien\/","title":{"rendered":"Paketfolierlinien"},"content":{"rendered":"<p><\/p>\n<h2>Paketfolierlinien<\/h2>\n<p>Wir liefern Systeme zum holzschonenden Transport von einzelnen H\u00f6lzern oder auch ganzen Paketen durch Foliermaschinen und garantieren eine sichere Werkst\u00fcckf\u00fchrung, sowie einen kontinuierlichen Vorschub f\u00fcr ein optimales Folierergebnis.<\/p>\n<p>&nbsp;<\/p>\n<p>Selbstverst\u00e4ndlich integrieren wir als Systemlieferant Foliermaschinen in unsere Anlagentechnik.<\/p>\n<p>  <\/p>","protected":false},"excerpt":{"rendered":"<\/p>\n<p> Paketfolierlinien <\/p>\n<p>Wir liefern Systeme zum holzschonenden Transport von einzelnen H\u00f6lzern oder auch ganzen Paketen durch Foliermaschinen und garantieren eine sichere Werkst\u00fcckf\u00fchrung, sowie einen kontinuierlichen Vorschub f\u00fcr ein optimales Folierergebnis.<\/p>\n<p> [&#8230;]<\/p>\n","protected":false},"author":4,"featured_media":0,"parent":293,"menu_order":77,"comment_status":"closed","ping_status":"closed","template":"","meta":{"ngg_post_thumbnail":0},"_links":{"self":[{"href":"https:\/\/hit-maschinenbau.de\/index.php\/wp-json\/wp\/v2\/pages\/337"}],"collection":[{"href":"https:\/\/hit-maschinenbau.de\/index.php\/wp-json\/wp\/v2\/pages"}],"about":[{"href":"https:\/\/hit-maschinenbau.de\/index.php\/wp-json\/wp\/v2\/types\/page"}],"author":[{"embeddable":true,"href":"https:\/\/hit-maschinenbau.de\/index.php\/wp-json\/wp\/v2\/users\/4"}],"replies":[{"embeddable":true,"href":"https:\/\/hit-maschinenbau.de\/index.php\/wp-json\/wp\/v2\/comments?post=337"}],"version-history":[{"count":10,"href":"https:\/\/hit-maschinenbau.de\/index.php\/wp-json\/wp\/v2\/pages\/337\/revisions"}],"predecessor-version":[{"id":3283,"href":"https:\/\/hit-maschinenbau.de\/index.php\/wp-json\/wp\/v2\/pages\/337\/revisions\/3283"}],"up":[{"embeddable":true,"href":"https:\/\/hit-maschinenbau.de\/index.php\/wp-json\/wp\/v2\/pages\/293"}],"wp:attachment":[{"href":"https:\/\/hit-maschinenbau.de\/index.php\/wp-json\/wp\/v2\/media?parent=337"}],"curies":[{"name":"wp","href":"https:\/\/api.w.org\/{rel}","templated":true}]}}