{"id":341,"date":"2013-03-21T12:24:39","date_gmt":"2013-03-21T10:24:39","guid":{"rendered":"http:\/\/www.hit-maschinenbau.de\/?page_id=341"},"modified":"2015-04-29T12:54:19","modified_gmt":"2015-04-29T10:54:19","slug":"entstapelanlage","status":"publish","type":"page","link":"https:\/\/hit-maschinenbau.de\/index.php\/leimholztechnik\/entstapelanlage\/","title":{"rendered":"Entstapelanlagen"},"content":{"rendered":"<p><\/p>\n<h2>Entstapelanlagen<\/h2>\n<p>Unsere Entstapelanlagen garantieren auf Grund ihrer robusten Ausf\u00fchrung und der hohen Betriebssicherheit eine kontinuierliche Materialversorgung der anschlie\u00dfenden Anlagen auch bei hohen St\u00fcckzahlen.<\/p>\n<p>&nbsp;<\/p>\n<p><strong>Zu unserem Lieferumfang geh\u00f6ren:<\/strong><\/p>\n<p>&nbsp;<\/p>\n<ul>\n<li><a title=\"Kippentstapelungen\" href=\"https:\/\/www.hit-maschinenbau.de\/leimholztechnik\/entstapelanlage\/kippentstapelungen\">Kippentstapelungen<\/a><\/li>\n<li><a title=\"Vakuumentstapelungen\" href=\"https:\/\/www.hit-maschinenbau.de\/leimholztechnik\/entstapelanlage\/vakuumentstapelungen\">Vakuumentstapelungen<\/a><\/li>\n<li><a title=\"L\u00e4ngsabschiebeentstapelungen\" href=\"https:\/\/www.hit-maschinenbau.de\/leimholztechnik\/entstapelanlage\/laengsabschiebeentstapelungen\">L\u00e4ngsabschiebeentstapelungen<\/a><\/li>\n<li><a title=\"Querabschiebeentstapelungen\" href=\"https:\/\/www.hit-maschinenbau.de\/leimholztechnik\/entstapelanlage\/querabschiebeentstapelungen\">Querabschiebeentstapelungen<\/a><\/li>\n<li><a title=\"Trocknungslattenmanipulation\" href=\"https:\/\/www.hit-maschinenbau.de\/leimholztechnik\/entstapelanlage\/trocknungslattenmanipulation\">Trocknungslattenmanipulation<\/a><\/li>\n<\/ul>\n<p><!-- default-view.php -->\n<div\n\tclass=\"ngg-galleryoverview default-view \"\n\tid=\"ngg-gallery-bbc3127acb851be48671f47cbf518bfc-1\">\n\n\t\t<!-- Thumbnails -->\n\t\t\t\t<div id=\"ngg-image-0\" class=\"ngg-gallery-thumbnail-box \" >\n\t\t\t\t        <div class=\"ngg-gallery-thumbnail\">\n            <a href=\"https:\/\/hit-maschinenbau.de\/wp-content\/gallery\/3-1-entstapelanlagen\/entstapeln_1.jpg\"\n               title=\"\"\n               data-src=\"https:\/\/hit-maschinenbau.de\/wp-content\/gallery\/3-1-entstapelanlagen\/entstapeln_1.jpg\"\n               data-thumbnail=\"https:\/\/hit-maschinenbau.de\/wp-content\/gallery\/3-1-entstapelanlagen\/thumbs\/thumbs_entstapeln_1.jpg\"\n               data-image-id=\"318\"\n               data-title=\"entstapeln_1\"\n               data-description=\"\"\n               data-image-slug=\"entstapeln_1\"\n               class=\"ngg-simplelightbox\" rel=\"bbc3127acb851be48671f47cbf518bfc\">\n                <img class=\"colorbox-341\" \n                    title=\"entstapeln_1\"\n                    alt=\"entstapeln_1\"\n                    src=\"https:\/\/hit-maschinenbau.de\/wp-content\/gallery\/3-1-entstapelanlagen\/thumbs\/thumbs_entstapeln_1.jpg\"\n                    width=\"210\"\n                    height=\"157\"\n                    style=\"max-width:100%;\"\n                \/>\n            <\/a>\n        <\/div>\n\t\t\t\t\t\t\t<\/div> \n\t\t\t\n\t\t\t\t<div id=\"ngg-image-1\" class=\"ngg-gallery-thumbnail-box \" >\n\t\t\t\t        <div class=\"ngg-gallery-thumbnail\">\n            <a href=\"https:\/\/hit-maschinenbau.de\/wp-content\/gallery\/3-1-entstapelanlagen\/entstapeln_2.jpg\"\n               title=\"\"\n               data-src=\"https:\/\/hit-maschinenbau.de\/wp-content\/gallery\/3-1-entstapelanlagen\/entstapeln_2.jpg\"\n               data-thumbnail=\"https:\/\/hit-maschinenbau.de\/wp-content\/gallery\/3-1-entstapelanlagen\/thumbs\/thumbs_entstapeln_2.jpg\"\n               data-image-id=\"319\"\n               data-title=\"entstapeln_2\"\n               data-description=\"\"\n               data-image-slug=\"entstapeln_2\"\n               class=\"ngg-simplelightbox\" rel=\"bbc3127acb851be48671f47cbf518bfc\">\n                <img class=\"colorbox-341\" \n                    title=\"entstapeln_2\"\n                    alt=\"entstapeln_2\"\n                    src=\"https:\/\/hit-maschinenbau.de\/wp-content\/gallery\/3-1-entstapelanlagen\/thumbs\/thumbs_entstapeln_2.jpg\"\n                    width=\"210\"\n                    height=\"157\"\n                    style=\"max-width:100%;\"\n                \/>\n            <\/a>\n        <\/div>\n\t\t\t\t\t\t\t<\/div> \n\t\t\t\n\t\t\t\t<div id=\"ngg-image-2\" class=\"ngg-gallery-thumbnail-box \" >\n\t\t\t\t        <div class=\"ngg-gallery-thumbnail\">\n            <a href=\"https:\/\/hit-maschinenbau.de\/wp-content\/gallery\/3-1-entstapelanlagen\/entstapeln_3.jpg\"\n               title=\"\"\n               data-src=\"https:\/\/hit-maschinenbau.de\/wp-content\/gallery\/3-1-entstapelanlagen\/entstapeln_3.jpg\"\n               data-thumbnail=\"https:\/\/hit-maschinenbau.de\/wp-content\/gallery\/3-1-entstapelanlagen\/thumbs\/thumbs_entstapeln_3.jpg\"\n               data-image-id=\"320\"\n               data-title=\"entstapeln_3\"\n               data-description=\"\"\n               data-image-slug=\"entstapeln_3\"\n               class=\"ngg-simplelightbox\" rel=\"bbc3127acb851be48671f47cbf518bfc\">\n                <img class=\"colorbox-341\" \n                    title=\"entstapeln_3\"\n                    alt=\"entstapeln_3\"\n                    src=\"https:\/\/hit-maschinenbau.de\/wp-content\/gallery\/3-1-entstapelanlagen\/thumbs\/thumbs_entstapeln_3.jpg\"\n                    width=\"210\"\n                    height=\"138\"\n                    style=\"max-width:100%;\"\n                \/>\n            <\/a>\n        <\/div>\n\t\t\t\t\t\t\t<\/div> \n\t\t\t\n\t\n\t<br style=\"clear: both\" \/>\n\n\t\n\t\t<!-- Pagination -->\n\t<div class='ngg-clear'><\/div>\t<\/div>\n<br \/>\n  <\/p>","protected":false},"excerpt":{"rendered":"<\/p>\n<p> Entstapelanlagen <\/p>\n<p>Unsere Entstapelanlagen garantieren auf Grund ihrer robusten Ausf\u00fchrung und der hohen Betriebssicherheit eine kontinuierliche Materialversorgung der anschlie\u00dfenden Anlagen auch bei hohen St\u00fcckzahlen.<\/p>\n<p>&nbsp;<\/p>\n<p><strong>Zu unserem Lieferumfang geh\u00f6ren:<\/strong><\/p>\n<p>&nbsp;<\/p>\n<p> [&#8230;]<\/p>\n","protected":false},"author":4,"featured_media":0,"parent":114,"menu_order":9,"comment_status":"closed","ping_status":"closed","template":"","meta":{"ngg_post_thumbnail":0},"_links":{"self":[{"href":"https:\/\/hit-maschinenbau.de\/index.php\/wp-json\/wp\/v2\/pages\/341"}],"collection":[{"href":"https:\/\/hit-maschinenbau.de\/index.php\/wp-json\/wp\/v2\/pages"}],"about":[{"href":"https:\/\/hit-maschinenbau.de\/index.php\/wp-json\/wp\/v2\/types\/page"}],"author":[{"embeddable":true,"href":"https:\/\/hit-maschinenbau.de\/index.php\/wp-json\/wp\/v2\/users\/4"}],"replies":[{"embeddable":true,"href":"https:\/\/hit-maschinenbau.de\/index.php\/wp-json\/wp\/v2\/comments?post=341"}],"version-history":[{"count":13,"href":"https:\/\/hit-maschinenbau.de\/index.php\/wp-json\/wp\/v2\/pages\/341\/revisions"}],"predecessor-version":[{"id":3289,"href":"https:\/\/hit-maschinenbau.de\/index.php\/wp-json\/wp\/v2\/pages\/341\/revisions\/3289"}],"up":[{"embeddable":true,"href":"https:\/\/hit-maschinenbau.de\/index.php\/wp-json\/wp\/v2\/pages\/114"}],"wp:attachment":[{"href":"https:\/\/hit-maschinenbau.de\/index.php\/wp-json\/wp\/v2\/media?parent=341"}],"curies":[{"name":"wp","href":"https:\/\/api.w.org\/{rel}","templated":true}]}}