{"id":343,"date":"2013-03-21T12:25:09","date_gmt":"2013-03-21T10:25:09","guid":{"rendered":"http:\/\/www.hit-maschinenbau.de\/?page_id=343"},"modified":"2015-04-29T13:18:55","modified_gmt":"2015-04-29T11:18:55","slug":"aushaertelager","status":"publish","type":"page","link":"https:\/\/hit-maschinenbau.de\/index.php\/leimholztechnik\/aushaertelager\/","title":{"rendered":"Aush\u00e4rtelager"},"content":{"rendered":"<p><\/p>\n<h2>Aush\u00e4rtelager<\/h2>\n<p>In Aush\u00e4rtelagern werden die Lamellen nach der Keilzinkung eingelagert um die notwendige Aush\u00e4rtezeit der Keilzinkenverbindung garantieren zu k\u00f6nnen. Die Gr\u00f6\u00dfe des Aush\u00e4rtelagers richtet sich dabei nach verschiedenen Produktionsparametern, wie z.B. die Leistung der Keilzinkenanlage, dem verwendeten Leim und der Anzahl der unterschiedlichen Qualit\u00e4ten.<\/p>\n<p>&nbsp;<\/p>\n<p><strong>Zu unserem Lieferumfang geh\u00f6ren:<\/strong><\/p>\n<p>&nbsp;<\/p>\n<ul>\n<li><a title=\"Etagenlager\" href=\"https:\/\/www.hit-maschinenbau.de\/leimholztechnik\/aushaertelager\/etagenlager\">Etagenlager<\/a><\/li>\n<li><a title=\"Blocklager\" href=\"https:\/\/www.hit-maschinenbau.de\/leimholztechnik\/aushaertelager\/blocklager\">Blocklager<\/a><\/li>\n<\/ul>\n<p><!-- default-view.php -->\n<div\n\tclass=\"ngg-galleryoverview default-view \"\n\tid=\"ngg-gallery-c458a702e3f9b8c2137f75132a25185d-1\">\n\n\t\t<!-- Thumbnails -->\n\t\t\t\t<div id=\"ngg-image-0\" class=\"ngg-gallery-thumbnail-box \" >\n\t\t\t\t        <div class=\"ngg-gallery-thumbnail\">\n            <a href=\"https:\/\/hit-maschinenbau.de\/wp-content\/gallery\/3-2-aushaertelager\/aushaertelager_1.jpg\"\n               title=\"\"\n               data-src=\"https:\/\/hit-maschinenbau.de\/wp-content\/gallery\/3-2-aushaertelager\/aushaertelager_1.jpg\"\n               data-thumbnail=\"https:\/\/hit-maschinenbau.de\/wp-content\/gallery\/3-2-aushaertelager\/thumbs\/thumbs_aushaertelager_1.jpg\"\n               data-image-id=\"344\"\n               data-title=\"aushaertelager_1\"\n               data-description=\"\"\n               data-image-slug=\"aushaertelager_1\"\n               class=\"ngg-simplelightbox\" rel=\"c458a702e3f9b8c2137f75132a25185d\">\n                <img class=\"colorbox-343\" \n                    title=\"aushaertelager_1\"\n                    alt=\"aushaertelager_1\"\n                    src=\"https:\/\/hit-maschinenbau.de\/wp-content\/gallery\/3-2-aushaertelager\/thumbs\/thumbs_aushaertelager_1.jpg\"\n                    width=\"210\"\n                    height=\"157\"\n                    style=\"max-width:100%;\"\n                \/>\n            <\/a>\n        <\/div>\n\t\t\t\t\t\t\t<\/div> \n\t\t\t\n\t\t\t\t<div id=\"ngg-image-1\" class=\"ngg-gallery-thumbnail-box \" >\n\t\t\t\t        <div class=\"ngg-gallery-thumbnail\">\n            <a href=\"https:\/\/hit-maschinenbau.de\/wp-content\/gallery\/3-2-aushaertelager\/aushaertelager_2.jpg\"\n               title=\"\"\n               data-src=\"https:\/\/hit-maschinenbau.de\/wp-content\/gallery\/3-2-aushaertelager\/aushaertelager_2.jpg\"\n               data-thumbnail=\"https:\/\/hit-maschinenbau.de\/wp-content\/gallery\/3-2-aushaertelager\/thumbs\/thumbs_aushaertelager_2.jpg\"\n               data-image-id=\"345\"\n               data-title=\"aushaertelager_2\"\n               data-description=\"\"\n               data-image-slug=\"aushaertelager_2\"\n               class=\"ngg-simplelightbox\" rel=\"c458a702e3f9b8c2137f75132a25185d\">\n                <img class=\"colorbox-343\" \n                    title=\"aushaertelager_2\"\n                    alt=\"aushaertelager_2\"\n                    src=\"https:\/\/hit-maschinenbau.de\/wp-content\/gallery\/3-2-aushaertelager\/thumbs\/thumbs_aushaertelager_2.jpg\"\n                    width=\"210\"\n                    height=\"118\"\n                    style=\"max-width:100%;\"\n                \/>\n            <\/a>\n        <\/div>\n\t\t\t\t\t\t\t<\/div> \n\t\t\t\n\t\n\t<br style=\"clear: both\" \/>\n\n\t\n\t\t<!-- Pagination -->\n\t<div class='ngg-clear'><\/div>\t<\/div>\n<br \/>\n  <\/p>","protected":false},"excerpt":{"rendered":"<\/p>\n<p> Aush\u00e4rtelager <\/p>\n<p>In Aush\u00e4rtelagern werden die Lamellen nach der Keilzinkung eingelagert um die notwendige Aush\u00e4rtezeit der Keilzinkenverbindung garantieren zu k\u00f6nnen. Die Gr\u00f6\u00dfe des Aush\u00e4rtelagers richtet sich dabei nach verschiedenen Produktionsparametern, [&#8230;]<\/p>\n","protected":false},"author":4,"featured_media":0,"parent":114,"menu_order":15,"comment_status":"closed","ping_status":"closed","template":"","meta":{"ngg_post_thumbnail":0},"_links":{"self":[{"href":"https:\/\/hit-maschinenbau.de\/index.php\/wp-json\/wp\/v2\/pages\/343"}],"collection":[{"href":"https:\/\/hit-maschinenbau.de\/index.php\/wp-json\/wp\/v2\/pages"}],"about":[{"href":"https:\/\/hit-maschinenbau.de\/index.php\/wp-json\/wp\/v2\/types\/page"}],"author":[{"embeddable":true,"href":"https:\/\/hit-maschinenbau.de\/index.php\/wp-json\/wp\/v2\/users\/4"}],"replies":[{"embeddable":true,"href":"https:\/\/hit-maschinenbau.de\/index.php\/wp-json\/wp\/v2\/comments?post=343"}],"version-history":[{"count":13,"href":"https:\/\/hit-maschinenbau.de\/index.php\/wp-json\/wp\/v2\/pages\/343\/revisions"}],"predecessor-version":[{"id":3299,"href":"https:\/\/hit-maschinenbau.de\/index.php\/wp-json\/wp\/v2\/pages\/343\/revisions\/3299"}],"up":[{"embeddable":true,"href":"https:\/\/hit-maschinenbau.de\/index.php\/wp-json\/wp\/v2\/pages\/114"}],"wp:attachment":[{"href":"https:\/\/hit-maschinenbau.de\/index.php\/wp-json\/wp\/v2\/media?parent=343"}],"curies":[{"name":"wp","href":"https:\/\/api.w.org\/{rel}","templated":true}]}}