{"id":348,"date":"2013-03-21T12:26:43","date_gmt":"2013-03-21T10:26:43","guid":{"rendered":"http:\/\/www.hit-maschinenbau.de\/?page_id=348"},"modified":"2015-04-30T11:24:21","modified_gmt":"2015-04-30T09:24:21","slug":"pressentechnik-fur-brettsperrholz","status":"publish","type":"page","link":"https:\/\/hit-maschinenbau.de\/index.php\/leimholztechnik\/pressentechnik-fur-brettsperrholz\/","title":{"rendered":"Pressentechnik f\u00fcr Brettsperrholz"},"content":{"rendered":"<p><\/p>\n<h2>Pressentechnik f\u00fcr Brettsperrholz<\/h2>\n<p>F\u00fcr einen stetig wachsenden Markt haben wir schl\u00fcssige Konzepte entwickelt, die eine rationelle Herstellung von Brettsperrholz erm\u00f6glichen.<\/p>\n<p>&nbsp;<\/p>\n<p>Mit unseren Anlagen ist es m\u00f6glich, Brettsperrholzelemente aus lose liegenden Lamellen oder aus vorverleimten Platten zu produzieren. Die Elemente k\u00f6nnen mit unseren Systemen vollfl\u00e4chig oder mit Aussparungen f\u00fcr Fenster und T\u00fcren hergestellt werden.<\/p>\n<p>&nbsp;<\/p>\n<p><strong>Zu unserem Lieferumfang geh\u00f6ren:<\/strong><\/p>\n<p>&nbsp;<\/p>\n<ul>\n<li><a title=\"Legestationen mit Beleimung\" href=\"https:\/\/www.hit-maschinenbau.de\/leimholztechnik\/pressentechnik-fur-brettsperrholz\/legestationen-und-beleimung\">Legestationen mit Beleimung<\/a><\/li>\n<li><a title=\"Systemy pras do drewna klejonego krzy\u017cowo\" href=\"https:\/\/www.hit-maschinenbau.de\/leimholztechnik\/pressentechnik-fur-brettsperrholz\/brettsperrholzpressensysteme\">Legestationen mit Beleimung<\/a><\/li>\n<\/ul>\n<p><!-- default-view.php -->\n<div\n\tclass=\"ngg-galleryoverview default-view \"\n\tid=\"ngg-gallery-f8580b0d7c4733db73b1276b65e186d8-1\">\n\n\t\t<!-- Thumbnails -->\n\t\t\t\t<div id=\"ngg-image-0\" class=\"ngg-gallery-thumbnail-box \" >\n\t\t\t\t        <div class=\"ngg-gallery-thumbnail\">\n            <a href=\"https:\/\/hit-maschinenbau.de\/wp-content\/gallery\/3-4-pressentechnik-fur-brettsperrholz\/pressentechnik_brettsperrholz_1.jpg\"\n               title=\"\"\n               data-src=\"https:\/\/hit-maschinenbau.de\/wp-content\/gallery\/3-4-pressentechnik-fur-brettsperrholz\/pressentechnik_brettsperrholz_1.jpg\"\n               data-thumbnail=\"https:\/\/hit-maschinenbau.de\/wp-content\/gallery\/3-4-pressentechnik-fur-brettsperrholz\/thumbs\/thumbs_pressentechnik_brettsperrholz_1.jpg\"\n               data-image-id=\"389\"\n               data-title=\"pressentechnik_brettsperrholz_1\"\n               data-description=\"\"\n               data-image-slug=\"pressentechnik_brettsperrholz_1\"\n               class=\"ngg-simplelightbox\" rel=\"f8580b0d7c4733db73b1276b65e186d8\">\n                <img class=\"colorbox-348\" \n                    title=\"pressentechnik_brettsperrholz_1\"\n                    alt=\"pressentechnik_brettsperrholz_1\"\n                    src=\"https:\/\/hit-maschinenbau.de\/wp-content\/gallery\/3-4-pressentechnik-fur-brettsperrholz\/thumbs\/thumbs_pressentechnik_brettsperrholz_1.jpg\"\n                    width=\"210\"\n                    height=\"157\"\n                    style=\"max-width:100%;\"\n                \/>\n            <\/a>\n        <\/div>\n\t\t\t\t\t\t\t<\/div> \n\t\t\t\n\t\n\t<br style=\"clear: both\" \/>\n\n\t\n\t\t<!-- Pagination -->\n\t<div class='ngg-clear'><\/div>\t<\/div>\n<br \/>\n  <\/p>","protected":false},"excerpt":{"rendered":"<\/p>\n<p> Pressentechnik f\u00fcr Brettsperrholz <\/p>\n<p>F\u00fcr einen stetig wachsenden Markt haben wir schl\u00fcssige Konzepte entwickelt, die eine rationelle Herstellung von Brettsperrholz erm\u00f6glichen.<\/p>\n<p>&nbsp;<\/p>\n<p>Mit unseren Anlagen ist es m\u00f6glich, Brettsperrholzelemente aus [&#8230;]<\/p>\n","protected":false},"author":4,"featured_media":0,"parent":114,"menu_order":23,"comment_status":"closed","ping_status":"closed","template":"","meta":{"ngg_post_thumbnail":0},"_links":{"self":[{"href":"https:\/\/hit-maschinenbau.de\/index.php\/wp-json\/wp\/v2\/pages\/348"}],"collection":[{"href":"https:\/\/hit-maschinenbau.de\/index.php\/wp-json\/wp\/v2\/pages"}],"about":[{"href":"https:\/\/hit-maschinenbau.de\/index.php\/wp-json\/wp\/v2\/types\/page"}],"author":[{"embeddable":true,"href":"https:\/\/hit-maschinenbau.de\/index.php\/wp-json\/wp\/v2\/users\/4"}],"replies":[{"embeddable":true,"href":"https:\/\/hit-maschinenbau.de\/index.php\/wp-json\/wp\/v2\/comments?post=348"}],"version-history":[{"count":15,"href":"https:\/\/hit-maschinenbau.de\/index.php\/wp-json\/wp\/v2\/pages\/348\/revisions"}],"predecessor-version":[{"id":3355,"href":"https:\/\/hit-maschinenbau.de\/index.php\/wp-json\/wp\/v2\/pages\/348\/revisions\/3355"}],"up":[{"embeddable":true,"href":"https:\/\/hit-maschinenbau.de\/index.php\/wp-json\/wp\/v2\/pages\/114"}],"wp:attachment":[{"href":"https:\/\/hit-maschinenbau.de\/index.php\/wp-json\/wp\/v2\/media?parent=348"}],"curies":[{"name":"wp","href":"https:\/\/api.w.org\/{rel}","templated":true}]}}