{"id":354,"date":"2013-03-21T12:28:04","date_gmt":"2013-03-21T10:28:04","guid":{"rendered":"http:\/\/www.hit-maschinenbau.de\/?page_id=354"},"modified":"2015-04-29T15:20:58","modified_gmt":"2015-04-29T13:20:58","slug":"hobelbeschickungen","status":"publish","type":"page","link":"https:\/\/hit-maschinenbau.de\/index.php\/leimholztechnik\/hobelbeschickungen\/","title":{"rendered":"Hobelbeschickungen"},"content":{"rendered":"<p><\/p>\n<h2>Hobelbeschickungen<\/h2>\n<p>F\u00fcr die Beschickung von Hobelmaschinen f\u00fcr die Vor- oder Finishhobelung von Leimholz liefern wir robuste, zuverl\u00e4ssige und wartungsarme Entstapel- und Zuf\u00fchrungssysteme.<br \/>\nWir legen bereits in den Bereichen Entstapelung und Zuf\u00fchrung zum Hobel gro\u00dfen Wert auf einen schonenden Transport der Ware, so dass Holzbesch\u00e4digungen vermieden werden k\u00f6nnen.<\/p>\n<p>&nbsp;<\/p>\n<p><strong>Zu unserem Lieferumfang geh\u00f6ren:<\/strong><\/p>\n<p>&nbsp;<\/p>\n<ul>\n<li><a title=\"Vakuumentstapelungen\" href=\"https:\/\/www.hit-maschinenbau.de\/leimholztechnik\/hobelbeschickungen\/vakuumentstapelungen\">Vakuumentstapelungen<\/a><\/li>\n<li><a title=\"L\u00e4ngsabschiebeentstapelungen\" href=\"https:\/\/www.hit-maschinenbau.de\/leimholztechnik\/hobelbeschickungen\/laengsabschiebeentstapelungen\">L\u00e4ngsabschiebeentstapelungen<\/a><\/li>\n<li><a title=\"Querabschiebeentstapelungen\" href=\"https:\/\/www.hit-maschinenbau.de\/leimholztechnik\/hobelbeschickungen\/querabschiebeentstapelungen\">Querabschiebeentstapelungen<\/a><\/li>\n<li><a title=\"Hobeleinz\u00fcge\" href=\"https:\/\/www.hit-maschinenbau.de\/leimholztechnik\/hobelbeschickungen\/hobeleinzuege\">Hobeleinz\u00fcge<\/a><\/li>\n<\/ul>\n<p><!-- default-view.php -->\n<div\n\tclass=\"ngg-galleryoverview default-view \"\n\tid=\"ngg-gallery-a468e499f295e39663b4da53f3b3203a-1\">\n\n\t\t<!-- Thumbnails -->\n\t\t\t\t<div id=\"ngg-image-0\" class=\"ngg-gallery-thumbnail-box \" >\n\t\t\t\t        <div class=\"ngg-gallery-thumbnail\">\n            <a href=\"https:\/\/hit-maschinenbau.de\/wp-content\/gallery\/3-6-hobelbeschickungen\/hobelbeschickung_1.jpg\"\n               title=\"\"\n               data-src=\"https:\/\/hit-maschinenbau.de\/wp-content\/gallery\/3-6-hobelbeschickungen\/hobelbeschickung_1.jpg\"\n               data-thumbnail=\"https:\/\/hit-maschinenbau.de\/wp-content\/gallery\/3-6-hobelbeschickungen\/thumbs\/thumbs_hobelbeschickung_1.jpg\"\n               data-image-id=\"413\"\n               data-title=\"hobelbeschickung_1\"\n               data-description=\"\"\n               data-image-slug=\"hobelbeschickung_1\"\n               class=\"ngg-simplelightbox\" rel=\"a468e499f295e39663b4da53f3b3203a\">\n                <img class=\"colorbox-354\" \n                    title=\"hobelbeschickung_1\"\n                    alt=\"hobelbeschickung_1\"\n                    src=\"https:\/\/hit-maschinenbau.de\/wp-content\/gallery\/3-6-hobelbeschickungen\/thumbs\/thumbs_hobelbeschickung_1.jpg\"\n                    width=\"210\"\n                    height=\"157\"\n                    style=\"max-width:100%;\"\n                \/>\n            <\/a>\n        <\/div>\n\t\t\t\t\t\t\t<\/div> \n\t\t\t\n\t\t\t\t<div id=\"ngg-image-1\" class=\"ngg-gallery-thumbnail-box \" >\n\t\t\t\t        <div class=\"ngg-gallery-thumbnail\">\n            <a href=\"https:\/\/hit-maschinenbau.de\/wp-content\/gallery\/3-6-hobelbeschickungen\/hobelbeschickung_2.jpg\"\n               title=\"\"\n               data-src=\"https:\/\/hit-maschinenbau.de\/wp-content\/gallery\/3-6-hobelbeschickungen\/hobelbeschickung_2.jpg\"\n               data-thumbnail=\"https:\/\/hit-maschinenbau.de\/wp-content\/gallery\/3-6-hobelbeschickungen\/thumbs\/thumbs_hobelbeschickung_2.jpg\"\n               data-image-id=\"414\"\n               data-title=\"hobelbeschickung_2\"\n               data-description=\"\"\n               data-image-slug=\"hobelbeschickung_2\"\n               class=\"ngg-simplelightbox\" rel=\"a468e499f295e39663b4da53f3b3203a\">\n                <img class=\"colorbox-354\" \n                    title=\"hobelbeschickung_2\"\n                    alt=\"hobelbeschickung_2\"\n                    src=\"https:\/\/hit-maschinenbau.de\/wp-content\/gallery\/3-6-hobelbeschickungen\/thumbs\/thumbs_hobelbeschickung_2.jpg\"\n                    width=\"210\"\n                    height=\"157\"\n                    style=\"max-width:100%;\"\n                \/>\n            <\/a>\n        <\/div>\n\t\t\t\t\t\t\t<\/div> \n\t\t\t\n\t\t\t\t<div id=\"ngg-image-2\" class=\"ngg-gallery-thumbnail-box \" >\n\t\t\t\t        <div class=\"ngg-gallery-thumbnail\">\n            <a href=\"https:\/\/hit-maschinenbau.de\/wp-content\/gallery\/3-6-hobelbeschickungen\/hobelbeschickung_3.jpg\"\n               title=\"\"\n               data-src=\"https:\/\/hit-maschinenbau.de\/wp-content\/gallery\/3-6-hobelbeschickungen\/hobelbeschickung_3.jpg\"\n               data-thumbnail=\"https:\/\/hit-maschinenbau.de\/wp-content\/gallery\/3-6-hobelbeschickungen\/thumbs\/thumbs_hobelbeschickung_3.jpg\"\n               data-image-id=\"415\"\n               data-title=\"hobelbeschickung_3\"\n               data-description=\"\"\n               data-image-slug=\"hobelbeschickung_3\"\n               class=\"ngg-simplelightbox\" rel=\"a468e499f295e39663b4da53f3b3203a\">\n                <img class=\"colorbox-354\" \n                    title=\"hobelbeschickung_3\"\n                    alt=\"hobelbeschickung_3\"\n                    src=\"https:\/\/hit-maschinenbau.de\/wp-content\/gallery\/3-6-hobelbeschickungen\/thumbs\/thumbs_hobelbeschickung_3.jpg\"\n                    width=\"210\"\n                    height=\"157\"\n                    style=\"max-width:100%;\"\n                \/>\n            <\/a>\n        <\/div>\n\t\t\t\t\t\t\t<\/div> \n\t\t\t\n\t\n\t<br style=\"clear: both\" \/>\n\n\t\n\t\t<!-- Pagination -->\n\t<div class='ngg-clear'><\/div>\t<\/div>\n<br \/>\n  <\/p>","protected":false},"excerpt":{"rendered":"<\/p>\n<p> Hobelbeschickungen <\/p>\n<p>F\u00fcr die Beschickung von Hobelmaschinen f\u00fcr die Vor- oder Finishhobelung von Leimholz liefern wir robuste, zuverl\u00e4ssige und wartungsarme Entstapel- und Zuf\u00fchrungssysteme.<br \/> Wir legen bereits in den Bereichen [&#8230;]<\/p>\n","protected":false},"author":4,"featured_media":0,"parent":114,"menu_order":4,"comment_status":"closed","ping_status":"closed","template":"","meta":{"ngg_post_thumbnail":0},"_links":{"self":[{"href":"https:\/\/hit-maschinenbau.de\/index.php\/wp-json\/wp\/v2\/pages\/354"}],"collection":[{"href":"https:\/\/hit-maschinenbau.de\/index.php\/wp-json\/wp\/v2\/pages"}],"about":[{"href":"https:\/\/hit-maschinenbau.de\/index.php\/wp-json\/wp\/v2\/types\/page"}],"author":[{"embeddable":true,"href":"https:\/\/hit-maschinenbau.de\/index.php\/wp-json\/wp\/v2\/users\/4"}],"replies":[{"embeddable":true,"href":"https:\/\/hit-maschinenbau.de\/index.php\/wp-json\/wp\/v2\/comments?post=354"}],"version-history":[{"count":14,"href":"https:\/\/hit-maschinenbau.de\/index.php\/wp-json\/wp\/v2\/pages\/354\/revisions"}],"predecessor-version":[{"id":3319,"href":"https:\/\/hit-maschinenbau.de\/index.php\/wp-json\/wp\/v2\/pages\/354\/revisions\/3319"}],"up":[{"embeddable":true,"href":"https:\/\/hit-maschinenbau.de\/index.php\/wp-json\/wp\/v2\/pages\/114"}],"wp:attachment":[{"href":"https:\/\/hit-maschinenbau.de\/index.php\/wp-json\/wp\/v2\/media?parent=354"}],"curies":[{"name":"wp","href":"https:\/\/api.w.org\/{rel}","templated":true}]}}