{"id":367,"date":"2013-03-21T13:11:24","date_gmt":"2013-03-21T11:11:24","guid":{"rendered":"http:\/\/www.hit-maschinenbau.de\/?page_id=367"},"modified":"2015-04-29T13:07:25","modified_gmt":"2015-04-29T11:07:25","slug":"querabschiebeentstapelungen","status":"publish","type":"page","link":"https:\/\/hit-maschinenbau.de\/index.php\/leimholztechnik\/entstapelanlage\/querabschiebeentstapelungen\/","title":{"rendered":"Querabschiebeentstapelungen"},"content":{"rendered":"<p><\/p>\n<h2>Querabschiebeentstapelungen<\/h2>\n<p>Querabschiebeentstapelungen schieben die oberste Lage eines Paketes in Querrrichtung auf die nachfolgende Mechanisierung ab.\u00a0Evtl. vorhandene Zwischenlatten und Kanth\u00f6lzer (bei Mehrfachpaketen) k\u00f6nnen mit dem optionalen Lattenabstreifer in die nachfolgende <a title=\"Trocknungslattenmanipulation\" href=\"https:\/\/www.hit-maschinenbau.de\/leimholztechnik\/entstapelanlage\/trocknungslattenmanipulation\">Lattenmanipulation<\/a> abgeschoben werden.<\/p>\n<p>&nbsp;<\/p>\n<p>Querabschiebeentstapelungen werden insbesondere bei Anlagen mit geringerer Taktleistung eingesetzt. Zur Verk\u00fcrzung der Paketwechselzeiten lassen sich unsere Querabschiebeentstapelungen optional mit einem Zwischenhub ausr\u00fcsten. Der Zwischenhub \u00fcbernimmt das Paket von der Haupt- Hub- Senkeinrichtung, so dass diese bereits auf \u00dcbernahmeposition f\u00fcr ein neues Paket fahren kann.<\/p>\n<p>&nbsp;<\/p>\n<p><strong>Zu unserem Lieferumfang geh\u00f6ren:<\/strong><\/p>\n<p>&nbsp;<\/p>\n<ul>\n<li>Querabschiebeentstapelungen mit Lattenabstreifer f\u00fcr zwischengelattete Pakete<\/li>\n<li>Querabschiebeentstapelungen f\u00fcr Pakete ohne Latten<\/li>\n<li>Querabschiebeentstapelungen f\u00fcr Ein- oder Mehrfachpakete<\/li>\n<li>Querabschiebeentstapelungen mit angeschlossener Lattenmanipulation<\/li>\n<\/ul>\n<p><!-- default-view.php -->\n<div\n\tclass=\"ngg-galleryoverview default-view \"\n\tid=\"ngg-gallery-b1bdb081129067cb5af56b9c6d9ece7a-1\">\n\n\t\t<!-- Thumbnails -->\n\t\t\t\t<div id=\"ngg-image-0\" class=\"ngg-gallery-thumbnail-box \" >\n\t\t\t\t        <div class=\"ngg-gallery-thumbnail\">\n            <a href=\"https:\/\/hit-maschinenbau.de\/wp-content\/gallery\/3-1-4-querabschiebeentstapelungen\/querabschiebeentstapelungen_1.jpg\"\n               title=\"\"\n               data-src=\"https:\/\/hit-maschinenbau.de\/wp-content\/gallery\/3-1-4-querabschiebeentstapelungen\/querabschiebeentstapelungen_1.jpg\"\n               data-thumbnail=\"https:\/\/hit-maschinenbau.de\/wp-content\/gallery\/3-1-4-querabschiebeentstapelungen\/thumbs\/thumbs_querabschiebeentstapelungen_1.jpg\"\n               data-image-id=\"340\"\n               data-title=\"querabschiebeentstapelungen_1\"\n               data-description=\"\"\n               data-image-slug=\"querabschiebeentstapelungen_1\"\n               class=\"ngg-simplelightbox\" rel=\"b1bdb081129067cb5af56b9c6d9ece7a\">\n                <img class=\"colorbox-367\" \n                    title=\"querabschiebeentstapelungen_1\"\n                    alt=\"querabschiebeentstapelungen_1\"\n                    src=\"https:\/\/hit-maschinenbau.de\/wp-content\/gallery\/3-1-4-querabschiebeentstapelungen\/thumbs\/thumbs_querabschiebeentstapelungen_1.jpg\"\n                    width=\"210\"\n                    height=\"138\"\n                    style=\"max-width:100%;\"\n                \/>\n            <\/a>\n        <\/div>\n\t\t\t\t\t\t\t<\/div> \n\t\t\t\n\t\n\t<br style=\"clear: both\" \/>\n\n\t\n\t\t<!-- Pagination -->\n\t<div class='ngg-clear'><\/div>\t<\/div>\n<br \/>\n  <\/p>","protected":false},"excerpt":{"rendered":"<\/p>\n<p> Querabschiebeentstapelungen <\/p>\n<p>Querabschiebeentstapelungen schieben die oberste Lage eines Paketes in Querrrichtung auf die nachfolgende Mechanisierung ab.\u00a0Evtl. vorhandene Zwischenlatten und Kanth\u00f6lzer (bei Mehrfachpaketen) k\u00f6nnen mit dem optionalen Lattenabstreifer in die nachfolgende [&#8230;]<\/p>\n","protected":false},"author":4,"featured_media":0,"parent":341,"menu_order":13,"comment_status":"closed","ping_status":"closed","template":"","meta":{"ngg_post_thumbnail":0},"_links":{"self":[{"href":"https:\/\/hit-maschinenbau.de\/index.php\/wp-json\/wp\/v2\/pages\/367"}],"collection":[{"href":"https:\/\/hit-maschinenbau.de\/index.php\/wp-json\/wp\/v2\/pages"}],"about":[{"href":"https:\/\/hit-maschinenbau.de\/index.php\/wp-json\/wp\/v2\/types\/page"}],"author":[{"embeddable":true,"href":"https:\/\/hit-maschinenbau.de\/index.php\/wp-json\/wp\/v2\/users\/4"}],"replies":[{"embeddable":true,"href":"https:\/\/hit-maschinenbau.de\/index.php\/wp-json\/wp\/v2\/comments?post=367"}],"version-history":[{"count":13,"href":"https:\/\/hit-maschinenbau.de\/index.php\/wp-json\/wp\/v2\/pages\/367\/revisions"}],"predecessor-version":[{"id":3296,"href":"https:\/\/hit-maschinenbau.de\/index.php\/wp-json\/wp\/v2\/pages\/367\/revisions\/3296"}],"up":[{"embeddable":true,"href":"https:\/\/hit-maschinenbau.de\/index.php\/wp-json\/wp\/v2\/pages\/341"}],"wp:attachment":[{"href":"https:\/\/hit-maschinenbau.de\/index.php\/wp-json\/wp\/v2\/media?parent=367"}],"curies":[{"name":"wp","href":"https:\/\/api.w.org\/{rel}","templated":true}]}}