{"id":372,"date":"2013-03-21T13:12:27","date_gmt":"2013-03-21T11:12:27","guid":{"rendered":"http:\/\/www.hit-maschinenbau.de\/?page_id=372"},"modified":"2015-04-30T16:33:59","modified_gmt":"2015-04-30T14:33:59","slug":"vakuumentstapelungen","status":"publish","type":"page","link":"https:\/\/hit-maschinenbau.de\/index.php\/leimholztechnik\/entstapelanlage\/vakuumentstapelungen\/","title":{"rendered":"Vakuumentstapelungen"},"content":{"rendered":"<p><\/p>\n<h2>Vakuumentstapelungen<\/h2>\n<p>Vakuumentstapelungen heben die oberste Lage eines Paketes mit Vakuum-Saugbalken an und legen diese auf der nachfolgenden Mechanisierung ab. Die Saugbalken k\u00f6nnen hierf\u00fcr, je nach Ausf\u00fchrung in Quer- oder L\u00e4ngsrichtung verfahren.\u00a0Evtl. vorhandene Zwischenlatten und Kanth\u00f6lzer (bei Mehrfachpaketen) k\u00f6nnen mit dem optionalen Lattenabstreifer in die nachfolgende <a title=\"Trocknungslattenmanipulation\" href=\"https:\/\/www.hit-maschinenbau.de\/leimholztechnik\/entstapelanlage\/trocknungslattenmanipulation\">Lattenmanipulation<\/a><strong> <\/strong>abgeschoben werden.<\/p>\n<p>&nbsp;<\/p>\n<p>Vakuumentstapelungen werden insbesondere bei Anlagen mit geringerer Taktleistung eingesetzt. Zur Verk\u00fcrzung der Paketwechselzeiten lassen sich unsere Vakuumentstapelungen optional mit einem Zwischenhub ausr\u00fcsten. Der Zwischenhub \u00fcbernimmt das Paket von der Haupt- Hub- Senkeinrichtung, so dass diese bereits auf \u00dcbernahmeposition f\u00fcr ein neues Paket fahren kann.<\/p>\n<p>&nbsp;<\/p>\n<p><strong>Zu unserem Lieferumfang geh\u00f6ren:<\/strong><\/p>\n<p>&nbsp;<\/p>\n<ul>\n<li>Vakuumentstapelungen mit Lattenabstreifer f\u00fcr zwischengelattete Pakete<\/li>\n<li>Vakuumentstapelungen f\u00fcr Pakete ohne Latten<\/li>\n<li>Vakuumentstapelungen f\u00fcr Ein- oder Mehrfachpakete<\/li>\n<li>Vakuumentstapelungen mit angeschlossener Lattenmanipulation<\/li>\n<\/ul>\n<p><!-- default-view.php -->\n<div\n\tclass=\"ngg-galleryoverview default-view \"\n\tid=\"ngg-gallery-2caa7d90cf40480403299240962291fb-1\">\n\n\t\t<!-- Thumbnails -->\n\t\t\t\t<div id=\"ngg-image-0\" class=\"ngg-gallery-thumbnail-box \" >\n\t\t\t\t        <div class=\"ngg-gallery-thumbnail\">\n            <a href=\"https:\/\/hit-maschinenbau.de\/wp-content\/gallery\/3-1-2-vakuumentstapelungen\/vakuumentstapelung_2.jpg\"\n               title=\"\"\n               data-src=\"https:\/\/hit-maschinenbau.de\/wp-content\/gallery\/3-1-2-vakuumentstapelungen\/vakuumentstapelung_2.jpg\"\n               data-thumbnail=\"https:\/\/hit-maschinenbau.de\/wp-content\/gallery\/3-1-2-vakuumentstapelungen\/thumbs\/thumbs_vakuumentstapelung_2.jpg\"\n               data-image-id=\"334\"\n               data-title=\"vakuumentstapelung_2\"\n               data-description=\"\"\n               data-image-slug=\"vakuumentstapelung_2\"\n               class=\"ngg-simplelightbox\" rel=\"2caa7d90cf40480403299240962291fb\">\n                <img class=\"colorbox-372\" \n                    title=\"vakuumentstapelung_2\"\n                    alt=\"vakuumentstapelung_2\"\n                    src=\"https:\/\/hit-maschinenbau.de\/wp-content\/gallery\/3-1-2-vakuumentstapelungen\/thumbs\/thumbs_vakuumentstapelung_2.jpg\"\n                    width=\"210\"\n                    height=\"157\"\n                    style=\"max-width:100%;\"\n                \/>\n            <\/a>\n        <\/div>\n\t\t\t\t\t\t\t<\/div> \n\t\t\t\n\t\t\t\t<div id=\"ngg-image-1\" class=\"ngg-gallery-thumbnail-box \" >\n\t\t\t\t        <div class=\"ngg-gallery-thumbnail\">\n            <a href=\"https:\/\/hit-maschinenbau.de\/wp-content\/gallery\/3-1-2-vakuumentstapelungen\/vakuumentstapelung_1.jpg\"\n               title=\"\"\n               data-src=\"https:\/\/hit-maschinenbau.de\/wp-content\/gallery\/3-1-2-vakuumentstapelungen\/vakuumentstapelung_1.jpg\"\n               data-thumbnail=\"https:\/\/hit-maschinenbau.de\/wp-content\/gallery\/3-1-2-vakuumentstapelungen\/thumbs\/thumbs_vakuumentstapelung_1.jpg\"\n               data-image-id=\"335\"\n               data-title=\"vakuumentstapelung_1\"\n               data-description=\"\"\n               data-image-slug=\"vakuumentstapelung_1\"\n               class=\"ngg-simplelightbox\" rel=\"2caa7d90cf40480403299240962291fb\">\n                <img class=\"colorbox-372\" \n                    title=\"vakuumentstapelung_1\"\n                    alt=\"vakuumentstapelung_1\"\n                    src=\"https:\/\/hit-maschinenbau.de\/wp-content\/gallery\/3-1-2-vakuumentstapelungen\/thumbs\/thumbs_vakuumentstapelung_1.jpg\"\n                    width=\"210\"\n                    height=\"157\"\n                    style=\"max-width:100%;\"\n                \/>\n            <\/a>\n        <\/div>\n\t\t\t\t\t\t\t<\/div> \n\t\t\t\n\t\n\t<br style=\"clear: both\" \/>\n\n\t\n\t\t<!-- Pagination -->\n\t<div class='ngg-clear'><\/div>\t<\/div>\n<br \/>\n  <\/p>","protected":false},"excerpt":{"rendered":"<\/p>\n<p> Vakuumentstapelungen <\/p>\n<p>Vakuumentstapelungen heben die oberste Lage eines Paketes mit Vakuum-Saugbalken an und legen diese auf der nachfolgenden Mechanisierung ab. Die Saugbalken k\u00f6nnen hierf\u00fcr, je nach Ausf\u00fchrung in Quer- oder [&#8230;]<\/p>\n","protected":false},"author":4,"featured_media":0,"parent":341,"menu_order":11,"comment_status":"closed","ping_status":"closed","template":"","meta":{"ngg_post_thumbnail":0},"_links":{"self":[{"href":"https:\/\/hit-maschinenbau.de\/index.php\/wp-json\/wp\/v2\/pages\/372"}],"collection":[{"href":"https:\/\/hit-maschinenbau.de\/index.php\/wp-json\/wp\/v2\/pages"}],"about":[{"href":"https:\/\/hit-maschinenbau.de\/index.php\/wp-json\/wp\/v2\/types\/page"}],"author":[{"embeddable":true,"href":"https:\/\/hit-maschinenbau.de\/index.php\/wp-json\/wp\/v2\/users\/4"}],"replies":[{"embeddable":true,"href":"https:\/\/hit-maschinenbau.de\/index.php\/wp-json\/wp\/v2\/comments?post=372"}],"version-history":[{"count":15,"href":"https:\/\/hit-maschinenbau.de\/index.php\/wp-json\/wp\/v2\/pages\/372\/revisions"}],"predecessor-version":[{"id":3360,"href":"https:\/\/hit-maschinenbau.de\/index.php\/wp-json\/wp\/v2\/pages\/372\/revisions\/3360"}],"up":[{"embeddable":true,"href":"https:\/\/hit-maschinenbau.de\/index.php\/wp-json\/wp\/v2\/pages\/341"}],"wp:attachment":[{"href":"https:\/\/hit-maschinenbau.de\/index.php\/wp-json\/wp\/v2\/media?parent=372"}],"curies":[{"name":"wp","href":"https:\/\/api.w.org\/{rel}","templated":true}]}}