{"id":376,"date":"2013-03-21T13:13:21","date_gmt":"2013-03-21T11:13:21","guid":{"rendered":"http:\/\/www.hit-maschinenbau.de\/?page_id=376"},"modified":"2015-04-29T13:22:06","modified_gmt":"2015-04-29T11:22:06","slug":"blocklager","status":"publish","type":"page","link":"https:\/\/hit-maschinenbau.de\/index.php\/leimholztechnik\/aushaertelager\/blocklager\/","title":{"rendered":"Blocklager"},"content":{"rendered":"<p><\/p>\n<h2>Blocklager<\/h2>\n<p>In Blocklagern werden die keilgezinkten Lamellen chargenweise \u00fcbereinander und entsprechend dem Binderaufbau eingelagert.<\/p>\n<p>&nbsp;<\/p>\n<p>Blocklager verf\u00fcgen auf Grund der chargenweisen Lagerung \u00fcber eine vergleichsweise hohe Pufferkapazit\u00e4t und eignen sich speziell f\u00fcr besonders lange Lamellen, wie sie z.B. in der Objektbinderfertigung ben\u00f6tigt werden.<\/p>\n<p><!-- default-view.php -->\n<div\n\tclass=\"ngg-galleryoverview default-view \"\n\tid=\"ngg-gallery-56884aaaf3e440ca2e7d7244d1b46eda-1\">\n\n\t\t<!-- Thumbnails -->\n\t\t\t\t<div id=\"ngg-image-0\" class=\"ngg-gallery-thumbnail-box \" >\n\t\t\t\t        <div class=\"ngg-gallery-thumbnail\">\n            <a href=\"https:\/\/hit-maschinenbau.de\/wp-content\/gallery\/3-2-2-blocklager\/blocklager_1.jpg\"\n               title=\"\"\n               data-src=\"https:\/\/hit-maschinenbau.de\/wp-content\/gallery\/3-2-2-blocklager\/blocklager_1.jpg\"\n               data-thumbnail=\"https:\/\/hit-maschinenbau.de\/wp-content\/gallery\/3-2-2-blocklager\/thumbs\/thumbs_blocklager_1.jpg\"\n               data-image-id=\"358\"\n               data-title=\"blocklager_1\"\n               data-description=\"\"\n               data-image-slug=\"blocklager_1\"\n               class=\"ngg-simplelightbox\" rel=\"56884aaaf3e440ca2e7d7244d1b46eda\">\n                <img class=\"colorbox-376\" \n                    title=\"blocklager_1\"\n                    alt=\"blocklager_1\"\n                    src=\"https:\/\/hit-maschinenbau.de\/wp-content\/gallery\/3-2-2-blocklager\/thumbs\/thumbs_blocklager_1.jpg\"\n                    width=\"210\"\n                    height=\"147\"\n                    style=\"max-width:100%;\"\n                \/>\n            <\/a>\n        <\/div>\n\t\t\t\t\t\t\t<\/div> \n\t\t\t\n\t\t\t\t<div id=\"ngg-image-1\" class=\"ngg-gallery-thumbnail-box \" >\n\t\t\t\t        <div class=\"ngg-gallery-thumbnail\">\n            <a href=\"https:\/\/hit-maschinenbau.de\/wp-content\/gallery\/3-2-2-blocklager\/blocklager_2.jpg\"\n               title=\"\"\n               data-src=\"https:\/\/hit-maschinenbau.de\/wp-content\/gallery\/3-2-2-blocklager\/blocklager_2.jpg\"\n               data-thumbnail=\"https:\/\/hit-maschinenbau.de\/wp-content\/gallery\/3-2-2-blocklager\/thumbs\/thumbs_blocklager_2.jpg\"\n               data-image-id=\"359\"\n               data-title=\"blocklager_2\"\n               data-description=\"\"\n               data-image-slug=\"blocklager_2\"\n               class=\"ngg-simplelightbox\" rel=\"56884aaaf3e440ca2e7d7244d1b46eda\">\n                <img class=\"colorbox-376\" \n                    title=\"blocklager_2\"\n                    alt=\"blocklager_2\"\n                    src=\"https:\/\/hit-maschinenbau.de\/wp-content\/gallery\/3-2-2-blocklager\/thumbs\/thumbs_blocklager_2.jpg\"\n                    width=\"210\"\n                    height=\"157\"\n                    style=\"max-width:100%;\"\n                \/>\n            <\/a>\n        <\/div>\n\t\t\t\t\t\t\t<\/div> \n\t\t\t\n\t\t\t\t<div id=\"ngg-image-2\" class=\"ngg-gallery-thumbnail-box \" >\n\t\t\t\t        <div class=\"ngg-gallery-thumbnail\">\n            <a href=\"https:\/\/hit-maschinenbau.de\/wp-content\/gallery\/3-2-2-blocklager\/blocklager_5.jpg\"\n               title=\"\"\n               data-src=\"https:\/\/hit-maschinenbau.de\/wp-content\/gallery\/3-2-2-blocklager\/blocklager_5.jpg\"\n               data-thumbnail=\"https:\/\/hit-maschinenbau.de\/wp-content\/gallery\/3-2-2-blocklager\/thumbs\/thumbs_blocklager_5.jpg\"\n               data-image-id=\"362\"\n               data-title=\"blocklager_5\"\n               data-description=\"\"\n               data-image-slug=\"blocklager_5\"\n               class=\"ngg-simplelightbox\" rel=\"56884aaaf3e440ca2e7d7244d1b46eda\">\n                <img class=\"colorbox-376\" \n                    title=\"blocklager_5\"\n                    alt=\"blocklager_5\"\n                    src=\"https:\/\/hit-maschinenbau.de\/wp-content\/gallery\/3-2-2-blocklager\/thumbs\/thumbs_blocklager_5.jpg\"\n                    width=\"210\"\n                    height=\"157\"\n                    style=\"max-width:100%;\"\n                \/>\n            <\/a>\n        <\/div>\n\t\t\t\t\t\t\t<\/div> \n\t\t\t\n\t\n\t<br style=\"clear: both\" \/>\n\n\t\n\t\t<!-- Pagination -->\n\t<div class='ngg-clear'><\/div>\t<\/div>\n<br \/>\n  <\/p>","protected":false},"excerpt":{"rendered":"<\/p>\n<p> Blocklager <\/p>\n<p>In Blocklagern werden die keilgezinkten Lamellen chargenweise \u00fcbereinander und entsprechend dem Binderaufbau eingelagert.<\/p>\n<p>&nbsp;<\/p>\n<p>Blocklager verf\u00fcgen auf Grund der chargenweisen Lagerung \u00fcber eine vergleichsweise hohe Pufferkapazit\u00e4t und eignen [&#8230;]<\/p>\n","protected":false},"author":4,"featured_media":0,"parent":343,"menu_order":17,"comment_status":"closed","ping_status":"closed","template":"","meta":{"ngg_post_thumbnail":0},"_links":{"self":[{"href":"https:\/\/hit-maschinenbau.de\/index.php\/wp-json\/wp\/v2\/pages\/376"}],"collection":[{"href":"https:\/\/hit-maschinenbau.de\/index.php\/wp-json\/wp\/v2\/pages"}],"about":[{"href":"https:\/\/hit-maschinenbau.de\/index.php\/wp-json\/wp\/v2\/types\/page"}],"author":[{"embeddable":true,"href":"https:\/\/hit-maschinenbau.de\/index.php\/wp-json\/wp\/v2\/users\/4"}],"replies":[{"embeddable":true,"href":"https:\/\/hit-maschinenbau.de\/index.php\/wp-json\/wp\/v2\/comments?post=376"}],"version-history":[{"count":10,"href":"https:\/\/hit-maschinenbau.de\/index.php\/wp-json\/wp\/v2\/pages\/376\/revisions"}],"predecessor-version":[{"id":3301,"href":"https:\/\/hit-maschinenbau.de\/index.php\/wp-json\/wp\/v2\/pages\/376\/revisions\/3301"}],"up":[{"embeddable":true,"href":"https:\/\/hit-maschinenbau.de\/index.php\/wp-json\/wp\/v2\/pages\/343"}],"wp:attachment":[{"href":"https:\/\/hit-maschinenbau.de\/index.php\/wp-json\/wp\/v2\/media?parent=376"}],"curies":[{"name":"wp","href":"https:\/\/api.w.org\/{rel}","templated":true}]}}