{"id":378,"date":"2013-03-21T13:13:44","date_gmt":"2013-03-21T11:13:44","guid":{"rendered":"http:\/\/www.hit-maschinenbau.de\/?page_id=378"},"modified":"2015-04-29T13:21:34","modified_gmt":"2015-04-29T11:21:34","slug":"etagenlager","status":"publish","type":"page","link":"https:\/\/hit-maschinenbau.de\/index.php\/leimholztechnik\/aushaertelager\/etagenlager\/","title":{"rendered":"Etagenlager"},"content":{"rendered":"<p><\/p>\n<h2>Etagenlager<\/h2>\n<p>In Etagenlagern werden die keilgezinkten Lamellen einzeln in verschiedenen Etagen gespeichert. Die Bef\u00fcllung und Entleerung des Lagers erfolgt vollautomatisch mit Elevatoren.<\/p>\n<p>&nbsp;<\/p>\n<p>Etagenlager bieten den Vorteil, dass die Lamellen zun\u00e4chst unabh\u00e4ngig vom sp\u00e4teren Binderaufbau produziert werden k\u00f6nnen, da die Lamellen sortenrein und nicht gem\u00e4\u00df dem Binderaufbau in die Etagen eingelagert werden. Somit lassen sich die Anzahl der Sortimentswechsel an der Keilzinkenanlage und die R\u00fcstzeiten reduzieren.<\/p>\n<p><!-- default-view.php -->\n<div\n\tclass=\"ngg-galleryoverview default-view \"\n\tid=\"ngg-gallery-a2426c87f7765b0151d9e7ce91075e47-1\">\n\n\t\t<!-- Thumbnails -->\n\t\t\t\t<div id=\"ngg-image-0\" class=\"ngg-gallery-thumbnail-box \" >\n\t\t\t\t        <div class=\"ngg-gallery-thumbnail\">\n            <a href=\"https:\/\/hit-maschinenbau.de\/wp-content\/gallery\/3-2-1-etagenlager\/etagenlager_10.jpg\"\n               title=\"\"\n               data-src=\"https:\/\/hit-maschinenbau.de\/wp-content\/gallery\/3-2-1-etagenlager\/etagenlager_10.jpg\"\n               data-thumbnail=\"https:\/\/hit-maschinenbau.de\/wp-content\/gallery\/3-2-1-etagenlager\/thumbs\/thumbs_etagenlager_10.jpg\"\n               data-image-id=\"347\"\n               data-title=\"etagenlager_10\"\n               data-description=\"\"\n               data-image-slug=\"etagenlager_10\"\n               class=\"ngg-simplelightbox\" rel=\"a2426c87f7765b0151d9e7ce91075e47\">\n                <img class=\"colorbox-378\" \n                    title=\"etagenlager_10\"\n                    alt=\"etagenlager_10\"\n                    src=\"https:\/\/hit-maschinenbau.de\/wp-content\/gallery\/3-2-1-etagenlager\/thumbs\/thumbs_etagenlager_10.jpg\"\n                    width=\"210\"\n                    height=\"118\"\n                    style=\"max-width:100%;\"\n                \/>\n            <\/a>\n        <\/div>\n\t\t\t\t\t\t\t<\/div> \n\t\t\t\n\t\t\t\t<div id=\"ngg-image-1\" class=\"ngg-gallery-thumbnail-box \" >\n\t\t\t\t        <div class=\"ngg-gallery-thumbnail\">\n            <a href=\"https:\/\/hit-maschinenbau.de\/wp-content\/gallery\/3-2-1-etagenlager\/etagenlager_12.jpg\"\n               title=\"\"\n               data-src=\"https:\/\/hit-maschinenbau.de\/wp-content\/gallery\/3-2-1-etagenlager\/etagenlager_12.jpg\"\n               data-thumbnail=\"https:\/\/hit-maschinenbau.de\/wp-content\/gallery\/3-2-1-etagenlager\/thumbs\/thumbs_etagenlager_12.jpg\"\n               data-image-id=\"349\"\n               data-title=\"etagenlager_12\"\n               data-description=\"\"\n               data-image-slug=\"etagenlager_12\"\n               class=\"ngg-simplelightbox\" rel=\"a2426c87f7765b0151d9e7ce91075e47\">\n                <img class=\"colorbox-378\" \n                    title=\"etagenlager_12\"\n                    alt=\"etagenlager_12\"\n                    src=\"https:\/\/hit-maschinenbau.de\/wp-content\/gallery\/3-2-1-etagenlager\/thumbs\/thumbs_etagenlager_12.jpg\"\n                    width=\"210\"\n                    height=\"118\"\n                    style=\"max-width:100%;\"\n                \/>\n            <\/a>\n        <\/div>\n\t\t\t\t\t\t\t<\/div> \n\t\t\t\n\t\t\t\t<div id=\"ngg-image-2\" class=\"ngg-gallery-thumbnail-box \" >\n\t\t\t\t        <div class=\"ngg-gallery-thumbnail\">\n            <a href=\"https:\/\/hit-maschinenbau.de\/wp-content\/gallery\/3-2-1-etagenlager\/etagenlager_2.jpg\"\n               title=\"\"\n               data-src=\"https:\/\/hit-maschinenbau.de\/wp-content\/gallery\/3-2-1-etagenlager\/etagenlager_2.jpg\"\n               data-thumbnail=\"https:\/\/hit-maschinenbau.de\/wp-content\/gallery\/3-2-1-etagenlager\/thumbs\/thumbs_etagenlager_2.jpg\"\n               data-image-id=\"350\"\n               data-title=\"etagenlager_2\"\n               data-description=\"\"\n               data-image-slug=\"etagenlager_2\"\n               class=\"ngg-simplelightbox\" rel=\"a2426c87f7765b0151d9e7ce91075e47\">\n                <img class=\"colorbox-378\" \n                    title=\"etagenlager_2\"\n                    alt=\"etagenlager_2\"\n                    src=\"https:\/\/hit-maschinenbau.de\/wp-content\/gallery\/3-2-1-etagenlager\/thumbs\/thumbs_etagenlager_2.jpg\"\n                    width=\"210\"\n                    height=\"157\"\n                    style=\"max-width:100%;\"\n                \/>\n            <\/a>\n        <\/div>\n\t\t\t\t\t\t\t<\/div> \n\t\t\t\n\t\n\t<br style=\"clear: both\" \/>\n\n\t\n\t\t<!-- Pagination -->\n\t<div class='ngg-clear'><\/div>\t<\/div>\n<br \/>\n  <\/p>","protected":false},"excerpt":{"rendered":"<\/p>\n<p> Etagenlager <\/p>\n<p>In Etagenlagern werden die keilgezinkten Lamellen einzeln in verschiedenen Etagen gespeichert. Die Bef\u00fcllung und Entleerung des Lagers erfolgt vollautomatisch mit Elevatoren.<\/p>\n<p>&nbsp;<\/p>\n<p>Etagenlager bieten den Vorteil, dass die [&#8230;]<\/p>\n","protected":false},"author":4,"featured_media":0,"parent":343,"menu_order":16,"comment_status":"closed","ping_status":"closed","template":"","meta":{"ngg_post_thumbnail":0},"_links":{"self":[{"href":"https:\/\/hit-maschinenbau.de\/index.php\/wp-json\/wp\/v2\/pages\/378"}],"collection":[{"href":"https:\/\/hit-maschinenbau.de\/index.php\/wp-json\/wp\/v2\/pages"}],"about":[{"href":"https:\/\/hit-maschinenbau.de\/index.php\/wp-json\/wp\/v2\/types\/page"}],"author":[{"embeddable":true,"href":"https:\/\/hit-maschinenbau.de\/index.php\/wp-json\/wp\/v2\/users\/4"}],"replies":[{"embeddable":true,"href":"https:\/\/hit-maschinenbau.de\/index.php\/wp-json\/wp\/v2\/comments?post=378"}],"version-history":[{"count":10,"href":"https:\/\/hit-maschinenbau.de\/index.php\/wp-json\/wp\/v2\/pages\/378\/revisions"}],"predecessor-version":[{"id":3300,"href":"https:\/\/hit-maschinenbau.de\/index.php\/wp-json\/wp\/v2\/pages\/378\/revisions\/3300"}],"up":[{"embeddable":true,"href":"https:\/\/hit-maschinenbau.de\/index.php\/wp-json\/wp\/v2\/pages\/343"}],"wp:attachment":[{"href":"https:\/\/hit-maschinenbau.de\/index.php\/wp-json\/wp\/v2\/media?parent=378"}],"curies":[{"name":"wp","href":"https:\/\/api.w.org\/{rel}","templated":true}]}}