{"id":380,"date":"2013-03-21T13:14:10","date_gmt":"2013-03-21T11:14:10","guid":{"rendered":"http:\/\/www.hit-maschinenbau.de\/?page_id=380"},"modified":"2015-04-29T13:45:26","modified_gmt":"2015-04-29T11:45:26","slug":"brettschichtholzpressensysteme","status":"publish","type":"page","link":"https:\/\/hit-maschinenbau.de\/index.php\/leimholztechnik\/pressentechnik-fur-brettschichtholz\/brettschichtholzpressensysteme\/","title":{"rendered":"Brettschichtholzpressensysteme"},"content":{"rendered":"<p><\/p>\n<h2>Brettschichtholzpressensysteme<\/h2>\n<p>Mit unserem patentierten Pressensystem <strong>&#8222;lignoPRESS&#8220;<\/strong> entscheiden Sie sich f\u00fcr ein durchdachtes Pressensystem, welches sich bereits mehrfach in der Praxis bewiesen hat. Die Brettschichtholzproduktion mit unserem Pressensystem erm\u00f6glicht Ihnen eine rationelle Fertigung bei minimierten Rohwareneinsatz.<\/p>\n<p>&nbsp;<\/p>\n<p><strong>Die besonderen Vorteile unseres Pressensystems entstehen durch:<\/strong><\/p>\n<p>&nbsp;<\/p>\n<ul>\n<li>K\u00fcrzeste Zykluszeiten durch gleichzeitiges Ein- und Ausfahren der Pressenchargen<\/li>\n<li>K\u00fcrzeste Zykluszeiten durch den quer verfahrbaren Pressenblock, der aus mehreren einzelnen Presskammern besteht. Dadurch kann eine Pressencharge bereits gebildet werden, w\u00e4hrend die anderen noch gepresst werden.<\/li>\n<li>Vermeidung von Pressung rautenf\u00f6rmiger Binder durch den sich zur Pressenmitte hin zustellenden und sich radial von oben nach unten schlie\u00dfenden Seitendruck.<\/li>\n<li>M\u00f6gliche Materialeinsparungen durch <strong>hohe Pressdr\u00fccke<\/strong> an Ober- und Seitendruck<\/li>\n<li>Auf Grund der kurzen Zykluszeiten geeignet f\u00fcr die derzeit schnellsten zugelassenen Leimsysteme und f\u00fcr eine kommissionsbezogene Fertigung mit Losgr\u00f6\u00dfe 1<\/li>\n<\/ul>\n<p>&nbsp;<\/p>\n<p>Mit unseren Pressen und den dazu geh\u00f6rigen Binderbildungen ist es ebenfalls m\u00f6glich, mehrere Lamellen nebeneinander anzuordnen und somit entweder eine Blockverleimung herzustellen, oder mehrere Pressenchargen in einer Pressenf\u00fcllung zusammen zu fassen.<\/p>\n<p>&nbsp;<\/p>\n<p>Unser Pressensystem umfasst nicht nur die eigentliche Brettschichtholzpresse, sondern auch die vor- und nachgelagerte Mechanisierung.<\/p>\n<p>&nbsp;<\/p>\n<p><strong>Zu unserem Lieferumfang geh\u00f6ren:<\/strong><\/p>\n<p>&nbsp;<\/p>\n<ul>\n<li>Brettschichtholzpresse \u201elignoPRESS\u201c f\u00fcr die Herstellung von geraden Bindern<\/li>\n<li>Abtransport der Pressencharge nach der Presse mit Umlegeeinheit und Vereinzelung<\/li>\n<\/ul>\n<p>&nbsp;<\/p>\n<table border=\"0\">\n<tbody>\n<tr>\n<td>Pressenf\u00fcllbreite<\/td>\n<td>320 bzw. 480 mm<\/td>\n<\/tr>\n<tr>\n<td>Pressenf\u00fcllh\u00f6he<\/td>\n<td>65 \u2013 1750 mm<\/td>\n<\/tr>\n<tr>\n<td>Pressenl\u00e4nge<\/td>\n<td>6 \u2013 24 m<\/td>\n<\/tr>\n<tr>\n<td>Pressdruck Oberdruck<\/td>\n<td>1 \u2013 2,3 N\/mm\u00b2, abh\u00e4ngig von der Pressenausf\u00fchrung<\/td>\n<\/tr>\n<tr>\n<td>Druckelemente<\/td>\n<td>hydraulisch<\/td>\n<\/tr>\n<\/tbody>\n<\/table>\n<p>&nbsp;<\/p>\n<p>Mit der Leimholzpresse lignoPRESS werden die in der EN14080 empfohlenen\u00a0Pressdr\u00fccke von 0,8 N\/mm\u00b2 f\u00fcr H\u00f6lzer mit Entlastungsnut, sowie 1 N\/mm\u00b2 f\u00fcr H\u00f6lzer\u00a0ohne Entlastungsnut in jeder Konfiguration sicher erreicht.\u00a0Das Einbringen einer Entlastungsnut in der Lamelle kann bei Einsatz der lignoPRESS entfallen.<\/p>\n<p><!-- default-view.php -->\n<div\n\tclass=\"ngg-galleryoverview default-view \"\n\tid=\"ngg-gallery-f9a659cb5ceb605a35eb47ae0c540ac5-1\">\n\n\t\t<!-- Thumbnails -->\n\t\t\t\t<div id=\"ngg-image-0\" class=\"ngg-gallery-thumbnail-box \" >\n\t\t\t\t        <div class=\"ngg-gallery-thumbnail\">\n            <a href=\"https:\/\/hit-maschinenbau.de\/wp-content\/gallery\/3-3-3-brettschichtholzpressensysteme\/leimholzpressensystem_4.jpg\"\n               title=\"\"\n               data-src=\"https:\/\/hit-maschinenbau.de\/wp-content\/gallery\/3-3-3-brettschichtholzpressensysteme\/leimholzpressensystem_4.jpg\"\n               data-thumbnail=\"https:\/\/hit-maschinenbau.de\/wp-content\/gallery\/3-3-3-brettschichtholzpressensysteme\/thumbs\/thumbs_leimholzpressensystem_4.jpg\"\n               data-image-id=\"383\"\n               data-title=\"leimholzpressensystem_4\"\n               data-description=\"\"\n               data-image-slug=\"leimholzpressensystem_4\"\n               class=\"ngg-simplelightbox\" rel=\"f9a659cb5ceb605a35eb47ae0c540ac5\">\n                <img class=\"colorbox-380\" \n                    title=\"leimholzpressensystem_4\"\n                    alt=\"leimholzpressensystem_4\"\n                    src=\"https:\/\/hit-maschinenbau.de\/wp-content\/gallery\/3-3-3-brettschichtholzpressensysteme\/thumbs\/thumbs_leimholzpressensystem_4.jpg\"\n                    width=\"210\"\n                    height=\"157\"\n                    style=\"max-width:100%;\"\n                \/>\n            <\/a>\n        <\/div>\n\t\t\t\t\t\t\t<\/div> \n\t\t\t\n\t\t\t\t<div id=\"ngg-image-1\" class=\"ngg-gallery-thumbnail-box \" >\n\t\t\t\t        <div class=\"ngg-gallery-thumbnail\">\n            <a href=\"https:\/\/hit-maschinenbau.de\/wp-content\/gallery\/3-3-3-brettschichtholzpressensysteme\/leimholzpressensystem_6.jpg\"\n               title=\"\"\n               data-src=\"https:\/\/hit-maschinenbau.de\/wp-content\/gallery\/3-3-3-brettschichtholzpressensysteme\/leimholzpressensystem_6.jpg\"\n               data-thumbnail=\"https:\/\/hit-maschinenbau.de\/wp-content\/gallery\/3-3-3-brettschichtholzpressensysteme\/thumbs\/thumbs_leimholzpressensystem_6.jpg\"\n               data-image-id=\"385\"\n               data-title=\"leimholzpressensystem_6\"\n               data-description=\"\"\n               data-image-slug=\"leimholzpressensystem_6\"\n               class=\"ngg-simplelightbox\" rel=\"f9a659cb5ceb605a35eb47ae0c540ac5\">\n                <img class=\"colorbox-380\" \n                    title=\"leimholzpressensystem_6\"\n                    alt=\"leimholzpressensystem_6\"\n                    src=\"https:\/\/hit-maschinenbau.de\/wp-content\/gallery\/3-3-3-brettschichtholzpressensysteme\/thumbs\/thumbs_leimholzpressensystem_6.jpg\"\n                    width=\"210\"\n                    height=\"157\"\n                    style=\"max-width:100%;\"\n                \/>\n            <\/a>\n        <\/div>\n\t\t\t\t\t\t\t<\/div> \n\t\t\t\n\t\t\t\t<div id=\"ngg-image-2\" class=\"ngg-gallery-thumbnail-box \" >\n\t\t\t\t        <div class=\"ngg-gallery-thumbnail\">\n            <a href=\"https:\/\/hit-maschinenbau.de\/wp-content\/gallery\/3-3-3-brettschichtholzpressensysteme\/leimholzpressensystem_9.jpg\"\n               title=\"\"\n               data-src=\"https:\/\/hit-maschinenbau.de\/wp-content\/gallery\/3-3-3-brettschichtholzpressensysteme\/leimholzpressensystem_9.jpg\"\n               data-thumbnail=\"https:\/\/hit-maschinenbau.de\/wp-content\/gallery\/3-3-3-brettschichtholzpressensysteme\/thumbs\/thumbs_leimholzpressensystem_9.jpg\"\n               data-image-id=\"388\"\n               data-title=\"leimholzpressensystem_9\"\n               data-description=\"\"\n               data-image-slug=\"leimholzpressensystem_9\"\n               class=\"ngg-simplelightbox\" rel=\"f9a659cb5ceb605a35eb47ae0c540ac5\">\n                <img class=\"colorbox-380\" \n                    title=\"leimholzpressensystem_9\"\n                    alt=\"leimholzpressensystem_9\"\n                    src=\"https:\/\/hit-maschinenbau.de\/wp-content\/gallery\/3-3-3-brettschichtholzpressensysteme\/thumbs\/thumbs_leimholzpressensystem_9.jpg\"\n                    width=\"210\"\n                    height=\"157\"\n                    style=\"max-width:100%;\"\n                \/>\n            <\/a>\n        <\/div>\n\t\t\t\t\t\t\t<\/div> \n\t\t\t\n\t\n\t<br style=\"clear: both\" \/>\n\n\t\n\t\t<!-- Pagination -->\n\t<div class='ngg-clear'><\/div>\t<\/div>\n<br \/>\n  <\/p>","protected":false},"excerpt":{"rendered":"<\/p>\n<p> Brettschichtholzpressensysteme <\/p>\n<p>Mit unserem patentierten Pressensystem <strong>&#8222;lignoPRESS&#8220;<\/strong> entscheiden Sie sich f\u00fcr ein durchdachtes Pressensystem, welches sich bereits mehrfach in der Praxis bewiesen hat. Die Brettschichtholzproduktion mit unserem Pressensystem erm\u00f6glicht Ihnen [&#8230;]<\/p>\n","protected":false},"author":4,"featured_media":0,"parent":346,"menu_order":21,"comment_status":"closed","ping_status":"closed","template":"","meta":{"ngg_post_thumbnail":0},"_links":{"self":[{"href":"https:\/\/hit-maschinenbau.de\/index.php\/wp-json\/wp\/v2\/pages\/380"}],"collection":[{"href":"https:\/\/hit-maschinenbau.de\/index.php\/wp-json\/wp\/v2\/pages"}],"about":[{"href":"https:\/\/hit-maschinenbau.de\/index.php\/wp-json\/wp\/v2\/types\/page"}],"author":[{"embeddable":true,"href":"https:\/\/hit-maschinenbau.de\/index.php\/wp-json\/wp\/v2\/users\/4"}],"replies":[{"embeddable":true,"href":"https:\/\/hit-maschinenbau.de\/index.php\/wp-json\/wp\/v2\/comments?post=380"}],"version-history":[{"count":14,"href":"https:\/\/hit-maschinenbau.de\/index.php\/wp-json\/wp\/v2\/pages\/380\/revisions"}],"predecessor-version":[{"id":3306,"href":"https:\/\/hit-maschinenbau.de\/index.php\/wp-json\/wp\/v2\/pages\/380\/revisions\/3306"}],"up":[{"embeddable":true,"href":"https:\/\/hit-maschinenbau.de\/index.php\/wp-json\/wp\/v2\/pages\/346"}],"wp:attachment":[{"href":"https:\/\/hit-maschinenbau.de\/index.php\/wp-json\/wp\/v2\/media?parent=380"}],"curies":[{"name":"wp","href":"https:\/\/api.w.org\/{rel}","templated":true}]}}