{"id":382,"date":"2013-03-21T13:14:36","date_gmt":"2013-03-21T11:14:36","guid":{"rendered":"http:\/\/www.hit-maschinenbau.de\/?page_id=382"},"modified":"2015-04-29T13:26:33","modified_gmt":"2015-04-29T11:26:33","slug":"binderbildung-und-pressenzufuehrung","status":"publish","type":"page","link":"https:\/\/hit-maschinenbau.de\/index.php\/leimholztechnik\/pressentechnik-fur-brettschichtholz\/binderbildung-und-pressenzufuehrung\/","title":{"rendered":"Binderbildung und Pressenzuf\u00fchrung"},"content":{"rendered":"<p><\/p>\n<h2>Binderbildung und Pressenzuf\u00fchrung<\/h2>\n<p>Mit der Binderbildung werden die beleimten Lamellen \u00fcber ein Stapelsystem gem\u00e4\u00df dem vorgegebenen Binderaufbau \u00fcbereinander gestapelt.<\/p>\n<p>&nbsp;<\/p>\n<p>Mit unseren Systemen der Binderbildung k\u00f6nnen die Lamellen einzeln oder lagenweise \u00fcbereinander gestapelt werden. Somit ist auch die Herstellung blockverleimter Binder m\u00f6glich, bzw. das Pressen von mehreren nebeneinander angeordneten Bindern in einer Pressenf\u00fcllung \u2013 in Abh\u00e4ngigkeit der Binder- und Pressenbreite l\u00e4sst sich somit die Leistung einer Presse vervielfachen.<\/p>\n<p>&nbsp;<\/p>\n<p>Unsere Binderbildungen k\u00f6nnen optional mit einem Zwischenhubwerk ausgestattet werden, so kann die neue Pressencharge schon gebildet werden, w\u00e4hrend die vorherige in die Presse eingef\u00f6rdert wird.<\/p>\n<p>&nbsp;<\/p>\n<p><strong>Zu unserem Lieferumfang geh\u00f6ren:<\/strong><\/p>\n<p>&nbsp;<\/p>\n<ul>\n<li>Binderbildungen f\u00fcr Einzellamellen<\/li>\n<li>Binderbildungen f\u00fcr Mehrfachlamellen<\/li>\n<li>Binderbildungen mit Zwischenhubwerk f\u00fcr reduzierte Zykluszeiten<\/li>\n<li>Pressenzuf\u00fchrung mit seitlichem Zentrierwerk zum Einf\u00f6rdern der Pressencharge in die Presse<\/li>\n<li>Elektronisches Leimbuch zur l\u00fcckenlosen Dokumentation der Prozessparameter<\/li>\n<\/ul>\n<p><!-- default-view.php -->\n<div\n\tclass=\"ngg-galleryoverview default-view \"\n\tid=\"ngg-gallery-c5d6f030d80bd0a36a08c28d47c26e7b-1\">\n\n\t\t<!-- Thumbnails -->\n\t\t\t\t<div id=\"ngg-image-0\" class=\"ngg-gallery-thumbnail-box \" >\n\t\t\t\t        <div class=\"ngg-gallery-thumbnail\">\n            <a href=\"https:\/\/hit-maschinenbau.de\/wp-content\/gallery\/3-3-2-binderbildung-und-pressenzufuehrung\/binderbildung_1.jpg\"\n               title=\"\"\n               data-src=\"https:\/\/hit-maschinenbau.de\/wp-content\/gallery\/3-3-2-binderbildung-und-pressenzufuehrung\/binderbildung_1.jpg\"\n               data-thumbnail=\"https:\/\/hit-maschinenbau.de\/wp-content\/gallery\/3-3-2-binderbildung-und-pressenzufuehrung\/thumbs\/thumbs_binderbildung_1.jpg\"\n               data-image-id=\"370\"\n               data-title=\"binderbildung_1\"\n               data-description=\"\"\n               data-image-slug=\"binderbildung_1\"\n               class=\"ngg-simplelightbox\" rel=\"c5d6f030d80bd0a36a08c28d47c26e7b\">\n                <img class=\"colorbox-382\" \n                    title=\"binderbildung_1\"\n                    alt=\"binderbildung_1\"\n                    src=\"https:\/\/hit-maschinenbau.de\/wp-content\/gallery\/3-3-2-binderbildung-und-pressenzufuehrung\/thumbs\/thumbs_binderbildung_1.jpg\"\n                    width=\"210\"\n                    height=\"157\"\n                    style=\"max-width:100%;\"\n                \/>\n            <\/a>\n        <\/div>\n\t\t\t\t\t\t\t<\/div> \n\t\t\t\n\t\t\t\t<div id=\"ngg-image-1\" class=\"ngg-gallery-thumbnail-box \" >\n\t\t\t\t        <div class=\"ngg-gallery-thumbnail\">\n            <a href=\"https:\/\/hit-maschinenbau.de\/wp-content\/gallery\/3-3-2-binderbildung-und-pressenzufuehrung\/binderbildung_4.jpg\"\n               title=\"\"\n               data-src=\"https:\/\/hit-maschinenbau.de\/wp-content\/gallery\/3-3-2-binderbildung-und-pressenzufuehrung\/binderbildung_4.jpg\"\n               data-thumbnail=\"https:\/\/hit-maschinenbau.de\/wp-content\/gallery\/3-3-2-binderbildung-und-pressenzufuehrung\/thumbs\/thumbs_binderbildung_4.jpg\"\n               data-image-id=\"373\"\n               data-title=\"binderbildung_4\"\n               data-description=\"\"\n               data-image-slug=\"binderbildung_4\"\n               class=\"ngg-simplelightbox\" rel=\"c5d6f030d80bd0a36a08c28d47c26e7b\">\n                <img class=\"colorbox-382\" \n                    title=\"binderbildung_4\"\n                    alt=\"binderbildung_4\"\n                    src=\"https:\/\/hit-maschinenbau.de\/wp-content\/gallery\/3-3-2-binderbildung-und-pressenzufuehrung\/thumbs\/thumbs_binderbildung_4.jpg\"\n                    width=\"210\"\n                    height=\"157\"\n                    style=\"max-width:100%;\"\n                \/>\n            <\/a>\n        <\/div>\n\t\t\t\t\t\t\t<\/div> \n\t\t\t\n\t\t\t\t<div id=\"ngg-image-2\" class=\"ngg-gallery-thumbnail-box \" >\n\t\t\t\t        <div class=\"ngg-gallery-thumbnail\">\n            <a href=\"https:\/\/hit-maschinenbau.de\/wp-content\/gallery\/3-3-2-binderbildung-und-pressenzufuehrung\/binderbildung_7.jpg\"\n               title=\"\"\n               data-src=\"https:\/\/hit-maschinenbau.de\/wp-content\/gallery\/3-3-2-binderbildung-und-pressenzufuehrung\/binderbildung_7.jpg\"\n               data-thumbnail=\"https:\/\/hit-maschinenbau.de\/wp-content\/gallery\/3-3-2-binderbildung-und-pressenzufuehrung\/thumbs\/thumbs_binderbildung_7.jpg\"\n               data-image-id=\"376\"\n               data-title=\"binderbildung_7\"\n               data-description=\"\"\n               data-image-slug=\"binderbildung_7\"\n               class=\"ngg-simplelightbox\" rel=\"c5d6f030d80bd0a36a08c28d47c26e7b\">\n                <img class=\"colorbox-382\" \n                    title=\"binderbildung_7\"\n                    alt=\"binderbildung_7\"\n                    src=\"https:\/\/hit-maschinenbau.de\/wp-content\/gallery\/3-3-2-binderbildung-und-pressenzufuehrung\/thumbs\/thumbs_binderbildung_7.jpg\"\n                    width=\"210\"\n                    height=\"118\"\n                    style=\"max-width:100%;\"\n                \/>\n            <\/a>\n        <\/div>\n\t\t\t\t\t\t\t<\/div> \n\t\t\t\n\t\n\t<br style=\"clear: both\" \/>\n\n\t\n\t\t<!-- Pagination -->\n\t<div class='ngg-clear'><\/div>\t<\/div>\n<br \/>\n  <\/p>","protected":false},"excerpt":{"rendered":"<\/p>\n<p> Binderbildung und Pressenzuf\u00fchrung <\/p>\n<p>Mit der Binderbildung werden die beleimten Lamellen \u00fcber ein Stapelsystem gem\u00e4\u00df dem vorgegebenen Binderaufbau \u00fcbereinander gestapelt.<\/p>\n<p>&nbsp;<\/p>\n<p>Mit unseren Systemen der Binderbildung k\u00f6nnen die Lamellen einzeln [&#8230;]<\/p>\n","protected":false},"author":4,"featured_media":0,"parent":346,"menu_order":20,"comment_status":"closed","ping_status":"closed","template":"","meta":{"ngg_post_thumbnail":0},"_links":{"self":[{"href":"https:\/\/hit-maschinenbau.de\/index.php\/wp-json\/wp\/v2\/pages\/382"}],"collection":[{"href":"https:\/\/hit-maschinenbau.de\/index.php\/wp-json\/wp\/v2\/pages"}],"about":[{"href":"https:\/\/hit-maschinenbau.de\/index.php\/wp-json\/wp\/v2\/types\/page"}],"author":[{"embeddable":true,"href":"https:\/\/hit-maschinenbau.de\/index.php\/wp-json\/wp\/v2\/users\/4"}],"replies":[{"embeddable":true,"href":"https:\/\/hit-maschinenbau.de\/index.php\/wp-json\/wp\/v2\/comments?post=382"}],"version-history":[{"count":10,"href":"https:\/\/hit-maschinenbau.de\/index.php\/wp-json\/wp\/v2\/pages\/382\/revisions"}],"predecessor-version":[{"id":3304,"href":"https:\/\/hit-maschinenbau.de\/index.php\/wp-json\/wp\/v2\/pages\/382\/revisions\/3304"}],"up":[{"embeddable":true,"href":"https:\/\/hit-maschinenbau.de\/index.php\/wp-json\/wp\/v2\/pages\/346"}],"wp:attachment":[{"href":"https:\/\/hit-maschinenbau.de\/index.php\/wp-json\/wp\/v2\/media?parent=382"}],"curies":[{"name":"wp","href":"https:\/\/api.w.org\/{rel}","templated":true}]}}