{"id":387,"date":"2013-03-21T13:16:10","date_gmt":"2013-03-21T11:16:10","guid":{"rendered":"http:\/\/www.hit-maschinenbau.de\/?page_id=387"},"modified":"2015-04-29T14:45:18","modified_gmt":"2015-04-29T12:45:18","slug":"generalkeilzinkenstoss","status":"publish","type":"page","link":"https:\/\/hit-maschinenbau.de\/index.php\/leimholztechnik\/pressentechnik-fur-brettsperrholz\/generalkeilzinkenstoss\/","title":{"rendered":"Generalkeilzinkensto\u00df"},"content":{"rendered":"<p><\/p>\n<h2>Generalkeilzinkensto\u00df<\/h2>\n<p>Mit einem Generalkeilzinkensto\u00df k\u00f6nnen kleinere plattenf\u00f6rmige Elemente zu einem gr\u00f6\u00dferen plattenf\u00f6rmigen Element zusammengef\u00fcgt werden, bzw. kann aus kleineren Elementen ein Endlosstrang erzeugt werden, welcher nach der Keilzinkung auf die ben\u00f6tigte Solll\u00e4nge gekappt wird.<\/p>\n<p>&nbsp;<\/p>\n<p><strong>Zu unserem Lieferumfang geh\u00f6ren:<\/strong><\/p>\n<p>&nbsp;<\/p>\n<ul>\n<li>Vollautomatische Plattenmanipulation und Zuf\u00fchrung zum Zinkenfr\u00e4ser<\/li>\n<li>Zinkenfr\u00e4ser<\/li>\n<li>F\u00fcgestation f\u00fcr die Platten nach dem Zinkenfr\u00e4ser<\/li>\n<li>Automatische Abl\u00e4ngs\u00e4gen<\/li>\n<\/ul>\n<p><!-- default-view.php -->\n<div\n\tclass=\"ngg-galleryoverview default-view \"\n\tid=\"ngg-gallery-25dce0c744fe828b7073c27a21eb6e13-1\">\n\n\t\t<!-- Thumbnails -->\n\t\t\t\t<div id=\"ngg-image-0\" class=\"ngg-gallery-thumbnail-box \" >\n\t\t\t\t        <div class=\"ngg-gallery-thumbnail\">\n            <a href=\"https:\/\/hit-maschinenbau.de\/wp-content\/gallery\/3-4-3-generalkeilzinkenstoss\/generalkeilzinkenstoss_1.jpg\"\n               title=\"\"\n               data-src=\"https:\/\/hit-maschinenbau.de\/wp-content\/gallery\/3-4-3-generalkeilzinkenstoss\/generalkeilzinkenstoss_1.jpg\"\n               data-thumbnail=\"https:\/\/hit-maschinenbau.de\/wp-content\/gallery\/3-4-3-generalkeilzinkenstoss\/thumbs\/thumbs_generalkeilzinkenstoss_1.jpg\"\n               data-image-id=\"466\"\n               data-title=\"generalkeilzinkenstoss_1\"\n               data-description=\"\"\n               data-image-slug=\"generalkeilzinkenstoss_1\"\n               class=\"ngg-simplelightbox\" rel=\"25dce0c744fe828b7073c27a21eb6e13\">\n                <img class=\"colorbox-387\" \n                    title=\"generalkeilzinkenstoss_1\"\n                    alt=\"generalkeilzinkenstoss_1\"\n                    src=\"https:\/\/hit-maschinenbau.de\/wp-content\/gallery\/3-4-3-generalkeilzinkenstoss\/thumbs\/thumbs_generalkeilzinkenstoss_1.jpg\"\n                    width=\"210\"\n                    height=\"157\"\n                    style=\"max-width:100%;\"\n                \/>\n            <\/a>\n        <\/div>\n\t\t\t\t\t\t\t<\/div> \n\t\t\t\n\t\t\t\t<div id=\"ngg-image-1\" class=\"ngg-gallery-thumbnail-box \" >\n\t\t\t\t        <div class=\"ngg-gallery-thumbnail\">\n            <a href=\"https:\/\/hit-maschinenbau.de\/wp-content\/gallery\/3-4-3-generalkeilzinkenstoss\/generalkeilzinkenstoss_3.jpg\"\n               title=\"\"\n               data-src=\"https:\/\/hit-maschinenbau.de\/wp-content\/gallery\/3-4-3-generalkeilzinkenstoss\/generalkeilzinkenstoss_3.jpg\"\n               data-thumbnail=\"https:\/\/hit-maschinenbau.de\/wp-content\/gallery\/3-4-3-generalkeilzinkenstoss\/thumbs\/thumbs_generalkeilzinkenstoss_3.jpg\"\n               data-image-id=\"468\"\n               data-title=\"generalkeilzinkenstoss_3\"\n               data-description=\"\"\n               data-image-slug=\"generalkeilzinkenstoss_3\"\n               class=\"ngg-simplelightbox\" rel=\"25dce0c744fe828b7073c27a21eb6e13\">\n                <img class=\"colorbox-387\" \n                    title=\"generalkeilzinkenstoss_3\"\n                    alt=\"generalkeilzinkenstoss_3\"\n                    src=\"https:\/\/hit-maschinenbau.de\/wp-content\/gallery\/3-4-3-generalkeilzinkenstoss\/thumbs\/thumbs_generalkeilzinkenstoss_3.jpg\"\n                    width=\"210\"\n                    height=\"157\"\n                    style=\"max-width:100%;\"\n                \/>\n            <\/a>\n        <\/div>\n\t\t\t\t\t\t\t<\/div> \n\t\t\t\n\t\t\t\t<div id=\"ngg-image-2\" class=\"ngg-gallery-thumbnail-box \" >\n\t\t\t\t        <div class=\"ngg-gallery-thumbnail\">\n            <a href=\"https:\/\/hit-maschinenbau.de\/wp-content\/gallery\/3-4-3-generalkeilzinkenstoss\/generalkeilzinkenstoss_5.jpg\"\n               title=\"\"\n               data-src=\"https:\/\/hit-maschinenbau.de\/wp-content\/gallery\/3-4-3-generalkeilzinkenstoss\/generalkeilzinkenstoss_5.jpg\"\n               data-thumbnail=\"https:\/\/hit-maschinenbau.de\/wp-content\/gallery\/3-4-3-generalkeilzinkenstoss\/thumbs\/thumbs_generalkeilzinkenstoss_5.jpg\"\n               data-image-id=\"470\"\n               data-title=\"generalkeilzinkenstoss_5\"\n               data-description=\"\"\n               data-image-slug=\"generalkeilzinkenstoss_5\"\n               class=\"ngg-simplelightbox\" rel=\"25dce0c744fe828b7073c27a21eb6e13\">\n                <img class=\"colorbox-387\" \n                    title=\"generalkeilzinkenstoss_5\"\n                    alt=\"generalkeilzinkenstoss_5\"\n                    src=\"https:\/\/hit-maschinenbau.de\/wp-content\/gallery\/3-4-3-generalkeilzinkenstoss\/thumbs\/thumbs_generalkeilzinkenstoss_5.jpg\"\n                    width=\"210\"\n                    height=\"157\"\n                    style=\"max-width:100%;\"\n                \/>\n            <\/a>\n        <\/div>\n\t\t\t\t\t\t\t<\/div> \n\t\t\t\n\t\n\t<br style=\"clear: both\" \/>\n\n\t\n\t\t<!-- Pagination -->\n\t<div class='ngg-clear'><\/div>\t<\/div>\n<br \/>\n  <\/p>","protected":false},"excerpt":{"rendered":"<\/p>\n<p> Generalkeilzinkensto\u00df <\/p>\n<p>Mit einem Generalkeilzinkensto\u00df k\u00f6nnen kleinere plattenf\u00f6rmige Elemente zu einem gr\u00f6\u00dferen plattenf\u00f6rmigen Element zusammengef\u00fcgt werden, bzw. kann aus kleineren Elementen ein Endlosstrang erzeugt werden, welcher nach der Keilzinkung auf [&#8230;]<\/p>\n","protected":false},"author":4,"featured_media":0,"parent":348,"menu_order":26,"comment_status":"closed","ping_status":"closed","template":"","meta":{"ngg_post_thumbnail":0},"_links":{"self":[{"href":"https:\/\/hit-maschinenbau.de\/index.php\/wp-json\/wp\/v2\/pages\/387"}],"collection":[{"href":"https:\/\/hit-maschinenbau.de\/index.php\/wp-json\/wp\/v2\/pages"}],"about":[{"href":"https:\/\/hit-maschinenbau.de\/index.php\/wp-json\/wp\/v2\/types\/page"}],"author":[{"embeddable":true,"href":"https:\/\/hit-maschinenbau.de\/index.php\/wp-json\/wp\/v2\/users\/4"}],"replies":[{"embeddable":true,"href":"https:\/\/hit-maschinenbau.de\/index.php\/wp-json\/wp\/v2\/comments?post=387"}],"version-history":[{"count":12,"href":"https:\/\/hit-maschinenbau.de\/index.php\/wp-json\/wp\/v2\/pages\/387\/revisions"}],"predecessor-version":[{"id":3312,"href":"https:\/\/hit-maschinenbau.de\/index.php\/wp-json\/wp\/v2\/pages\/387\/revisions\/3312"}],"up":[{"embeddable":true,"href":"https:\/\/hit-maschinenbau.de\/index.php\/wp-json\/wp\/v2\/pages\/348"}],"wp:attachment":[{"href":"https:\/\/hit-maschinenbau.de\/index.php\/wp-json\/wp\/v2\/media?parent=387"}],"curies":[{"name":"wp","href":"https:\/\/api.w.org\/{rel}","templated":true}]}}