{"id":390,"date":"2013-03-21T13:16:48","date_gmt":"2013-03-21T11:16:48","guid":{"rendered":"http:\/\/www.hit-maschinenbau.de\/?page_id=390"},"modified":"2015-11-17T13:52:58","modified_gmt":"2015-11-17T11:52:58","slug":"brettsperrholzpressensysteme","status":"publish","type":"page","link":"https:\/\/hit-maschinenbau.de\/index.php\/leimholztechnik\/pressentechnik-fur-brettsperrholz\/brettsperrholzpressensysteme\/","title":{"rendered":"Brettsperrholzpressensysteme"},"content":{"rendered":"<p><\/p>\n<h2>Brettsperrholzpressensysteme<\/h2>\n<p>Unser Pressensystem <strong>&#8222;platoPRESS&#8220;<\/strong> f\u00fcr die Herstellung von Brettsperrholz wurde f\u00fcr die Herstellung von mittel- bis gro\u00dfformatigen Elementen entwickelt und ist f\u00fcr die Verpressung von vorverleimten Einschichtplatten ausgelegt.<\/p>\n<p><strong>Der Einsatz von vorverleimten Einschichtplatten bietet folgende Vorteile. Sie erhalten:<\/strong><\/p>\n<ul>\n<li>eine 100% dichte Platte, auch bei einem Elementaufbau mit wenigen Lagen<\/li>\n<li>ein zukunftssicheres Produkt, schon heute verlangt der Markt zunehmend Brettsperrholzelemente hergestellt aus fugenverleimten Platten<\/li>\n<li>eine sichere Berechnungsgrundlage der statischen Eigenschaften auf Grund der definierten und wiederholbaren Produktparameter<\/li>\n<li>ein Produkt, welches auf Grund der Fugenverleimung den aktuellen und zuk\u00fcnftigen Brandschutzbestimmungen entspricht<\/li>\n<\/ul>\n<p>Zudem ist die Manipulation der Platten deutlich betriebssicherer und weniger aufw\u00e4ndig als die Manipulation einzelner Lamellen. Auf aufw\u00e4ndige Seitendr\u00fccke in der Presse kann verzichtet werden, da die Platten schon vor der Presse exakt zueinander ausgerichtet werden.<\/p>\n<p>Mit unserem Pressensystem k\u00f6nnen Brettsperrholzelemente mit bereits enthaltenen Ausschnitten f\u00fcr Fenster und T\u00fcren, vollfl\u00e4chige Elemente sowie Elemente unterschiedlicher Gr\u00f6\u00dfe gepresst werden.<\/p>\n<p>Die Presse wird, ebenso wie unsere Brettschichtholzpressen, gleichzeitig bef\u00fcllt und entleert, so dass die Pressenzykluszeiten auf ein Minimum reduziert werden k\u00f6nnen.<\/p>\n<table border=\"0\">\n<tbody>\n<tr>\n<td>Pressenf\u00fcllbreite<\/td>\n<td>0,625 \u2013 3,5 m<\/td>\n<\/tr>\n<tr>\n<td>Pressenf\u00fcllh\u00f6he<\/td>\n<td>20 \u2013 400 mm<\/td>\n<\/tr>\n<tr>\n<td>Pressenl\u00e4nge<\/td>\n<td>6 \u2013 18 m<\/td>\n<\/tr>\n<tr>\n<td>Pressdruck Oberdruck<\/td>\n<td>0,6 &#8211; 2 N\/mm\u00b2, abh\u00e4ngig von der Pressenausf\u00fchrung<\/td>\n<\/tr>\n<tr>\n<td>Druckelemente<\/td>\n<td>pneumatisch oder hydraulisch<\/td>\n<\/tr>\n<\/tbody>\n<\/table>\n<p>  <\/p>","protected":false},"excerpt":{"rendered":"<\/p>\n<p> Brettsperrholzpressensysteme <\/p>\n<p>Unser Pressensystem <strong>&#8222;platoPRESS&#8220;<\/strong> f\u00fcr die Herstellung von Brettsperrholz wurde f\u00fcr die Herstellung von mittel- bis gro\u00dfformatigen Elementen entwickelt und ist f\u00fcr die Verpressung von vorverleimten Einschichtplatten ausgelegt.<\/p>\n<p><strong>Der [&#8230;]<\/p>\n","protected":false},"author":4,"featured_media":0,"parent":348,"menu_order":25,"comment_status":"closed","ping_status":"closed","template":"","meta":{"ngg_post_thumbnail":0},"_links":{"self":[{"href":"https:\/\/hit-maschinenbau.de\/index.php\/wp-json\/wp\/v2\/pages\/390"}],"collection":[{"href":"https:\/\/hit-maschinenbau.de\/index.php\/wp-json\/wp\/v2\/pages"}],"about":[{"href":"https:\/\/hit-maschinenbau.de\/index.php\/wp-json\/wp\/v2\/types\/page"}],"author":[{"embeddable":true,"href":"https:\/\/hit-maschinenbau.de\/index.php\/wp-json\/wp\/v2\/users\/4"}],"replies":[{"embeddable":true,"href":"https:\/\/hit-maschinenbau.de\/index.php\/wp-json\/wp\/v2\/comments?post=390"}],"version-history":[{"count":16,"href":"https:\/\/hit-maschinenbau.de\/index.php\/wp-json\/wp\/v2\/pages\/390\/revisions"}],"predecessor-version":[{"id":3516,"href":"https:\/\/hit-maschinenbau.de\/index.php\/wp-json\/wp\/v2\/pages\/390\/revisions\/3516"}],"up":[{"embeddable":true,"href":"https:\/\/hit-maschinenbau.de\/index.php\/wp-json\/wp\/v2\/pages\/348"}],"wp:attachment":[{"href":"https:\/\/hit-maschinenbau.de\/index.php\/wp-json\/wp\/v2\/media?parent=390"}],"curies":[{"name":"wp","href":"https:\/\/api.w.org\/{rel}","templated":true}]}}