{"id":395,"date":"2013-03-21T13:17:47","date_gmt":"2013-03-21T11:17:47","guid":{"rendered":"http:\/\/www.hit-maschinenbau.de\/?page_id=395"},"modified":"2015-04-29T14:27:13","modified_gmt":"2015-04-29T12:27:13","slug":"legestationen-und-beleimung","status":"publish","type":"page","link":"https:\/\/hit-maschinenbau.de\/index.php\/leimholztechnik\/pressentechnik-fur-brettsperrholz\/legestationen-und-beleimung\/","title":{"rendered":"Legestationen und Beleimung"},"content":{"rendered":"<p><\/p>\n<h2>Legestationen und Beleimung<\/h2>\n<p>Ein Schwerpunkt unserer Konzepte f\u00fcr die Brettsperrholzfertigung liegt in der zuverl\u00e4ssigen Bereitstellung des Materials vor der Presse in der richtigen Reihenfolge und an der richtigen Position. Unsere Systeme zur Manipulation der einzelnen Lagen vor der Presse garantieren Ihnen einen Ablauf mit hoher Betriebssicherheit bei minimalen Taktzeiten. <\/p>\n<p>&nbsp;<br \/>\nWir manipulieren plattenf\u00f6rmige Teile ebenso zuverl\u00e4ssig wie Lagen aus einzelnen Lamellen. Auch f\u00fcr das Zusammenlegen der Lagen aus einzelnen H\u00f6lzern vor der Presse haben wir Konzepte entwickelt, die einen flexiblen und sicheren Produktionsablauf erm\u00f6glichen.<\/p>\n<p>&nbsp;<\/p>\n<p>Unsere Konzepte ber\u00fccksichtigen dabei das Zusammenlegen von Elementen mit Ausschnitten, sowie von vollfl\u00e4chigen Elementen entsprechend den gestellten Anforderungen.<\/p>\n<p>&nbsp;<\/p>\n<p>Die Integration der die f\u00fcr die Beleimung der einzelnen Lagen notwendige Leimauftragstechnik ist f\u00fcr uns selbstverst\u00e4ndlich.<\/p>\n<p>  <\/p>","protected":false},"excerpt":{"rendered":"<\/p>\n<p> Legestationen und Beleimung <\/p>\n<p>Ein Schwerpunkt unserer Konzepte f\u00fcr die Brettsperrholzfertigung liegt in der zuverl\u00e4ssigen Bereitstellung des Materials vor der Presse in der richtigen Reihenfolge und an der richtigen Position. [&#8230;]<\/p>\n","protected":false},"author":4,"featured_media":0,"parent":348,"menu_order":24,"comment_status":"closed","ping_status":"closed","template":"","meta":{"ngg_post_thumbnail":0},"_links":{"self":[{"href":"https:\/\/hit-maschinenbau.de\/index.php\/wp-json\/wp\/v2\/pages\/395"}],"collection":[{"href":"https:\/\/hit-maschinenbau.de\/index.php\/wp-json\/wp\/v2\/pages"}],"about":[{"href":"https:\/\/hit-maschinenbau.de\/index.php\/wp-json\/wp\/v2\/types\/page"}],"author":[{"embeddable":true,"href":"https:\/\/hit-maschinenbau.de\/index.php\/wp-json\/wp\/v2\/users\/4"}],"replies":[{"embeddable":true,"href":"https:\/\/hit-maschinenbau.de\/index.php\/wp-json\/wp\/v2\/comments?post=395"}],"version-history":[{"count":11,"href":"https:\/\/hit-maschinenbau.de\/index.php\/wp-json\/wp\/v2\/pages\/395\/revisions"}],"predecessor-version":[{"id":3310,"href":"https:\/\/hit-maschinenbau.de\/index.php\/wp-json\/wp\/v2\/pages\/395\/revisions\/3310"}],"up":[{"embeddable":true,"href":"https:\/\/hit-maschinenbau.de\/index.php\/wp-json\/wp\/v2\/pages\/348"}],"wp:attachment":[{"href":"https:\/\/hit-maschinenbau.de\/index.php\/wp-json\/wp\/v2\/media?parent=395"}],"curies":[{"name":"wp","href":"https:\/\/api.w.org\/{rel}","templated":true}]}}