{"id":402,"date":"2013-03-21T13:19:08","date_gmt":"2013-03-21T11:19:08","guid":{"rendered":"http:\/\/www.hit-maschinenbau.de\/?page_id=402"},"modified":"2015-04-29T15:18:13","modified_gmt":"2015-04-29T13:18:13","slug":"manuelle-flickstation","status":"publish","type":"page","link":"https:\/\/hit-maschinenbau.de\/index.php\/leimholztechnik\/flickstationen\/manuelle-flickstation\/","title":{"rendered":"Manuelle Flickstation"},"content":{"rendered":"<p><\/p>\n<h2>Manuelle Flickstation<\/h2>\n<p>F\u00fcr manuelle Flickstationen liefern wir effiziente Mechanisierungsl\u00f6sungen, die die Bereitstellung der H\u00f6lzer f\u00fcr die manuelle Bearbeitung in k\u00fcrzesten Zykluszeiten erm\u00f6glicht.\u00a0Integrierte Wendeeinrichtungen erm\u00f6glichen das automatische Drehen der H\u00f6lzer an einem Bearbeitungsplatz, so dass alle 4 Seiten des Holzes ausgebessert werden k\u00f6nnen.<\/p>\n<p>&nbsp;<\/p>\n<p>Die H\u00f6lzer werden entweder in L\u00e4ngsrichtung am Bearbeitungsplatz vorbei transportiert, oder aber zur Bearbeitung bereitgestellt, so dass das Bedienpersonal am Holz entlang laufen kann.<\/p>\n<p>&nbsp;<\/p>\n<p><strong>Zu unserem Lieferumfang geh\u00f6ren:<\/strong><\/p>\n<p>&nbsp;<\/p>\n<ul>\n<li>Manipulation der H\u00f6lzer zur Breitstellung und den Abtransport der H\u00f6lzer<\/li>\n<li>Werkzeugwagen zur Mitf\u00fchrung der Werkzeuge und der Holzflicken mit dem Bedienpersonal<\/li>\n<\/ul>\n<p><!-- default-view.php -->\n<div\n\tclass=\"ngg-galleryoverview default-view \"\n\tid=\"ngg-gallery-326981e549942dddacd2762a2e5c36a8-1\">\n\n\t\t<!-- Thumbnails -->\n\t\t\t\t<div id=\"ngg-image-0\" class=\"ngg-gallery-thumbnail-box \" >\n\t\t\t\t        <div class=\"ngg-gallery-thumbnail\">\n            <a href=\"https:\/\/hit-maschinenbau.de\/wp-content\/gallery\/3-5-3-manuelle-flickstation\/manuelle-flickstation_1.jpg\"\n               title=\"\"\n               data-src=\"https:\/\/hit-maschinenbau.de\/wp-content\/gallery\/3-5-3-manuelle-flickstation\/manuelle-flickstation_1.jpg\"\n               data-thumbnail=\"https:\/\/hit-maschinenbau.de\/wp-content\/gallery\/3-5-3-manuelle-flickstation\/thumbs\/thumbs_manuelle-flickstation_1.jpg\"\n               data-image-id=\"405\"\n               data-title=\"manuelle-flickstation_1\"\n               data-description=\"\"\n               data-image-slug=\"manuelle-flickstation_1\"\n               class=\"ngg-simplelightbox\" rel=\"326981e549942dddacd2762a2e5c36a8\">\n                <img class=\"colorbox-402\" \n                    title=\"manuelle-flickstation_1\"\n                    alt=\"manuelle-flickstation_1\"\n                    src=\"https:\/\/hit-maschinenbau.de\/wp-content\/gallery\/3-5-3-manuelle-flickstation\/thumbs\/thumbs_manuelle-flickstation_1.jpg\"\n                    width=\"210\"\n                    height=\"157\"\n                    style=\"max-width:100%;\"\n                \/>\n            <\/a>\n        <\/div>\n\t\t\t\t\t\t\t<\/div> \n\t\t\t\n\t\t\t\t<div id=\"ngg-image-1\" class=\"ngg-gallery-thumbnail-box \" >\n\t\t\t\t        <div class=\"ngg-gallery-thumbnail\">\n            <a href=\"https:\/\/hit-maschinenbau.de\/wp-content\/gallery\/3-5-3-manuelle-flickstation\/manuelle-flickstation_6.jpg\"\n               title=\"\"\n               data-src=\"https:\/\/hit-maschinenbau.de\/wp-content\/gallery\/3-5-3-manuelle-flickstation\/manuelle-flickstation_6.jpg\"\n               data-thumbnail=\"https:\/\/hit-maschinenbau.de\/wp-content\/gallery\/3-5-3-manuelle-flickstation\/thumbs\/thumbs_manuelle-flickstation_6.jpg\"\n               data-image-id=\"410\"\n               data-title=\"manuelle-flickstation_6\"\n               data-description=\"\"\n               data-image-slug=\"manuelle-flickstation_6\"\n               class=\"ngg-simplelightbox\" rel=\"326981e549942dddacd2762a2e5c36a8\">\n                <img class=\"colorbox-402\" \n                    title=\"manuelle-flickstation_6\"\n                    alt=\"manuelle-flickstation_6\"\n                    src=\"https:\/\/hit-maschinenbau.de\/wp-content\/gallery\/3-5-3-manuelle-flickstation\/thumbs\/thumbs_manuelle-flickstation_6.jpg\"\n                    width=\"210\"\n                    height=\"157\"\n                    style=\"max-width:100%;\"\n                \/>\n            <\/a>\n        <\/div>\n\t\t\t\t\t\t\t<\/div> \n\t\t\t\n\t\t\t\t<div id=\"ngg-image-2\" class=\"ngg-gallery-thumbnail-box \" >\n\t\t\t\t        <div class=\"ngg-gallery-thumbnail\">\n            <a href=\"https:\/\/hit-maschinenbau.de\/wp-content\/gallery\/3-5-3-manuelle-flickstation\/manuelle-flickstation_7.jpg\"\n               title=\"\"\n               data-src=\"https:\/\/hit-maschinenbau.de\/wp-content\/gallery\/3-5-3-manuelle-flickstation\/manuelle-flickstation_7.jpg\"\n               data-thumbnail=\"https:\/\/hit-maschinenbau.de\/wp-content\/gallery\/3-5-3-manuelle-flickstation\/thumbs\/thumbs_manuelle-flickstation_7.jpg\"\n               data-image-id=\"411\"\n               data-title=\"manuelle-flickstation_7\"\n               data-description=\"\"\n               data-image-slug=\"manuelle-flickstation_7\"\n               class=\"ngg-simplelightbox\" rel=\"326981e549942dddacd2762a2e5c36a8\">\n                <img class=\"colorbox-402\" \n                    title=\"manuelle-flickstation_7\"\n                    alt=\"manuelle-flickstation_7\"\n                    src=\"https:\/\/hit-maschinenbau.de\/wp-content\/gallery\/3-5-3-manuelle-flickstation\/thumbs\/thumbs_manuelle-flickstation_7.jpg\"\n                    width=\"210\"\n                    height=\"157\"\n                    style=\"max-width:100%;\"\n                \/>\n            <\/a>\n        <\/div>\n\t\t\t\t\t\t\t<\/div> \n\t\t\t\n\t\n\t<br style=\"clear: both\" \/>\n\n\t\n\t\t<!-- Pagination -->\n\t<div class='ngg-clear'><\/div>\t<\/div>\n<br \/>\n  <\/p>","protected":false},"excerpt":{"rendered":"<\/p>\n<p> Manuelle Flickstation <\/p>\n<p>F\u00fcr manuelle Flickstationen liefern wir effiziente Mechanisierungsl\u00f6sungen, die die Bereitstellung der H\u00f6lzer f\u00fcr die manuelle Bearbeitung in k\u00fcrzesten Zykluszeiten erm\u00f6glicht.\u00a0Integrierte Wendeeinrichtungen erm\u00f6glichen das automatische Drehen der H\u00f6lzer [&#8230;]<\/p>\n","protected":false},"author":4,"featured_media":0,"parent":352,"menu_order":30,"comment_status":"closed","ping_status":"closed","template":"","meta":{"ngg_post_thumbnail":0},"_links":{"self":[{"href":"https:\/\/hit-maschinenbau.de\/index.php\/wp-json\/wp\/v2\/pages\/402"}],"collection":[{"href":"https:\/\/hit-maschinenbau.de\/index.php\/wp-json\/wp\/v2\/pages"}],"about":[{"href":"https:\/\/hit-maschinenbau.de\/index.php\/wp-json\/wp\/v2\/types\/page"}],"author":[{"embeddable":true,"href":"https:\/\/hit-maschinenbau.de\/index.php\/wp-json\/wp\/v2\/users\/4"}],"replies":[{"embeddable":true,"href":"https:\/\/hit-maschinenbau.de\/index.php\/wp-json\/wp\/v2\/comments?post=402"}],"version-history":[{"count":10,"href":"https:\/\/hit-maschinenbau.de\/index.php\/wp-json\/wp\/v2\/pages\/402\/revisions"}],"predecessor-version":[{"id":3318,"href":"https:\/\/hit-maschinenbau.de\/index.php\/wp-json\/wp\/v2\/pages\/402\/revisions\/3318"}],"up":[{"embeddable":true,"href":"https:\/\/hit-maschinenbau.de\/index.php\/wp-json\/wp\/v2\/pages\/352"}],"wp:attachment":[{"href":"https:\/\/hit-maschinenbau.de\/index.php\/wp-json\/wp\/v2\/media?parent=402"}],"curies":[{"name":"wp","href":"https:\/\/api.w.org\/{rel}","templated":true}]}}